{"id":79846,"date":"2022-10-26T13:38:39","date_gmt":"2022-10-26T11:38:39","guid":{"rendered":"https:\/\/univet.hu\/hu\/egyetem\/palyazati-projektek\/nkfih-palyazatok\/name-2\/"},"modified":"2025-02-19T10:33:07","modified_gmt":"2025-02-19T09:33:07","slug":"gogyszerrepozicios-kutatasok-az-allatorvoslasban","status":"publish","type":"page","link":"https:\/\/univet.hu\/hu\/egyetem\/palyazati-projektek\/nkfih-palyazatok\/gogyszerrepozicios-kutatasok-az-allatorvoslasban\/","title":{"rendered":"Antibakteri\u00e1lis rezisztencia kialakul\u00e1s\u00e1t g\u00e1tl\u00f3 term\u00e9k fejleszt\u00e9se az \u00e1llatgy\u00f3gy\u00e1szatban, t\u00e1mogat\u00f3 repozici\u00f3s platform fejleszt\u00e9se"},"content":{"rendered":"<p><strong>Projekt azonos\u00edt\u00f3 sz\u00e1ma: 2020-1.1.2-PIACI-KFI-2021-00246<\/strong><\/p> <p><strong>\u00a0<\/strong>A p\u00e1ly\u00e1zat konzorciumi egy\u00fcttm\u0171k\u00f6d\u00e9sben ker\u00fcl megval\u00f3s\u00edt\u00e1sra, az al\u00e1bbi partnerek seg\u00edts\u00e9g\u00e9vel:<\/p> <ul> <li>konzorciumvezet\u0151: E-GROUP ICT SOFTWARE Informatikai Z\u00e1rtk\u00f6r\u0171en M\u0171k\u00f6d\u0151 R\u00e9szv\u00e9nyt\u00e1rsas\u00e1g<\/li> <li>\u00c1llatorvostudom\u00e1nyi Egyetem<\/li> <li>PRIM-A-VET Gy\u00f3gyszer-nagykereskedelmi Korl\u00e1tolt Felel\u0151ss\u00e9g\u0171 T\u00e1rsas\u00e1g<\/li> <\/ul> <p>T\u00e1mogat\u00e1si \u00f6sszege (Ft): 798.623.943, &#8211; Ft<\/p> <p>Projekt \u00f6sszk\u00f6lts\u00e9ge (Ft): 1.095.359.436, &#8211; Ft<\/p> <p>A projekt megval\u00f3s\u00edt\u00e1s\u00e1nak kezdete: 2021.10.01.<\/p> <p>A projekt fizikai befejez\u00e9s\u00e9nek tervezett hat\u00e1rideje: 2025.03.30.<\/p> <p><strong>A PROJEKT R\u00c9SZLETES TARTALMI \u00d6SSZEGFOLAL\u00c1SA<\/strong><\/p> <p>Az antibiotikumokkal szemben, bakt\u00e9riumok k\u00f6r\u00e9ben kialakul\u00f3 rezisztencia napjaink egyik legs\u00falyosabb hum\u00e1n- \u00e9s \u00e1llateg\u00e9szs\u00e9g\u00fcgyi probl\u00e9m\u00e1ja. Becsl\u00e9sek szerint 2050-re a multirezisztens k\u00f3rokoz\u00f3k okozta fert\u0151z\u00e9sek jelenthetik a vezet\u0151 hal\u00e1lokot emberekben. A lakoss\u00e1gi antibiotikum-rezisztencia n\u00f6vekv\u0151 gyakoris\u00e1g\u00e1hoz j\u00e1rul hozz\u00e1 az antibiotikumok felel\u0151tlen haszn\u00e1lata a hum\u00e1n- \u00e9s \u00e1llatgy\u00f3gy\u00e1szat ter\u00fclet\u00e9n egyar\u00e1nt. A helyzetet tov\u00e1bb s\u00falyosb\u00edtj\u00e1k az \u00faj antibiotikumok fejleszt\u00e9s\u00e9nek neh\u00e9zs\u00e9gei, az alacsony sikerr\u00e1ta \u00e9s a k\u00f6lts\u00e9gek k\u00fcl\u00f6n\u00f6sen lass\u00fa megt\u00e9r\u00fcl\u00e9se.<\/p> <p>Az ECDC\/EFSA\/EMA k\u00f6z\u00f6s jelent\u00e9sekb\u0151l kiolvashat\u00f3, hogy az \u00e9lelmiszertermel\u0151 \u00e1llatokban felhaszn\u00e1lt antibiotikumok \u00e9s a hum\u00e1n k\u00f3rh\u00e1zakban el\u0151fordul\u00f3 rezisztens mikr\u00f3b\u00e1k k\u00f6z\u00f6tti mennyis\u00e9gi \u00f6sszef\u00fcgg\u00e9sek miatt az ut\u00f3bbi id\u0151ben k\u00fcl\u00f6n\u00f6sen fontoss\u00e1 v\u00e1lt az \u201eEgy eg\u00e9szs\u00e9g\u201d (<em>One Health<\/em>) koncepci\u00f3, melynek keret\u00e9ben a tudom\u00e1nyos k\u00f6z\u00f6ss\u00e9g egy\u00fctt pr\u00f3b\u00e1l megold\u00e1st tal\u00e1lni erre a t\u00f6bb szektort, illetve tudom\u00e1nyos ter\u00fcletet \u00e9rint\u0151 \u00e9s a t\u00e1rsadalmat fenyeget\u0151 probl\u00e9m\u00e1ra.<\/p> <p>Mindezek a szempontok \u00e9s k\u00f6r\u00fclm\u00e9nyek felvetik az innov\u00e1ci\u00f3s l\u00e1nc koncepcion\u00e1lis \u00e9s metodikai meg\u00faj\u00edt\u00e1s\u00e1nak ig\u00e9ny\u00e9t. Egy ilyen \u00faj ir\u00e1nyvonalat jelent a gy\u00f3gyszer-repoz\u00edci\u00f3 (<em>drug repositioning<\/em>), vagyis m\u00e1r enged\u00e9lyezett hat\u00f3anyagok \u00faj indik\u00e1ci\u00f3ra t\u00f6rt\u00e9n\u0151 enged\u00e9lyeztet\u00e9se, amelynek rizik\u00f3ja, k\u00f6lts\u00e9g- \u00e9s id\u0151ig\u00e9nye j\u00f3val kisebb, mint egy \u00faj k\u00e9miai entit\u00e1ssal indul\u00f3, a teljes K+F \u00fatvonalat bej\u00e1r\u00f3 innov\u00e1ci\u00f3\u00e9.<\/p> <p>Projekt\u00fcnk c\u00e9lja egy innovat\u00edv \u00e9s intelligens \u201e\u00e1llateg\u00e9szs\u00e9g\u00fcgyi repoz\u00edci\u00f3s platform\u201d l\u00e9trehoz\u00e1sa, amelynek seg\u00edts\u00e9g\u00e9vel megval\u00f3s\u00edthat\u00f3 t\u00f6bb, \u00e1llatgy\u00f3gy\u00e1szati antibiotikum-rezisztencia lek\u00fczd\u00e9s\u00e9t c\u00e9lz\u00f3 hat\u00f3anyagjel\u00f6lt azonos\u00edt\u00e1sa. A platform ezen fel\u00fcl alapja lehet egy k\u00e9s\u0151bb fejlesztend\u0151 \u00e9lelmiszerl\u00e1nc-biztons\u00e1gi adatt\u00f3 l\u00e9trehoz\u00e1s\u00e1nak is, amely a k\u00fcl\u00f6nb\u00f6z\u0151 forr\u00e1sb\u00f3l sz\u00e1rmaz\u00f3 \u00e1llateg\u00e9szs\u00e9g\u00fcgyi, \u00e1llatorvosi k\u00f6zeg\u00e9szs\u00e9g\u00fcgyi, \u00e9lelmiszerbiztons\u00e1gi \u00e9s hum\u00e1neg\u00e9szs\u00e9g\u00fcgyi adatok integr\u00e1l\u00e1s\u00e1ra, valamint komplex elemz\u00e9s\u00e9re lesz alkalmas.<\/p> <p>A fel\u00e1ll\u00f3 platform seg\u00edts\u00e9g\u00e9vel c\u00e9lunk t\u00f6bb gy\u00f3gyszer-repoz\u00edci\u00f3s jel\u00f6lt el\u0151\u00e1ll\u00edt\u00e1sa, valamint azok <em>in vitro<\/em> \u00e9s <em>in vivo<\/em> tesztel\u00e9se. A projekt v\u00e1rhat\u00f3 eredm\u00e9nyterm\u00e9ke egy vagy t\u00f6bb, \u00e1llatgy\u00f3gy\u00e1szati k\u00e9sz\u00edtm\u00e9nyk\u00e9nt \u00e9s\/vagy takarm\u00e1nykieg\u00e9sz\u00edt\u0151k\u00e9nt t\u00f6rt\u00e9n\u0151 hasznos\u00edt\u00e1sra alkalmas, szabadalomk\u00e9pes vegy\u00fclet, amely(ek) antibiotikumokkal kombin\u00e1ci\u00f3ban alkalmazva azok hat\u00e9konys\u00e1g\u00e1t n\u00f6velik, ill. a rezisztencia kialakul\u00e1s\u00e1t lass\u00edtj\u00e1k vagy cs\u00f6kkentik.<\/p> <p>A projekt sor\u00e1n fejlesztett gy\u00f3gyszer kombin\u00e1ci\u00f3(k) piaci potenci\u00e1lja \u00e9s tudom\u00e1nyos \u00e9rt\u00e9ke egyar\u00e1nt k\u00fcl\u00f6n\u00f6sen jelent\u0151s, mindezeket az ig\u00e9nyeket kiel\u00e9g\u00edt\u0151 k\u00e9sz\u00edtm\u00e9ny sem a hazai, sem a nemzetk\u00f6zi piacon m\u00e9g nem \u00e1ll rendelkez\u00e9sre. Ezen fel\u00fcl az \u00e1llateg\u00e9szs\u00e9g\u00fcgyi \u00e9s \u00e1llatorvosi k\u00f6zeg\u00e9szs\u00e9g\u00fcgyi ter\u00fcleten sem Magyarorsz\u00e1gon, sem K\u00f6z\u00e9p-Eur\u00f3p\u00e1ban nem j\u00f6tt m\u00e9g l\u00e9tre ilyen technol\u00f3giai platform. A projekt lehet\u0151s\u00e9get ny\u00fajt egy olyan \u00e1t\u00edvel\u0151 adatt\u00e1rol\u00e1si strat\u00e9gia kidolgoz\u00e1s\u00e1ra, amely a k\u00e9s\u0151bbiekben lehet\u0151s\u00e9get biztos\u00edt az \u00e9lelmiszerl\u00e1nc egy\u00fcttes elemz\u00e9s\u00e9re \u00e9s biztons\u00e1gi kock\u00e1zatainak integr\u00e1lt felt\u00e1r\u00e1s\u00e1ra. A l\u00e9trej\u00f6v\u0151 adatt\u00f3 modellk\u00e9nt szolg\u00e1lhat mind m\u00e1s orsz\u00e1gok, mind a k\u00f6z\u00f6s eur\u00f3pai \u00e1llatorvosi k\u00f6zeg\u00e9szs\u00e9g\u00fcgyi szakma sz\u00e1m\u00e1ra is, ami a sz\u00e9les piaci lehet\u0151s\u00e9geket mutatja.<\/p> <p>&nbsp;<\/p> <p><img loading=\"lazy\" decoding=\"async\" class=\"alignnone size-medium wp-image-88282 alignright\" src=\"https:\/\/univet.hu\/wp-content\/uploads\/2023\/07\/NKFIA_infoblokk_kerettel_program_fekvo_2019_HU-1-320x136.jpg\" alt=\"\" width=\"320\" height=\"136\" srcset=\"https:\/\/univet.hu\/wp-content\/uploads\/2023\/07\/NKFIA_infoblokk_kerettel_program_fekvo_2019_HU-1-320x136.jpg 320w, https:\/\/univet.hu\/wp-content\/uploads\/2023\/07\/NKFIA_infoblokk_kerettel_program_fekvo_2019_HU-1-768x326.jpg 768w, https:\/\/univet.hu\/wp-content\/uploads\/2023\/07\/NKFIA_infoblokk_kerettel_program_fekvo_2019_HU-1-960x407.jpg 960w\" sizes=\"auto, (max-width: 320px) 100vw, 320px\" \/><\/p>","protected":false},"excerpt":{"rendered":"<p>Projekt azonos\u00edt\u00f3 sz\u00e1ma: 2020-1.1.2-PIACI-KFI-2021-00246 \u00a0A p\u00e1ly\u00e1zat konzorciumi egy\u00fcttm\u0171k\u00f6d\u00e9sben ker\u00fcl megval\u00f3s\u00edt\u00e1sra, az al\u00e1bbi partnerek seg\u00edts\u00e9g\u00e9vel: konzorciumvezet\u0151: E-GROUP ICT SOFTWARE Informatikai Z\u00e1rtk\u00f6r\u0171en M\u0171k\u00f6d\u0151 R\u00e9szv\u00e9nyt\u00e1rsas\u00e1g \u00c1llatorvostudom\u00e1nyi Egyetem PRIM-A-VET Gy\u00f3gyszer-nagykereskedelmi Korl\u00e1tolt Felel\u0151ss\u00e9g\u0171 T\u00e1rsas\u00e1g T\u00e1mogat\u00e1si \u00f6sszege (Ft): 798.623.943, &#8211; Ft Projekt \u00f6sszk\u00f6lts\u00e9ge (Ft): 1.095.359.436, &#8211; Ft A projekt megval\u00f3s\u00edt\u00e1s\u00e1nak kezdete: 2021.10.01. A projekt fizikai befejez\u00e9s\u00e9nek tervezett hat\u00e1rideje: 2025.03.30. A PROJEKT<\/p>\n","protected":false},"author":3592,"featured_media":0,"parent":45583,"menu_order":0,"comment_status":"open","ping_status":"open","template":"","meta":{"_acf_changed":false,"footnotes":""},"categories":[],"tags":[],"class_list":["post-79846","page","type-page","status-publish","hentry"],"acf":[],"_links":{"self":[{"href":"https:\/\/univet.hu\/hu\/wp-json\/wp\/v2\/pages\/79846","targetHints":{"allow":["GET"]}}],"collection":[{"href":"https:\/\/univet.hu\/hu\/wp-json\/wp\/v2\/pages"}],"about":[{"href":"https:\/\/univet.hu\/hu\/wp-json\/wp\/v2\/types\/page"}],"author":[{"embeddable":true,"href":"https:\/\/univet.hu\/hu\/wp-json\/wp\/v2\/users\/3592"}],"replies":[{"embeddable":true,"href":"https:\/\/univet.hu\/hu\/wp-json\/wp\/v2\/comments?post=79846"}],"version-history":[{"count":1,"href":"https:\/\/univet.hu\/hu\/wp-json\/wp\/v2\/pages\/79846\/revisions"}],"predecessor-version":[{"id":176256,"href":"https:\/\/univet.hu\/hu\/wp-json\/wp\/v2\/pages\/79846\/revisions\/176256"}],"up":[{"embeddable":true,"href":"https:\/\/univet.hu\/hu\/wp-json\/wp\/v2\/pages\/45583"}],"wp:attachment":[{"href":"https:\/\/univet.hu\/hu\/wp-json\/wp\/v2\/media?parent=79846"}],"wp:term":[{"taxonomy":"category","embeddable":true,"href":"https:\/\/univet.hu\/hu\/wp-json\/wp\/v2\/categories?post=79846"},{"taxonomy":"post_tag","embeddable":true,"href":"https:\/\/univet.hu\/hu\/wp-json\/wp\/v2\/tags?post=79846"}],"curies":[{"name":"wp","href":"https:\/\/api.w.org\/{rel}","templated":true}]}}