{"id":79920,"date":"2022-10-27T13:26:22","date_gmt":"2022-10-27T11:26:22","guid":{"rendered":"https:\/\/univet.hu\/hu\/egyetem\/szervezeti-egysegek\/jarvanytani-es-mikrobiologiai-tanszek\/tdk-es-szakdolgozat\/name\/"},"modified":"2023-09-21T05:30:50","modified_gmt":"2023-09-21T03:30:50","slug":"szakdolgozat-es-tdk-tajekoztato","status":"publish","type":"page","link":"https:\/\/univet.hu\/hu\/egyetem\/szervezeti-egysegek\/jarvanytani-es-mikrobiologiai-tanszek\/tdk-es-szakdolgozat\/szakdolgozat-es-tdk-tajekoztato\/","title":{"rendered":"Diplomadolgozat\/TDK t\u00e1j\u00e9koztat\u00f3"},"content":{"rendered":"<p><strong>Diplomadolgozatok \u00e9s TDK munk\u00e1k elk\u00e9sz\u00edt\u00e9s\u00e9vel kapcsolatos tudnival\u00f3k \u00e9s k\u00f6vetelm\u00e9nyek a J\u00e1rv\u00e1nytani \u00e9s Mikrobiol\u00f3giai Tansz\u00e9ken<\/strong><\/p> <p><strong>\u00a0<\/strong><\/p> <p>Tansz\u00e9k\u00fcnk nagyra \u00e9rt\u00e9keli a fert\u0151z\u0151 \u00e1llatbetegs\u00e9gekkel, azok k\u00f3rokoz\u00f3ival \u00e9s az immunol\u00f3gi\u00e1val kapcsolatos hallgat\u00f3i \u00e9rdekl\u0151d\u00e9seket \u00e9s maxim\u00e1lisan t\u00e1mogatjuk az ilyen ir\u00e1ny\u00fa munk\u00e1kat.<\/p> <p>A Tansz\u00e9k\u00fcnk\u00f6n k\u00e9sz\u00fcl\u0151 diploma- \u00e9s TDK dolgozatok megfelel\u0151 szakmai sz\u00ednvonala els\u0151dleges sz\u00e1munkra.<\/p> <p>&nbsp;<\/p> <p>Mindezek alapj\u00e1n a jelentkez\u0151nek az al\u00e1bbiakat kell figyelembe- \u00e9s a maga r\u00e9sz\u00e9re k\u00f6telez\u0151nek vennie:<\/p> <p>&nbsp;<\/p> <ol> <li>A Tanulm\u00e1nyi \u00e9s vizsgaszab\u00e1lyzat (TVSZ) 41.\u00a7 (5) a. pontja alapj\u00e1n Tansz\u00e9k\u00fcnkre diplomadolgozatok elk\u00e9sz\u00edt\u00e9se c\u00e9lj\u00e1b\u00f3l legk\u00e9s\u0151bb a 8. f\u00e9l\u00e9v szorgalmi id\u0151szak\u00e1nak v\u00e9g\u00e9ig kell jelentkezni, a szervezeti egys\u00e9g vezet\u0151j\u00e9n\u00e9l.<\/li> <li>Tansz\u00e9k\u00fcnkre a diplomadolgozati t\u00e9m\u00e1ra <em>legkor\u00e1bban<\/em> a teljes\u00edtett 5. f\u00e9l\u00e9v ut\u00e1n lehet jelentkezni, az \u201e<em>\u00c1llatorvosi virol\u00f3gia\u201d<\/em> \u00e9s \u201e<em>\u00c1llatorvosi bakteriol\u00f3gia\u201d <\/em>tant\u00e1rgyakb\u00f3l letett sikeres vizsga birtok\u00e1ban. A TDK dolgozatok tekintet\u00e9ben nincs ilyen megk\u00f6t\u00e9s.<\/li> <li>Koll\u00e9g\u00e1ink csak azokat a hallgat\u00f3kat fogadhatj\u00e1k diplomadolgozati- vagy TDK munk\u00e1ra, akik el\u00e9rt\u00e9k a minimum 4,00 \u00e1tlagot az \u00c1llatorvosi virol\u00f3gia, \u00c1llatorvosi bakteriol\u00f3gia \u00e9s \u00c1llatorvosi immunol\u00f3gia tant\u00e1rgyakb\u00f3l.<\/li> <li>A TVSZ 41.\u00a7 (5) d. pontja alapj\u00e1n a \u201eDiplomadolgozatot minden hallgat\u00f3 egy\u00e9nileg k\u00f6teles k\u00e9sz\u00edteni.\u201d Ez azt is jelenti, hogy oktat\u00f3ink a dolgozatok elk\u00e9sz\u00edt\u00e9s\u00e9hez szakmai t\u00e1mogat\u00e1st \u201et\u00e9mavezet\u00e9st\u201d biztos\u00edtanak, de <em>a dolgozat megfelel\u0151 sz\u00ednvonal\u00fa elk\u00e9sz\u00edt\u00e9se a hallgat\u00f3 kiz\u00e1r\u00f3lagos feladata<\/em>. <em>A hallgat\u00f3 nem megfelel\u0151 hozz\u00e1\u00e1ll\u00e1s\u00e1b\u00f3l ad\u00f3d\u00f3 k\u00e9sedelmet tansz\u00e9ki oktat\u00f3inknak nincs m\u00f3dja \u00e9s ideje kompenz\u00e1lni, a dolgozat el nem k\u00e9sz\u00fclte vagy k\u00e9sedelmes elk\u00e9sz\u00fcl\u00e9s\u00e9nek felel\u0151ss\u00e9ge ilyen esetben a hallgat\u00f3\u00e9.<\/em><\/li> <li>Tansz\u00e9k\u00fcnk el\u0151nyben r\u00e9szes\u00edti a hallgat\u00f3 \u00f6n\u00e1ll\u00f3 munk\u00e1j\u00e1n alapul\u00f3 diplomadolgozatokat, azaz a dolgozatnak az al\u00e1bbiak valamelyik\u00e9t mag\u00e1ban kell foglalnia: <ol> <li>saj\u00e1t laborat\u00f3riumi munka<\/li> <li>saj\u00e1t epidemiol\u00f3giai elemz\u00e9s, sz\u00e1m\u00edt\u00e1s, k\u00e9rd\u0151\u00edves felm\u00e9r\u00e9s<\/li> <li>k\u00f3reset le\u00edr\u00e1sa, diagnosztikai elemz\u00e9s<\/li> <li>int\u00e9zeti diagnosztikai adatb\u00e1zis elemz\u00e9se<\/li> <li>egy\u00e9b relev\u00e1ns szakmai elemz\u00e9s<\/li> <\/ol> <\/li> <li>Fentieken k\u00edv\u00fcl, irodalmi \u00f6sszefoglal\u00f3 \u00edr\u00e1sa is lehets\u00e9ges, de csak abban az esetben, ha az adott t\u00e9ma tudom\u00e1nyos \u00fajdons\u00e1g \u00e9s azt a hallgat\u00f3 saj\u00e1t elemz\u00e9sekkel, pl. orsz\u00e1g- vagy r\u00e9gi\u00f3 specifikus elemekkel eg\u00e9sz\u00edti ki.<\/li> <li>A tov\u00e1bbiakra a TVSZ hat\u00e1lyos rendelkez\u00e9sei \u00e9s Egyetem\u00fcnk k\u00f6nyvt\u00e1ri honlapj\u00e1n tal\u00e1lhat\u00f3 Diplomamunka k\u00e9sz\u00edt\u00e9se c. \u00fatmutat\u00f3 \u00e9rv\u00e9nyesek.<\/li> <\/ol> <p>&nbsp;<\/p> <p>Tansz\u00e9k\u00fcnk a fert\u0151z\u0151 betegs\u00e9gek ir\u00e1nt \u00e9rdekl\u0151d\u0151, kitart\u00f3 \u00e9s megfelel\u0151 hozz\u00e1\u00e1ll\u00e1st tan\u00fas\u00edt\u00f3 hallgat\u00f3k r\u00e9sz\u00e9re, a v\u00e1lasztott t\u00e9ma magas sz\u00ednvonal\u00fa kidolgoz\u00e1s\u00e1hoz a szakmai t\u00e1mogat\u00e1st, a fentiek figyelembev\u00e9tel\u00e9vel tudja biztos\u00edtani.<\/p> <p>&nbsp;<\/p> <p>Budapest, 2023. 09. 15.<\/p> <p>&nbsp;<\/p> <p>Dr. Tenk Mikl\u00f3s<\/p> <p>tansz\u00e9kvezet\u0151 egyetemi docens<\/p>","protected":false},"excerpt":{"rendered":"<p>Diplomadolgozatok \u00e9s TDK munk\u00e1k elk\u00e9sz\u00edt\u00e9s\u00e9vel kapcsolatos tudnival\u00f3k \u00e9s k\u00f6vetelm\u00e9nyek a J\u00e1rv\u00e1nytani \u00e9s Mikrobiol\u00f3giai Tansz\u00e9ken \u00a0 Tansz\u00e9k\u00fcnk nagyra \u00e9rt\u00e9keli a fert\u0151z\u0151 \u00e1llatbetegs\u00e9gekkel, azok k\u00f3rokoz\u00f3ival \u00e9s az immunol\u00f3gi\u00e1val kapcsolatos hallgat\u00f3i \u00e9rdekl\u0151d\u00e9seket \u00e9s maxim\u00e1lisan t\u00e1mogatjuk az ilyen ir\u00e1ny\u00fa munk\u00e1kat. A Tansz\u00e9k\u00fcnk\u00f6n k\u00e9sz\u00fcl\u0151 diploma- \u00e9s TDK dolgozatok megfelel\u0151 szakmai sz\u00ednvonala els\u0151dleges sz\u00e1munkra. &nbsp; Mindezek alapj\u00e1n a jelentkez\u0151nek az al\u00e1bbiakat<\/p>\n","protected":false},"author":3837,"featured_media":0,"parent":57792,"menu_order":0,"comment_status":"open","ping_status":"open","template":"","meta":{"_acf_changed":false,"footnotes":""},"categories":[],"tags":[],"class_list":["post-79920","page","type-page","status-publish","hentry"],"acf":[],"_links":{"self":[{"href":"https:\/\/univet.hu\/hu\/wp-json\/wp\/v2\/pages\/79920","targetHints":{"allow":["GET"]}}],"collection":[{"href":"https:\/\/univet.hu\/hu\/wp-json\/wp\/v2\/pages"}],"about":[{"href":"https:\/\/univet.hu\/hu\/wp-json\/wp\/v2\/types\/page"}],"author":[{"embeddable":true,"href":"https:\/\/univet.hu\/hu\/wp-json\/wp\/v2\/users\/3837"}],"replies":[{"embeddable":true,"href":"https:\/\/univet.hu\/hu\/wp-json\/wp\/v2\/comments?post=79920"}],"version-history":[{"count":0,"href":"https:\/\/univet.hu\/hu\/wp-json\/wp\/v2\/pages\/79920\/revisions"}],"up":[{"embeddable":true,"href":"https:\/\/univet.hu\/hu\/wp-json\/wp\/v2\/pages\/57792"}],"wp:attachment":[{"href":"https:\/\/univet.hu\/hu\/wp-json\/wp\/v2\/media?parent=79920"}],"wp:term":[{"taxonomy":"category","embeddable":true,"href":"https:\/\/univet.hu\/hu\/wp-json\/wp\/v2\/categories?post=79920"},{"taxonomy":"post_tag","embeddable":true,"href":"https:\/\/univet.hu\/hu\/wp-json\/wp\/v2\/tags?post=79920"}],"curies":[{"name":"wp","href":"https:\/\/api.w.org\/{rel}","templated":true}]}}