{"id":79924,"date":"2022-10-27T13:28:45","date_gmt":"2022-10-27T11:28:45","guid":{"rendered":"https:\/\/univet.hu\/hu\/egyetem\/szervezeti-egysegek\/jarvanytani-es-mikrobiologiai-tanszek\/tdk-es-szakdolgozat\/name\/"},"modified":"2022-12-07T14:07:22","modified_gmt":"2022-12-07T13:07:22","slug":"meghirdetett-szakdolgozat-es-tdk-temak","status":"publish","type":"page","link":"https:\/\/univet.hu\/hu\/egyetem\/szervezeti-egysegek\/jarvanytani-es-mikrobiologiai-tanszek\/tdk-es-szakdolgozat\/meghirdetett-szakdolgozat-es-tdk-temak\/","title":{"rendered":"Folyamatban l\u00e9v\u0151 diplomadolgozat \u00e9s TDK t\u00e9m\u00e1k"},"content":{"rendered":"<table width=\"1215\"> <tbody> <tr> <td width=\"896\">Hepatitis E v\u00edrus direkt \u00e9s indirekt kimutat\u00e1sa kuty\u00e1kban<\/td> <td width=\"124\">2024 \u0151sz<\/td> <td width=\"195\">F\u00f6ldi D\u00f3ra<\/td> <\/tr> <tr> <td>Sert\u00e9s influenza v\u00edrus \u00e9s coronav\u00edrus k\u00f6lcs\u00f6nhat\u00e1s\u00e1nak vizsg\u00e1lata<\/td> <td>2023 \u0151sz<\/td> <td><\/td> <\/tr> <tr> <td>Antimikrobi\u00e1lis peptidek hat\u00e1sa patog\u00e9n bakt\u00e9riumokra<\/td> <td>2023 \u0151sz<\/td> <td>Tenk Mikl\u00f3s<\/td> <\/tr> <tr> <td>A hasmen\u00e9s hat\u00e1s\u00e1nak vizsg\u00e1lata kuty\u00e1k coprophag viselked\u00e9s\u00e9re<\/td> <td>2023 \u0151sz<\/td> <td>Guly\u00e1s Dominik<\/td> <\/tr> <tr> <td>The effect of autoimmune diseases on the coprophagic behavior of dogs<\/td> <td>2023 \u0151sz<\/td> <td>Guly\u00e1s Dominik<\/td> <\/tr> <tr> <td>Investigation of cross-neutralization between different coronavirus species<\/td> <td>2022 \u0151sz<\/td> <td><\/td> <\/tr> <tr> <td><\/td> <td><\/td> <td><\/td> <\/tr> <tr> <td>A cinkoxid bel\u00e9legz\u00e9se eredm\u00e9nyek\u00e9ppen kialakul\u00f3 immunol\u00f3giai hat\u00e1sok vizsg\u00e1lata<\/td> <td>2023<\/td> <td><\/td> <\/tr> <tr> <td><\/td> <td><\/td> <td><\/td> <\/tr> <tr> <td><\/td> <td><\/td> <td><\/td> <\/tr> <tr> <td><\/td> <td><\/td> <td><\/td> <\/tr> <tr> <td><\/td> <td><\/td> <td><\/td> <\/tr> <tr> <td>Modification of the innate immune response with low molecular weight substances and its effects on renal carcinoma cells in a mouse model<\/td> <td>2023 \u0151sz<\/td> <td><\/td> <\/tr> <tr> <td>Using low molecular weight substances to manipulate the innate immune response<\/td> <td>2023 \u0151sz<\/td> <td>L\u0151rincz M\u00e1rta<\/td> <\/tr> <tr> <td><\/td> <td><\/td> <td><\/td> <\/tr> <tr> <td><\/td> <td><\/td> <td><\/td> <\/tr> <tr> <td><\/td> <td><\/td> <td><\/td> <\/tr> <tr> <td>Egy szarvasmarha \u00e1llom\u00e1ny mentes\u00edt\u00e9se BVDV fert\u0151z\u00e9st\u0151l<\/td> <td>23.okt<\/td> <td><\/td> <\/tr> <tr> <td><\/td> <td><\/td> <td><\/td> <\/tr> <tr> <td><\/td> <td><\/td> <td><\/td> <\/tr> <tr> <td><\/td> <td><\/td> <td><\/td> <\/tr> <tr> <td>Juhokb\u00f3l izol\u00e1lt Pasteurella multocida t\u00f6rzsek antibiotikum \u00e9rz\u00e9kenys\u00e9gi vizsg\u00e1lata<\/td> <td>2023 tavasz<\/td> <td><\/td> <\/tr> <tr> <td>Szarvasmarh\u00e1kb\u00f3l izol\u00e1lt Mannheimia haemolytia \u00e9s Bibersteinia trehalosi t\u00f6rzsek antibiotikum \u00e9rz\u00e9kenys\u00e9gi vizsg\u00e1lata<\/td> <td>2023 \u0151sz<\/td> <td><\/td> <\/tr> <tr> <td>Serotyping of Mannheimia haemolytica and Bibersteinia trehalosi strains isolated from cattle<\/td> <td>2023 \u0151sz<\/td> <td><\/td> <\/tr> <tr> <td><\/td> <td><\/td> <td><\/td> <\/tr> <tr> <td>Minireview: canine\/dog inflammatory bowel disease<\/td> <td>2023 \u0151sz<\/td> <td><\/td> <\/tr> <tr> <td>Literature review about the risk of the BARF diet connected with bacterial infections for pets and their owners.<\/td> <td>2023 \u0151sz<\/td> <td><\/td> <\/tr> <tr> <td>Hasmen\u00e9ses kuty\u00e1kban el\u0151fordul\u00f3 patog\u00e9n E. coli t\u00f6rzsek vizsg\u00e1lata<\/td> <td>2023 \u0151sz<\/td> <td>P\u00e1pa Kinga<\/td> <\/tr> <tr> <td>Viruses in mosquitoes &#8211; 2022 survey<\/td> <td>2023 \u0151sz<\/td> <td><\/td> <\/tr> <tr> <td>Viruses in mosquitoes &#8211; 2023 survey<\/td> <td>2024 \u0151sz<\/td> <td><\/td> <\/tr> <tr> <td>Sz\u00fanyogok terjesztette v\u00edrusok<\/td> <td>2025 \u0151sz<\/td> <td><\/td> <\/tr> <tr> <td>Flaviv\u00edrusok kimutat\u00e1s\u00e1ra alkalmas PCR m\u00f3dszer kidolgoz\u00e1sa<\/td> <td>2023 tavasz<\/td> <td><\/td> <\/tr> <tr> <td>Flaviv\u00edrusok kimutat\u00e1sa lovak mellett gy\u0171jt\u00f6tt sz\u00fanyogokban<\/td> <td>2022 \u0151sz<\/td> <td><\/td> <\/tr> <tr> <td>Flaviv\u00edrus-fert\u0151z\u00e9s j\u00e1rv\u00e1nytana (sz\u00fanyog, mad\u00e1r, l\u00f3, ember)<\/td> <td>2025 \u0151sz<\/td> <td>Erd\u00e9lyi K\u00e1roly (\u00c1TKI)<\/td> <\/tr> <tr> <td>Flaviv\u00edrusok kimutat\u00e1sa<\/td> <td>2023 tavasz<\/td> <td><\/td> <\/tr> <tr> <td>Lagov\u00edrusok okozta betegs\u00e9gek j\u00e1rv\u00e1nytani helyzete<\/td> <td>2022 \u0151sz<\/td> <td><\/td> <\/tr> <tr> <td>Nyugat-n\u00edlusi l\u00e1z: m\u00falt, jelen, j\u00f6v\u0151<\/td> <td>2022 \u0151sz<\/td> <td><\/td> <\/tr> <tr> <td>Afrikai sert\u00e9spestis vaddiszn\u00f3ban<\/td> <td>2022 \u0151sz<\/td> <td><\/td> <\/tr> <tr> <td>Influenza: from bird to human<\/td> <td>2022 \u0151sz<\/td> <td><\/td> <\/tr> <tr> <td>Viral zoonotic diseases of horses<\/td> <td>2023 tavasz<\/td> <td><\/td> <\/tr> <tr> <td>Detection of honeybee viruses in Hungarian apiaries<\/td> <td>2023 tavasz<\/td> <td><\/td> <\/tr> <tr> <td>Efficacy of vaccines against Myxomatosis in rabbits<\/td> <td>2023 \u0151sz<\/td> <td><\/td> <\/tr> <tr> <td>Nyugat-n\u00edlusi l\u00e1z elleni immunit\u00e1s lovakban<\/td> <td>2022 \u0151sz<\/td> <td>Kutasi Orsolya<\/td> <\/tr> <tr> <td>EHV-1 j\u00e1rv\u00e1ny Magyarorsz\u00e1gon<\/td> <td>2022 \u0151sz<\/td> <td>Kutasi Orsolya<\/td> <\/tr> <tr> <td>Hazai nyugat-n\u00edlusi v\u00edrust\u00f6rzsek teljes genom meghat\u00e1roz\u00e1sa \u00faj-gener\u00e1ci\u00f3s szekven\u00e1l\u00e1si m\u00f3dszerrel<\/td> <td>2022 \u0151sz<\/td> <td>Nagy Anna (NNK)<\/td> <\/tr> <tr> <td>Vadmadarak (f\u0151leg s\u00f3lyomf\u00e9l\u00e9k) sz\u0171r\u00e9se adenov\u00edrusokra<\/td> <td>2022 \u0151sz<\/td> <td>Kaj\u00e1n Gy\u0151z\u0151 (\u00c1TKI)<\/td> <\/tr> <tr> <td>K\u00fcl\u00f6nb\u00f6z\u0151 v\u00edrusok integr\u00e1l\u00e1sa polimer alap\u00fa nanohordoz\u00f3kba<\/td> <td>2022 \u0151sz<\/td> <td><\/td> <\/tr> <tr> <td>An investigation into the role of dung beetles in the control of gastrointestinal nematode larvae numbers<\/td> <td>2022 \u0151sz<\/td> <td>Juh\u00e1sz Alexandra (Liverpool School of Tropical Medicine)<\/td> <\/tr> <tr> <td>Possible therapeutic strategies in clinical rabies<\/td> <td>2023 tavasz<\/td> <td><\/td> <\/tr> <tr> <td>An overview of Equine Herpesvirus-1 with special regard to the 2021 Spring outbreak in Europe<\/td> <td>2023 tavasz<\/td> <td><\/td> <\/tr> <tr> <td>A Nyugat-N\u00edlusi v\u00edrus el\u0151fordul\u00e1s\u00e1nak vizsg\u00e1lata rezervo\u00e1r fajokban Magyarorsz\u00e1gon<\/td> <td>2023 \u0151sz<\/td> <td>Erd\u00e9lyi K\u00e1roly (\u00c1TKI)<\/td> <\/tr> <tr> <td>UK dog owners\u2019 awareness, perceived risk and influential factors of leptospirosis and its vaccination.<\/td> <td>2023 \u0151sz<\/td> <td><\/td> <\/tr> <tr> <td>The history and current status of extended spectrum beta lactamase producing bacteria in Sweden<\/td> <td>2023 \u0151sz<\/td> <td><\/td> <\/tr> <tr> <td>C. perfringens toxing\u00e9n tipiz\u00e1l\u00e1s \u00e9s patol\u00f3gia baromfiban<\/td> <td>2023<\/td> <td>Koll\u00e1r Anna<\/td> <\/tr> <tr> <td>C. botulinum tipiz\u00e1l\u00e1sa vadon \u00e9l\u0151 v\u00edzisz\u00e1rnyasokb\u00f3l<\/td> <td>2023<\/td> <td>Erd\u00e9lyi K\u00e1roly<\/td> <\/tr> <tr> <td>Kuty\u00e1k Pasteurella hordoz\u00e1s\u00e1nak vizsg\u00e1lata<\/td> <td>2023<\/td> <td><\/td> <\/tr> <tr> <td><\/td> <td><\/td> <td><\/td> <\/tr> <tr> <td><\/td> <td><\/td> <td><\/td> <\/tr> <\/tbody> <\/table> <p>&nbsp;<\/p>","protected":false},"excerpt":{"rendered":"<p>Hepatitis E v\u00edrus direkt \u00e9s indirekt kimutat\u00e1sa kuty\u00e1kban 2024 \u0151sz F\u00f6ldi D\u00f3ra Sert\u00e9s influenza v\u00edrus \u00e9s coronav\u00edrus k\u00f6lcs\u00f6nhat\u00e1s\u00e1nak vizsg\u00e1lata 2023 \u0151sz Antimikrobi\u00e1lis peptidek hat\u00e1sa patog\u00e9n bakt\u00e9riumokra 2023 \u0151sz Tenk Mikl\u00f3s A hasmen\u00e9s hat\u00e1s\u00e1nak vizsg\u00e1lata kuty\u00e1k coprophag viselked\u00e9s\u00e9re 2023 \u0151sz Guly\u00e1s Dominik The effect of autoimmune diseases on the coprophagic behavior of dogs 2023 \u0151sz Guly\u00e1s<\/p>\n","protected":false},"author":3837,"featured_media":0,"parent":57792,"menu_order":0,"comment_status":"open","ping_status":"open","template":"","meta":{"_acf_changed":false,"footnotes":""},"categories":[],"tags":[],"class_list":["post-79924","page","type-page","status-publish","hentry"],"acf":[],"_links":{"self":[{"href":"https:\/\/univet.hu\/hu\/wp-json\/wp\/v2\/pages\/79924","targetHints":{"allow":["GET"]}}],"collection":[{"href":"https:\/\/univet.hu\/hu\/wp-json\/wp\/v2\/pages"}],"about":[{"href":"https:\/\/univet.hu\/hu\/wp-json\/wp\/v2\/types\/page"}],"author":[{"embeddable":true,"href":"https:\/\/univet.hu\/hu\/wp-json\/wp\/v2\/users\/3837"}],"replies":[{"embeddable":true,"href":"https:\/\/univet.hu\/hu\/wp-json\/wp\/v2\/comments?post=79924"}],"version-history":[{"count":0,"href":"https:\/\/univet.hu\/hu\/wp-json\/wp\/v2\/pages\/79924\/revisions"}],"up":[{"embeddable":true,"href":"https:\/\/univet.hu\/hu\/wp-json\/wp\/v2\/pages\/57792"}],"wp:attachment":[{"href":"https:\/\/univet.hu\/hu\/wp-json\/wp\/v2\/media?parent=79924"}],"wp:term":[{"taxonomy":"category","embeddable":true,"href":"https:\/\/univet.hu\/hu\/wp-json\/wp\/v2\/categories?post=79924"},{"taxonomy":"post_tag","embeddable":true,"href":"https:\/\/univet.hu\/hu\/wp-json\/wp\/v2\/tags?post=79924"}],"curies":[{"name":"wp","href":"https:\/\/api.w.org\/{rel}","templated":true}]}}