{"id":79958,"date":"2022-11-02T14:10:22","date_gmt":"2022-11-02T13:10:22","guid":{"rendered":"https:\/\/univet.hu\/hu\/egyetem\/palyazati-projektek\/eu-projektek\/name-2\/"},"modified":"2025-07-17T14:25:27","modified_gmt":"2025-07-17T12:25:27","slug":"egeszsegbiztonsag-nemzeti-laboratorium","status":"publish","type":"page","link":"https:\/\/univet.hu\/hu\/egyetem\/palyazati-projektek\/eu-projektek\/egeszsegbiztonsag-nemzeti-laboratorium\/","title":{"rendered":"Eg\u00e9szs\u00e9gbiztons\u00e1g Nemzeti Laborat\u00f3rium"},"content":{"rendered":"<p><img loading=\"lazy\" decoding=\"async\" class=\"alignnone wp-image-79959\" src=\"https:\/\/univet.hu\/wp-content\/uploads\/2022\/11\/RRF-kedvezm\u00e9nyezetti-inf\u00f3blokk-keretes-1-320x97.jpg\" alt=\"\" width=\"448\" height=\"136\" srcset=\"https:\/\/univet.hu\/wp-content\/uploads\/2022\/11\/RRF-kedvezm\u00e9nyezetti-inf\u00f3blokk-keretes-1-320x97.jpg 320w, https:\/\/univet.hu\/wp-content\/uploads\/2022\/11\/RRF-kedvezm\u00e9nyezetti-inf\u00f3blokk-keretes-1-768x232.jpg 768w, https:\/\/univet.hu\/wp-content\/uploads\/2022\/11\/RRF-kedvezm\u00e9nyezetti-inf\u00f3blokk-keretes-1-960x290.jpg 960w, https:\/\/univet.hu\/wp-content\/uploads\/2022\/11\/RRF-kedvezm\u00e9nyezetti-inf\u00f3blokk-keretes-1.jpg 1081w\" sizes=\"auto, (max-width: 448px) 100vw, 448px\" \/><\/p> <p><strong>A projekt c\u00edme:<\/strong> Eg\u00e9szs\u00e9gbiztons\u00e1g Nemzeti Laborat\u00f3rium<\/p> <p><strong>A projekt azonos\u00edt\u00f3 sz\u00e1ma:<\/strong> RRF-2.3.1-21-2022-00006<\/p> <p><strong>A (f\u0151)kedvezm\u00e9nyezett neve:<\/strong> Szegedi Tudom\u00e1nyegyetem<\/p> <p><strong>Konzorciumi partnerek:<\/strong><br \/> HUN-REN Agr\u00e1rtudom\u00e1nyi Kutat\u00f3k\u00f6zpont<br \/> <span style=\"text-decoration: underline\"><em>\u00c1llatorvostudom\u00e1nyi Egyetem<\/em><\/span><br \/> HUN-REN \u00c1llatorvostudom\u00e1nyi Kutat\u00f3int\u00e9zet<br \/> E\u00f6tv\u00f6s Lor\u00e1nd Tudom\u00e1nyegyetem<br \/> Magyar Agr\u00e1r- \u00e9s \u00c9lettudom\u00e1nyi Egyetem<br \/> Neumann J\u00e1nos Nonprofit K\u00f6zhaszn\u00fa Korl\u00e1tolt Felel\u0151ss\u00e9g\u0171 T\u00e1rsas\u00e1g<br \/> \u00d3budai Egyetem<br \/> HUN-REN \u00d6kol\u00f3giai Kutat\u00f3k\u00f6zpont<br \/> P\u00e1zm\u00e1ny P\u00e9ter Katolikus Egyetem<br \/> P\u00e9csi Tudom\u00e1nyegyetem<br \/> HUN-REN R\u00e9nyi Alfr\u00e9d Matematikai Kutat\u00f3int\u00e9zet<br \/> Semmelweis Egyetem<br \/> HUN-REN Sz\u00e1m\u00edt\u00e1stechnikai \u00e9s Automatiz\u00e1l\u00e1si Kutat\u00f3int\u00e9zet<br \/> HUN-REN Szegedi Biol\u00f3giai Kutat\u00f3k\u00f6zpont<br \/> HUN-REN T\u00e1rsadalomtudom\u00e1nyi Kutat\u00f3k\u00f6zpont<\/p> <p><strong>A szerz\u0151d\u00f6tt t\u00e1mogat\u00e1s \u00f6sszege: 8 321 000 000 Ft<\/strong><\/p> <p><strong>A t\u00e1mogat\u00e1s m\u00e9rt\u00e9ke (%-ban): 100<\/strong><\/p> <p><strong>Konzorciumi partnerek \u00e9s a t\u00e1mogat\u00e1si \u00f6sszeg megoszt\u00e1sa:<\/strong><\/p> <table width=\"777\"> <tbody> <tr> <td width=\"419\">Konzorciumi tag neve<\/td> <td width=\"136\">Meg\u00edt\u00e9lt t\u00e1mogat\u00e1s (Ft)<\/td> <td width=\"81\">\u00d6ner\u0151 (Ft)<\/td> <td width=\"141\">\u00d6sszesen (Ft)<\/td> <\/tr> <tr> <td>Szegedi Tudom\u00e1nyegyetem<\/td> <td>1 200 000 000 Ft<\/td> <td>0 Ft<\/td> <td>1 200 000 000 Ft<\/td> <\/tr> <tr> <td>HUN-REN Agr\u00e1rtudom\u00e1nyi Kutat\u00f3k\u00f6zpont<\/td> <td>161 000 000 Ft<\/td> <td>0 Ft<\/td> <td>161 000 000 Ft<\/td> <\/tr> <tr> <td><strong><em><span style=\"text-decoration: underline\">\u00c1llatorvostudom\u00e1nyi Egyetem<\/span><\/em><\/strong><\/td> <td><strong><em><span style=\"text-decoration: underline\">150 000 000 Ft<\/span><\/em><\/strong><\/td> <td><strong><em><span style=\"text-decoration: underline\">0 Ft<\/span><\/em><\/strong><\/td> <td><strong><em><span style=\"text-decoration: underline\">150 000 000 Ft<\/span><\/em><\/strong><\/td> <\/tr> <tr> <td>HUN-REN \u00c1llatorvostudom\u00e1nyi Kutat\u00f3int\u00e9zet<\/td> <td>292 000 000 Ft<\/td> <td>0 Ft<\/td> <td>292 000 000 Ft<\/td> <\/tr> <tr> <td>E\u00f6tv\u00f6s Lor\u00e1nd Tudom\u00e1nyegyetem<\/td> <td>200 000 000 Ft<\/td> <td>0 Ft<\/td> <td>200 000 000 Ft<\/td> <\/tr> <tr> <td>Magyar Agr\u00e1r- \u00e9s \u00c9lettudom\u00e1nyi Egyetem<\/td> <td>148 568 000 Ft<\/td> <td>0 Ft<\/td> <td>148 568 000 Ft<\/td> <\/tr> <tr> <td>Neumann J\u00e1nos Nonprofit K\u00f6zhaszn\u00fa Kft.<\/td> <td>299 000 000 Ft<\/td> <td>0 Ft<\/td> <td>299 000 000 Ft<\/td> <\/tr> <tr> <td>\u00d3budai Egyetem<\/td> <td>100 000 000 Ft<\/td> <td>0 Ft<\/td> <td>100 000 000 Ft<\/td> <\/tr> <tr> <td>HUN-REN \u00d6kol\u00f3giai Kutat\u00f3k\u00f6zpont<\/td> <td>1 298 432 000 Ft<\/td> <td>0 Ft<\/td> <td>1 298 432 000 Ft<\/td> <\/tr> <tr> <td>P\u00e1zm\u00e1ny P\u00e9ter Katolikus Egyetem<\/td> <td>100 000 000 Ft<\/td> <td>0 Ft<\/td> <td>100 000 000 Ft<\/td> <\/tr> <tr> <td>P\u00e9csi Tudom\u00e1nyegyetem<\/td> <td>125 000 000 Ft<\/td> <td>0 Ft<\/td> <td>125 000 000 Ft<\/td> <\/tr> <tr> <td>HUN-REN R\u00e9nyi Alfr\u00e9d Matematikai Kutat\u00f3int\u00e9zet<\/td> <td>200 000 000 Ft<\/td> <td>0 Ft<\/td> <td>200 000 000 Ft<\/td> <\/tr> <tr> <td>Semmelweis Egyetem<\/td> <td>3 747 000 000 Ft<\/td> <td>0 Ft<\/td> <td>3 747 000 000 Ft<\/td> <\/tr> <tr> <td>HUN-REN Sz\u00e1m\u00edt\u00e1stechnikai \u00e9s Automatiz\u00e1l\u00e1si Kutat\u00f3int\u00e9zet -SZTAKI<\/td> <td>100 000 000 Ft<\/td> <td>0 Ft<\/td> <td>100 000 000 Ft<\/td> <\/tr> <tr> <td>HUN-REN Szegedi Biol\u00f3giai Kutat\u00f3k\u00f6zpont<\/td> <td>100 000 000 Ft<\/td> <td>0 Ft<\/td> <td>100 000 000 Ft<\/td> <\/tr> <tr> <td>HUN-REN T\u00e1rsadalomtudom\u00e1nyi Kutat\u00f3k\u00f6zpont<\/td> <td>100 000 000 Ft<\/td> <td>0 Ft<\/td> <td>100 000 000 Ft<\/td> <\/tr> <\/tbody> <\/table> <p><strong>A projekt megval\u00f3s\u00edt\u00e1s id\u0151szaka:<\/strong>\u00a02022.03.01.-2026.02.28.<\/p> <p><strong>\u00a0<\/strong><\/p> <p><strong>Projektmenedzser:<\/strong>\u00a0Kov\u00e1csn\u00e9 Nagy Orsolya (Szegedi Tudom\u00e1nyegyetem)<\/p> <p><strong>P\u00e9nz\u00fcgyi vezet\u0151:<\/strong>\u00a0Rosu Brigitta (Szegedi Tudom\u00e1nyegyetem)<\/p> <p><strong>Szakmai vezet\u0151:<\/strong>\u00a0Dr. R\u00f6st Gergely (Szegedi Tudom\u00e1nyegyetem)<\/p> <p><strong>\u00a0<\/strong><\/p> <p><strong>A projekt tartalm\u00e1nak bemutat\u00e1sa:<\/strong><\/p> <p>A jelenleg is zajl\u00f3 pand\u00e9mia sor\u00e1n vil\u00e1goss\u00e1 v\u00e1lt, milyen nagy sz\u00fcks\u00e9g van a megb\u00edzhat\u00f3 adatokon \u00e9s evidenci\u00e1kon alapul\u00f3, m\u00e9ly, tudom\u00e1nyos ig\u00e9ny\u0171 elemz\u00e9sekre. A Nemzeti Laborat\u00f3rium v\u00edzi\u00f3ja, hogy megteremtse haz\u00e1nkban az adatokra \u00e9s elemz\u00e9sekre \u00e9p\u00fcl\u0151 d\u00f6nt\u00e9sel\u0151k\u00e9sz\u00edt\u00e9sek tudom\u00e1nyos b\u00e1zis\u00e1t az eg\u00e9szs\u00e9g\u00fcgy, a j\u00e1rv\u00e1nyv\u00e9delem \u00e9s az \u00f6kol\u00f3giai rendszerek ter\u00fclet\u00e9n. A h\u00e1rom ter\u00fclet szorosan \u00f6sszefon\u00f3dik, \u00e9s az innovat\u00edv surveillance rendszerek, big data m\u00f3dszerek, valamint matematikai modellez\u00e9s \u00e1ltal \u00faj szinergi\u00e1k j\u00f6nnek l\u00e9tre.<\/p> <p>Az NL \u00f6sszefogja \u00e9s koordin\u00e1lja az orsz\u00e1gban eddig szigetszer\u0171en m\u0171k\u00f6d\u0151 kutat\u00f3csoportokat, el\u0151seg\u00edtve a h\u00e1l\u00f3zatosod\u00e1st, \u00e9s l\u00e9trehozva egy olyan kollaborat\u00edv kutat\u00f3i k\u00f6z\u00f6ss\u00e9get, amely a nemzetk\u00f6zi sz\u00ednt\u00e9ren is komoly l\u00e1that\u00f3s\u00e1ggal b\u00edr.<\/p> <p>&nbsp;<\/p> <p>&nbsp;<\/p>","protected":false},"excerpt":{"rendered":"<p>A projekt c\u00edme: Eg\u00e9szs\u00e9gbiztons\u00e1g Nemzeti Laborat\u00f3rium A projekt azonos\u00edt\u00f3 sz\u00e1ma: RRF-2.3.1-21-2022-00006 A (f\u0151)kedvezm\u00e9nyezett neve: Szegedi Tudom\u00e1nyegyetem Konzorciumi partnerek: HUN-REN Agr\u00e1rtudom\u00e1nyi Kutat\u00f3k\u00f6zpont \u00c1llatorvostudom\u00e1nyi Egyetem HUN-REN \u00c1llatorvostudom\u00e1nyi Kutat\u00f3int\u00e9zet E\u00f6tv\u00f6s Lor\u00e1nd Tudom\u00e1nyegyetem Magyar Agr\u00e1r- \u00e9s \u00c9lettudom\u00e1nyi Egyetem Neumann J\u00e1nos Nonprofit K\u00f6zhaszn\u00fa Korl\u00e1tolt Felel\u0151ss\u00e9g\u0171 T\u00e1rsas\u00e1g \u00d3budai Egyetem HUN-REN \u00d6kol\u00f3giai Kutat\u00f3k\u00f6zpont P\u00e1zm\u00e1ny P\u00e9ter Katolikus Egyetem P\u00e9csi Tudom\u00e1nyegyetem HUN-REN R\u00e9nyi Alfr\u00e9d<\/p>\n","protected":false},"author":4313,"featured_media":0,"parent":45566,"menu_order":0,"comment_status":"open","ping_status":"open","template":"","meta":{"_acf_changed":false,"footnotes":""},"categories":[],"tags":[],"class_list":["post-79958","page","type-page","status-publish","hentry"],"acf":[],"_links":{"self":[{"href":"https:\/\/univet.hu\/hu\/wp-json\/wp\/v2\/pages\/79958","targetHints":{"allow":["GET"]}}],"collection":[{"href":"https:\/\/univet.hu\/hu\/wp-json\/wp\/v2\/pages"}],"about":[{"href":"https:\/\/univet.hu\/hu\/wp-json\/wp\/v2\/types\/page"}],"author":[{"embeddable":true,"href":"https:\/\/univet.hu\/hu\/wp-json\/wp\/v2\/users\/4313"}],"replies":[{"embeddable":true,"href":"https:\/\/univet.hu\/hu\/wp-json\/wp\/v2\/comments?post=79958"}],"version-history":[{"count":3,"href":"https:\/\/univet.hu\/hu\/wp-json\/wp\/v2\/pages\/79958\/revisions"}],"predecessor-version":[{"id":188059,"href":"https:\/\/univet.hu\/hu\/wp-json\/wp\/v2\/pages\/79958\/revisions\/188059"}],"up":[{"embeddable":true,"href":"https:\/\/univet.hu\/hu\/wp-json\/wp\/v2\/pages\/45566"}],"wp:attachment":[{"href":"https:\/\/univet.hu\/hu\/wp-json\/wp\/v2\/media?parent=79958"}],"wp:term":[{"taxonomy":"category","embeddable":true,"href":"https:\/\/univet.hu\/hu\/wp-json\/wp\/v2\/categories?post=79958"},{"taxonomy":"post_tag","embeddable":true,"href":"https:\/\/univet.hu\/hu\/wp-json\/wp\/v2\/tags?post=79958"}],"curies":[{"name":"wp","href":"https:\/\/api.w.org\/{rel}","templated":true}]}}