{"id":79968,"date":"2022-11-03T09:09:24","date_gmt":"2022-11-03T08:09:24","guid":{"rendered":"https:\/\/univet.hu\/hu\/biologia\/zool\/"},"modified":"2025-03-05T10:26:16","modified_gmt":"2025-03-05T09:26:16","slug":"zool","status":"publish","type":"page","link":"https:\/\/univet.hu\/hu\/biologia\/zool\/","title":{"rendered":"Angol nyelv\u0171 kutat\u00f3 zool\u00f3gus szak"},"content":{"rendered":"<p>&nbsp;<\/p> <table class=\"aligncenter\"> <tbody> <tr> <td style=\"width: 62.15px\"> <h3 style=\"text-align: center\"><\/h3> <\/td> <td style=\"width: 222.15px\"> <h3 style=\"text-align: center\"><a href=\"https:\/\/univet.hu\/hu\/biologia\/kiknek\/\"><span style=\"font-family: 'arial black', sans-serif\">Kiknek?<\/span><\/a><\/h3> <\/td> <td style=\"width: 213.475px\"> <h3 style=\"text-align: center\"><a href=\"https:\/\/univet.hu\/hu\/biologia\/kik\/\"><span style=\"font-family: 'arial black', sans-serif\">Kik?<\/span><\/a><\/h3> <\/td> <td style=\"width: 212.988px\"> <h3 style=\"text-align: center\"><a href=\"https:\/\/univet.hu\/hu\/biologia\/mit\/\"><span style=\"font-family: 'arial black', sans-serif\">Mit?<\/span><\/a><\/h3> <\/td> <td style=\"width: 223.387px\"> <h3 style=\"text-align: center\"><a href=\"https:\/\/univet.hu\/hu\/biologia\/hogyan\/\"><span style=\"font-family: 'arial black', sans-serif\">Hogyan?<\/span><\/a><\/h3> <\/td> <\/tr> <\/tbody> <\/table> <p><img loading=\"lazy\" decoding=\"async\" class=\"size-full wp-image-80055 alignright\" src=\"https:\/\/univet.hu\/wp-content\/uploads\/2022\/11\/zool2.jpg\" alt=\"\" width=\"600\" height=\"790\" srcset=\"https:\/\/univet.hu\/wp-content\/uploads\/2022\/11\/zool2.jpg 600w, https:\/\/univet.hu\/wp-content\/uploads\/2022\/11\/zool2-243x320.jpg 243w\" sizes=\"auto, (max-width: 600px) 100vw, 600px\" \/><\/p> <p style=\"text-align: justify\"><strong>Az \u00c1llatorvostudom\u00e1nyi Egyetem b\u00fcszk\u00e9n jelenti be a 2023-as tan\u00e9vt\u0151l indul\u00f3, 10 f\u00e9l\u00e9ves, osztatlan, angol nyelv\u0171 \u00e1llamilag finansz\u00edrozott kutat\u00f3 zool\u00f3gus szak ind\u00edt\u00e1s\u00e1t.<\/strong><\/p> <p style=\"text-align: justify\">Az \u00c1TE t\u00f6bb \u00e9vsz\u00e1zados tapasztalata, infrastrukt\u00far\u00e1ja \u00e9s anyagi h\u00e1ttere mellett fiatalos, nemzetk\u00f6zi tapasztalatokkal rendelkez\u0151 oktat\u00f3g\u00e1rda biztos\u00edtja a magas min\u0151s\u00e9g\u0171 k\u00e9pz\u00e9st angolul. A kutat\u00f3i hivat\u00e1s elm\u00e9leti (anat\u00f3mia, \u00e9lettan, statisztika, zool\u00f3gia) \u00e9s gyakorlati (boncol\u00e1sok, anal\u00edzisek, m\u0171szeres m\u00e9r\u00e9sek, molekul\u00e1ris laborat\u00f3riumi technik\u00e1k) ismereteinek elsaj\u00e1t\u00edt\u00e1s\u00e1t sz\u00e9les hazai \u00e9s nemzetk\u00f6zi kapcsolati h\u00e1l\u00f3val rendelkez\u0151 kutat\u00f3g\u00e1rda seg\u00edti.<\/p> <p style=\"text-align: justify\">Az Istv\u00e1n utcai campus mellett sz\u00e1mos kutat\u00f3int\u00e9zet k\u00fcls\u0151 tansz\u00e9kk\u00e9nt funkcion\u00e1l: pl. Balatoni Limnol\u00f3giai Kutat\u00f3int\u00e9zet, Magyar Term\u00e9szettudom\u00e1nyi M\u00fazeum, F\u0151v\u00e1rosi \u00c1llat- \u00e9s N\u00f6v\u00e9nykert.<\/p> <p style=\"text-align: justify\">A front\u00e1lis tan\u00edt\u00e1s mellett modern pedag\u00f3gia m\u00f3dszerek (projektorient\u00e1lt feladatok, probl\u00e9ma megold\u00f3 k\u00e9szs\u00e9get fejleszt\u0151 komplex kurzusok) seg\u00edts\u00e9g\u00e9vel, kis l\u00e9tsz\u00e1m\u00fa csoportokban val\u00f3sul meg az oktat\u00e1s melynek tutori\u00e1lis jellege seg\u00edti az adott t\u00e9m\u00e1ban val\u00f3 elm\u00e9ly\u00fcl\u00e9st.<\/p> <p style=\"text-align: justify\">A szakkal kapcsolatos b\u0151vebb inform\u00e1ci\u00f3k\u00e9rt v\u00e1lasszon a fenti men\u00fcb\u0151l vagy \u00edrjon a\u00a0<a class=\"decrypt\" rel=\"{ppmphvtAvojwfu\/iv\" href=\"javascript:void(0);\">[Kattintson az emailc\u00edmhez]<\/a>\u00a0emailc\u00edmre!<\/p>","protected":false},"excerpt":{"rendered":"<p>&nbsp; Kiknek? Kik? Mit? Hogyan? Az \u00c1llatorvostudom\u00e1nyi Egyetem b\u00fcszk\u00e9n jelenti be a 2023-as tan\u00e9vt\u0151l indul\u00f3, 10 f\u00e9l\u00e9ves, osztatlan, angol nyelv\u0171 \u00e1llamilag finansz\u00edrozott kutat\u00f3 zool\u00f3gus szak ind\u00edt\u00e1s\u00e1t. Az \u00c1TE t\u00f6bb \u00e9vsz\u00e1zados tapasztalata, infrastrukt\u00far\u00e1ja \u00e9s anyagi h\u00e1ttere mellett fiatalos, nemzetk\u00f6zi tapasztalatokkal rendelkez\u0151 oktat\u00f3g\u00e1rda biztos\u00edtja a magas min\u0151s\u00e9g\u0171 k\u00e9pz\u00e9st angolul. A kutat\u00f3i hivat\u00e1s elm\u00e9leti (anat\u00f3mia, \u00e9lettan, statisztika, zool\u00f3gia)<\/p>\n","protected":false},"author":3087,"featured_media":0,"parent":26000,"menu_order":0,"comment_status":"open","ping_status":"open","template":"","meta":{"_acf_changed":false,"footnotes":""},"categories":[],"tags":[],"class_list":["post-79968","page","type-page","status-publish","hentry"],"acf":[],"_links":{"self":[{"href":"https:\/\/univet.hu\/hu\/wp-json\/wp\/v2\/pages\/79968","targetHints":{"allow":["GET"]}}],"collection":[{"href":"https:\/\/univet.hu\/hu\/wp-json\/wp\/v2\/pages"}],"about":[{"href":"https:\/\/univet.hu\/hu\/wp-json\/wp\/v2\/types\/page"}],"author":[{"embeddable":true,"href":"https:\/\/univet.hu\/hu\/wp-json\/wp\/v2\/users\/3087"}],"replies":[{"embeddable":true,"href":"https:\/\/univet.hu\/hu\/wp-json\/wp\/v2\/comments?post=79968"}],"version-history":[{"count":1,"href":"https:\/\/univet.hu\/hu\/wp-json\/wp\/v2\/pages\/79968\/revisions"}],"predecessor-version":[{"id":176661,"href":"https:\/\/univet.hu\/hu\/wp-json\/wp\/v2\/pages\/79968\/revisions\/176661"}],"up":[{"embeddable":true,"href":"https:\/\/univet.hu\/hu\/wp-json\/wp\/v2\/pages\/26000"}],"wp:attachment":[{"href":"https:\/\/univet.hu\/hu\/wp-json\/wp\/v2\/media?parent=79968"}],"wp:term":[{"taxonomy":"category","embeddable":true,"href":"https:\/\/univet.hu\/hu\/wp-json\/wp\/v2\/categories?post=79968"},{"taxonomy":"post_tag","embeddable":true,"href":"https:\/\/univet.hu\/hu\/wp-json\/wp\/v2\/tags?post=79968"}],"curies":[{"name":"wp","href":"https:\/\/api.w.org\/{rel}","templated":true}]}}