{"id":80016,"date":"2022-11-03T13:43:34","date_gmt":"2022-11-03T12:43:34","guid":{"rendered":"https:\/\/univet.hu\/hu\/biologia\/zool-2\/"},"modified":"2022-11-03T16:06:28","modified_gmt":"2022-11-03T15:06:28","slug":"az-uj-angol-nyelvu-kutato-zoologus-szak","status":"publish","type":"page","link":"https:\/\/univet.hu\/hu\/biologia\/az-uj-angol-nyelvu-kutato-zoologus-szak\/","title":{"rendered":"Az \u00faj angol nyelv\u0171 kutat\u00f3 zool\u00f3gus szak"},"content":{"rendered":"<p>A Budapesti \u00c1llatorvostudom\u00e1nyi Egyetem b\u00fcszk\u00e9n jelenti be a 2023-as tan\u00e9vt\u0151l indul\u00f3, 10 f\u00e9l\u00e9ves, angol nyelv\u0171 \u201ekutat\u00f3 zool\u00f3gus\u201d szak ind\u00edt\u00e1s\u00e1t.<\/p> <p>Az \u00c1TE teljes infrastrukt\u00far\u00e1ja \u00e9s anyagi h\u00e1ttere ott van a k\u00e9pz\u00e9s m\u00f6g\u00f6tt (elm\u00e9leti anat\u00f3mia, \u00e9lettan) gyakorlati (kutya- l\u00f3- boncol\u00e1s, m\u0171szereken val\u00f3 gyakorlatszerz\u00e9s, mikroszk\u00f3pk\u00f6zpont)<br \/> Sz\u00e1mos kutat\u00f3int\u00e9zet k\u00fcls\u0151 tansz\u00e9kk\u00e9t funkcion\u00e1l: \u00c1llatkert, Balatoni Limnol\u00f3giai Kutat\u00f3int\u00e9zet<br \/> Kisl\u00e9tsz\u00e1m\u00fa csoportok, sz\u00e9les pedag\u00f3giai paletta (probl\u00e9mafeladat, tutor\u00e1l\u00e1s, komplex t\u00e1rgyak, kutat\u00f3 vend\u00e9gel\u0151ad\u00f3k)<br \/> A hivat\u00e1sra akt\u00edvan felk\u00e9sz\u00edt\u0151 t\u00e1rgyak: kutat\u00e1sszervez\u00e9s, p\u00e1ly\u00e1zat\u00edr\u00e1s, publik\u00e1ci\u00f3\u00edr\u00e1s<br \/> Minden f\u00e9l\u00e9vben a di\u00e1kok egy 10-15 perces el\u0151ad\u00e1sban el\u0151adj\u00e1k a szakdolgozati eredem\u00e9nyeiket, el\u0151rehalad\u00e1sukat a Biol\u00f3giai Int\u00e9zet teljes tan\u00e1ri kara el\u0151tt. Ez olyan m\u00e9rt\u00e9k\u0171 rutin \u00e9s kommunik\u00e1ci\u00f3s magabiztoss\u00e1got ad, aminek sz\u00e1mos el\u0151nye (pl. \u00e1ll\u00e1sinterj\u00fak, napi kommunik\u00e1ci\u00f3) a mindennapi \u00e9letben m\u00e9rhet\u0151<br \/> Sz\u00e9les kapcsolati h\u00e1l\u00f3 miatt gyakorlatilag tr\u00f3pusi p\u00f3kokt\u00f3l kezdve c\u00e1p\u00e1kig b\u00e1rmivel lehet foglalkozni, a t\u00e9mav\u00e1laszt\u00e1st nem korl\u00e1tozzuk, a min\u0151s\u00e9g a fontos<br \/> Az oktat\u00f3i g\u00e1rda a kutat\u00f3i szc\u00e9na akt\u00edv tagjaib\u00f3l \u00e1ll<br \/> Az oktat\u00f3k t\u00f6bb konferenciaszervez\u00e9s\u00e9ben is akt\u00edv, szakmai szerepet v\u00e1llalnak, \u00edgy a di\u00e1kok is betekint\u00e9st nyerhetnek<\/p>","protected":false},"excerpt":{"rendered":"<p>A Budapesti \u00c1llatorvostudom\u00e1nyi Egyetem b\u00fcszk\u00e9n jelenti be a 2023-as tan\u00e9vt\u0151l indul\u00f3, 10 f\u00e9l\u00e9ves, angol nyelv\u0171 \u201ekutat\u00f3 zool\u00f3gus\u201d szak ind\u00edt\u00e1s\u00e1t. Az \u00c1TE teljes infrastrukt\u00far\u00e1ja \u00e9s anyagi h\u00e1ttere ott van a k\u00e9pz\u00e9s m\u00f6g\u00f6tt (elm\u00e9leti anat\u00f3mia, \u00e9lettan) gyakorlati (kutya- l\u00f3- boncol\u00e1s, m\u0171szereken val\u00f3 gyakorlatszerz\u00e9s, mikroszk\u00f3pk\u00f6zpont) Sz\u00e1mos kutat\u00f3int\u00e9zet k\u00fcls\u0151 tansz\u00e9kk\u00e9t funkcion\u00e1l: \u00c1llatkert, Balatoni Limnol\u00f3giai Kutat\u00f3int\u00e9zet Kisl\u00e9tsz\u00e1m\u00fa csoportok, sz\u00e9les pedag\u00f3giai<\/p>\n","protected":false},"author":2768,"featured_media":0,"parent":26000,"menu_order":0,"comment_status":"open","ping_status":"open","template":"","meta":{"_acf_changed":false,"footnotes":""},"categories":[],"tags":[],"class_list":["post-80016","page","type-page","status-publish","hentry"],"acf":[],"_links":{"self":[{"href":"https:\/\/univet.hu\/hu\/wp-json\/wp\/v2\/pages\/80016","targetHints":{"allow":["GET"]}}],"collection":[{"href":"https:\/\/univet.hu\/hu\/wp-json\/wp\/v2\/pages"}],"about":[{"href":"https:\/\/univet.hu\/hu\/wp-json\/wp\/v2\/types\/page"}],"author":[{"embeddable":true,"href":"https:\/\/univet.hu\/hu\/wp-json\/wp\/v2\/users\/2768"}],"replies":[{"embeddable":true,"href":"https:\/\/univet.hu\/hu\/wp-json\/wp\/v2\/comments?post=80016"}],"version-history":[{"count":0,"href":"https:\/\/univet.hu\/hu\/wp-json\/wp\/v2\/pages\/80016\/revisions"}],"up":[{"embeddable":true,"href":"https:\/\/univet.hu\/hu\/wp-json\/wp\/v2\/pages\/26000"}],"wp:attachment":[{"href":"https:\/\/univet.hu\/hu\/wp-json\/wp\/v2\/media?parent=80016"}],"wp:term":[{"taxonomy":"category","embeddable":true,"href":"https:\/\/univet.hu\/hu\/wp-json\/wp\/v2\/categories?post=80016"},{"taxonomy":"post_tag","embeddable":true,"href":"https:\/\/univet.hu\/hu\/wp-json\/wp\/v2\/tags?post=80016"}],"curies":[{"name":"wp","href":"https:\/\/api.w.org\/{rel}","templated":true}]}}