{"id":80048,"date":"2022-11-03T19:20:32","date_gmt":"2022-11-03T18:20:32","guid":{"rendered":"https:\/\/univet.hu\/hu\/biologia\/kiknek\/"},"modified":"2022-11-08T09:30:56","modified_gmt":"2022-11-08T08:30:56","slug":"kiknek","status":"publish","type":"page","link":"https:\/\/univet.hu\/hu\/biologia\/kiknek\/","title":{"rendered":"Kiknek aj\u00e1nljuk az \u00faj kutat\u00f3 zool\u00f3gus szakot?"},"content":{"rendered":"<p>&nbsp;<\/p> <table class=\"aligncenter\"> <tbody> <tr> <td style=\"width: 62.15px;\"> <h3 style=\"text-align: center;\"><a href=\"https:\/\/univet.hu\/hu\/zool\"><span class=\"fa fa-home\"><\/span><\/a><\/h3> <\/td> <td style=\"width: 222.15px;\"> <h3 style=\"text-align: center;\"><a href=\"https:\/\/univet.hu\/hu\/biologia\/kiknek\/\"><span style=\"font-family: 'arial black', sans-serif;\">Kiknek?<\/span><\/a><\/h3> <\/td> <td style=\"width: 213.475px;\"> <h3 style=\"text-align: center;\"><a href=\"https:\/\/univet.hu\/hu\/biologia\/kik\/\"><span style=\"font-family: 'arial black', sans-serif;\">Kik?<\/span><\/a><\/h3> <\/td> <td style=\"width: 212.988px;\"> <h3 style=\"text-align: center;\"><a href=\"https:\/\/univet.hu\/hu\/biologia\/mit\/\"><span style=\"font-family: 'arial black', sans-serif;\">Mit?<\/span><\/a><\/h3> <\/td> <td style=\"width: 223.387px;\"> <h3 style=\"text-align: center;\"><a href=\"https:\/\/univet.hu\/hu\/biologia\/hogyan\/\"><span style=\"font-family: 'arial black', sans-serif;\">Hogyan?<\/span><\/a><\/h3> <\/td> <\/tr> <\/tbody> <\/table> <p>&nbsp;<\/p> <p style=\"text-align: justify;\"><strong>A szakot aj\u00e1nljuk minden a biol\u00f3gia \u00e9s az \u00e1llatok ir\u00e1nt \u00e9rdekl\u0151d\u0151 di\u00e1knak.<\/strong><\/p> <p><img loading=\"lazy\" decoding=\"async\" class=\"size-full wp-image-80061 aligncenter\" src=\"https:\/\/univet.hu\/wp-content\/uploads\/2022\/11\/zool4.jpg\" alt=\"\" width=\"600\" height=\"790\" srcset=\"https:\/\/univet.hu\/wp-content\/uploads\/2022\/11\/zool4.jpg 600w, https:\/\/univet.hu\/wp-content\/uploads\/2022\/11\/zool4-243x320.jpg 243w\" sizes=\"auto, (max-width: 600px) 100vw, 600px\" \/><\/p> <p style=\"text-align: justify;\">Aj\u00e1nljuk annak, akit \u00e9rdekel az orvosl\u00e1s biol\u00f3giai \u00e9s elm\u00e9leti h\u00e1ttere, de nem tervez gyakorl\u00f3 (\u00e1llat)orvos lenni, aki kutat\u00f3k\u00e9nt k\u00e9pzeli el a j\u00f6v\u0151j\u00e9t, k\u00e9s\u0151bb doktori (PhD) fokozatot szerezne, aki a biol\u00f3gia BSc \u00e9s biol\u00f3gus MSc k\u00e9pz\u00e9sekben gondolkozik, de szeretn\u00e9 elker\u00fclni a tant\u00e1rgyism\u00e9tl\u00e9st az MSc alatt, aki komolyabb, kutat\u00f3i p\u00e1ly\u00e1t megalapoz\u00f3 ismereteket gy\u0171jtene, vagy m\u00e1r hat\u00e1rozott elk\u00e9pzel\u00e9se van az \u00e9rdekl\u0151d\u00e9si k\u00f6r\u00e9r\u0151l \u00e9s abban a t\u00e9m\u00e1ban szeretne elm\u00e9ly\u00fclni.<\/p> <p><strong>B\u00e1r az \u00c1llatorvostudom\u00e1nyi Egyetem ind\u00edtja a k\u00e9pz\u00e9st, nem \u00e1llatorvosi k\u00e9pz\u00e9sr\u0151l van sz\u00f3!<\/strong><\/p> <p style=\"text-align: justify;\">Minden jelentkez\u0151t v\u00e1runk, aki esetleg m\u00e1r az egyetem alatt megkezden\u00e9 a kutat\u00e1st, cikkeket \u00edrna a di\u00e1k\u00e9vei alatt vagy olyan k\u00e9szs\u00e9gek, k\u00e9pess\u00e9gek (bele\u00e9rtve a mindennapi angol nyelv\u0171 kommunik\u00e1ci\u00f3t) megszerz\u00e9s\u00e9t t\u0171zi ki c\u00e9lul, amikkel felv\u00e9rtezve meg tudja val\u00f3s\u00edtani \u00e1lmait. N\u00e1lunk megtal\u00e1lja a hely\u00e9t, aki Afrika\/\u00c1zsia\/D\u00e9l-Amerika kutat\u00f3 szeretne lenni, akit \u00e9rdekel az egzotikus \u00e1llatok vil\u00e1ga vagy a hazai \u00e1llatok egzotikuma, akinek terepen kel fel a nap, akit \u00f6lt\u00f6ztet a terepsz\u00edn, aki nemcsak pancsolni menne a tengerre, aki nemcsak amat\u0151r, de professzion\u00e1lis term\u00e9szetb\u00fav\u00e1r akar lenni.<\/p> <p><img loading=\"lazy\" decoding=\"async\" class=\"size-large wp-image-80076 aligncenter\" src=\"https:\/\/univet.hu\/wp-content\/uploads\/2022\/11\/zoll5-960x646.jpg\" alt=\"\" width=\"640\" height=\"431\" srcset=\"https:\/\/univet.hu\/wp-content\/uploads\/2022\/11\/zoll5-960x646.jpg 960w, https:\/\/univet.hu\/wp-content\/uploads\/2022\/11\/zoll5-320x215.jpg 320w, https:\/\/univet.hu\/wp-content\/uploads\/2022\/11\/zoll5-768x517.jpg 768w, https:\/\/univet.hu\/wp-content\/uploads\/2022\/11\/zoll5.jpg 1200w\" sizes=\"auto, (max-width: 640px) 100vw, 640px\" \/><\/p> <p>&nbsp;<\/p>","protected":false},"excerpt":{"rendered":"<p>&nbsp; Kiknek? Kik? Mit? Hogyan? &nbsp; A szakot aj\u00e1nljuk minden a biol\u00f3gia \u00e9s az \u00e1llatok ir\u00e1nt \u00e9rdekl\u0151d\u0151 di\u00e1knak. Aj\u00e1nljuk annak, akit \u00e9rdekel az orvosl\u00e1s biol\u00f3giai \u00e9s elm\u00e9leti h\u00e1ttere, de nem tervez gyakorl\u00f3 (\u00e1llat)orvos lenni, aki kutat\u00f3k\u00e9nt k\u00e9pzeli el a j\u00f6v\u0151j\u00e9t, k\u00e9s\u0151bb doktori (PhD) fokozatot szerezne, aki a biol\u00f3gia BSc \u00e9s biol\u00f3gus MSc k\u00e9pz\u00e9sekben gondolkozik, de<\/p>\n","protected":false},"author":2768,"featured_media":0,"parent":26000,"menu_order":0,"comment_status":"open","ping_status":"open","template":"","meta":{"_acf_changed":false,"footnotes":""},"categories":[],"tags":[],"class_list":["post-80048","page","type-page","status-publish","hentry"],"acf":[],"_links":{"self":[{"href":"https:\/\/univet.hu\/hu\/wp-json\/wp\/v2\/pages\/80048","targetHints":{"allow":["GET"]}}],"collection":[{"href":"https:\/\/univet.hu\/hu\/wp-json\/wp\/v2\/pages"}],"about":[{"href":"https:\/\/univet.hu\/hu\/wp-json\/wp\/v2\/types\/page"}],"author":[{"embeddable":true,"href":"https:\/\/univet.hu\/hu\/wp-json\/wp\/v2\/users\/2768"}],"replies":[{"embeddable":true,"href":"https:\/\/univet.hu\/hu\/wp-json\/wp\/v2\/comments?post=80048"}],"version-history":[{"count":0,"href":"https:\/\/univet.hu\/hu\/wp-json\/wp\/v2\/pages\/80048\/revisions"}],"up":[{"embeddable":true,"href":"https:\/\/univet.hu\/hu\/wp-json\/wp\/v2\/pages\/26000"}],"wp:attachment":[{"href":"https:\/\/univet.hu\/hu\/wp-json\/wp\/v2\/media?parent=80048"}],"wp:term":[{"taxonomy":"category","embeddable":true,"href":"https:\/\/univet.hu\/hu\/wp-json\/wp\/v2\/categories?post=80048"},{"taxonomy":"post_tag","embeddable":true,"href":"https:\/\/univet.hu\/hu\/wp-json\/wp\/v2\/tags?post=80048"}],"curies":[{"name":"wp","href":"https:\/\/api.w.org\/{rel}","templated":true}]}}