{"id":80063,"date":"2022-11-03T19:45:17","date_gmt":"2022-11-03T18:45:17","guid":{"rendered":"https:\/\/univet.hu\/hu\/biologia\/name\/"},"modified":"2022-11-08T09:32:10","modified_gmt":"2022-11-08T08:32:10","slug":"kik","status":"publish","type":"page","link":"https:\/\/univet.hu\/hu\/biologia\/kik\/","title":{"rendered":"Kik oktatnak a kutat\u00f3 zool\u00f3gus szakon?"},"content":{"rendered":"<p>&nbsp;<\/p> <table class=\"aligncenter\"> <tbody> <tr> <td style=\"width: 62.15px;\"> <h3 style=\"text-align: center;\"><a href=\"https:\/\/univet.hu\/hu\/zool\"><span class=\"fa fa-home\"><\/span><\/a><\/h3> <\/td> <td style=\"width: 222.15px;\"> <h3 style=\"text-align: center;\"><a href=\"https:\/\/univet.hu\/hu\/biologia\/kiknek\/\"><span style=\"font-family: 'arial black', sans-serif;\">Kiknek?<\/span><\/a><\/h3> <\/td> <td style=\"width: 213.475px;\"> <h3 style=\"text-align: center;\"><a href=\"https:\/\/univet.hu\/hu\/biologia\/kik\/\"><span style=\"font-family: 'arial black', sans-serif;\">Kik?<\/span><\/a><\/h3> <\/td> <td style=\"width: 212.988px;\"> <h3 style=\"text-align: center;\"><a href=\"https:\/\/univet.hu\/hu\/biologia\/mit\/\"><span style=\"font-family: 'arial black', sans-serif;\">Mit?<\/span><\/a><\/h3> <\/td> <td style=\"width: 223.387px;\"> <h3 style=\"text-align: center;\"><a href=\"https:\/\/univet.hu\/hu\/biologia\/hogyan\/\"><span style=\"font-family: 'arial black', sans-serif;\">Hogyan?<\/span><\/a><\/h3> <\/td> <\/tr> <\/tbody> <\/table> <p style=\"text-align: justify;\"><strong>A Kutat\u00f3 zool\u00f3gus szakon olyan min\u0151s\u00edtett, doktori (PhD) fokozattal rendelkez\u0151 oktat\u00f3k adj\u00e1k \u00e1t a tud\u00e1sukat, akik a kutat\u00e1si t\u00e9m\u00e1jukban hazai \u00e9s nemzetk\u00f6zi szinten is elismertek.<\/strong><\/p> <p><img loading=\"lazy\" decoding=\"async\" class=\"size-large wp-image-80079 aligncenter\" src=\"https:\/\/univet.hu\/wp-content\/uploads\/2022\/11\/zool7-960x646.jpg\" alt=\"\" width=\"640\" height=\"431\" srcset=\"https:\/\/univet.hu\/wp-content\/uploads\/2022\/11\/zool7-960x646.jpg 960w, https:\/\/univet.hu\/wp-content\/uploads\/2022\/11\/zool7-320x215.jpg 320w, https:\/\/univet.hu\/wp-content\/uploads\/2022\/11\/zool7-768x517.jpg 768w, https:\/\/univet.hu\/wp-content\/uploads\/2022\/11\/zool7.jpg 1200w\" sizes=\"auto, (max-width: 640px) 100vw, 640px\" \/><\/p> <p style=\"text-align: justify;\">Oktat\u00f3ink nemcsak a tan\u00edt\u00e1sban jeleskednek, hanem nemzetk\u00f6zi foly\u00f3iratokban rendszeresen megjelen\u0151 publik\u00e1ci\u00f3ikkal j\u00e1rulnak hozz\u00e1 tudom\u00e1nyter\u00fclet\u00fck fejl\u0151d\u00e9s\u00e9hez. Sz\u00e9les ismereti \u00e9s kapcsolati h\u00e1l\u00f3nknak k\u00f6sz\u00f6nhet\u0151en a hazai \u00e9s a nemzetk\u00f6zi tudom\u00e1nyos \u00e9let szinte minden kutat\u00e1si t\u00e9m\u00e1ja el\u00e9rhet\u0151 leend\u0151 hallgat\u00f3inknak.<\/p> <p style=\"text-align: justify;\">Munkat\u00e1rsaink nemcsak a tudom\u00e1nyos \u00e9letben kommunik\u00e1lnak angolul, de a sokuk doktori\/posztdoktori p\u00e1lyafut\u00e1sa alatt sz\u00e1mos \u00e9vet t\u00f6lt\u00f6tt angol nyelvter\u00fcleten \u00e9s jelenleg is oktat az angol nyelv\u0171 \u00e1llatorvos k\u00e9pz\u00e9sben. Az egyetem nemzetk\u00f6zi l\u00e9gk\u00f6re nagyban seg\u00edt a hallgat\u00f3knak az angol nyelv gyakorl\u00e1s\u00e1ban.<\/p> <p><img loading=\"lazy\" decoding=\"async\" class=\"size-large wp-image-80078 aligncenter\" src=\"https:\/\/univet.hu\/wp-content\/uploads\/2022\/11\/zool6-960x646.jpg\" alt=\"\" width=\"640\" height=\"431\" srcset=\"https:\/\/univet.hu\/wp-content\/uploads\/2022\/11\/zool6-960x646.jpg 960w, https:\/\/univet.hu\/wp-content\/uploads\/2022\/11\/zool6-320x215.jpg 320w, https:\/\/univet.hu\/wp-content\/uploads\/2022\/11\/zool6-768x517.jpg 768w, https:\/\/univet.hu\/wp-content\/uploads\/2022\/11\/zool6.jpg 1200w\" sizes=\"auto, (max-width: 640px) 100vw, 640px\" \/><\/p>","protected":false},"excerpt":{"rendered":"<p>&nbsp; Kiknek? Kik? Mit? Hogyan? A Kutat\u00f3 zool\u00f3gus szakon olyan min\u0151s\u00edtett, doktori (PhD) fokozattal rendelkez\u0151 oktat\u00f3k adj\u00e1k \u00e1t a tud\u00e1sukat, akik a kutat\u00e1si t\u00e9m\u00e1jukban hazai \u00e9s nemzetk\u00f6zi szinten is elismertek. Oktat\u00f3ink nemcsak a tan\u00edt\u00e1sban jeleskednek, hanem nemzetk\u00f6zi foly\u00f3iratokban rendszeresen megjelen\u0151 publik\u00e1ci\u00f3ikkal j\u00e1rulnak hozz\u00e1 tudom\u00e1nyter\u00fclet\u00fck fejl\u0151d\u00e9s\u00e9hez. Sz\u00e9les ismereti \u00e9s kapcsolati h\u00e1l\u00f3nknak k\u00f6sz\u00f6nhet\u0151en a hazai \u00e9s a<\/p>\n","protected":false},"author":2768,"featured_media":0,"parent":26000,"menu_order":0,"comment_status":"open","ping_status":"open","template":"","meta":{"_acf_changed":false,"footnotes":""},"categories":[],"tags":[],"class_list":["post-80063","page","type-page","status-publish","hentry"],"acf":[],"_links":{"self":[{"href":"https:\/\/univet.hu\/hu\/wp-json\/wp\/v2\/pages\/80063","targetHints":{"allow":["GET"]}}],"collection":[{"href":"https:\/\/univet.hu\/hu\/wp-json\/wp\/v2\/pages"}],"about":[{"href":"https:\/\/univet.hu\/hu\/wp-json\/wp\/v2\/types\/page"}],"author":[{"embeddable":true,"href":"https:\/\/univet.hu\/hu\/wp-json\/wp\/v2\/users\/2768"}],"replies":[{"embeddable":true,"href":"https:\/\/univet.hu\/hu\/wp-json\/wp\/v2\/comments?post=80063"}],"version-history":[{"count":0,"href":"https:\/\/univet.hu\/hu\/wp-json\/wp\/v2\/pages\/80063\/revisions"}],"up":[{"embeddable":true,"href":"https:\/\/univet.hu\/hu\/wp-json\/wp\/v2\/pages\/26000"}],"wp:attachment":[{"href":"https:\/\/univet.hu\/hu\/wp-json\/wp\/v2\/media?parent=80063"}],"wp:term":[{"taxonomy":"category","embeddable":true,"href":"https:\/\/univet.hu\/hu\/wp-json\/wp\/v2\/categories?post=80063"},{"taxonomy":"post_tag","embeddable":true,"href":"https:\/\/univet.hu\/hu\/wp-json\/wp\/v2\/tags?post=80063"}],"curies":[{"name":"wp","href":"https:\/\/api.w.org\/{rel}","templated":true}]}}