{"id":80065,"date":"2022-11-03T19:46:52","date_gmt":"2022-11-03T18:46:52","guid":{"rendered":"https:\/\/univet.hu\/hu\/biologia\/mit\/"},"modified":"2022-11-08T11:50:39","modified_gmt":"2022-11-08T10:50:39","slug":"mit","status":"publish","type":"page","link":"https:\/\/univet.hu\/hu\/biologia\/mit\/","title":{"rendered":"Mit oktatunk a kutat\u00f3 zool\u00f3gus szakon?"},"content":{"rendered":"<p>&nbsp;<\/p> <table class=\"aligncenter\"> <tbody> <tr> <td style=\"width: 62.15px;\"> <h3 style=\"text-align: center;\"><a href=\"https:\/\/univet.hu\/hu\/zool\"><span class=\"fa fa-home\"><\/span><\/a><\/h3> <\/td> <td style=\"width: 222.15px;\"> <h3 style=\"text-align: center;\"><a href=\"https:\/\/univet.hu\/hu\/biologia\/kiknek\/\"><span style=\"font-family: 'arial black', sans-serif;\">Kiknek?<\/span><\/a><\/h3> <\/td> <td style=\"width: 213.475px;\"> <h3 style=\"text-align: center;\"><a href=\"https:\/\/univet.hu\/hu\/biologia\/kik\/\"><span style=\"font-family: 'arial black', sans-serif;\">Kik?<\/span><\/a><\/h3> <\/td> <td style=\"width: 212.988px;\"> <h3 style=\"text-align: center;\"><a href=\"https:\/\/univet.hu\/hu\/biologia\/mit\/\"><span style=\"font-family: 'arial black', sans-serif;\">Mit?<\/span><\/a><\/h3> <\/td> <td style=\"width: 223.387px;\"> <h3 style=\"text-align: center;\"><a href=\"https:\/\/univet.hu\/hu\/biologia\/hogyan\/\"><span style=\"font-family: 'arial black', sans-serif;\">Hogyan?<\/span><\/a><\/h3> <\/td> <\/tr> <\/tbody> <\/table> <p>&nbsp;<\/p> <p style=\"text-align: justify;\"><strong>A 10 f\u00e9l\u00e9ves (osztatlan), angol nyelv\u0171 k\u00e9pz\u00e9s alatt a di\u00e1kjaink minden kulcsfontoss\u00e1g\u00fa elm\u00e9leti \u00e9s gyakorlati ismeretet megkapnak ahhoz, hogy kutat\u00f3k\u00e9nt helyezkedhessenek el.<\/strong> A t\u00e1rgyak \u00f6sszefoglal\u00f3 t\u00e1bl\u00e1zat\u00e1t <a href=\"targyak\">IDE KATTINTVA<\/a> lehet b\u00f6ng\u00e9szni.<\/p> <p><img loading=\"lazy\" decoding=\"async\" class=\"size-large wp-image-80092 aligncenter\" src=\"https:\/\/univet.hu\/wp-content\/uploads\/2022\/11\/zool111-960x646.jpg\" alt=\"\" width=\"640\" height=\"431\" srcset=\"https:\/\/univet.hu\/wp-content\/uploads\/2022\/11\/zool111-960x646.jpg 960w, https:\/\/univet.hu\/wp-content\/uploads\/2022\/11\/zool111-320x215.jpg 320w, https:\/\/univet.hu\/wp-content\/uploads\/2022\/11\/zool111-768x517.jpg 768w, https:\/\/univet.hu\/wp-content\/uploads\/2022\/11\/zool111.jpg 1200w\" sizes=\"auto, (max-width: 640px) 100vw, 640px\" \/><\/p> <p style=\"text-align: justify;\">Az oklev\u00e9l k\u00e9zhezv\u00e9tele ut\u00e1n a v\u00e9gzett hallgat\u00f3ink el\u0151tt sz\u00e1mos lehet\u0151s\u00e9g nyitva \u00e1ll: ak\u00e1r hazai vagy k\u00fclf\u00f6ldi kutat\u00f3int\u00e9zetekben folytathatj\u00e1k a munk\u00e1t el\u0151sz\u00f6r PhD hallgat\u00f3k\u00e9nt, k\u00e9s\u0151bb kutat\u00f3k\u00e9nt, vagy ak\u00e1r k\u00f6rnyezet- \u00e9s term\u00e9szetv\u00e9delemmel, \u00e9lelmiszer-biztons\u00e1ggal foglalkoz\u00f3 szakemberr\u00e9 is v\u00e1lhatnak a k\u00f6zigazgat\u00e1sban vagy a piaci szektorban (pl. gy\u00f3gyszergy\u00e1rt\u00e1sban).<\/p> <p style=\"text-align: justify;\">Az \u00e1llamilag finansz\u00edrozott oktat\u00e1sban elm\u00e9leti \u00e9s gyakorlati (k\u00eds\u00e9rletes, m\u0171szeres, terepi, mikroszk\u00f3pos, molekul\u00e1ris), ezenfel\u00fcl k\u00e9szs\u00e9gfejleszt\u0151 (tudom\u00e1nyos prezent\u00e1ci\u00f3k k\u00e9sz\u00edt\u00e9se, publik\u00e1ci\u00f3k \u00e9s p\u00e1ly\u00e1zatok \u00edr\u00e1sa) kurzusokon vesznek r\u00e9szt hallgat\u00f3ink.<\/p> <p style=\"text-align: justify;\">K\u00e9pz\u00e9s\u00fcnk term\u00e9szettudom\u00e1nyos, \u00e1llatorvosi, orvosi \u00e9s agr\u00e1r tudom\u00e1nyter\u00fcletek k\u00f6z\u00f6tt \u00e1t\u00edvel\u0151 ismereteket ny\u00fajt, mely ut\u00e1n hallgat\u00f3ink a kutat\u00f3i p\u00e1lya sz\u00e1mos ter\u00fclet\u00e9n meg\u00e1llj\u00e1k a hely\u00fcket.<\/p> <p>&nbsp;<\/p> <p><img loading=\"lazy\" decoding=\"async\" class=\"size-large wp-image-80090 aligncenter\" src=\"https:\/\/univet.hu\/wp-content\/uploads\/2022\/11\/zool9-960x646.jpg\" alt=\"\" width=\"640\" height=\"431\" srcset=\"https:\/\/univet.hu\/wp-content\/uploads\/2022\/11\/zool9-960x646.jpg 960w, https:\/\/univet.hu\/wp-content\/uploads\/2022\/11\/zool9-320x215.jpg 320w, https:\/\/univet.hu\/wp-content\/uploads\/2022\/11\/zool9-768x517.jpg 768w, https:\/\/univet.hu\/wp-content\/uploads\/2022\/11\/zool9.jpg 1200w\" sizes=\"auto, (max-width: 640px) 100vw, 640px\" \/><\/p>","protected":false},"excerpt":{"rendered":"<p>&nbsp; Kiknek? Kik? Mit? Hogyan? &nbsp; A 10 f\u00e9l\u00e9ves (osztatlan), angol nyelv\u0171 k\u00e9pz\u00e9s alatt a di\u00e1kjaink minden kulcsfontoss\u00e1g\u00fa elm\u00e9leti \u00e9s gyakorlati ismeretet megkapnak ahhoz, hogy kutat\u00f3k\u00e9nt helyezkedhessenek el. A t\u00e1rgyak \u00f6sszefoglal\u00f3 t\u00e1bl\u00e1zat\u00e1t IDE KATTINTVA lehet b\u00f6ng\u00e9szni. Az oklev\u00e9l k\u00e9zhezv\u00e9tele ut\u00e1n a v\u00e9gzett hallgat\u00f3ink el\u0151tt sz\u00e1mos lehet\u0151s\u00e9g nyitva \u00e1ll: ak\u00e1r hazai vagy k\u00fclf\u00f6ldi kutat\u00f3int\u00e9zetekben folytathatj\u00e1k a<\/p>\n","protected":false},"author":2768,"featured_media":0,"parent":26000,"menu_order":0,"comment_status":"open","ping_status":"open","template":"","meta":{"_acf_changed":false,"footnotes":""},"categories":[],"tags":[],"class_list":["post-80065","page","type-page","status-publish","hentry"],"acf":[],"_links":{"self":[{"href":"https:\/\/univet.hu\/hu\/wp-json\/wp\/v2\/pages\/80065","targetHints":{"allow":["GET"]}}],"collection":[{"href":"https:\/\/univet.hu\/hu\/wp-json\/wp\/v2\/pages"}],"about":[{"href":"https:\/\/univet.hu\/hu\/wp-json\/wp\/v2\/types\/page"}],"author":[{"embeddable":true,"href":"https:\/\/univet.hu\/hu\/wp-json\/wp\/v2\/users\/2768"}],"replies":[{"embeddable":true,"href":"https:\/\/univet.hu\/hu\/wp-json\/wp\/v2\/comments?post=80065"}],"version-history":[{"count":0,"href":"https:\/\/univet.hu\/hu\/wp-json\/wp\/v2\/pages\/80065\/revisions"}],"up":[{"embeddable":true,"href":"https:\/\/univet.hu\/hu\/wp-json\/wp\/v2\/pages\/26000"}],"wp:attachment":[{"href":"https:\/\/univet.hu\/hu\/wp-json\/wp\/v2\/media?parent=80065"}],"wp:term":[{"taxonomy":"category","embeddable":true,"href":"https:\/\/univet.hu\/hu\/wp-json\/wp\/v2\/categories?post=80065"},{"taxonomy":"post_tag","embeddable":true,"href":"https:\/\/univet.hu\/hu\/wp-json\/wp\/v2\/tags?post=80065"}],"curies":[{"name":"wp","href":"https:\/\/api.w.org\/{rel}","templated":true}]}}