{"id":80066,"date":"2022-11-03T19:46:34","date_gmt":"2022-11-03T18:46:34","guid":{"rendered":"https:\/\/univet.hu\/hu\/biologia\/hogyan\/"},"modified":"2022-11-08T09:35:49","modified_gmt":"2022-11-08T08:35:49","slug":"hogyan","status":"publish","type":"page","link":"https:\/\/univet.hu\/hu\/biologia\/hogyan\/","title":{"rendered":"Hogyan oktatunk a kutat\u00f3 zool\u00f3gus szakon?"},"content":{"rendered":"<p>&nbsp;<\/p> <table class=\"aligncenter\"> <tbody> <tr> <td style=\"width: 62.15px;\"> <h3 style=\"text-align: center;\"><a href=\"https:\/\/univet.hu\/hu\/zool\"><span class=\"fa fa-home\"><\/span><\/a><\/h3> <\/td> <td style=\"width: 222.15px;\"> <h3 style=\"text-align: center;\"><a href=\"https:\/\/univet.hu\/hu\/biologia\/kiknek\/\"><span style=\"font-family: 'arial black', sans-serif;\">Kiknek?<\/span><\/a><\/h3> <\/td> <td style=\"width: 213.475px;\"> <h3 style=\"text-align: center;\"><a href=\"https:\/\/univet.hu\/hu\/biologia\/kik\/\"><span style=\"font-family: 'arial black', sans-serif;\">Kik?<\/span><\/a><\/h3> <\/td> <td style=\"width: 212.988px;\"> <h3 style=\"text-align: center;\"><a href=\"https:\/\/univet.hu\/hu\/biologia\/mit\/\"><span style=\"font-family: 'arial black', sans-serif;\">Mit?<\/span><\/a><\/h3> <\/td> <td style=\"width: 223.387px;\"> <h3 style=\"text-align: center;\"><a href=\"https:\/\/univet.hu\/hu\/biologia\/hogyan\/\"><span style=\"font-family: 'arial black', sans-serif;\">Hogyan?<\/span><\/a><\/h3> <\/td> <\/tr> <\/tbody> <\/table> <p>&nbsp;<\/p> <p style=\"text-align: justify;\"><strong>A kis l\u00e9tsz\u00e1m\u00fa (maximum 35 f\u0151) elitk\u00e9pz\u00e9s\u00fcnk egy\u00e9ni foglalkoz\u00e1st, szem\u00e9lyes ir\u00e1nymutat\u00e1st tesz lehet\u0151v\u00e9. Az oktat\u00e1s sor\u00e1n a pedag\u00f3giai m\u00f3dszerek sz\u00e9les t\u00e1rh\u00e1z\u00e1t alkalmazzuk.<\/strong><\/p> <p><img loading=\"lazy\" decoding=\"async\" class=\"size-large wp-image-80091 aligncenter\" src=\"https:\/\/univet.hu\/wp-content\/uploads\/2022\/11\/zool8-960x646.jpg\" alt=\"\" width=\"640\" height=\"431\" srcset=\"https:\/\/univet.hu\/wp-content\/uploads\/2022\/11\/zool8-960x646.jpg 960w, https:\/\/univet.hu\/wp-content\/uploads\/2022\/11\/zool8-320x215.jpg 320w, https:\/\/univet.hu\/wp-content\/uploads\/2022\/11\/zool8-768x517.jpg 768w, https:\/\/univet.hu\/wp-content\/uploads\/2022\/11\/zool8.jpg 1200w\" sizes=\"auto, (max-width: 640px) 100vw, 640px\" \/><br \/> &nbsp;<\/p> <p style=\"text-align: justify;\">A front\u00e1lis \u00e9s projekt alap\u00fa oktat\u00e1s mellett komplex, probl\u00e9mamegold\u00f3 feladatokkal is szembes\u00fclnek a hallgat\u00f3k, ahol az egy\u00e9ni \u00e9s csoportmunk\u00e1ban is tapasztalatokat szerezhetnek. Hallgat\u00f3ink a k\u00e9pz\u00e9s sor\u00e1n megismerkedhetnek olyan a ter\u00fclet\u00fck\u00f6n kiemelked\u0151 munk\u00e1t v\u00e9gz\u0151 akt\u00edv kutat\u00f3kkal, akiknek a kutat\u00e1s\u00e1ba a diplomamunka keretei k\u00f6z\u00f6tt becsatlakozhatnak. A szem\u00e9lyes \u00e9rdekl\u0151d\u00e9snek megfelel\u0151 diplomat\u00e9ma korai kiv\u00e1laszt\u00e1sa m\u00e9lyebb betekint\u00e9st tesz lehet\u0151v\u00e9 a v\u00e1lasztott tudom\u00e1nyter\u00fcletbe, \u00e9s el\u0151seg\u00edti a sz\u00ednvonalas diplomamunka elk\u00e9sz\u00edt\u00e9s\u00e9t.<\/p> <p>&nbsp;<\/p> <p><img loading=\"lazy\" decoding=\"async\" class=\"size-large wp-image-80096 aligncenter\" src=\"https:\/\/univet.hu\/wp-content\/uploads\/2022\/11\/zool-13-960x646.jpg\" alt=\"\" width=\"640\" height=\"431\" srcset=\"https:\/\/univet.hu\/wp-content\/uploads\/2022\/11\/zool-13-960x646.jpg 960w, https:\/\/univet.hu\/wp-content\/uploads\/2022\/11\/zool-13-320x215.jpg 320w, https:\/\/univet.hu\/wp-content\/uploads\/2022\/11\/zool-13-768x517.jpg 768w, https:\/\/univet.hu\/wp-content\/uploads\/2022\/11\/zool-13.jpg 1200w\" sizes=\"auto, (max-width: 640px) 100vw, 640px\" \/><br \/> v<\/p>","protected":false},"excerpt":{"rendered":"<p>&nbsp; Kiknek? Kik? Mit? Hogyan? &nbsp; A kis l\u00e9tsz\u00e1m\u00fa (maximum 35 f\u0151) elitk\u00e9pz\u00e9s\u00fcnk egy\u00e9ni foglalkoz\u00e1st, szem\u00e9lyes ir\u00e1nymutat\u00e1st tesz lehet\u0151v\u00e9. Az oktat\u00e1s sor\u00e1n a pedag\u00f3giai m\u00f3dszerek sz\u00e9les t\u00e1rh\u00e1z\u00e1t alkalmazzuk. &nbsp; A front\u00e1lis \u00e9s projekt alap\u00fa oktat\u00e1s mellett komplex, probl\u00e9mamegold\u00f3 feladatokkal is szembes\u00fclnek a hallgat\u00f3k, ahol az egy\u00e9ni \u00e9s csoportmunk\u00e1ban is tapasztalatokat szerezhetnek. Hallgat\u00f3ink a k\u00e9pz\u00e9s sor\u00e1n<\/p>\n","protected":false},"author":2768,"featured_media":0,"parent":26000,"menu_order":0,"comment_status":"open","ping_status":"open","template":"","meta":{"_acf_changed":false,"footnotes":""},"categories":[],"tags":[],"class_list":["post-80066","page","type-page","status-publish","hentry"],"acf":[],"_links":{"self":[{"href":"https:\/\/univet.hu\/hu\/wp-json\/wp\/v2\/pages\/80066","targetHints":{"allow":["GET"]}}],"collection":[{"href":"https:\/\/univet.hu\/hu\/wp-json\/wp\/v2\/pages"}],"about":[{"href":"https:\/\/univet.hu\/hu\/wp-json\/wp\/v2\/types\/page"}],"author":[{"embeddable":true,"href":"https:\/\/univet.hu\/hu\/wp-json\/wp\/v2\/users\/2768"}],"replies":[{"embeddable":true,"href":"https:\/\/univet.hu\/hu\/wp-json\/wp\/v2\/comments?post=80066"}],"version-history":[{"count":0,"href":"https:\/\/univet.hu\/hu\/wp-json\/wp\/v2\/pages\/80066\/revisions"}],"up":[{"embeddable":true,"href":"https:\/\/univet.hu\/hu\/wp-json\/wp\/v2\/pages\/26000"}],"wp:attachment":[{"href":"https:\/\/univet.hu\/hu\/wp-json\/wp\/v2\/media?parent=80066"}],"wp:term":[{"taxonomy":"category","embeddable":true,"href":"https:\/\/univet.hu\/hu\/wp-json\/wp\/v2\/categories?post=80066"},{"taxonomy":"post_tag","embeddable":true,"href":"https:\/\/univet.hu\/hu\/wp-json\/wp\/v2\/tags?post=80066"}],"curies":[{"name":"wp","href":"https:\/\/api.w.org\/{rel}","templated":true}]}}