{"id":80401,"date":"2022-11-15T11:46:24","date_gmt":"2022-11-15T10:46:24","guid":{"rendered":"https:\/\/univet.hu\/?page_id=80401"},"modified":"2026-03-24T14:03:18","modified_gmt":"2026-03-24T13:03:18","slug":"kunszabo-atilla","status":"publish","type":"page","link":"https:\/\/univet.hu\/hu\/egyetem\/munkatarsak\/kunszabo-atilla\/","title":{"rendered":"Kunszab\u00f3 Atilla"},"content":{"rendered":"<p style=\"text-align: center\"><strong><span style=\"font-size: 14pt\">Bemutatkoz\u00e1s\u00a0\u00a0<\/span> <\/strong><\/p> <p>Kunszab\u00f3 Atilla tanulm\u00e1nyait a Szent Istv\u00e1n Egyetem \u00c9lelmiszertudom\u00e1nyi Kar\u00e1n folytatta. Okleveles \u00e9lelmiszerm\u00e9rn\u00f6k (MSc) szakk\u00e9pzetts\u00e9get 2021-ben szerzett. Kor\u00e1bban a Nemzeti \u00c9lelmiszerl\u00e1nc-biztons\u00e1gi Hivatal Kock\u00e1zatmegel\u0151z\u00e9si \u00e9s Oktat\u00e1si oszt\u00e1ly\u00e1n r\u00e9szt vett a fogyaszt\u00f3i szeml\u00e9letform\u00e1l\u00e1st t\u00e1mogat\u00f3 kutat\u00e1si \u00e9s oktat\u00e1si tev\u00e9kenys\u00e9gekben. Jelenleg az \u00c1llatorvostudom\u00e1nyi Doktori Iskola PhD hallgat\u00f3ja, valamint az \u00c9lelmiszerl\u00e1nc-tudom\u00e1nyi Int\u00e9zethez tartoz\u00f3 Alkalmazott \u00c9lelmiszertudom\u00e1nyi Tansz\u00e9k tudom\u00e1nyos seg\u00e9dmunkat\u00e1rsa.<\/p> <p><strong>F\u0151bb kutat\u00e1si ter\u00fcletek:<\/strong><\/p> <ul> <li>\u00c9lelmiszerhullad\u00e9kok<\/li> <li>\u00c9lelmiszerbiztons\u00e1g<\/li> <li>Fogyaszt\u00f3i kutat\u00e1sok<\/li> <\/ul> <p><strong>Szakmai szervezeti tags\u00e1g<\/strong><\/p> <table style=\"height: 33px;width: 681px\" width=\"766\"> <tbody> <tr style=\"height: 10px\"> <td style=\"width: 347.517px;height: 10px;text-align: center\"><strong>Bizotts\u00e1g neve<\/strong><\/td> <td style=\"width: 138.217px;height: 10px;text-align: center\"><strong>Id\u0151<\/strong><\/td> <td style=\"width: 173.267px;height: 10px;text-align: center\"><strong>Tiszts\u00e9g<\/strong><\/td> <\/tr> <tr style=\"height: 26px\"> <td style=\"width: 347.517px;height: 23px;text-align: center\">EU Platform on Food Losses and Food Waste<\/td> <td style=\"width: 138.217px;height: 23px;text-align: center\">2021 &#8211;<\/td> <td style=\"width: 173.267px;height: 23px;text-align: center\">tag<\/td> <\/tr> <\/tbody> <\/table> <p><strong>\u00a0<\/strong><\/p> <p><strong>Publik\u00e1ci\u00f3s lista (Top10)<\/strong><\/p> <p>MTMT:<\/p> <ol> <li>Kasza, G., Dork\u00f3, A., Kunszab\u00f3, A., &amp; Szakos, D. (2020). Quantification of household food waste in Hungary: A replication study using the FUSIONS methodology. Sustainability, 12(8), 3069.<\/li> <li>Kunszab\u00f3, A., Szakos, D., Dork\u00f3, A., Farkas, C., &amp; Kasza, G. (2022). Household food waste composting habits and behaviours in Hungary: a segmentation study. Sustainable Chemistry and Pharmacy, 30, 100839.<\/li> <li>Hann, M., Hayes, C. V., Lacroix-Hugues, V., Lundgren, P. T., McNulty, C., Syeda, R., Eley, C., Teixeria, P., Gennimata, D., Truninger, M., Knochel, S., M\u00fcnter, L., Allison, R., Feh\u00e9r, \u00c1., Izs\u00f3, T., Kunszab\u00f3, A., Kasza, Gy., Demirjian, A. (2023). Evidence-based health interventions for the educational sector: Application and lessons learned from developing European food hygiene and safety teaching resources. Food Control, 143, 109219.<\/li> <li>Eley, C., Lundgren, P. T., Kasza, G., Truninger, M., Brown, C., Hugues, V. L., Izs\u00f3, T., Teixeria, P., Syeda, R., Ferr\u00e9, N., Kunszab\u00f3, A., Nunes, C., Hayes, C., Merakou, K., McNulty, C. A. M. (2022). Teaching young consumers in Europe: a multicentre qualitative needs assessment with educators on food hygiene and food safety. Perspectives in public health, 142(3), 175-183.<\/li> <\/ol> <p>&nbsp;<\/p>","protected":false},"excerpt":{"rendered":"<p>Bemutatkoz\u00e1s\u00a0\u00a0 Kunszab\u00f3 Atilla tanulm\u00e1nyait a Szent Istv\u00e1n Egyetem \u00c9lelmiszertudom\u00e1nyi Kar\u00e1n folytatta. Okleveles \u00e9lelmiszerm\u00e9rn\u00f6k (MSc) szakk\u00e9pzetts\u00e9get 2021-ben szerzett. Kor\u00e1bban a Nemzeti \u00c9lelmiszerl\u00e1nc-biztons\u00e1gi Hivatal Kock\u00e1zatmegel\u0151z\u00e9si \u00e9s Oktat\u00e1si oszt\u00e1ly\u00e1n r\u00e9szt vett a fogyaszt\u00f3i szeml\u00e9letform\u00e1l\u00e1st t\u00e1mogat\u00f3 kutat\u00e1si \u00e9s oktat\u00e1si tev\u00e9kenys\u00e9gekben. Jelenleg az \u00c1llatorvostudom\u00e1nyi Doktori Iskola PhD hallgat\u00f3ja, valamint az \u00c9lelmiszerl\u00e1nc-tudom\u00e1nyi Int\u00e9zethez tartoz\u00f3 Alkalmazott \u00c9lelmiszertudom\u00e1nyi Tansz\u00e9k tudom\u00e1nyos seg\u00e9dmunkat\u00e1rsa. F\u0151bb kutat\u00e1si<\/p>\n","protected":false},"author":5824,"featured_media":0,"parent":858,"menu_order":0,"comment_status":"closed","ping_status":"closed","template":"","meta":{"_acf_changed":false,"footnotes":""},"categories":[],"tags":[],"class_list":["post-80401","page","type-page","status-publish","hentry"],"acf":[],"_links":{"self":[{"href":"https:\/\/univet.hu\/hu\/wp-json\/wp\/v2\/pages\/80401","targetHints":{"allow":["GET"]}}],"collection":[{"href":"https:\/\/univet.hu\/hu\/wp-json\/wp\/v2\/pages"}],"about":[{"href":"https:\/\/univet.hu\/hu\/wp-json\/wp\/v2\/types\/page"}],"author":[{"embeddable":true,"href":"https:\/\/univet.hu\/hu\/wp-json\/wp\/v2\/users\/5824"}],"replies":[{"embeddable":true,"href":"https:\/\/univet.hu\/hu\/wp-json\/wp\/v2\/comments?post=80401"}],"version-history":[{"count":2,"href":"https:\/\/univet.hu\/hu\/wp-json\/wp\/v2\/pages\/80401\/revisions"}],"predecessor-version":[{"id":204091,"href":"https:\/\/univet.hu\/hu\/wp-json\/wp\/v2\/pages\/80401\/revisions\/204091"}],"up":[{"embeddable":true,"href":"https:\/\/univet.hu\/hu\/wp-json\/wp\/v2\/pages\/858"}],"wp:attachment":[{"href":"https:\/\/univet.hu\/hu\/wp-json\/wp\/v2\/media?parent=80401"}],"wp:term":[{"taxonomy":"category","embeddable":true,"href":"https:\/\/univet.hu\/hu\/wp-json\/wp\/v2\/categories?post=80401"},{"taxonomy":"post_tag","embeddable":true,"href":"https:\/\/univet.hu\/hu\/wp-json\/wp\/v2\/tags?post=80401"}],"curies":[{"name":"wp","href":"https:\/\/api.w.org\/{rel}","templated":true}]}}