{"id":80641,"date":"2022-11-24T11:03:20","date_gmt":"2022-11-24T10:03:20","guid":{"rendered":"https:\/\/univet.hu\/hu\/egyetem\/munkatarsak\/new-staff-member-page-2\/"},"modified":"2026-02-10T03:55:57","modified_gmt":"2026-02-10T02:55:57","slug":"dr-nemes-terenyi-melinda","status":"publish","type":"page","link":"https:\/\/univet.hu\/hu\/egyetem\/munkatarsak\/dr-nemes-terenyi-melinda\/","title":{"rendered":"Nemes-Ter\u00e9nyi Melinda"},"content":{"rendered":"<p>Nemes-Ter\u00e9nyi Melinda 1992-ben szerezte meg \u00e1llatorvosdoktori diplom\u00e1j\u00e1t, summa cum laude min\u0151s\u00edt\u00e9ssel. 1994-ben alkalmazott zool\u00f3gusi, 2019-ben m\u00e9heg\u00e9szs\u00e9g\u00fcgyi szak\u00e1llatorvosi diplom\u00e1t szerzett.<\/p> <p>1993-1995 k\u00f6z\u00f6tt, majd 2001-2006 k\u00f6z\u00f6tt az \u00c1llatorvostudom\u00e1nyi Egyetem J\u00e1rv\u00e1nytani \u00e9s Mikrobiol\u00f3giai Tansz\u00e9k\u00e9n dolgozott egyetemi tan\u00e1rseg\u00e9dk\u00e9nt. 2006-2022 k\u00f6z\u00f6tt a N\u00e9bih (\u00e9s jogel\u0151dje) \u00c1llatgy\u00f3gy\u00e1szati Term\u00e9kek Igazgat\u00f3s\u00e1g\u00e1nak munkat\u00e1rsa, majd oszt\u00e1lyvezet\u0151je, igazgat\u00f3helyettese. 2019-22 k\u00f6z\u00f6tt az Eur\u00f3pai Gy\u00f3gyszer\u00fcgyn\u00f6ks\u00e9g Efficacy Working Party-j\u00e1nak tagja, a Comittee for Veterinary Medicinal Products helyettes tagja.<\/p> <p><span data-ogsc=\"rgb(26, 26, 26)\" data-ogsb=\"white\">2022. szeptember 1-e \u00f3ta dolgozik az\u00a0<\/span>\u00c1llatorvostudom\u00e1nyi Egyetem Gy\u00f3gyszertani \u00e9s M\u00e9regtani Tansz\u00e9k\u00e9n.\u00a0<span data-ogsc=\"rgb(26, 26, 26)\" data-ogsb=\"white\"> \u00c1llatorvosi gy\u00f3gyszertan gyakorlatokat tart angol \u00e9s magyar nyelven, tov\u00e1bb\u00e1 r\u00e9szt vesz az <\/span>ANTIMIKROBI\u00c1LIS SZEREK HELYES HASZN\u00c1LATA<span data-ogsc=\"rgb(26, 26, 26)\" data-ogsb=\"white\">\u00a0tant\u00e1rgy magyar \u00e9s angol nyelv\u0171 el\u0151ad\u00e1sainak megtart\u00e1s\u00e1ban.<\/span><\/p>","protected":false},"excerpt":{"rendered":"<p>Nemes-Ter\u00e9nyi Melinda 1992-ben szerezte meg \u00e1llatorvosdoktori diplom\u00e1j\u00e1t, summa cum laude min\u0151s\u00edt\u00e9ssel. 1994-ben alkalmazott zool\u00f3gusi, 2019-ben m\u00e9heg\u00e9szs\u00e9g\u00fcgyi szak\u00e1llatorvosi diplom\u00e1t szerzett. 1993-1995 k\u00f6z\u00f6tt, majd 2001-2006 k\u00f6z\u00f6tt az \u00c1llatorvostudom\u00e1nyi Egyetem J\u00e1rv\u00e1nytani \u00e9s Mikrobiol\u00f3giai Tansz\u00e9k\u00e9n dolgozott egyetemi tan\u00e1rseg\u00e9dk\u00e9nt. 2006-2022 k\u00f6z\u00f6tt a N\u00e9bih (\u00e9s jogel\u0151dje) \u00c1llatgy\u00f3gy\u00e1szati Term\u00e9kek Igazgat\u00f3s\u00e1g\u00e1nak munkat\u00e1rsa, majd oszt\u00e1lyvezet\u0151je, igazgat\u00f3helyettese. 2019-22 k\u00f6z\u00f6tt az Eur\u00f3pai Gy\u00f3gyszer\u00fcgyn\u00f6ks\u00e9g Efficacy Working Party-j\u00e1nak<\/p>\n","protected":false},"author":5824,"featured_media":0,"parent":858,"menu_order":0,"comment_status":"open","ping_status":"open","template":"","meta":{"_acf_changed":false,"footnotes":""},"categories":[],"tags":[],"class_list":["post-80641","page","type-page","status-publish","hentry"],"acf":[],"_links":{"self":[{"href":"https:\/\/univet.hu\/hu\/wp-json\/wp\/v2\/pages\/80641","targetHints":{"allow":["GET"]}}],"collection":[{"href":"https:\/\/univet.hu\/hu\/wp-json\/wp\/v2\/pages"}],"about":[{"href":"https:\/\/univet.hu\/hu\/wp-json\/wp\/v2\/types\/page"}],"author":[{"embeddable":true,"href":"https:\/\/univet.hu\/hu\/wp-json\/wp\/v2\/users\/5824"}],"replies":[{"embeddable":true,"href":"https:\/\/univet.hu\/hu\/wp-json\/wp\/v2\/comments?post=80641"}],"version-history":[{"count":2,"href":"https:\/\/univet.hu\/hu\/wp-json\/wp\/v2\/pages\/80641\/revisions"}],"predecessor-version":[{"id":172695,"href":"https:\/\/univet.hu\/hu\/wp-json\/wp\/v2\/pages\/80641\/revisions\/172695"}],"up":[{"embeddable":true,"href":"https:\/\/univet.hu\/hu\/wp-json\/wp\/v2\/pages\/858"}],"wp:attachment":[{"href":"https:\/\/univet.hu\/hu\/wp-json\/wp\/v2\/media?parent=80641"}],"wp:term":[{"taxonomy":"category","embeddable":true,"href":"https:\/\/univet.hu\/hu\/wp-json\/wp\/v2\/categories?post=80641"},{"taxonomy":"post_tag","embeddable":true,"href":"https:\/\/univet.hu\/hu\/wp-json\/wp\/v2\/tags?post=80641"}],"curies":[{"name":"wp","href":"https:\/\/api.w.org\/{rel}","templated":true}]}}