{"id":807,"date":"2018-05-10T15:49:00","date_gmt":"2017-08-30T12:51:00","guid":{"rendered":"http:\/\/univet.hu\/egyetem\/kollegium\/"},"modified":"2025-04-02T17:14:36","modified_gmt":"2025-04-02T15:14:36","slug":"kollegium","status":"publish","type":"page","link":"https:\/\/univet.hu\/hu\/egyetem\/kollegium\/","title":{"rendered":"Koll\u00e9gium"},"content":{"rendered":"<p>Bemutatkoz\u00e1s<\/p> <p>Igazgat\u00f3: <a href=\"https:\/\/univet.hu\/hu\/egyetem\/munkatarsak\/naar-tamas\/\">Dr. Na\u00e1r Tam\u00e1s<\/a><br \/> Gondnok: <a href=\"https:\/\/univet.hu\/hu\/egyetem\/munkatarsak\/kupics-karoly\/\">Kupics K\u00e1roly<\/a><\/p> <p>A koll\u00e9gium Zugl\u00f3 z\u00f6ld \u00f6vezet\u00e9ben fekszik. A n\u00e9gyemeletes \u00e9p\u00fclethez tartozik a vend\u00e9gparkol\u00f3, egy aszfaltos focip\u00e1lya a fennmarad\u00f3 ter\u00fclet pihen\u0151 parkk\u00e9nt funkcion\u00e1l.<\/p> <p>A koll\u00e9gium 1973. szeptember\u00e9re k\u00e9sz\u00fclt el az akkori hallgat\u00f3k seg\u00edts\u00e9g\u00e9vel. Az elnevez\u00e9ssel a nemzetk\u00f6zi szinten is elismert Marek J\u00f3zsef doktornak \u00e1ll\u00edtottak eml\u00e9ket.<\/p> <p>Az ir\u00e1ny\u00edt\u00e1st az igazgat\u00f3 \u00e9s a h\u00e9t f\u0151s Di\u00e1k Bizotts\u00e1g v\u00e9gzi a h\u00e1zi rendnek megfelel\u0151en. A Di\u00e1k Bizotts\u00e1got a Koll\u00e9giumi K\u00f6zgy\u0171l\u00e9s v\u00e1lasztja a koll\u00e9gist\u00e1k k\u00f6z\u00fcl.<\/p> <p>A szob\u00e1k h\u00e1rom \u00e1gyasak. Minden szob\u00e1hoz tartozik a f\u0151helyis\u00e9gen k\u00edv\u00fcl egy f\u00fcrd\u0151szoba, egy erk\u00e9ly \u00e9s egy be\u00e9p\u00edtett szekr\u00e9nysort tartalmaz\u00f3 el\u0151t\u00e9r. A szob\u00e1kban 3 korl\u00e1tlan internetvonal tal\u00e1lhat\u00f3. Az emeletenk\u00e9nt tal\u00e1lhat\u00f3 tanul\u00f3, konyha (elektromos t\u0171zhely, mikrohull\u00e1m\u00fa s\u00fct\u0151) \u00e9s mos\u00f3 helyis\u00e9g (automata mos\u00f3g\u00e9p) a hallgat\u00f3k mindennapjait k\u00f6nny\u00edtik meg. A f\u00f6ldszinten k\u00f6nyvt\u00e1r, fot\u00f3labor, sz\u00e1m\u00edt\u00f3g\u00e9pterem, konditerem, b\u00fcf\u00e9, ill. k\u00e9t sz\u00f3rakoz\u00f3-TV terem \u00e1ll a koll\u00e9gist\u00e1k rendelkez\u00e9sre.<\/p> <p>Az \u00e9p\u00fclet 346 f\u00e9r\u0151helyes. A koll\u00e9gium t\u00f6megk\u00f6zleked\u00e9si eszk\u00f6z\u00f6kkel k\u00f6nnyen megk\u00f6zel\u00edthet\u0151 (pl. 80-as trolibusz, 32-es busz, 62-es villamos, ill. 78-as \u00e9jszakai busz).<\/p> <p>A bej\u00e1rat 23.00 \u00f3r\u00e1t\u00f3l reggel 5.00 \u00f3r\u00e1ig z\u00e1rva van.<\/p> <table class=\"tmp\"> <tbody> <tr> <td>Telefon<\/td> <td>(1) 383 0356, (1) 363 4494<\/td> <\/tr> <tr> <td>E-mail<\/td> <td><a class=\"decrypt\" rel=\"lpmmfhjvnAvojwfu\/iv\" href=\"javascript:void(0);\">[Kattintson az emailc\u00edmhez]<\/a><\/td> <\/tr> <tr> <td>Koll\u00e9giumi jelentkez\u00e9s<\/td> <td><a class=\"decrypt\" rel=\"lpmmfhjvn\/kfmfoulf{ftAvojwfu\/iv\" href=\"javascript:void(0);\">[Kattintson az emailc\u00edmhez]<\/a><\/td> <\/tr> <\/tbody> <\/table> <p>Let\u00f6lthet\u0151 anyagok:<\/p> <ul> <li><a href=\"\/files\/menus\/11\/files\/Koll%C3%A9giumi%20bejelento%20lap.docx\">Bejelent\u0151lap<\/a>\u00a0(2016.07.05.)<\/li> <li><a title=\"elhelyezes\" href=\"\/files\/menus\/11\/files\/Kollegiumi_elhelyezesre_vonatkozo_szabalyok.pdf\" target=\"_blank\" rel=\"noopener\">A koll\u00e9giumi elhelyez\u00e9sre vonatkoz\u00f3 szab\u00e1lyok<\/a><\/li> <li><a href=\"\/files\/menus\/11\/files\/kollegiumi_felv%C3%A9teli%20alapelvek.pdf\">Koll\u00e9giumi felv\u00e9teli alapelvek<\/a>\u00a0(2016.07.05.)<\/li> <li>A koll\u00e9giumi bizotts\u00e1g \u00fcgyrendje\u00a0<a href=\"\/files\/menus\/11\/files\/kollegiumi_bizottsag\/IMG_0015-1.pdf\">1.<\/a> <a href=\"\/files\/menus\/11\/files\/kollegiumi_bizottsag\/IMG_0016.pdf\">2.<\/a> <a href=\"\/files\/menus\/11\/files\/kollegiumi_bizottsag\/IMG_0017.pdf\">3.<\/a> <a href=\"\/files\/menus\/11\/files\/kollegiumi_bizottsag\/IMG_0018.pdf\">4.<\/a> oldal (2016.10.05.)<\/li> <li>Koll\u00e9giumi Fegyelmi Bizotts\u00e1g \u00fcgyrendje\u00a0<a href=\"\/files\/menus\/11\/files\/fegyelmi\/IMG_0007-1.jpg\">1.<\/a> <a href=\"\/files\/menus\/11\/files\/fegyelmi\/IMG_0008-1.pdf\">2.<\/a> <a href=\"\/files\/menus\/11\/files\/fegyelmi\/IMG_0009.pdf\">3.<\/a> oldal (2016.10.05.)<\/li> <li><a href=\"\/files\/menus\/11\/files\/Kollegiumi-elegedettsegmeres_osszefoglaloja_2015.pdf\" target=\"_blank\" rel=\"noopener\">Hallgat\u00f3i el\u00e9gedetts\u00e9gm\u00e9r\u00e9s a koll\u00e9giumr\u00f3l\u00a0<\/a>(2015.07.02.)<\/li> <li><a href=\"\/files\/menus\/11\/files\/kollegiumi%20elegedettsegmeres_osszegzese.docx\">Hallgat\u00f3i el\u00e9gedetts\u00e9gm\u00e9r\u00e9s a koll\u00e9giumr\u00f3l<\/a> (2016.04.29.)<\/li> <li>H\u00e1zirend\u00a0<a href=\"\/files\/menus\/11\/files\/hazirend\/IMG_0010.jpg\">1.<\/a> <a href=\"\/files\/menus\/11\/files\/hazirend\/IMG_0011.pdf\">2.<\/a> <a href=\"\/files\/menus\/11\/files\/hazirend\/IMG_0012.pdf\">3.<\/a> <a href=\"\/files\/menus\/11\/files\/hazirend\/IMG_0013.pdf\">4.<\/a> <a href=\"\/files\/menus\/11\/files\/hazirend\/IMG_0014.jpg\">5.<\/a> oldal (2016.10.05.)<\/li> <li>Szervezeti \u00e9s m\u0171k\u00f6d\u00e9si szab\u00e1lyzat &#8211; <a href=\"\/files\/menus\/11\/files\/szmsz\/IMG-1.pdf\">1.<\/a> <a href=\"\/files\/menus\/11\/files\/szmsz\/IMG_0001.pdf\">2.<\/a> <a href=\"\/files\/menus\/11\/files\/szmsz\/IMG_0002.pdf\">3.<\/a> <a href=\"\/files\/menus\/11\/files\/szmsz\/IMG_0003.pdf\">4.<\/a> <a href=\"\/files\/menus\/11\/files\/szmsz\/IMG_0004.pdf\">5.<\/a> <a href=\"\/files\/menus\/11\/files\/szmsz\/IMG_0005.pdf\">6.<\/a> oldal (2016.10.04.)<\/li> <li><a href=\"\/files\/menus\/11\/files\/plakatolasi_rend.pdf\">Plak\u00e1tol\u00e1si rend a koll\u00e9giumban<\/a>\u00a0(2016.07.05.)<\/li> <li><a href=\"\/files\/menus\/11\/files\/IFA%20nyilatkozatdoc.doc\">Ad\u00f3mentess\u00e9gi nyilatkozat<\/a>\u00a0(2016.07.05.)<\/li> <li>Tov\u00e1bbi k\u00e9pek a koll\u00e9giumr\u00f3l<\/li> <\/ul> <p>&nbsp;<\/p>  \t\t<ul id='gallery-1' class='gallery galleryid-807 block-grid-xs-2 block-grid-sm-3 block-grid-md-4 block-grid-lg-5'><li class='gallery-item'>         <span class='gallery-icon'>             <a href='https:\/\/univet.hu\/wp-content\/uploads\/2023\/11\/368189588_299349166387275_4158746876791078132_n.jpg'><img loading=\"lazy\" decoding=\"async\" width=\"320\" height=\"320\" src=\"https:\/\/univet.hu\/wp-content\/uploads\/2023\/11\/368189588_299349166387275_4158746876791078132_n-320x320.jpg\" class=\"attachment-thumbnail size-thumbnail\" alt=\"\" srcset=\"https:\/\/univet.hu\/wp-content\/uploads\/2023\/11\/368189588_299349166387275_4158746876791078132_n-320x320.jpg 320w, https:\/\/univet.hu\/wp-content\/uploads\/2023\/11\/368189588_299349166387275_4158746876791078132_n-640x640.jpg 640w\" sizes=\"auto, (max-width: 320px) 100vw, 320px\" \/><\/a>         <\/span><\/li><li class='gallery-item'>         <span class='gallery-icon'>             <a href='https:\/\/univet.hu\/wp-content\/uploads\/2023\/11\/370270928_1291877754853956_2462987008906797292_n.jpg'><img loading=\"lazy\" decoding=\"async\" width=\"320\" height=\"320\" src=\"https:\/\/univet.hu\/wp-content\/uploads\/2023\/11\/370270928_1291877754853956_2462987008906797292_n-320x320.jpg\" class=\"attachment-thumbnail size-thumbnail\" alt=\"\" srcset=\"https:\/\/univet.hu\/wp-content\/uploads\/2023\/11\/370270928_1291877754853956_2462987008906797292_n-320x320.jpg 320w, https:\/\/univet.hu\/wp-content\/uploads\/2023\/11\/370270928_1291877754853956_2462987008906797292_n-640x640.jpg 640w\" sizes=\"auto, (max-width: 320px) 100vw, 320px\" \/><\/a>         <\/span><\/li><li class='gallery-item'>         <span class='gallery-icon'>             <a href='https:\/\/univet.hu\/wp-content\/uploads\/2023\/11\/370291477_996372348122224_2062438155908868697_n.jpg'><img loading=\"lazy\" decoding=\"async\" width=\"320\" height=\"320\" src=\"https:\/\/univet.hu\/wp-content\/uploads\/2023\/11\/370291477_996372348122224_2062438155908868697_n-320x320.jpg\" class=\"attachment-thumbnail size-thumbnail\" alt=\"\" srcset=\"https:\/\/univet.hu\/wp-content\/uploads\/2023\/11\/370291477_996372348122224_2062438155908868697_n-320x320.jpg 320w, https:\/\/univet.hu\/wp-content\/uploads\/2023\/11\/370291477_996372348122224_2062438155908868697_n-640x640.jpg 640w\" sizes=\"auto, (max-width: 320px) 100vw, 320px\" \/><\/a>         <\/span><\/li><li class='gallery-item'>         <span class='gallery-icon'>             <a href='https:\/\/univet.hu\/wp-content\/uploads\/2023\/11\/386854011_660671006231893_897792204379454929_n.jpg'><img loading=\"lazy\" decoding=\"async\" width=\"320\" height=\"320\" src=\"https:\/\/univet.hu\/wp-content\/uploads\/2023\/11\/386854011_660671006231893_897792204379454929_n-320x320.jpg\" class=\"attachment-thumbnail size-thumbnail\" alt=\"\" srcset=\"https:\/\/univet.hu\/wp-content\/uploads\/2023\/11\/386854011_660671006231893_897792204379454929_n-320x320.jpg 320w, https:\/\/univet.hu\/wp-content\/uploads\/2023\/11\/386854011_660671006231893_897792204379454929_n-640x640.jpg 640w\" sizes=\"auto, (max-width: 320px) 100vw, 320px\" \/><\/a>         <\/span><\/li><li class='gallery-item'>         <span class='gallery-icon'>             <a href='https:\/\/univet.hu\/wp-content\/uploads\/2023\/11\/IMG_20231110_110738.jpg'><img loading=\"lazy\" decoding=\"async\" width=\"320\" height=\"320\" src=\"https:\/\/univet.hu\/wp-content\/uploads\/2023\/11\/IMG_20231110_110738-320x320.jpg\" class=\"attachment-thumbnail size-thumbnail\" alt=\"\" srcset=\"https:\/\/univet.hu\/wp-content\/uploads\/2023\/11\/IMG_20231110_110738-320x320.jpg 320w, https:\/\/univet.hu\/wp-content\/uploads\/2023\/11\/IMG_20231110_110738-640x640.jpg 640w\" sizes=\"auto, (max-width: 320px) 100vw, 320px\" \/><\/a>         <\/span><\/li><li class='gallery-item'>         <span class='gallery-icon'>             <a href='https:\/\/univet.hu\/wp-content\/uploads\/2023\/11\/IMG_20231110_110854.jpg'><img loading=\"lazy\" decoding=\"async\" width=\"320\" height=\"320\" src=\"https:\/\/univet.hu\/wp-content\/uploads\/2023\/11\/IMG_20231110_110854-320x320.jpg\" class=\"attachment-thumbnail size-thumbnail\" alt=\"\" srcset=\"https:\/\/univet.hu\/wp-content\/uploads\/2023\/11\/IMG_20231110_110854-320x320.jpg 320w, https:\/\/univet.hu\/wp-content\/uploads\/2023\/11\/IMG_20231110_110854-640x640.jpg 640w\" sizes=\"auto, (max-width: 320px) 100vw, 320px\" \/><\/a>         <\/span><\/li><li class='gallery-item'>         <span class='gallery-icon'>             <a href='https:\/\/univet.hu\/wp-content\/uploads\/2023\/11\/IMG_20231110_110934.jpg'><img loading=\"lazy\" decoding=\"async\" width=\"320\" height=\"320\" src=\"https:\/\/univet.hu\/wp-content\/uploads\/2023\/11\/IMG_20231110_110934-320x320.jpg\" class=\"attachment-thumbnail size-thumbnail\" alt=\"\" srcset=\"https:\/\/univet.hu\/wp-content\/uploads\/2023\/11\/IMG_20231110_110934-320x320.jpg 320w, https:\/\/univet.hu\/wp-content\/uploads\/2023\/11\/IMG_20231110_110934-640x640.jpg 640w\" sizes=\"auto, (max-width: 320px) 100vw, 320px\" \/><\/a>         <\/span><\/li><li class='gallery-item'>         <span class='gallery-icon'>             <a href='https:\/\/univet.hu\/wp-content\/uploads\/2023\/11\/IMG_20231110_111327.jpg'><img loading=\"lazy\" decoding=\"async\" width=\"320\" height=\"320\" src=\"https:\/\/univet.hu\/wp-content\/uploads\/2023\/11\/IMG_20231110_111327-320x320.jpg\" class=\"attachment-thumbnail size-thumbnail\" alt=\"\" srcset=\"https:\/\/univet.hu\/wp-content\/uploads\/2023\/11\/IMG_20231110_111327-320x320.jpg 320w, https:\/\/univet.hu\/wp-content\/uploads\/2023\/11\/IMG_20231110_111327-640x640.jpg 640w\" sizes=\"auto, (max-width: 320px) 100vw, 320px\" \/><\/a>         <\/span><\/li><li class='gallery-item'>         <span class='gallery-icon'>             <a href='https:\/\/univet.hu\/wp-content\/uploads\/2023\/11\/IMG_20231110_111343.jpg'><img loading=\"lazy\" decoding=\"async\" width=\"320\" height=\"320\" src=\"https:\/\/univet.hu\/wp-content\/uploads\/2023\/11\/IMG_20231110_111343-320x320.jpg\" class=\"attachment-thumbnail size-thumbnail\" alt=\"\" srcset=\"https:\/\/univet.hu\/wp-content\/uploads\/2023\/11\/IMG_20231110_111343-320x320.jpg 320w, https:\/\/univet.hu\/wp-content\/uploads\/2023\/11\/IMG_20231110_111343-640x640.jpg 640w\" sizes=\"auto, (max-width: 320px) 100vw, 320px\" \/><\/a>         <\/span><\/li><li class='gallery-item'>         <span class='gallery-icon'>             <a href='https:\/\/univet.hu\/wp-content\/uploads\/2023\/11\/IMG_20231110_111401.jpg'><img loading=\"lazy\" decoding=\"async\" width=\"320\" height=\"320\" src=\"https:\/\/univet.hu\/wp-content\/uploads\/2023\/11\/IMG_20231110_111401-320x320.jpg\" class=\"attachment-thumbnail size-thumbnail\" alt=\"\" srcset=\"https:\/\/univet.hu\/wp-content\/uploads\/2023\/11\/IMG_20231110_111401-320x320.jpg 320w, https:\/\/univet.hu\/wp-content\/uploads\/2023\/11\/IMG_20231110_111401-640x640.jpg 640w\" sizes=\"auto, (max-width: 320px) 100vw, 320px\" \/><\/a>         <\/span><\/li><li class='gallery-item'>         <span class='gallery-icon'>             <a href='https:\/\/univet.hu\/wp-content\/uploads\/2023\/11\/IMG_20231113_094803.jpg'><img loading=\"lazy\" decoding=\"async\" width=\"320\" height=\"320\" src=\"https:\/\/univet.hu\/wp-content\/uploads\/2023\/11\/IMG_20231113_094803-320x320.jpg\" class=\"attachment-thumbnail size-thumbnail\" alt=\"\" srcset=\"https:\/\/univet.hu\/wp-content\/uploads\/2023\/11\/IMG_20231113_094803-320x320.jpg 320w, https:\/\/univet.hu\/wp-content\/uploads\/2023\/11\/IMG_20231113_094803-640x640.jpg 640w\" sizes=\"auto, (max-width: 320px) 100vw, 320px\" \/><\/a>         <\/span><\/li><li class='gallery-item'>         <span class='gallery-icon'>             <a href='https:\/\/univet.hu\/wp-content\/uploads\/2023\/11\/IMG_20231110_111354.jpg'><img loading=\"lazy\" decoding=\"async\" width=\"320\" height=\"320\" src=\"https:\/\/univet.hu\/wp-content\/uploads\/2023\/11\/IMG_20231110_111354-320x320.jpg\" class=\"attachment-thumbnail size-thumbnail\" alt=\"\" srcset=\"https:\/\/univet.hu\/wp-content\/uploads\/2023\/11\/IMG_20231110_111354-320x320.jpg 320w, https:\/\/univet.hu\/wp-content\/uploads\/2023\/11\/IMG_20231110_111354-640x640.jpg 640w\" sizes=\"auto, (max-width: 320px) 100vw, 320px\" \/><\/a>         <\/span><\/li><li class='gallery-item'>         <span class='gallery-icon'>             <a href='https:\/\/univet.hu\/wp-content\/uploads\/2023\/11\/IMG_20231110_110922.jpg'><img loading=\"lazy\" decoding=\"async\" width=\"320\" height=\"320\" src=\"https:\/\/univet.hu\/wp-content\/uploads\/2023\/11\/IMG_20231110_110922-320x320.jpg\" class=\"attachment-thumbnail size-thumbnail\" alt=\"\" srcset=\"https:\/\/univet.hu\/wp-content\/uploads\/2023\/11\/IMG_20231110_110922-320x320.jpg 320w, https:\/\/univet.hu\/wp-content\/uploads\/2023\/11\/IMG_20231110_110922-640x640.jpg 640w\" sizes=\"auto, (max-width: 320px) 100vw, 320px\" \/><\/a>         <\/span><\/li><li class='gallery-item'>         <span class='gallery-icon'>             <a href='https:\/\/univet.hu\/wp-content\/uploads\/2023\/11\/IMG_20231110_110751.jpg'><img loading=\"lazy\" decoding=\"async\" width=\"320\" height=\"320\" src=\"https:\/\/univet.hu\/wp-content\/uploads\/2023\/11\/IMG_20231110_110751-320x320.jpg\" class=\"attachment-thumbnail size-thumbnail\" alt=\"\" srcset=\"https:\/\/univet.hu\/wp-content\/uploads\/2023\/11\/IMG_20231110_110751-320x320.jpg 320w, https:\/\/univet.hu\/wp-content\/uploads\/2023\/11\/IMG_20231110_110751-640x640.jpg 640w\" sizes=\"auto, (max-width: 320px) 100vw, 320px\" \/><\/a>         <\/span><\/li><li class='gallery-item'>         <span class='gallery-icon'>             <a href='https:\/\/univet.hu\/wp-content\/uploads\/2023\/11\/IMG_20231113_094724.jpg'><img loading=\"lazy\" decoding=\"async\" width=\"320\" height=\"320\" src=\"https:\/\/univet.hu\/wp-content\/uploads\/2023\/11\/IMG_20231113_094724-320x320.jpg\" class=\"attachment-thumbnail size-thumbnail\" alt=\"\" srcset=\"https:\/\/univet.hu\/wp-content\/uploads\/2023\/11\/IMG_20231113_094724-320x320.jpg 320w, https:\/\/univet.hu\/wp-content\/uploads\/2023\/11\/IMG_20231113_094724-640x640.jpg 640w\" sizes=\"auto, (max-width: 320px) 100vw, 320px\" \/><\/a>         <\/span><\/li><li class='gallery-item'>         <span class='gallery-icon'>             <a href='https:\/\/univet.hu\/wp-content\/uploads\/2023\/11\/368414050_809922157805323_6666880639167450070_n.jpg'><img loading=\"lazy\" decoding=\"async\" width=\"320\" height=\"320\" src=\"https:\/\/univet.hu\/wp-content\/uploads\/2023\/11\/368414050_809922157805323_6666880639167450070_n-320x320.jpg\" class=\"attachment-thumbnail size-thumbnail\" alt=\"\" srcset=\"https:\/\/univet.hu\/wp-content\/uploads\/2023\/11\/368414050_809922157805323_6666880639167450070_n-320x320.jpg 320w, https:\/\/univet.hu\/wp-content\/uploads\/2023\/11\/368414050_809922157805323_6666880639167450070_n-640x640.jpg 640w\" sizes=\"auto, (max-width: 320px) 100vw, 320px\" \/><\/a>         <\/span><\/li><li class='gallery-item'>         <span class='gallery-icon'>             <a href='https:\/\/univet.hu\/wp-content\/uploads\/2023\/11\/368618058_1041718273695194_7038451375680645276_n.jpg'><img loading=\"lazy\" decoding=\"async\" width=\"320\" height=\"320\" src=\"https:\/\/univet.hu\/wp-content\/uploads\/2023\/11\/368618058_1041718273695194_7038451375680645276_n-320x320.jpg\" class=\"attachment-thumbnail size-thumbnail\" alt=\"\" srcset=\"https:\/\/univet.hu\/wp-content\/uploads\/2023\/11\/368618058_1041718273695194_7038451375680645276_n-320x320.jpg 320w, https:\/\/univet.hu\/wp-content\/uploads\/2023\/11\/368618058_1041718273695194_7038451375680645276_n-640x640.jpg 640w\" sizes=\"auto, (max-width: 320px) 100vw, 320px\" \/><\/a>         <\/span><\/li><li class='gallery-item'>         <span class='gallery-icon'>             <a href='https:\/\/univet.hu\/wp-content\/uploads\/2023\/11\/370122849_1105697334140956_7777804089996389847_n.jpg'><img loading=\"lazy\" decoding=\"async\" width=\"320\" height=\"320\" src=\"https:\/\/univet.hu\/wp-content\/uploads\/2023\/11\/370122849_1105697334140956_7777804089996389847_n-320x320.jpg\" class=\"attachment-thumbnail size-thumbnail\" alt=\"\" srcset=\"https:\/\/univet.hu\/wp-content\/uploads\/2023\/11\/370122849_1105697334140956_7777804089996389847_n-320x320.jpg 320w, https:\/\/univet.hu\/wp-content\/uploads\/2023\/11\/370122849_1105697334140956_7777804089996389847_n-640x640.jpg 640w\" sizes=\"auto, (max-width: 320px) 100vw, 320px\" \/><\/a>         <\/span><\/li><li class='gallery-item'>         <span class='gallery-icon'>             <a href='https:\/\/univet.hu\/wp-content\/uploads\/2023\/11\/370090225_385008953959931_4030683881510355764_n.jpg'><img loading=\"lazy\" decoding=\"async\" width=\"320\" height=\"320\" src=\"https:\/\/univet.hu\/wp-content\/uploads\/2023\/11\/370090225_385008953959931_4030683881510355764_n-320x320.jpg\" class=\"attachment-thumbnail size-thumbnail\" alt=\"\" srcset=\"https:\/\/univet.hu\/wp-content\/uploads\/2023\/11\/370090225_385008953959931_4030683881510355764_n-320x320.jpg 320w, https:\/\/univet.hu\/wp-content\/uploads\/2023\/11\/370090225_385008953959931_4030683881510355764_n-640x640.jpg 640w\" sizes=\"auto, (max-width: 320px) 100vw, 320px\" \/><\/a>         <\/span><\/li><li class='gallery-item'>         <span class='gallery-icon'>             <a href='https:\/\/univet.hu\/wp-content\/uploads\/2023\/12\/MJszobor.jpg'><img loading=\"lazy\" decoding=\"async\" width=\"320\" height=\"320\" src=\"https:\/\/univet.hu\/wp-content\/uploads\/2023\/12\/MJszobor-320x320.jpg\" class=\"attachment-thumbnail size-thumbnail\" alt=\"\" srcset=\"https:\/\/univet.hu\/wp-content\/uploads\/2023\/12\/MJszobor-320x320.jpg 320w, https:\/\/univet.hu\/wp-content\/uploads\/2023\/12\/MJszobor-640x640.jpg 640w\" sizes=\"auto, (max-width: 320px) 100vw, 320px\" \/><\/a>         <\/span><\/li><\/ul>","protected":false},"excerpt":{"rendered":"<p>Bemutatkoz\u00e1s Igazgat\u00f3: Dr. Na\u00e1r Tam\u00e1s Gondnok: Kupics K\u00e1roly A koll\u00e9gium Zugl\u00f3 z\u00f6ld \u00f6vezet\u00e9ben fekszik. A n\u00e9gyemeletes \u00e9p\u00fclethez tartozik a vend\u00e9gparkol\u00f3, egy aszfaltos focip\u00e1lya a fennmarad\u00f3 ter\u00fclet pihen\u0151 parkk\u00e9nt funkcion\u00e1l. A koll\u00e9gium 1973. szeptember\u00e9re k\u00e9sz\u00fclt el az akkori hallgat\u00f3k seg\u00edts\u00e9g\u00e9vel. Az elnevez\u00e9ssel a nemzetk\u00f6zi szinten is elismert Marek J\u00f3zsef doktornak \u00e1ll\u00edtottak eml\u00e9ket. Az ir\u00e1ny\u00edt\u00e1st az igazgat\u00f3<\/p>\n","protected":false},"author":1,"featured_media":0,"parent":336,"menu_order":350,"comment_status":"closed","ping_status":"closed","template":"","meta":{"_acf_changed":false,"footnotes":""},"categories":[],"tags":[],"class_list":["post-807","page","type-page","status-publish","hentry"],"acf":[],"_links":{"self":[{"href":"https:\/\/univet.hu\/hu\/wp-json\/wp\/v2\/pages\/807","targetHints":{"allow":["GET"]}}],"collection":[{"href":"https:\/\/univet.hu\/hu\/wp-json\/wp\/v2\/pages"}],"about":[{"href":"https:\/\/univet.hu\/hu\/wp-json\/wp\/v2\/types\/page"}],"author":[{"embeddable":true,"href":"https:\/\/univet.hu\/hu\/wp-json\/wp\/v2\/users\/1"}],"replies":[{"embeddable":true,"href":"https:\/\/univet.hu\/hu\/wp-json\/wp\/v2\/comments?post=807"}],"version-history":[{"count":3,"href":"https:\/\/univet.hu\/hu\/wp-json\/wp\/v2\/pages\/807\/revisions"}],"predecessor-version":[{"id":178109,"href":"https:\/\/univet.hu\/hu\/wp-json\/wp\/v2\/pages\/807\/revisions\/178109"}],"up":[{"embeddable":true,"href":"https:\/\/univet.hu\/hu\/wp-json\/wp\/v2\/pages\/336"}],"wp:attachment":[{"href":"https:\/\/univet.hu\/hu\/wp-json\/wp\/v2\/media?parent=807"}],"wp:term":[{"taxonomy":"category","embeddable":true,"href":"https:\/\/univet.hu\/hu\/wp-json\/wp\/v2\/categories?post=807"},{"taxonomy":"post_tag","embeddable":true,"href":"https:\/\/univet.hu\/hu\/wp-json\/wp\/v2\/tags?post=807"}],"curies":[{"name":"wp","href":"https:\/\/api.w.org\/{rel}","templated":true}]}}