{"id":81029,"date":"2022-12-07T16:40:52","date_gmt":"2022-12-07T15:40:52","guid":{"rendered":"https:\/\/univet.hu\/hu\/egyetem\/munkatarsak\/new-staff-member-page-2\/"},"modified":"2026-02-10T03:54:39","modified_gmt":"2026-02-10T02:54:39","slug":"balogh-emese-2","status":"publish","type":"page","link":"https:\/\/univet.hu\/hu\/egyetem\/munkatarsak\/balogh-emese-2\/","title":{"rendered":"Balogh Emese"},"content":{"rendered":"<p><strong>Bemutatkoz\u00e1s:<\/strong><\/p> <p>Balogh Emese vagyok az Zool\u00f3giai Tansz\u00e9k PhD hallgat\u00f3ja. 2022-ben v\u00e9geztem az \u00c1llatorvostudom\u00e1nyi Egyetemen biol\u00f3gusk\u00e9nt. Alapszakos tanulm\u00e1nyaimat a Szent Istv\u00e1n Egyetem kert\u00e9szm\u00e9rn\u00f6ki kar\u00e1n v\u00e9geztem, ahol f\u0151 kutat\u00e1si ter\u00fcletem a Rosaceae csal\u00e1dban az \u00f6nmedd\u0151s\u00e9get meghat\u00e1roz\u00f3 molekul\u00e1ris rendszer vizsg\u00e1lata volt. 2020-ban csatlakoztam a Lend\u00fclet Evol\u00faci\u00f3s \u00d6kol\u00f3giai Kutat\u00f3csoporthoz mesterszakos hallgat\u00f3k\u00e9nt. Az\u00f3ta els\u0151sorban a k\u00e9t\u00e9lt\u0171ek ivarv\u00e1lt\u00e1s\u00e1nak molekul\u00e1ris mechanizmusait vizsg\u00e1lom.<\/p> <p>&nbsp;<\/p> <p><strong>F\u0151bb kutat\u00e1si ter\u00fcletek:<\/strong><\/p> <ul> <li>Molecular ecology<\/li> <li>Evolution biology<\/li> <li>Evolution of ivardetermination systems<\/li> <li>Conservation genetics<\/li> <\/ul> <p>&nbsp;<\/p> <p><strong>v\u00e9gzett TDK munk\u00e1k:\u00a0<\/strong>3<\/p> <p>&nbsp;<\/p> <p><strong>El\u0151rehalad\u00e1s:<\/strong><\/p> <p>2022 \u2013 \u00c1llatorvostudom\u00e1nyi Egyetem, \u00c1llatorvostudom\u00e1nyi Doktori Iskola, Zool\u00f3giai tansz\u00e9k, PhD hallgat\u00f3<\/p> <p>2020-2022 \u2013 \u00c1llatorvostudom\u00e1nyi Egyetem, okleveles biol\u00f3gus<\/p> <p><span style=\"font-size: 12pt\">2016-2019<\/span> \u2013 Szent Istv\u00e1n Egyetem, kert\u00e9szm\u00e9rn\u00f6k<\/p> <p>&nbsp;<\/p> <p><strong>Publik\u00e1ci\u00f3s lista: <\/strong><\/p> <p data-olk-copy-source=\"MessageBody\"><strong>Balogh, E.<\/strong>, H\u00f3cza, S., Ujhegyi, N., K\u00e1sler, A., Holly, D., Herczeg, D., &#8230; &amp; Mik\u00f3, Z. (2025). Effects of pyrethroid insecticides on sex ratios in agile frogs (Rana dalmatina). <i>Aquatic Toxicology<\/i>, 107624.<\/p> <p data-olk-copy-source=\"MessageBody\">B\u00f3kony, V., <strong>Balogh, E.<\/strong>, Mik\u00f3, Z., K\u00e1sler, A., \u00d6rk\u00e9nyi, Z., &amp; Ujhegyi, N. (2025). Higher Sex\u2010Reversal Rate of Urban Frogs in a Common\u2010Garden Experiment Suggests Adaptive Microevolution. <i>Evolutionary Applications<\/i>, <i>18<\/i>(4), e70093.<\/p> <p data-olk-copy-source=\"MessageBody\">Ujszegi J., Ujhegyi N., <strong>Balogh E.<\/strong>, Mik\u00f3 Z., K\u00e1sler A., Hettyey A., B\u00f3kony V. 2024. No sex-dependent mortality in an amphibian upon infection with the chytrid fungus, Batrachochytrium dendrobatidis. <b>Ecology and Evolution <\/b>14: e70219.<\/p> <p data-olk-copy-source=\"MessageBody\">B\u00f3kony V., <strong>Balogh E.<\/strong>, Ujszegi J., Ujhegyi N., Szederk\u00e9nyi M., Hettyey A. 2024. Tadpoles develop elevated heat tolerance in urban heat islands regardless of sex. Evolutionary Biology\u00a051: 209-216.<\/p> <p data-olk-copy-source=\"MessageBody\">Nemesh\u00e1zi E., Sramk\u00f3 G., Laczk\u00f3 L., <strong>Balogh E<\/strong>., Szatm\u00e1ri L., Vili N,, Ujhegyi N., \u00dcveges B., B\u00f3kony V. 2022. Novel genetic sex markers reveal unexpected lack of, and similar susceptibility to, sex reversal in free-living common toads in both natural and anthropogenic habitats. Molecular Ecology 31: 2032-2043.<\/p> <p data-olk-copy-source=\"MessageBody\">Hal\u00e1sz J., <strong>Balogh E<\/strong>., Makovics-Zsoh\u00e1r N. Heged\u0171s A. 2019. S-genotyping of Hungarian sour cherry cultivars. Acta Horticulturae 1231: 161-166. https:\/\/doi.org\/10.17660\/ActaHortic.2019.1231.27<\/p> <p data-olk-copy-source=\"MessageBody\"><a href=\"https:\/\/m2.mtmt.hu\/gui2\/?type=authors&amp;mode=browse&amp;sel=authors10082375\">MTMT2<\/a><strong> | <\/strong><a href=\"https:\/\/scholar.google.com\/citations?user=RQVbSO8AAAAJ&amp;hl=hu\">Google Scholar<\/a><strong> | <\/strong><a href=\"https:\/\/orcid.org\/0009-0003-9274-4591\">ORCID<\/a><strong> \u00a0 <\/strong><\/p>","protected":false},"excerpt":{"rendered":"<p>Bemutatkoz\u00e1s: Balogh Emese vagyok az Zool\u00f3giai Tansz\u00e9k PhD hallgat\u00f3ja. 2022-ben v\u00e9geztem az \u00c1llatorvostudom\u00e1nyi Egyetemen biol\u00f3gusk\u00e9nt. Alapszakos tanulm\u00e1nyaimat a Szent Istv\u00e1n Egyetem kert\u00e9szm\u00e9rn\u00f6ki kar\u00e1n v\u00e9geztem, ahol f\u0151 kutat\u00e1si ter\u00fcletem a Rosaceae csal\u00e1dban az \u00f6nmedd\u0151s\u00e9get meghat\u00e1roz\u00f3 molekul\u00e1ris rendszer vizsg\u00e1lata volt. 2020-ban csatlakoztam a Lend\u00fclet Evol\u00faci\u00f3s \u00d6kol\u00f3giai Kutat\u00f3csoporthoz mesterszakos hallgat\u00f3k\u00e9nt. Az\u00f3ta els\u0151sorban a k\u00e9t\u00e9lt\u0171ek ivarv\u00e1lt\u00e1s\u00e1nak molekul\u00e1ris mechanizmusait vizsg\u00e1lom.<\/p>\n","protected":false},"author":5824,"featured_media":0,"parent":858,"menu_order":0,"comment_status":"open","ping_status":"open","template":"","meta":{"_acf_changed":false,"footnotes":""},"categories":[],"tags":[],"class_list":["post-81029","page","type-page","status-publish","hentry"],"acf":[],"_links":{"self":[{"href":"https:\/\/univet.hu\/hu\/wp-json\/wp\/v2\/pages\/81029","targetHints":{"allow":["GET"]}}],"collection":[{"href":"https:\/\/univet.hu\/hu\/wp-json\/wp\/v2\/pages"}],"about":[{"href":"https:\/\/univet.hu\/hu\/wp-json\/wp\/v2\/types\/page"}],"author":[{"embeddable":true,"href":"https:\/\/univet.hu\/hu\/wp-json\/wp\/v2\/users\/5824"}],"replies":[{"embeddable":true,"href":"https:\/\/univet.hu\/hu\/wp-json\/wp\/v2\/comments?post=81029"}],"version-history":[{"count":5,"href":"https:\/\/univet.hu\/hu\/wp-json\/wp\/v2\/pages\/81029\/revisions"}],"predecessor-version":[{"id":197642,"href":"https:\/\/univet.hu\/hu\/wp-json\/wp\/v2\/pages\/81029\/revisions\/197642"}],"up":[{"embeddable":true,"href":"https:\/\/univet.hu\/hu\/wp-json\/wp\/v2\/pages\/858"}],"wp:attachment":[{"href":"https:\/\/univet.hu\/hu\/wp-json\/wp\/v2\/media?parent=81029"}],"wp:term":[{"taxonomy":"category","embeddable":true,"href":"https:\/\/univet.hu\/hu\/wp-json\/wp\/v2\/categories?post=81029"},{"taxonomy":"post_tag","embeddable":true,"href":"https:\/\/univet.hu\/hu\/wp-json\/wp\/v2\/tags?post=81029"}],"curies":[{"name":"wp","href":"https:\/\/api.w.org\/{rel}","templated":true}]}}