{"id":81064,"date":"2022-12-08T14:41:05","date_gmt":"2022-12-08T13:41:05","guid":{"rendered":"https:\/\/univet.hu\/hu\/egyetem\/munkatarsak\/new-staff-member-page-2\/"},"modified":"2026-02-10T03:57:40","modified_gmt":"2026-02-10T02:57:40","slug":"zsinka-bernadett-2","status":"publish","type":"page","link":"https:\/\/univet.hu\/hu\/egyetem\/munkatarsak\/zsinka-bernadett-2\/","title":{"rendered":"Zsinka Bernadett"},"content":{"rendered":"<p><strong>Bemutatkoz\u00e1s:<\/strong><\/p> <p><span data-contrast=\"auto\">Zsinka Bernadett vagyok, PhD-hallgat\u00f3 az Zool\u00f3gia Tansz\u00e9k Molekul\u00e1ris \u00d6kol\u00f3giai Kutat\u00f3csoportj\u00e1ban. Doktori munk\u00e1m keret\u00e9ben a k\u00e1rp\u00e1t-medencei parlagi sas \u00e1llom\u00e1ny popul\u00e1ci\u00f3dinamikai \u00e9s popul\u00e1ci\u00f3genetikai jellemz\u0151it vizsg\u00e1lom, bele\u00e9rtve az egyedek t\u00fal\u00e9l\u00e9s\u00e9t, diszperzi\u00f3s mint\u00e1zat\u00e1t, valamint rokonelker\u00fcl\u0151 viselked\u00e9s\u00e9t.\u00a0<\/span><span data-ccp-props=\"{&quot;201341983&quot;:0,&quot;335559739&quot;:160,&quot;335559740&quot;:259}\">\u00a0<\/span><\/p> <p>&nbsp;<\/p> <p><strong>F\u0151bb kutat\u00e1si ter\u00fcletek:<\/strong><\/p> <ul> <li><span data-contrast=\"auto\">parlagi sasok t\u00fal\u00e9l\u00e9s\u00e9nek becsl\u00e9se jel\u00f6l\u00e9s-visszafog\u00e1sos m\u00f3dszerrel<\/span><span data-ccp-props=\"{&quot;201341983&quot;:0,&quot;335559739&quot;:0,&quot;335559740&quot;:259}\">\u00a0<\/span><\/li> <li><span data-contrast=\"auto\">diszperzi\u00f3s mint\u00e1zatok \u00e9s rokonelker\u00fcl\u00e9s vizsg\u00e1lata parlagi sasn\u00e1l<\/span><span data-ccp-props=\"{&quot;201341983&quot;:0,&quot;335559739&quot;:0,&quot;335559740&quot;:259}\">\u00a0<\/span><\/li> <li><span data-contrast=\"auto\">egyedi azonos\u00edt\u00e1sra alkalmas mikroszatellita markerk\u00e9szlet \u00f6ssze\u00e1ll\u00edt\u00e1sa parlagi sasra<\/span><span data-ccp-props=\"{&quot;201341983&quot;:0,&quot;335559739&quot;:0,&quot;335559740&quot;:259}\">\u00a0<\/span><\/li> <\/ul> <p>&nbsp;<\/p> <p><strong>T\u00e9mavezet\u00e9s:<\/strong><\/p> <p><span data-contrast=\"auto\">MSc hallgat\u00f3k: 1<\/span><span data-ccp-props=\"{&quot;201341983&quot;:0,&quot;335559739&quot;:0,&quot;335559740&quot;:259}\">\u00a0<\/span><\/p> <p><span data-contrast=\"auto\">TDK dolgozatok: 1\u00a0<\/span><span data-ccp-props=\"{&quot;201341983&quot;:0,&quot;335559739&quot;:0,&quot;335559740&quot;:259}\">\u00a0<\/span><\/p> <p>&nbsp;<\/p> <p><strong>El\u0151rehalad\u00e1s:<\/strong><\/p> <p><span data-contrast=\"none\"><strong>2020 \u2013<\/strong> : \u00c1llatorvostudom\u00e1nyi Egyetem, \u00c1llatorvostudom\u00e1nyi Doktori Iskola, PhD-hallgat\u00f3<\/span><span data-ccp-props=\"{&quot;201341983&quot;:0,&quot;335559739&quot;:0,&quot;335559740&quot;:240}\">\u00a0<\/span><\/p> <p><span data-contrast=\"none\">2018 \u2013 2020: \u00c1llatorvostudom\u00e1nyi Egyetem, okleveles biol\u00f3gus<\/span><span data-ccp-props=\"{&quot;201341983&quot;:0,&quot;335559739&quot;:0,&quot;335559740&quot;:240}\">\u00a0<\/span><\/p> <p><span data-contrast=\"none\">2015 \u2013 2018: \u00c1llatorvostudom\u00e1nyi Egyetem, biol\u00f3gia alapszak<\/span><span data-ccp-props=\"{&quot;201341983&quot;:0,&quot;335559739&quot;:0,&quot;335559740&quot;:240}\">\u00a0<\/span><\/p> <p>&nbsp;<\/p> <p><b><span data-contrast=\"auto\">Bizotts\u00e1gi tags\u00e1g(ok):<\/span><\/b><span data-ccp-props=\"{&quot;201341983&quot;:0,&quot;335559739&quot;:0,&quot;335559740&quot;:259}\">\u00a0<\/span><\/p> <p><span data-ccp-props=\"{&quot;201341983&quot;:0,&quot;335559739&quot;:0,&quot;335559740&quot;:240}\">\u00a0<\/span><span data-contrast=\"auto\">2022 \u2013 a Student Conferences on Conservation Science sorozat magyarorsz\u00e1gi testv\u00e9rkonferenci\u00e1j\u00e1nak (SCCS Europe) szervez\u0151bizotts\u00e1gi tagja (http:\/\/sccs.ecolres.hu)<\/span><span data-ccp-props=\"{&quot;201341983&quot;:0,&quot;335559739&quot;:0,&quot;335559740&quot;:259}\">\u00a0<\/span><\/p> <p><span data-ccp-props=\"{&quot;201341983&quot;:0,&quot;335559739&quot;:0,&quot;335559740&quot;:240}\">\u00a0<\/span><\/p> <p><b><span data-contrast=\"auto\">Szakmai szevezeti tags\u00e1g(ok):<\/span><\/b><span data-ccp-props=\"{&quot;201341983&quot;:0,&quot;335559739&quot;:0,&quot;335559740&quot;:259}\">\u00a0<\/span><\/p> <p><span data-ccp-props=\"{&quot;201341983&quot;:0,&quot;335559739&quot;:0,&quot;335559740&quot;:259}\">\u00a0<\/span><span data-contrast=\"auto\">2018 \u2013 Magyar Mad\u00e1rtani \u00e9s Term\u00e9szetv\u00e9delmi Egyes\u00fclet<\/span><span data-ccp-props=\"{&quot;201341983&quot;:0,&quot;335559739&quot;:0,&quot;335559740&quot;:259}\">\u00a0<\/span><\/p> <p>&nbsp;<\/p> <p><strong>Publik\u00e1ci\u00f3s lista\u00a0<\/strong><\/p> <p><span data-contrast=\"none\">Gili\u00e1n, L. D., Endr\u00e9di, A., <\/span><b><span data-contrast=\"none\">Zsinka, B.<\/span><\/b><span data-contrast=\"none\">, Nem\u00e9nyi, A., &amp; Nagy, J. G. (2019). Morphological and reproductive trait-variability of a food deceptive orchid, Cephalanthera rubra along different altitudes.\u202f<\/span><i><span data-contrast=\"none\">Applied Ecology and Environmental Research<\/span><\/i><span data-contrast=\"none\">,\u202f<\/span><i><span data-contrast=\"none\">17<\/span><\/i><span data-contrast=\"none\">(3), 5619-5639. doi: <\/span><a href=\"https:\/\/doi.org\/10.15666\/aeer\/1703_56195639\"><span data-contrast=\"none\">10.15666\/aeer\/1703_56195639<\/span><\/a><span data-ccp-props=\"{&quot;201341983&quot;:0,&quot;335559739&quot;:160,&quot;335559740&quot;:259}\">\u00a0<\/span><\/p> <p><span data-contrast=\"none\">Nagy, J. G., <\/span><b><span data-contrast=\"none\">Zsinka, B.<\/span><\/b><span data-contrast=\"none\">, Vereb\u00e9lyi, V., Zork\u00f3czy, O. K., &amp; Tyler, T. (2017). A Vaccinium microcarpum (Turcz. ex Rupr.) Schmalh. Magyarorsz\u00e1gon.\u202f<\/span><i><span data-contrast=\"none\">Kitaibelia<\/span><\/i><span data-contrast=\"none\">,\u202f<\/span><i><span data-contrast=\"none\">22<\/span><\/i><span data-contrast=\"none\">(1), 71-76. doi: <\/span><span data-contrast=\"auto\">10.17542\/kit.22.71<\/span><span data-ccp-props=\"{&quot;201341983&quot;:0,&quot;335559739&quot;:160,&quot;335559740&quot;:259}\">\u00a0<\/span><\/p> <p><a href=\"https:\/\/m2.mtmt.hu\/gui2\/?type=authors&amp;mode=browse&amp;sel=authors10068865\">MTMT2<\/a> | <a href=\"https:\/\/scholar.google.com\/citations?user=Mo__VX0AAAAJ&amp;hl=hu&amp;oi=ao\">Google Scholar<\/a> |\u00a0<a href=\"https:\/\/orcid.org\/0000-0002-8532-6688\">ORCID<\/a><\/p> <p>&nbsp;<\/p> <div class=\"row\"><\/div>","protected":false},"excerpt":{"rendered":"<p>Bemutatkoz\u00e1s: Zsinka Bernadett vagyok, PhD-hallgat\u00f3 az Zool\u00f3gia Tansz\u00e9k Molekul\u00e1ris \u00d6kol\u00f3giai Kutat\u00f3csoportj\u00e1ban. Doktori munk\u00e1m keret\u00e9ben a k\u00e1rp\u00e1t-medencei parlagi sas \u00e1llom\u00e1ny popul\u00e1ci\u00f3dinamikai \u00e9s popul\u00e1ci\u00f3genetikai jellemz\u0151it vizsg\u00e1lom, bele\u00e9rtve az egyedek t\u00fal\u00e9l\u00e9s\u00e9t, diszperzi\u00f3s mint\u00e1zat\u00e1t, valamint rokonelker\u00fcl\u0151 viselked\u00e9s\u00e9t.\u00a0\u00a0 &nbsp; F\u0151bb kutat\u00e1si ter\u00fcletek: parlagi sasok t\u00fal\u00e9l\u00e9s\u00e9nek becsl\u00e9se jel\u00f6l\u00e9s-visszafog\u00e1sos m\u00f3dszerrel\u00a0 diszperzi\u00f3s mint\u00e1zatok \u00e9s rokonelker\u00fcl\u00e9s vizsg\u00e1lata parlagi sasn\u00e1l\u00a0 egyedi azonos\u00edt\u00e1sra alkalmas mikroszatellita markerk\u00e9szlet<\/p>\n","protected":false},"author":5824,"featured_media":0,"parent":858,"menu_order":0,"comment_status":"open","ping_status":"open","template":"","meta":{"_acf_changed":false,"footnotes":""},"categories":[],"tags":[],"class_list":["post-81064","page","type-page","status-publish","hentry"],"acf":[],"_links":{"self":[{"href":"https:\/\/univet.hu\/hu\/wp-json\/wp\/v2\/pages\/81064","targetHints":{"allow":["GET"]}}],"collection":[{"href":"https:\/\/univet.hu\/hu\/wp-json\/wp\/v2\/pages"}],"about":[{"href":"https:\/\/univet.hu\/hu\/wp-json\/wp\/v2\/types\/page"}],"author":[{"embeddable":true,"href":"https:\/\/univet.hu\/hu\/wp-json\/wp\/v2\/users\/5824"}],"replies":[{"embeddable":true,"href":"https:\/\/univet.hu\/hu\/wp-json\/wp\/v2\/comments?post=81064"}],"version-history":[{"count":1,"href":"https:\/\/univet.hu\/hu\/wp-json\/wp\/v2\/pages\/81064\/revisions"}],"predecessor-version":[{"id":199413,"href":"https:\/\/univet.hu\/hu\/wp-json\/wp\/v2\/pages\/81064\/revisions\/199413"}],"up":[{"embeddable":true,"href":"https:\/\/univet.hu\/hu\/wp-json\/wp\/v2\/pages\/858"}],"wp:attachment":[{"href":"https:\/\/univet.hu\/hu\/wp-json\/wp\/v2\/media?parent=81064"}],"wp:term":[{"taxonomy":"category","embeddable":true,"href":"https:\/\/univet.hu\/hu\/wp-json\/wp\/v2\/categories?post=81064"},{"taxonomy":"post_tag","embeddable":true,"href":"https:\/\/univet.hu\/hu\/wp-json\/wp\/v2\/tags?post=81064"}],"curies":[{"name":"wp","href":"https:\/\/api.w.org\/{rel}","templated":true}]}}