{"id":81071,"date":"2022-12-09T10:23:35","date_gmt":"2022-12-09T09:23:35","guid":{"rendered":"https:\/\/univet.hu\/hu\/egyetem\/minosegugy\/name\/"},"modified":"2023-10-10T14:35:10","modified_gmt":"2023-10-10T12:35:10","slug":"az-allatorvostudomanyi-egyetem-kuldetesnyilatkozata","status":"publish","type":"page","link":"https:\/\/univet.hu\/hu\/alapdokumentumok\/az-allatorvostudomanyi-egyetem-kuldetesnyilatkozata\/","title":{"rendered":"Az \u00c1llatorvostudom\u00e1nyi Egyetem k\u00fcldet\u00e9snyilatkozata"},"content":{"rendered":"<p><!--Az \u00c1llatorvostudom\u00e1nyi Egyetem (tov\u00e1bbiakban \u00c1TE) k\u00fcldet\u00e9se a gazdas\u00e1gi \u00e9s t\u00e1rsadalmi k\u00f6rnyezet v\u00e1ltoz\u00e1saihoz igazod\u00f3, versenyk\u00e9pes \u00e9s rugalmas, nemzetk\u00f6zi sz\u00ednvonal\u00fa k\u00e9pz\u00e9s megval\u00f3s\u00edt\u00e1sa, hallgat\u00f3i felk\u00e9sz\u00edt\u00e9se a tud\u00e1salap\u00fa t\u00e1rsadalom feladatainak magas sz\u00ednvonal\u00fa ell\u00e1t\u00e1s\u00e1ra. Az egyetem j\u00f6v\u0151k\u00e9pe \u2013 a jogel\u0151d int\u00e9zm\u00e9nyek eddigi fejl\u0151d\u00e9si p\u00e1ly\u00e1j\u00e1t megtartva, szellemis\u00e9g\u00e9t \u00e9s hagyom\u00e1nyait \u00e1polva \u2013, \u00e9lenj\u00e1r\u00f3 szerep bet\u00f6lt\u00e9se a hazai tudom\u00e1nyos (PhD) k\u00e9pz\u00e9s \u00e9s tov\u00e1bbk\u00e9pz\u00e9s ter\u00fclet\u00e9n, az int\u00e9zetei \u00e9s a tansz\u00e9kei \u00e1ltal m\u0171velt tudom\u00e1nyter\u00fcleteken, valamint a hazai \u00e9s a nemzetk\u00f6zi \u00e1llatorvosok \u00e9s biol\u00f3gusok ir\u00e1nti ig\u00e9nyek kiel\u00e9g\u00edt\u00e9s\u00e9ben, a t\u00e1rsadalom szolg\u00e1lat\u00e1ban.  Az egyetem k\u00fcldet\u00e9se az orsz\u00e1gos \u00e9s a nemzetk\u00f6zi szakemberig\u00e9ny kiel\u00e9g\u00edt\u00e9se, valamint a t\u00e9rs\u00e9g tudom\u00e1nyos kutat\u00e1si, m\u0171szaki, innov\u00e1ci\u00f3s \u00e9s fejleszt\u00e9si k\u00f6zpontjak\u00e9nt val\u00f3 m\u0171k\u00f6d\u00e9s.  C\u00e9l az eur\u00f3pai norm\u00e1khoz igazod\u00f3 szellemis\u00e9g\u0171 \u00e9rtelmis\u00e9g k\u00e9pz\u00e9se, amely nyitott \u00e9s fog\u00e9kony m\u00e1s diszcipl\u00edn\u00e1k, a kult\u00fara \u00e9s a t\u00e1rsadalom k\u00e9rd\u00e9sei ir\u00e1nt, azokban megfontolt, el\u0151remutat\u00f3 v\u00e9lem\u00e9ny kialak\u00edt\u00e1s\u00e1ra k\u00e9pes, \u00e9s a k\u00f6z\u00e9let k\u00e9rd\u00e9seinek megold\u00e1s\u00e1ban akt\u00edv tenni akar\u00e1s jellemzi.  Az egyetem transzparens m\u0171k\u00f6d\u00e9s\u00e9ben az eur\u00f3pai fels\u0151oktat\u00e1si min\u0151s\u00e9gbiztos\u00edt\u00e1si ir\u00e1nyelveket (Standards and Guidelines for Quality Assurance in the European Higher Education Area - ESG) k\u00f6veti.  Az \u00c1TE az \u00e1ltal\u00e1nos k\u00e9pz\u00e9si c\u00e9lok szem el\u0151tt tart\u00e1s\u00e1val \u00e9s az eur\u00f3pai akkredit\u00e1ci\u00f3 (European System of Evaluation of Veterinary Training) elv\u00e1r\u00e1sainak megfelelve biztos\u00edtani k\u00edv\u00e1nja hallgat\u00f3i sz\u00e1m\u00e1ra a tanulm\u00e1nyi szabads\u00e1got, azaz a k\u00e9pz\u00e9sir\u00e1nyoknak, k\u00e9pz\u00e9si szinteknek megfelel\u0151 tud\u00e1s elsaj\u00e1t\u00edt\u00e1s\u00e1hoz sz\u00fcks\u00e9ges tant\u00e1rgyak \u00e9s el\u0151ad\u00f3k meghat\u00e1rozott kereteken bel\u00fcli szabad megv\u00e1laszt\u00e1s\u00e1t. Tudom\u00e1nyos kutat\u00e1si tev\u00e9kenys\u00e9g\u00e9vel l\u00e9trehozza, fejleszti, majd oktat\u00e1si rendszer\u00e9n kereszt\u00fcl \u00e1tadja a szakismeret \u00e9s a kult\u00fara \u00e9rt\u00e9keit, ami lehet\u0151v\u00e9 teszi valamennyi szakter\u00fcleten a sz\u00fcks\u00e9ges ismeretek, szakmai etikai k\u00e9rd\u00e9sek megismer\u00e9s\u00e9t, a k\u00e9szs\u00e9gek elsaj\u00e1t\u00edt\u00e1s\u00e1t, szakmailag \u00e9s \u00e1ltal\u00e1nosan m\u0171velt \u00e1llatorvosok, biol\u00f3gusok k\u00e9pz\u00e9s\u00e9t, valamint szervezett tov\u00e1bbk\u00e9pz\u00e9s\u00e9t.  Olyan elm\u00e9leti \u00e9s gyakorlati ismeretanyagot oktat, amely az eur\u00f3pai szinten elv\u00e1rt \u00e1llatorvosi p\u00e1lyakezd\u00e9si j\u00e1rtass\u00e1got, szak\u00e9rtelmet (Day One Competencies) magas szinten biztos\u00edtja, k\u00e9pess\u00e9 teszi a v\u00e9gzett szakembereket a mez\u0151gazdas\u00e1gban, az \u00e1llatteny\u00e9szt\u00e9sben, a betegell\u00e1t\u00e1sban \u00e9s az \u00e1llateg\u00e9szs\u00e9g\u00fcgyi igazgat\u00e1sban, az \u00e1llatv\u00e9delemben, az \u00e9lelmiszertermel\u00e9sben, a szakoktat\u00e1sban \u00e9s a kutat\u00f3munk\u00e1ban az elm\u00e9leti \u00e9s gyakorlati ismeretek megalapozott alkalmaz\u00e1s\u00e1ra, a tudom\u00e1ny \u00faj eredm\u00e9nyeinek felhaszn\u00e1l\u00e1s\u00e1ra \u00e9s tov\u00e1bb fejleszt\u00e9s\u00e9re. Az egyetemi k\u00e9pz\u00e9sben k\u00fcl\u00f6n hangs\u00falyt kap az etikus magatart\u00e1sra nevel\u00e9s, a helyes \u00f6kon\u00f3miai szeml\u00e9let \u00e9s gondolkod\u00e1s kialak\u00edt\u00e1sa, a vezet\u0151i \u00e9s k\u00f6z\u00e9leti tev\u00e9kenys\u00e9gre val\u00f3 felk\u00e9sz\u00edt\u00e9s \u00e9s a nyelvismeret gazdag\u00edt\u00e1sa. Az egyetem felk\u00e9sz\u00edti a hallgat\u00f3kat a term\u00e9szeti kincsek meg\u00f3v\u00e1s\u00e1ra, racion\u00e1lis haszn\u00e1lat\u00e1ra, az ember, az \u00e1llatvil\u00e1g \u00e9s a k\u00f6rnyezet v\u00e9delm\u00e9re.  Oktat\u00f3i, kutat\u00f3i sz\u00e1m\u00e1ra biztos\u00edtja az oktat\u00e1s \u00e9s kutat\u00e1s szabads\u00e1g\u00e1t. A kutat\u00f3i szabads\u00e1g keretein bel\u00fcl joga van \u00f6n\u00e1ll\u00f3 k\u00eds\u00e9rleti k\u00e9rd\u00e9sek felt\u00e9tel\u00e9re, a k\u00eds\u00e9rletek \u2013 t\u00f6rv\u00e9nyi kereteken bel\u00fcli \u2013 szabad tervez\u00e9s\u00e9re, a kutat\u00e1shoz sz\u00fcks\u00e9ges anyagi forr\u00e1sok megszerz\u00e9s\u00e9re, p\u00e1ly\u00e1zatok beny\u00fajt\u00e1s\u00e1ra \u00e9s a p\u00e1ly\u00e1zati t\u00e1mogat\u00e1sok el\u0151\u00edr\u00e1s szerinti f\u00f6lhaszn\u00e1l\u00e1s\u00e1ra. Az egyetem doktori iskol\u00e1t is m\u0171k\u00f6dtet, amellyel a legmagasabb szint\u0171 k\u00e9pz\u00e9s val\u00f3sul meg az int\u00e9zm\u00e9ny keretein bel\u00fcl, biztos\u00edtva ez\u00e1ltal a tudom\u00e1nyos ut\u00e1np\u00f3tl\u00e1st nemcsak az egyetem, hanem a szakma sz\u00e1m\u00e1ra is. Lehet\u0151v\u00e9 teszi a hazai \u00e9s a k\u00fclf\u00f6ldi tudom\u00e1nyos kapcsolatok kialak\u00edt\u00e1s\u00e1t \u00e9s folyamatos fejleszt\u00e9s\u00e9t, el\u0151seg\u00edti az oktat\u00f3k \u00e9s hallgat\u00f3k nemzetk\u00f6zi mobilit\u00e1s\u00e1t. T\u00e1mogatja a szabad inform\u00e1ci\u00f3\u00e1raml\u00e1st \u00e9s a szakmai tudom\u00e1nyos egy\u00fcttm\u0171k\u00f6d\u00e9st.  &nbsp;  Budapest, 2022.03.31--><\/p> <p><a href=\"https:\/\/univet.hu\/wp-content\/uploads\/2022\/06\/K\u00fcldet\u00e9snyilatkozat-2022.pdf\">Az \u00c1llatorvostudom\u00e1nyi Egyetem k\u00fcldet\u00e9snyilatkozata<\/a><\/p>","protected":false},"excerpt":{"rendered":"<p>Az \u00c1llatorvostudom\u00e1nyi Egyetem k\u00fcldet\u00e9snyilatkozata<\/p>\n","protected":false},"author":3837,"featured_media":0,"parent":95900,"menu_order":0,"comment_status":"open","ping_status":"open","template":"","meta":{"_acf_changed":false,"footnotes":""},"categories":[],"tags":[],"class_list":["post-81071","page","type-page","status-publish","hentry"],"acf":[],"_links":{"self":[{"href":"https:\/\/univet.hu\/hu\/wp-json\/wp\/v2\/pages\/81071","targetHints":{"allow":["GET"]}}],"collection":[{"href":"https:\/\/univet.hu\/hu\/wp-json\/wp\/v2\/pages"}],"about":[{"href":"https:\/\/univet.hu\/hu\/wp-json\/wp\/v2\/types\/page"}],"author":[{"embeddable":true,"href":"https:\/\/univet.hu\/hu\/wp-json\/wp\/v2\/users\/3837"}],"replies":[{"embeddable":true,"href":"https:\/\/univet.hu\/hu\/wp-json\/wp\/v2\/comments?post=81071"}],"version-history":[{"count":0,"href":"https:\/\/univet.hu\/hu\/wp-json\/wp\/v2\/pages\/81071\/revisions"}],"up":[{"embeddable":true,"href":"https:\/\/univet.hu\/hu\/wp-json\/wp\/v2\/pages\/95900"}],"wp:attachment":[{"href":"https:\/\/univet.hu\/hu\/wp-json\/wp\/v2\/media?parent=81071"}],"wp:term":[{"taxonomy":"category","embeddable":true,"href":"https:\/\/univet.hu\/hu\/wp-json\/wp\/v2\/categories?post=81071"},{"taxonomy":"post_tag","embeddable":true,"href":"https:\/\/univet.hu\/hu\/wp-json\/wp\/v2\/tags?post=81071"}],"curies":[{"name":"wp","href":"https:\/\/api.w.org\/{rel}","templated":true}]}}