{"id":81074,"date":"2022-12-09T11:13:23","date_gmt":"2022-12-09T10:13:23","guid":{"rendered":"https:\/\/univet.hu\/hu\/egyetem\/minosegugy\/name\/"},"modified":"2024-04-12T10:50:55","modified_gmt":"2024-04-12T08:50:55","slug":"az-allatorvostudomanyi-egyetem-minosegpolitikaja","status":"publish","type":"page","link":"https:\/\/univet.hu\/hu\/egyetem\/minosegugy\/az-allatorvostudomanyi-egyetem-minosegpolitikaja\/","title":{"rendered":"Az \u00c1llatorvostudom\u00e1nyi Egyetem min\u0151s\u00e9gpolitik\u00e1ja"},"content":{"rendered":"<p><a href=\"https:\/\/univet.hu\/wp-content\/uploads\/2024\/04\/Min\u0151s\u00e9gpolitika-2024.pdf\">\u00c1llatorvostudom\u00e1nyi Egyetem min\u0151s\u00e9gpolitik\u00e1ja 2024<\/a><\/p> <p><strong>\u00a0<\/strong>Budapest, 2024.02.14.<\/p> <p><!--Arch\u00edv:  CertUnion Tan\u00fas\u00edtv\u00e1ny  <a href=\"https:\/\/univet.hu\/wp-content\/uploads\/2019\/04\/Tan\u00fas\u00edtv\u00e1ny_magyar_\u00c1llatorvostudom\u00e1nyi-Egyetem_ISO9001-page-001.jpg\"><img loading=\"lazy\" decoding=\"async\" class=\"aligncenter wp-image-37530 size-large\" src=\"https:\/\/univet.hu\/wp-content\/uploads\/2019\/04\/Tan\u00fas\u00edtv\u00e1ny_magyar_\u00c1llatorvostudom\u00e1nyi-Egyetem_ISO9001-page-001-679x960.jpg\" alt=\"\" width=\"640\" height=\"905\" data-replaced=\"true\" srcset=\"https:\/\/univet.hu\/wp-content\/uploads\/2019\/04\/Tan\u00fas\u00edtv\u00e1ny_magyar_\u00c1llatorvostudom\u00e1nyi-Egyetem_ISO9001-page-001-679x960.jpg 679w, https:\/\/univet.hu\/wp-content\/uploads\/2019\/04\/Tan\u00fas\u00edtv\u00e1ny_magyar_\u00c1llatorvostudom\u00e1nyi-Egyetem_ISO9001-page-001-226x320.jpg 226w, https:\/\/univet.hu\/wp-content\/uploads\/2019\/04\/Tan\u00fas\u00edtv\u00e1ny_magyar_\u00c1llatorvostudom\u00e1nyi-Egyetem_ISO9001-page-001-768x1086.jpg 768w\" sizes=\"auto, (max-width: 640px) 100vw, 640px\" \/><\/a>--><\/p>","protected":false},"excerpt":{"rendered":"<p>\u00c1llatorvostudom\u00e1nyi Egyetem min\u0151s\u00e9gpolitik\u00e1ja 2024 \u00a0Budapest, 2024.02.14.<\/p>\n","protected":false},"author":3837,"featured_media":0,"parent":1113,"menu_order":0,"comment_status":"open","ping_status":"open","template":"","meta":{"_acf_changed":false,"footnotes":""},"categories":[],"tags":[],"class_list":["post-81074","page","type-page","status-publish","hentry"],"acf":[],"_links":{"self":[{"href":"https:\/\/univet.hu\/hu\/wp-json\/wp\/v2\/pages\/81074","targetHints":{"allow":["GET"]}}],"collection":[{"href":"https:\/\/univet.hu\/hu\/wp-json\/wp\/v2\/pages"}],"about":[{"href":"https:\/\/univet.hu\/hu\/wp-json\/wp\/v2\/types\/page"}],"author":[{"embeddable":true,"href":"https:\/\/univet.hu\/hu\/wp-json\/wp\/v2\/users\/3837"}],"replies":[{"embeddable":true,"href":"https:\/\/univet.hu\/hu\/wp-json\/wp\/v2\/comments?post=81074"}],"version-history":[{"count":0,"href":"https:\/\/univet.hu\/hu\/wp-json\/wp\/v2\/pages\/81074\/revisions"}],"up":[{"embeddable":true,"href":"https:\/\/univet.hu\/hu\/wp-json\/wp\/v2\/pages\/1113"}],"wp:attachment":[{"href":"https:\/\/univet.hu\/hu\/wp-json\/wp\/v2\/media?parent=81074"}],"wp:term":[{"taxonomy":"category","embeddable":true,"href":"https:\/\/univet.hu\/hu\/wp-json\/wp\/v2\/categories?post=81074"},{"taxonomy":"post_tag","embeddable":true,"href":"https:\/\/univet.hu\/hu\/wp-json\/wp\/v2\/tags?post=81074"}],"curies":[{"name":"wp","href":"https:\/\/api.w.org\/{rel}","templated":true}]}}