{"id":81088,"date":"2022-12-09T11:56:53","date_gmt":"2022-12-09T10:56:53","guid":{"rendered":"https:\/\/univet.hu\/hu\/egyetem\/minosegugy\/name\/"},"modified":"2022-12-09T11:56:53","modified_gmt":"2022-12-09T10:56:53","slug":"eaeve-akkreditacio","status":"publish","type":"page","link":"https:\/\/univet.hu\/hu\/egyetem\/minosegugy\/eaeve-akkreditacio\/","title":{"rendered":"EAEVE Akkredit\u00e1ci\u00f3"},"content":{"rendered":"<p>A 227 \u00e9ves magyarorsz\u00e1gi \u00e1llatorvos-k\u00e9pz\u00e9s akkredit\u00e1ci\u00f3ja<\/p> <p><a href=\"\/files\/menus\/7\/files\/Certificate-of-Approval_kicsi.jpg\" target=\"_parent\"><img decoding=\"async\" style=\"height: 147px; width: 209px;\" src=\"https:\/\/univet.hu\/files\/menus\/7\/images\/Certificate-of-Approval_kicsi_209x147.jpg\" alt=\"Certificate Of Approval Kicsi\" data-replaced=\"true\" \/><\/a><a href=\"\/files\/menus\/7\/files\/Certificate-of-Accreditation_kicsi.jpg\"><img decoding=\"async\" style=\"height: 147px; width: 209px;\" src=\"https:\/\/univet.hu\/files\/menus\/7\/images\/Certificate-of-Accreditation_kicsi_209x147.jpg\" alt=\"Certificate Of Accreditation Kicsi\" data-replaced=\"true\" \/><\/a><img decoding=\"async\" style=\"height: 147px; width: 249px;\" src=\"https:\/\/univet.hu\/files\/menus\/7\/images\/EAEVE%20logo.jpg\" alt=\"\" data-replaced=\"true\" \/><\/p> <p>&nbsp;<\/p> <p>Az Eur\u00f3pai \u00c1llatorvos-k\u00e9pz\u0151 Int\u00e9zm\u00e9nyek Egyes\u00fclet\u00e9t (<a href=\"http:\/\/www.eaeve.org\/about-eaeve\/history-and-aims.html\" target=\"_blank\" rel=\"noopener\">EAEVE=European Association of Establishments for Veterinary Education<\/a>) 1988-ban alap\u00edtott\u00e1k, amelynek c\u00e9lja az alap\u00edt\u00f3 orsz\u00e1gok \u00e1llatorvos-k\u00e9pz\u00e9s\u00e9nek egys\u00e9ges\u00edt\u00e9se. Ez a szervezet v\u00e9gzi az eur\u00f3pai \u00e1llatorvos-k\u00e9pz\u0151 int\u00e9zm\u00e9nyek oktat\u00e1si sz\u00ednvonal\u00e1nak min\u0151s\u00edt\u00e9s\u00e9t egy, az adott \u00e1llatorvosi egyetem \u00e1ltal k\u00e9sz\u00edtett r\u00e9szletes \u00edr\u00e1sbeli \u00f6n\u00e9rt\u00e9kel\u00e9s\u00e9re, \u00e9s egy nemzetk\u00f6zi bizotts\u00e1g l\u00e1togat\u00e1sa keret\u00e9ben v\u00e9gzett szem\u00e9lyes vizsg\u00e1latra alapozva. Szigor\u00fa \u00e9s egys\u00e9ges szempontok alapj\u00e1n \u00e9rt\u00e9kelik az int\u00e9zm\u00e9ny \u00e1llatorvos-k\u00e9pz\u00e9s\u00e9t, \u00e9s amennyiben a vizsg\u00e1lat egyetlen meghat\u00e1roz\u00f3 hi\u00e1nyoss\u00e1got sem tal\u00e1l, akkredit\u00e1lj\u00e1k a k\u00e9pz\u00e9st. Az \u201eelit k\u00f6rbe\u201d val\u00f3 tartoz\u00e1s mellett ez a st\u00e1tusz azt is jelenti, hogy az int\u00e9zm\u00e9ny \u00e1ltal kiadott \u00e1llatorvosi diplom\u00e1t az eur\u00f3pai orsz\u00e1gok minden tov\u00e1bbi honos\u00edt\u00e1si elj\u00e1r\u00e1s n\u00e9lk\u00fcl automatikusan elfogadj\u00e1k.<\/p> <p>2007-t\u0151l tov\u00e1bb szigorodott az eur\u00f3pai akkredit\u00e1ci\u00f3: az addigi \u00e1llatorvos-szakmai szempontok alapj\u00e1n v\u00e9gzett \u00e9rt\u00e9kel\u00e9s mellett m\u00e1r egy min\u0151s\u00e9gbiztos\u00edt\u00e1si vizsg\u00e1lat ellen\u0151rizte szigor\u00fa felt\u00e9telrendszernek is meg kell felelni. Ezt a szigor\u00fa k\u00f6vetelm\u00e9nyt k\u00f6zel sz\u00e1z vizsg\u00e1lt, illetve \u00e9rt\u00e9kel\u00e9sre v\u00e1r\u00f3 \u00e1llatorvosi egyetem, illetve kar k\u00f6z\u00fcl mindezideig csak hat eur\u00f3pai \u00e1llatorvos-k\u00e9pz\u0151 int\u00e9zm\u00e9ny (Koppenh\u00e1ga, Gent, Helsinki, London, Z\u00fcrich\/Bern \u00e9s B\u00e9cs) tudta sikeresen teljes\u00edteni, megel\u0151zve sz\u00e1mos nagynev\u0171 int\u00e9zm\u00e9nyt.<\/p> <p>2014-ben ker\u00fclt sor a Szent Istv\u00e1n Egyetem \u00c1llatorvos-tudom\u00e1nyi Kar\u00e1n a hazai egyetlen, 227 \u00e9ve alap\u00edtott Eur\u00f3p\u00e1ban p\u00e9lda n\u00e9lk\u00fcli m\u00f3don h\u00e1rom (magyar, n\u00e9met \u00e9s angol) nyelven oktat\u00f3 \u00e1llatorvos-k\u00e9pz\u0151 int\u00e9zm\u00e9ny\u00fcnk \u00faj rendszer szerinti vizsg\u00e1lat\u00e1ra. Ennek el\u0151k\u00e9sz\u00edt\u00e9s\u00e9re a k\u00fcl\u00f6nb\u00f6z\u0151 eur\u00f3pai orsz\u00e1gokb\u00f3l sz\u00e1rmaz\u00f3 neves szak\u00e9rt\u0151kb\u0151l \u00e1ll\u00f3 k\u00e9t bizotts\u00e1g az el\u0151\u00edr\u00e1soknak megfelel\u0151en 2013 v\u00e9g\u00e9n kapta meg az \u00e1ltalunk \u00f6ssze\u00e1ll\u00edtott k\u00e9t angol nyelv\u0171 \u00edr\u00e1sos \u00f6n\u00e9rt\u00e9kel\u00e9si dokumentumot: az egyik a gradu\u00e1lis oktat\u00e1s, szak\u00e1llatorvosi tov\u00e1bbk\u00e9pz\u00e9s \u00e9s a PhD k\u00e9pz\u00e9s mellett a tudom\u00e1nyos teljes\u00edtm\u00e9ny adatait a lehet\u0151 legr\u00e9szletesebb form\u00e1ban tartalmazta, a m\u00e1sik a Kar min\u0151s\u00e9gbiztos\u00edt\u00e1si rendszer\u00e9nek szerkezet\u00e9t \u00e9s m\u0171k\u00f6d\u00e9s\u00e9t mutatta be. A k\u00e9t bizotts\u00e1g 2014. febru\u00e1r utols\u00f3 het\u00e9ben l\u00e1togatott Budapestre, ahol az egy h\u00e9tig tart\u00f3 \u00e9s minden r\u00e9szletre kiterjed\u0151, szem\u00e9lyes megtekint\u00e9sekre \u00e9s egyeztet\u00e9sekre alapul\u00f3, tov\u00e1bb\u00e1 valamennyi egyetemi polg\u00e1r (hallgat\u00f3k, vezet\u0151- \u00e9s beosztott oktat\u00f3k, alkalmazottak stb.) r\u00e9szv\u00e9tel\u00e9t megk\u00f6vetel\u0151 vizsg\u00e1lat f\u0151 c\u00e9lja az volt, hogy az \u00edr\u00e1sos \u00f6n\u00e9rt\u00e9kel\u00e9s sz\u00e1mtalan adat\u00e1nak val\u00f3s jelleg\u00e9t \u00e9s megl\u00e9t\u00e9t k\u00f6zvetlen\u00fcl is ellen\u0151rizze. A k\u00e9t bizotts\u00e1g vizsg\u00e1lata egyetlen meghat\u00e1roz\u00f3 hi\u00e1nyoss\u00e1got sem tal\u00e1lt, \u00e9s er\u0151ss\u00e9gk\u00e9nt kiemelte az egyetemi polg\u00e1rok egy emberk\u00e9nt val\u00f3 ki\u00e1ll\u00e1s\u00e1t az \u00e1llatorvosi oktat\u00e1s mellett, k\u00fcl\u00f6n\u00f6s tekintettel a mintegy m\u00e1sf\u00e9lezer magyar, n\u00e9met \u00e9s angol nyelv\u0171 hallgat\u00f3 p\u00e9ld\u00e1tlanul er\u0151s elk\u00f6telezetts\u00e9g\u00e9re \u201ealma mater\u201d-\u00fcnk ir\u00e1ny\u00e1ban. A vizsg\u00e1lat szint\u00e9n nagyra \u00e9rt\u00e9kelte a Kar nemzetk\u00f6zi \u00f6sszehasonl\u00edt\u00e1sban is magasszint\u0171 tudom\u00e1nyos teljes\u00edtm\u00e9ny\u00e9t.\u00a0 Az \u00e9rt\u00e9kel\u00e9s sz\u00e1mos aj\u00e1nl\u00e1st is megfogalmazott a hazai \u00e1llatorvos-k\u00e9pz\u00e9s sz\u00ednvonal\u00e1nak tov\u00e1bbi jav\u00edt\u00e1sa \u00e9rdek\u00e9ben, amelyek els\u0151sorban a hallgat\u00f3i j\u00f3l\u00e9ti int\u00e9zm\u00e9nyek fejleszt\u00e9s\u00e9re, az oktat\u00e1ssal j\u00e1r\u00f3 adminisztrat\u00edv tev\u00e9kenys\u00e9g jav\u00edt\u00e1s\u00e1ra, \u00e9s az \u00e9lelmiszerl\u00e1nc-biztons\u00e1gi szeml\u00e9let elm\u00e9ly\u00edt\u00e9s\u00e9re vonatkoztak. Mindk\u00e9t bizotts\u00e1g egybehangz\u00f3 v\u00e9lem\u00e9nyk\u00e9nt fogalmazta meg azt, hogy a hazai \u00e1llatorvos-k\u00e9pz\u00e9s j\u00f6v\u0151beli fejl\u0151d\u00e9se szempontj\u00e1b\u00f3l, annak speci\u00e1lis jelleg\u00e9b\u0151l fakad\u00f3an, \u00f6n\u00e1ll\u00f3 egyetemi st\u00e1tusz \u00e9s f\u00fcggetlen p\u00e9nz\u00fcgyi gazd\u00e1lkod\u00e1s l\u00e9trehoz\u00e1sa els\u0151dleges jelent\u0151s\u00e9g\u0171.<\/p> <p>A bizotts\u00e1gok \u00e9rt\u00e9kel\u00e9s\u00e9t az Eur\u00f3pai \u00c1llatorvos-k\u00e9pz\u0151 Int\u00e9zm\u00e9nyek Egyes\u00fclet\u00e9nek d\u00f6nt\u00e9shoz\u00f3 test\u00fclete 2014 m\u00e1jus\u00e1ban t\u00e1rgyalta. Ennek eredm\u00e9nyek\u00e9ppen,\u00a0<strong>Eur\u00f3p\u00e1ban a hetedikk\u00e9nt, a hazai egyetlen \u00e1llatorvos-k\u00e9pz\u0151 int\u00e9zm\u00e9ny elnyerte a teljes (oktat\u00e1si \u00e9s min\u0151s\u00e9gbiztos\u00edt\u00e1si) int\u00e9zm\u00e9nyi akkredit\u00e1ci\u00f3t,<\/strong>\u00a0\u00e9s \u00edgy a k\u00f6vetkez\u0151 megm\u00e9rettet\u00e9sig 10 \u00e9ven kereszt\u00fcl biztos\u00edtja a legmagasabb oktat\u00e1si min\u0151s\u00edt\u00e9st.\u00a0<strong>Ez az &#8222;elit k\u00f6rbe&#8221; val\u00f3 tartoz\u00e1 azt is jelenti, hogy az \u00e1ltalunk kiadott \u00e1llatorvosi diplom\u00e1t az eur\u00f3pai orsz\u00e1gok minden tov\u00e1bbi honos\u00edt\u00e1si elj\u00e1r\u00e1s n\u00e9lk\u00fcl automatikusan elfogadj\u00e1k.<\/strong><\/p> <p><strong>Kapcsol\u00f3d\u00f3 dokumentumok (angol nyelven):<\/strong><\/p> <p><strong>A Kar \u00f6n\u00e9rt\u00e9kel\u00e9si jelent\u00e9se<\/strong><\/p> <ul> <li><a href=\"\/files\/menus\/7\/files\/Budapest_EAEVE_2013_SER_Stage1.pdf\">Self Evaluation Report SER I.<\/a><\/li> <\/ul> <p><strong>A Kar min\u0151s\u00e9g\u00fcgyi \u00f6n\u00e9rt\u00e9kel\u00e9si jelent\u00e9se<\/strong><\/p> <ul> <li><a href=\"\/files\/menus\/7\/files\/Budapest_EAEVE_2013_SER_Stage2_text.pdf\">Self Evaluation Report SER II. text<\/a><\/li> <li><a href=\"\/files\/menus\/7\/files\/Budapest_EAEVE_2013_SER_stage2_annexes.pdf\">Self Evaluation Report SER II. Annexes<\/a><\/li> <\/ul> <p><a href=\"\/files\/menus\/7\/files\/ECOVE-decision-Budapest.pdf\">Az ECOVE (az Eur\u00f3pai \u00c1llatorvos-k\u00e9pz\u0151 Int\u00e9zm\u00e9nyek Egyes\u00fclet\u00e9nek d\u00f6nt\u00e9shoz\u00f3 test\u00fclete) hivatalos levele.<\/a><\/p> <p><strong>Az ECOVE \u00f6sszefoglal\u00f3 jelent\u00e9se a vizsg\u00e1lat eredm\u00e9ny\u00e9r\u0151l:<\/strong><\/p> <ul> <li><a href=\"\/files\/menus\/7\/files\/FINALREPORTBudapestStageI.pdf\">Report EAEVE Stage I.<\/a><\/li> <li><a href=\"\/files\/menus\/7\/files\/FINALREPORTBudapestStageII.pdf\">Report EAEVE Stage II.<\/a><\/li> <\/ul>","protected":false},"excerpt":{"rendered":"<p>A 227 \u00e9ves magyarorsz\u00e1gi \u00e1llatorvos-k\u00e9pz\u00e9s akkredit\u00e1ci\u00f3ja &nbsp; Az Eur\u00f3pai \u00c1llatorvos-k\u00e9pz\u0151 Int\u00e9zm\u00e9nyek Egyes\u00fclet\u00e9t (EAEVE=European Association of Establishments for Veterinary Education) 1988-ban alap\u00edtott\u00e1k, amelynek c\u00e9lja az alap\u00edt\u00f3 orsz\u00e1gok \u00e1llatorvos-k\u00e9pz\u00e9s\u00e9nek egys\u00e9ges\u00edt\u00e9se. Ez a szervezet v\u00e9gzi az eur\u00f3pai \u00e1llatorvos-k\u00e9pz\u0151 int\u00e9zm\u00e9nyek oktat\u00e1si sz\u00ednvonal\u00e1nak min\u0151s\u00edt\u00e9s\u00e9t egy, az adott \u00e1llatorvosi egyetem \u00e1ltal k\u00e9sz\u00edtett r\u00e9szletes \u00edr\u00e1sbeli \u00f6n\u00e9rt\u00e9kel\u00e9s\u00e9re, \u00e9s egy nemzetk\u00f6zi bizotts\u00e1g l\u00e1togat\u00e1sa keret\u00e9ben<\/p>\n","protected":false},"author":3837,"featured_media":0,"parent":1113,"menu_order":0,"comment_status":"open","ping_status":"open","template":"","meta":{"_acf_changed":false,"footnotes":""},"categories":[],"tags":[],"class_list":["post-81088","page","type-page","status-publish","hentry"],"acf":[],"_links":{"self":[{"href":"https:\/\/univet.hu\/hu\/wp-json\/wp\/v2\/pages\/81088","targetHints":{"allow":["GET"]}}],"collection":[{"href":"https:\/\/univet.hu\/hu\/wp-json\/wp\/v2\/pages"}],"about":[{"href":"https:\/\/univet.hu\/hu\/wp-json\/wp\/v2\/types\/page"}],"author":[{"embeddable":true,"href":"https:\/\/univet.hu\/hu\/wp-json\/wp\/v2\/users\/3837"}],"replies":[{"embeddable":true,"href":"https:\/\/univet.hu\/hu\/wp-json\/wp\/v2\/comments?post=81088"}],"version-history":[{"count":0,"href":"https:\/\/univet.hu\/hu\/wp-json\/wp\/v2\/pages\/81088\/revisions"}],"up":[{"embeddable":true,"href":"https:\/\/univet.hu\/hu\/wp-json\/wp\/v2\/pages\/1113"}],"wp:attachment":[{"href":"https:\/\/univet.hu\/hu\/wp-json\/wp\/v2\/media?parent=81088"}],"wp:term":[{"taxonomy":"category","embeddable":true,"href":"https:\/\/univet.hu\/hu\/wp-json\/wp\/v2\/categories?post=81088"},{"taxonomy":"post_tag","embeddable":true,"href":"https:\/\/univet.hu\/hu\/wp-json\/wp\/v2\/tags?post=81088"}],"curies":[{"name":"wp","href":"https:\/\/api.w.org\/{rel}","templated":true}]}}