{"id":812,"date":"2016-10-05T00:13:00","date_gmt":"2016-10-04T22:13:00","guid":{"rendered":"http:\/\/univet.hu\/egyetem\/kollegium\/kollegiumi-teritesi-dijak\/"},"modified":"2023-05-10T14:14:46","modified_gmt":"2023-05-10T12:14:46","slug":"kollegiumi-teritesi-dijak","status":"publish","type":"page","link":"https:\/\/univet.hu\/hu\/egyetem\/kollegium\/kollegiumi-teritesi-dijak\/","title":{"rendered":"Koll\u00e9giumi t\u00e9r\u00edt\u00e9si d\u00edjak"},"content":{"rendered":"<p><strong>T\u00e9r\u00edt\u00e9si d\u00edjak 2023. febru\u00e1r 1-t\u0151l<\/strong><\/p> <p>A 197\/2005. (IX. 22.) Korm\u00e1nyrendelet m\u00f3dos\u00edtotta az 51\/2002. (III. 26.) Korm\u00e1ny rendeletben meghat\u00e1rozott koll\u00e9giumi d\u00edjak \u00f6sszeg\u00e9t. E rendelet 2. sz\u00e1m\u00fa mell\u00e9klet\u00e9ben a koll\u00e9giumunk megadott krit\u00e9riumok alapj\u00e1n:\u00a0a 8.000, \u00e9s 15.000, -Ft k\u00f6z\u00f6tti kateg\u00f3ri\u00e1ba (4. kateg\u00f3ria) van sorolva.<\/p> <ul> <li>Az \u00e1llatorvosi szakon, valamint a biol\u00f3gus BSc \u00e9s MSc szakos \u00e1llamilag t\u00e1mogatott\/\u00e1llami (r\u00e9sz) \u00f6szt\u00f6nd\u00edjas hallgat\u00f3k sz\u00e1m\u00e1ra<strong> 10.000, -Ft + 5.000, -Ft fel\u00faj\u00edt\u00e1si alap<\/strong>.<\/li> <li>Az \u00e1llam \u00e1ltal t\u00e1mogatott f\u00e9l\u00e9vek felhaszn\u00e1l\u00e1sa ut\u00e1n tanulm\u00e1nyaikat megkezd\u0151 hallgat\u00f3k sz\u00e1m\u00e1ra <strong>20.000, -Ft + 10.000, -Ft, fel\u00faj\u00edt\u00e1si alap<\/strong>.<\/li> <li>K\u00fcls\u0151s\u00f6knek, k\u00f6lts\u00e9gt\u00e9r\u00edt\u00e9ses\/\u00f6nk\u00f6lts\u00e9ges k\u00e9pz\u00e9sben, valamint ERASMUS programban r\u00e9szt vev\u0151 hallgat\u00f3knak<strong> 30.000, -Ft<\/strong>, ha van \u00fcres hely.<\/li> <li>\u00c9retts\u00e9gi el\u0151k\u00e9sz\u00edt\u0151s\u00f6knek: <strong>6.000.- Ft\/nap<\/strong>.<\/li> <li>Vend\u00e9gszoba: <strong>15.000.- Ft\/szoba\/nap +IFA 530.- Ft\/f\u0151\/nap<\/strong>, ha nem k\u00f6zalkalmazott a 18 \u00e9ven fel\u00fcli szem\u00e9ly. A szob\u00e1k 3 \u00e1gyasok.<\/li> <li>Vend\u00e9gsz\u00e1ll\u00e1s k\u00fclf\u00f6ldi vend\u00e9g el\u0151ad\u00f3k r\u00e9sz\u00e9re: <strong>200.000.- Ft\/h\u00f3+ IFA 530.- Ft\/f\u0151\/nap<\/strong>.<\/li> <li>Parkol\u00e1si d\u00edjak: k\u00fcls\u0151s szem\u00e9lyeknek <strong>20.000.- Ft\/h\u00f3<\/strong>, hallgat\u00f3knak a mindenkori havi koll\u00e9giumi d\u00edj fele: <strong>7.500.-Ft\/h\u00f3<\/strong>, sz\u00e1ll\u00f3vend\u00e9geknek ingyenes.<\/li> <li>Hallgat\u00f3i Kultur\u00e1lis Hozz\u00e1j\u00e1rul\u00e1s: els\u0151 szemeszter: <strong>8.000.-Ft\/szemeszter<\/strong>, minden tov\u00e1bbi szemeszter: <strong>4.000.-Ft\/szemeszter<\/strong>.<br \/> A 11.f\u00e9l\u00e9ves hallgat\u00f3k nem fizetnek hallgat\u00f3i kultur\u00e1lis hozz\u00e1j\u00e1rul\u00e1st.<\/li> <\/ul> <p>&nbsp;<\/p> <p>&nbsp;<\/p>","protected":false},"excerpt":{"rendered":"<p>T\u00e9r\u00edt\u00e9si d\u00edjak 2023. febru\u00e1r 1-t\u0151l A 197\/2005. (IX. 22.) Korm\u00e1nyrendelet m\u00f3dos\u00edtotta az 51\/2002. (III. 26.) Korm\u00e1ny rendeletben meghat\u00e1rozott koll\u00e9giumi d\u00edjak \u00f6sszeg\u00e9t. E rendelet 2. sz\u00e1m\u00fa mell\u00e9klet\u00e9ben a koll\u00e9giumunk megadott krit\u00e9riumok alapj\u00e1n:\u00a0a 8.000, \u00e9s 15.000, -Ft k\u00f6z\u00f6tti kateg\u00f3ri\u00e1ba (4. kateg\u00f3ria) van sorolva. Az \u00e1llatorvosi szakon, valamint a biol\u00f3gus BSc \u00e9s MSc szakos \u00e1llamilag t\u00e1mogatott\/\u00e1llami (r\u00e9sz) \u00f6szt\u00f6nd\u00edjas<\/p>\n","protected":false},"author":1,"featured_media":0,"parent":807,"menu_order":228,"comment_status":"closed","ping_status":"closed","template":"","meta":{"_acf_changed":false,"footnotes":""},"categories":[],"tags":[],"class_list":["post-812","page","type-page","status-publish","hentry"],"acf":[],"_links":{"self":[{"href":"https:\/\/univet.hu\/hu\/wp-json\/wp\/v2\/pages\/812","targetHints":{"allow":["GET"]}}],"collection":[{"href":"https:\/\/univet.hu\/hu\/wp-json\/wp\/v2\/pages"}],"about":[{"href":"https:\/\/univet.hu\/hu\/wp-json\/wp\/v2\/types\/page"}],"author":[{"embeddable":true,"href":"https:\/\/univet.hu\/hu\/wp-json\/wp\/v2\/users\/1"}],"replies":[{"embeddable":true,"href":"https:\/\/univet.hu\/hu\/wp-json\/wp\/v2\/comments?post=812"}],"version-history":[{"count":0,"href":"https:\/\/univet.hu\/hu\/wp-json\/wp\/v2\/pages\/812\/revisions"}],"up":[{"embeddable":true,"href":"https:\/\/univet.hu\/hu\/wp-json\/wp\/v2\/pages\/807"}],"wp:attachment":[{"href":"https:\/\/univet.hu\/hu\/wp-json\/wp\/v2\/media?parent=812"}],"wp:term":[{"taxonomy":"category","embeddable":true,"href":"https:\/\/univet.hu\/hu\/wp-json\/wp\/v2\/categories?post=812"},{"taxonomy":"post_tag","embeddable":true,"href":"https:\/\/univet.hu\/hu\/wp-json\/wp\/v2\/tags?post=812"}],"curies":[{"name":"wp","href":"https:\/\/api.w.org\/{rel}","templated":true}]}}