{"id":81216,"date":"2022-12-19T10:17:13","date_gmt":"2022-12-19T09:17:13","guid":{"rendered":"https:\/\/univet.hu\/?page_id=81216"},"modified":"2023-12-06T15:41:45","modified_gmt":"2023-12-06T14:41:45","slug":"adatvedelembelso","status":"publish","type":"page","link":"https:\/\/univet.hu\/hu\/adatvedelembelso\/","title":{"rendered":"Adatv\u00e9delem (bels\u0151)"},"content":{"rendered":"<p><a href=\"https:\/\/univet.hu\/wp-content\/uploads\/2022\/12\/221020-ATE-Adatkezel\u00e9si-tajekoztato_szemelyugyi-rendszer.pdf\">221020 ATE Adatkezel\u00e9si tajekoztato_szemelyugyi rendszer<\/a><\/p> <p><a href=\"https:\/\/univet.hu\/wp-content\/uploads\/2023\/12\/ATE_fonyodi-udulo_adatkezelesi-tajekoztato.pdf\"><strong>Adatkezel\u00e9si t\u00e1j\u00e9koztat\u00f3 az \u00c1llatorvostudom\u00e1nyi Egyetem Fony\u00f3di \u00dcd\u00fcl\u0151j\u00e9nek haszn\u00e1lat\u00e1val kapcsolatos adatkezel\u00e9sekr\u0151l<\/strong><\/a><\/p>","protected":false},"excerpt":{"rendered":"<p>221020 ATE Adatkezel\u00e9si tajekoztato_szemelyugyi rendszer Adatkezel\u00e9si t\u00e1j\u00e9koztat\u00f3 az \u00c1llatorvostudom\u00e1nyi Egyetem Fony\u00f3di \u00dcd\u00fcl\u0151j\u00e9nek haszn\u00e1lat\u00e1val kapcsolatos adatkezel\u00e9sekr\u0151l<\/p>\n","protected":false},"author":5,"featured_media":0,"parent":0,"menu_order":0,"comment_status":"closed","ping_status":"closed","template":"","meta":{"_acf_changed":false,"footnotes":""},"categories":[],"tags":[],"class_list":["post-81216","page","type-page","status-publish","hentry"],"acf":[],"_links":{"self":[{"href":"https:\/\/univet.hu\/hu\/wp-json\/wp\/v2\/pages\/81216","targetHints":{"allow":["GET"]}}],"collection":[{"href":"https:\/\/univet.hu\/hu\/wp-json\/wp\/v2\/pages"}],"about":[{"href":"https:\/\/univet.hu\/hu\/wp-json\/wp\/v2\/types\/page"}],"author":[{"embeddable":true,"href":"https:\/\/univet.hu\/hu\/wp-json\/wp\/v2\/users\/5"}],"replies":[{"embeddable":true,"href":"https:\/\/univet.hu\/hu\/wp-json\/wp\/v2\/comments?post=81216"}],"version-history":[{"count":0,"href":"https:\/\/univet.hu\/hu\/wp-json\/wp\/v2\/pages\/81216\/revisions"}],"wp:attachment":[{"href":"https:\/\/univet.hu\/hu\/wp-json\/wp\/v2\/media?parent=81216"}],"wp:term":[{"taxonomy":"category","embeddable":true,"href":"https:\/\/univet.hu\/hu\/wp-json\/wp\/v2\/categories?post=81216"},{"taxonomy":"post_tag","embeddable":true,"href":"https:\/\/univet.hu\/hu\/wp-json\/wp\/v2\/tags?post=81216"}],"curies":[{"name":"wp","href":"https:\/\/api.w.org\/{rel}","templated":true}]}}