{"id":81280,"date":"2022-12-21T17:22:35","date_gmt":"2022-12-21T16:22:35","guid":{"rendered":"https:\/\/univet.hu\/hu\/egyetem\/munkatarsak\/new-staff-member-page-2\/"},"modified":"2026-02-10T03:55:51","modified_gmt":"2026-02-10T02:55:51","slug":"mozes-borbala","status":"publish","type":"page","link":"https:\/\/univet.hu\/hu\/egyetem\/munkatarsak\/mozes-borbala\/","title":{"rendered":"M\u00f3zes Borb\u00e1la"},"content":{"rendered":"<p>Dr. M\u00f3zes Borb\u00e1la 2018-ban v\u00e9gzett az \u00c1llatorvostudom\u00e1nyi Egyetemen summa cum laude min\u0151s\u00edt\u00e9ssel. Tanulm\u00e1nyai r\u00e9szek\u00e9nt t\u00f6bb h\u00f3napot t\u00f6lt\u00f6tt k\u00fclf\u00f6ldi \u00e1llatorvosi egyetemeken, az itt szerzett tapasztalatok nagy hat\u00e1ssal voltak az egyetemi k\u00e9pz\u00e9sr\u0151l \u00e9s a klinikai gyakorlatr\u00f3l alkotott elk\u00e9pzel\u00e9seire. Diplomaszerz\u00e9s ut\u00e1n gyakornokk\u00e9nt kezdett dolgozni az \u00c1TE Belgy\u00f3gy\u00e1szati Tansz\u00e9k\u00e9n, klinikai \u00e1llatorvosk\u00e9nt jelenleg is r\u00e9szt vesz a betegell\u00e1t\u00e1sban. 2020. \u00f3ta a Tansz\u00e9ken v\u00e9gzi a doktori kutat\u00e1s\u00e1t is, melynek t\u00e9m\u00e1ja a kuty\u00e1k id\u00fclt b\u00e9lbetegs\u00e9geinek\u00a0\u00faj diagnosztikai \u00e9s ter\u00e1pi\u00e1s\u00a0lehet\u0151s\u00e9gei.<\/p>","protected":false},"excerpt":{"rendered":"<p>Dr. M\u00f3zes Borb\u00e1la 2018-ban v\u00e9gzett az \u00c1llatorvostudom\u00e1nyi Egyetemen summa cum laude min\u0151s\u00edt\u00e9ssel. Tanulm\u00e1nyai r\u00e9szek\u00e9nt t\u00f6bb h\u00f3napot t\u00f6lt\u00f6tt k\u00fclf\u00f6ldi \u00e1llatorvosi egyetemeken, az itt szerzett tapasztalatok nagy hat\u00e1ssal voltak az egyetemi k\u00e9pz\u00e9sr\u0151l \u00e9s a klinikai gyakorlatr\u00f3l alkotott elk\u00e9pzel\u00e9seire. Diplomaszerz\u00e9s ut\u00e1n gyakornokk\u00e9nt kezdett dolgozni az \u00c1TE Belgy\u00f3gy\u00e1szati Tansz\u00e9k\u00e9n, klinikai \u00e1llatorvosk\u00e9nt jelenleg is r\u00e9szt vesz a betegell\u00e1t\u00e1sban. 2020. \u00f3ta<\/p>\n","protected":false},"author":5824,"featured_media":0,"parent":858,"menu_order":0,"comment_status":"open","ping_status":"open","template":"","meta":{"_acf_changed":false,"footnotes":""},"categories":[],"tags":[],"class_list":["post-81280","page","type-page","status-publish","hentry"],"acf":[],"_links":{"self":[{"href":"https:\/\/univet.hu\/hu\/wp-json\/wp\/v2\/pages\/81280","targetHints":{"allow":["GET"]}}],"collection":[{"href":"https:\/\/univet.hu\/hu\/wp-json\/wp\/v2\/pages"}],"about":[{"href":"https:\/\/univet.hu\/hu\/wp-json\/wp\/v2\/types\/page"}],"author":[{"embeddable":true,"href":"https:\/\/univet.hu\/hu\/wp-json\/wp\/v2\/users\/5824"}],"replies":[{"embeddable":true,"href":"https:\/\/univet.hu\/hu\/wp-json\/wp\/v2\/comments?post=81280"}],"version-history":[{"count":1,"href":"https:\/\/univet.hu\/hu\/wp-json\/wp\/v2\/pages\/81280\/revisions"}],"predecessor-version":[{"id":199342,"href":"https:\/\/univet.hu\/hu\/wp-json\/wp\/v2\/pages\/81280\/revisions\/199342"}],"up":[{"embeddable":true,"href":"https:\/\/univet.hu\/hu\/wp-json\/wp\/v2\/pages\/858"}],"wp:attachment":[{"href":"https:\/\/univet.hu\/hu\/wp-json\/wp\/v2\/media?parent=81280"}],"wp:term":[{"taxonomy":"category","embeddable":true,"href":"https:\/\/univet.hu\/hu\/wp-json\/wp\/v2\/categories?post=81280"},{"taxonomy":"post_tag","embeddable":true,"href":"https:\/\/univet.hu\/hu\/wp-json\/wp\/v2\/tags?post=81280"}],"curies":[{"name":"wp","href":"https:\/\/api.w.org\/{rel}","templated":true}]}}