{"id":81302,"date":"2022-12-26T15:31:01","date_gmt":"2022-12-26T14:31:01","guid":{"rendered":"https:\/\/univet.hu\/hu\/egyetem\/munkatarsak\/kerek-adam\/name\/"},"modified":"2026-02-10T04:03:13","modified_gmt":"2026-02-10T03:03:13","slug":"fenykepek","status":"publish","type":"page","link":"https:\/\/univet.hu\/hu\/egyetem\/munkatarsak\/kerek-adam\/fenykepek\/","title":{"rendered":"F\u00e9nyk\u00e9pek"},"content":{"rendered":"<p><strong><span style=\"font-size: 24pt;\">2022<\/span><\/strong><\/p> <figure id=\"attachment_81308\" aria-describedby=\"caption-attachment-81308\" style=\"width: 1100px\" class=\"wp-caption alignnone\"><img loading=\"lazy\" decoding=\"async\" class=\"size-full wp-image-81308\" src=\"https:\/\/univet.hu\/wp-content\/uploads\/2022\/12\/Olasz-\u00c1kos.jpg\" alt=\"\" width=\"1100\" height=\"731\" srcset=\"https:\/\/univet.hu\/wp-content\/uploads\/2022\/12\/Olasz-\u00c1kos.jpg 1100w, https:\/\/univet.hu\/wp-content\/uploads\/2022\/12\/Olasz-\u00c1kos-320x213.jpg 320w, https:\/\/univet.hu\/wp-content\/uploads\/2022\/12\/Olasz-\u00c1kos-768x510.jpg 768w, https:\/\/univet.hu\/wp-content\/uploads\/2022\/12\/Olasz-\u00c1kos-960x638.jpg 960w\" sizes=\"auto, (max-width: 1100px) 100vw, 1100px\" \/><figcaption id=\"caption-attachment-81308\" class=\"wp-caption-text\">Olasz \u00c1kos<\/figcaption><\/figure> <p>&nbsp;<\/p> <figure id=\"attachment_81309\" aria-describedby=\"caption-attachment-81309\" style=\"width: 1100px\" class=\"wp-caption alignnone\"><img loading=\"lazy\" decoding=\"async\" class=\"size-full wp-image-81309\" src=\"https:\/\/univet.hu\/wp-content\/uploads\/2022\/12\/Rom\u00e1n-Istv\u00e1n.jpg\" alt=\"\" width=\"1100\" height=\"731\" srcset=\"https:\/\/univet.hu\/wp-content\/uploads\/2022\/12\/Rom\u00e1n-Istv\u00e1n.jpg 1100w, https:\/\/univet.hu\/wp-content\/uploads\/2022\/12\/Rom\u00e1n-Istv\u00e1n-320x213.jpg 320w, https:\/\/univet.hu\/wp-content\/uploads\/2022\/12\/Rom\u00e1n-Istv\u00e1n-768x510.jpg 768w, https:\/\/univet.hu\/wp-content\/uploads\/2022\/12\/Rom\u00e1n-Istv\u00e1n-960x638.jpg 960w\" sizes=\"auto, (max-width: 1100px) 100vw, 1100px\" \/><figcaption id=\"caption-attachment-81309\" class=\"wp-caption-text\">Rom\u00e1n Istv\u00e1n L\u00e1szl\u00f3<\/figcaption><\/figure> <p>&nbsp;<\/p> <figure id=\"attachment_81310\" aria-describedby=\"caption-attachment-81310\" style=\"width: 1100px\" class=\"wp-caption alignnone\"><img loading=\"lazy\" decoding=\"async\" class=\"size-full wp-image-81310\" src=\"https:\/\/univet.hu\/wp-content\/uploads\/2022\/12\/T\u00f6r\u00f6k-Bence.jpg\" alt=\"\" width=\"1100\" height=\"731\" srcset=\"https:\/\/univet.hu\/wp-content\/uploads\/2022\/12\/T\u00f6r\u00f6k-Bence.jpg 1100w, https:\/\/univet.hu\/wp-content\/uploads\/2022\/12\/T\u00f6r\u00f6k-Bence-320x213.jpg 320w, https:\/\/univet.hu\/wp-content\/uploads\/2022\/12\/T\u00f6r\u00f6k-Bence-768x510.jpg 768w, https:\/\/univet.hu\/wp-content\/uploads\/2022\/12\/T\u00f6r\u00f6k-Bence-960x638.jpg 960w\" sizes=\"auto, (max-width: 1100px) 100vw, 1100px\" \/><figcaption id=\"caption-attachment-81310\" class=\"wp-caption-text\">T\u00f6r\u00f6k Bence<\/figcaption><\/figure> <p>&nbsp;<\/p> <figure id=\"attachment_81311\" aria-describedby=\"caption-attachment-81311\" style=\"width: 1100px\" class=\"wp-caption alignnone\"><img loading=\"lazy\" decoding=\"async\" class=\"size-full wp-image-81311\" src=\"https:\/\/univet.hu\/wp-content\/uploads\/2022\/12\/Yurt-Attila.jpg\" alt=\"\" width=\"1100\" height=\"731\" srcset=\"https:\/\/univet.hu\/wp-content\/uploads\/2022\/12\/Yurt-Attila.jpg 1100w, https:\/\/univet.hu\/wp-content\/uploads\/2022\/12\/Yurt-Attila-320x213.jpg 320w, https:\/\/univet.hu\/wp-content\/uploads\/2022\/12\/Yurt-Attila-768x510.jpg 768w, https:\/\/univet.hu\/wp-content\/uploads\/2022\/12\/Yurt-Attila-960x638.jpg 960w\" sizes=\"auto, (max-width: 1100px) 100vw, 1100px\" \/><figcaption id=\"caption-attachment-81311\" class=\"wp-caption-text\">Yurt Attila<\/figcaption><\/figure> <p>&nbsp;<\/p> <figure id=\"attachment_81307\" aria-describedby=\"caption-attachment-81307\" style=\"width: 1100px\" class=\"wp-caption alignnone\"><img loading=\"lazy\" decoding=\"async\" class=\"size-full wp-image-81307\" src=\"https:\/\/univet.hu\/wp-content\/uploads\/2022\/12\/Kov\u00e1cs-Beatrix.jpg\" alt=\"\" width=\"1100\" height=\"731\" srcset=\"https:\/\/univet.hu\/wp-content\/uploads\/2022\/12\/Kov\u00e1cs-Beatrix.jpg 1100w, https:\/\/univet.hu\/wp-content\/uploads\/2022\/12\/Kov\u00e1cs-Beatrix-320x213.jpg 320w, https:\/\/univet.hu\/wp-content\/uploads\/2022\/12\/Kov\u00e1cs-Beatrix-768x510.jpg 768w, https:\/\/univet.hu\/wp-content\/uploads\/2022\/12\/Kov\u00e1cs-Beatrix-960x638.jpg 960w\" sizes=\"auto, (max-width: 1100px) 100vw, 1100px\" \/><figcaption id=\"caption-attachment-81307\" class=\"wp-caption-text\">Kov\u00e1cs Beatrix Erika<\/figcaption><\/figure> <p><strong><span style=\"font-size: 24pt;\">2021<\/span><\/strong><\/p> <figure id=\"attachment_81306\" aria-describedby=\"caption-attachment-81306\" style=\"width: 1100px\" class=\"wp-caption alignnone\"><img loading=\"lazy\" decoding=\"async\" class=\"size-full wp-image-81306\" src=\"https:\/\/univet.hu\/wp-content\/uploads\/2022\/12\/Sasv\u00e1ri-M\u00e1ty\u00e1s.jpg\" alt=\"\" width=\"1100\" height=\"731\" srcset=\"https:\/\/univet.hu\/wp-content\/uploads\/2022\/12\/Sasv\u00e1ri-M\u00e1ty\u00e1s.jpg 1100w, https:\/\/univet.hu\/wp-content\/uploads\/2022\/12\/Sasv\u00e1ri-M\u00e1ty\u00e1s-320x213.jpg 320w, https:\/\/univet.hu\/wp-content\/uploads\/2022\/12\/Sasv\u00e1ri-M\u00e1ty\u00e1s-768x510.jpg 768w, https:\/\/univet.hu\/wp-content\/uploads\/2022\/12\/Sasv\u00e1ri-M\u00e1ty\u00e1s-960x638.jpg 960w\" sizes=\"auto, (max-width: 1100px) 100vw, 1100px\" \/><figcaption id=\"caption-attachment-81306\" class=\"wp-caption-text\">Sasv\u00e1ri M\u00e1ty\u00e1s<\/figcaption><\/figure> <p>&nbsp;<\/p> <figure id=\"attachment_81305\" aria-describedby=\"caption-attachment-81305\" style=\"width: 1100px\" class=\"wp-caption alignnone\"><img loading=\"lazy\" decoding=\"async\" class=\"size-full wp-image-81305\" src=\"https:\/\/univet.hu\/wp-content\/uploads\/2022\/12\/R\u00f3nasz\u00e9ki-Regina.jpg\" alt=\"\" width=\"1100\" height=\"731\" srcset=\"https:\/\/univet.hu\/wp-content\/uploads\/2022\/12\/R\u00f3nasz\u00e9ki-Regina.jpg 1100w, https:\/\/univet.hu\/wp-content\/uploads\/2022\/12\/R\u00f3nasz\u00e9ki-Regina-320x213.jpg 320w, https:\/\/univet.hu\/wp-content\/uploads\/2022\/12\/R\u00f3nasz\u00e9ki-Regina-768x510.jpg 768w, https:\/\/univet.hu\/wp-content\/uploads\/2022\/12\/R\u00f3nasz\u00e9ki-Regina-960x638.jpg 960w\" sizes=\"auto, (max-width: 1100px) 100vw, 1100px\" \/><figcaption id=\"caption-attachment-81305\" class=\"wp-caption-text\">R\u00f3nasz\u00e9ki Regina<\/figcaption><\/figure> <p>&nbsp;<\/p> <figure id=\"attachment_81304\" aria-describedby=\"caption-attachment-81304\" style=\"width: 1100px\" class=\"wp-caption alignnone\"><img loading=\"lazy\" decoding=\"async\" class=\"size-full wp-image-81304\" src=\"https:\/\/univet.hu\/wp-content\/uploads\/2022\/12\/Csan\u00e1dy-P\u00e9ter.jpg\" alt=\"\" width=\"1100\" height=\"731\" srcset=\"https:\/\/univet.hu\/wp-content\/uploads\/2022\/12\/Csan\u00e1dy-P\u00e9ter.jpg 1100w, https:\/\/univet.hu\/wp-content\/uploads\/2022\/12\/Csan\u00e1dy-P\u00e9ter-320x213.jpg 320w, https:\/\/univet.hu\/wp-content\/uploads\/2022\/12\/Csan\u00e1dy-P\u00e9ter-768x510.jpg 768w, https:\/\/univet.hu\/wp-content\/uploads\/2022\/12\/Csan\u00e1dy-P\u00e9ter-960x638.jpg 960w\" sizes=\"auto, (max-width: 1100px) 100vw, 1100px\" \/><figcaption id=\"caption-attachment-81304\" class=\"wp-caption-text\">Csan\u00e1dy P\u00e9ter<\/figcaption><\/figure> <p>&nbsp;<\/p> <figure id=\"attachment_81303\" aria-describedby=\"caption-attachment-81303\" style=\"width: 1100px\" class=\"wp-caption alignnone\"><img loading=\"lazy\" decoding=\"async\" class=\"size-full wp-image-81303\" src=\"https:\/\/univet.hu\/wp-content\/uploads\/2022\/12\/Bencsik-Luca.jpg\" alt=\"\" width=\"1100\" height=\"731\" srcset=\"https:\/\/univet.hu\/wp-content\/uploads\/2022\/12\/Bencsik-Luca.jpg 1100w, https:\/\/univet.hu\/wp-content\/uploads\/2022\/12\/Bencsik-Luca-320x213.jpg 320w, https:\/\/univet.hu\/wp-content\/uploads\/2022\/12\/Bencsik-Luca-768x510.jpg 768w, https:\/\/univet.hu\/wp-content\/uploads\/2022\/12\/Bencsik-Luca-960x638.jpg 960w\" sizes=\"auto, (max-width: 1100px) 100vw, 1100px\" \/><figcaption id=\"caption-attachment-81303\" class=\"wp-caption-text\">Bencsik Luca<\/figcaption><\/figure>","protected":false},"excerpt":{"rendered":"<p>2022 &nbsp; &nbsp; &nbsp; &nbsp; 2021 &nbsp; &nbsp; &nbsp;<\/p>\n","protected":false},"author":5824,"featured_media":0,"parent":52315,"menu_order":0,"comment_status":"open","ping_status":"open","template":"","meta":{"_acf_changed":false,"footnotes":""},"categories":[],"tags":[],"class_list":["post-81302","page","type-page","status-publish","hentry"],"acf":[],"_links":{"self":[{"href":"https:\/\/univet.hu\/hu\/wp-json\/wp\/v2\/pages\/81302","targetHints":{"allow":["GET"]}}],"collection":[{"href":"https:\/\/univet.hu\/hu\/wp-json\/wp\/v2\/pages"}],"about":[{"href":"https:\/\/univet.hu\/hu\/wp-json\/wp\/v2\/types\/page"}],"author":[{"embeddable":true,"href":"https:\/\/univet.hu\/hu\/wp-json\/wp\/v2\/users\/5824"}],"replies":[{"embeddable":true,"href":"https:\/\/univet.hu\/hu\/wp-json\/wp\/v2\/comments?post=81302"}],"version-history":[{"count":1,"href":"https:\/\/univet.hu\/hu\/wp-json\/wp\/v2\/pages\/81302\/revisions"}],"predecessor-version":[{"id":199716,"href":"https:\/\/univet.hu\/hu\/wp-json\/wp\/v2\/pages\/81302\/revisions\/199716"}],"up":[{"embeddable":true,"href":"https:\/\/univet.hu\/hu\/wp-json\/wp\/v2\/pages\/52315"}],"wp:attachment":[{"href":"https:\/\/univet.hu\/hu\/wp-json\/wp\/v2\/media?parent=81302"}],"wp:term":[{"taxonomy":"category","embeddable":true,"href":"https:\/\/univet.hu\/hu\/wp-json\/wp\/v2\/categories?post=81302"},{"taxonomy":"post_tag","embeddable":true,"href":"https:\/\/univet.hu\/hu\/wp-json\/wp\/v2\/tags?post=81302"}],"curies":[{"name":"wp","href":"https:\/\/api.w.org\/{rel}","templated":true}]}}