{"id":81428,"date":"2023-01-03T17:56:52","date_gmt":"2023-01-03T16:56:52","guid":{"rendered":"https:\/\/univet.hu\/hu\/oktatas\/kurzusok\/new-course-page-2\/"},"modified":"2026-01-31T14:59:25","modified_gmt":"2026-01-31T13:59:25","slug":"magisztralis-gyogyszerkeszites","status":"publish","type":"page","link":"https:\/\/univet.hu\/hu\/oktatas\/kurzusok\/magisztralis-gyogyszerkeszites\/","title":{"rendered":"Magisztr\u00e1lis gy\u00f3gyszerk\u00e9sz\u00edt\u00e9s"},"content":{"rendered":"<p>A tant\u00e1rgy c\u00e9lja, hogy a hallgat\u00f3k megismerkedjenek egyszer\u0171 recept\u00far\u00e1k alapj\u00e1n gy\u00f3gyhat\u00e1s\u00fa k\u00e9sz\u00edtm\u00e9nyek, illetve kozmetikai term\u00e9kek elk\u00e9sz\u00edt\u00e9s\u00e9vel (pl. hidrat\u00e1l\u00f3 ken\u0151cs, sportkr\u00e9m, fogpaszta stb.). 2 \u00f3r\u00e1s elm\u00e9leti alapoktat\u00e1st k\u00f6vet\u0151en a hallgat\u00f3k t\u00e9nylegesen el\u0151\u00e1ll\u00edtj\u00e1k a recept\u00far\u00e1k alapj\u00e1n a foly\u00e9kony, f\u00e9lszil\u00e1rd \u00e9s szil\u00e1rd k\u00e9sz\u00edtm\u00e9nyeket.<\/p> <table style=\"width: 62.9875%\"> <tbody> <tr> <td style=\"width: 19.1388%\" width=\"103\"><strong>Oktat\u00e1si h\u00e9t<\/strong><\/td> <td style=\"width: 79.9043%\" width=\"511\"><strong>T\u00e9ma<\/strong><\/td> <\/tr> <tr> <td style=\"width: 19.1388%\" width=\"103\"><strong>1.<\/strong><\/td> <td style=\"width: 79.9043%\" width=\"511\">A gy\u00f3gyszerk\u00e9sz\u00edt\u00e9si elm\u00e9leti alapjai<\/td> <\/tr> <tr> <td style=\"width: 19.1388%\" width=\"103\"><strong>2.<\/strong><\/td> <td style=\"width: 79.9043%\" width=\"511\">Hint\u0151por, kapszul\u00e1z\u00e1s, unguentum simplex \u00e9s pasta burowi k\u00e9sz\u00edt\u00e9se<\/td> <\/tr> <tr> <td style=\"width: 19.1388%\" width=\"103\"><strong>3.<\/strong><\/td> <td style=\"width: 79.9043%\" width=\"511\">Fogpaszta \u00e9s suspensio zinci aquosa k\u00e9sz\u00edt\u00e9se<\/td> <\/tr> <tr> <td style=\"width: 19.1388%\" width=\"103\"><strong>4.<\/strong><\/td> <td style=\"width: 79.9043%\" width=\"511\">Arckr\u00e9m \u00e9s Unguentum boraxatum k\u00e9sz\u00edt\u00e9se<\/td> <\/tr> <tr> <td style=\"width: 19.1388%\" width=\"103\"><strong>5.<\/strong><\/td> <td style=\"width: 79.9043%\" width=\"511\">K\u00e9zken\u0151cs \u00e9s Unguentum nasale k\u00e9sz\u00edt\u00e9se<\/td> <\/tr> <tr> <td style=\"width: 19.1388%\" width=\"103\"><strong>6.<\/strong><\/td> <td style=\"width: 79.9043%\" width=\"511\">Vietn\u00e1mi balzsam \u00e9s Suppositorium papaverini k\u00e9sz\u00edt\u00e9se<\/td> <\/tr> <tr> <td style=\"width: 19.1388%\" width=\"103\"><strong>7.<\/strong><\/td> <td style=\"width: 79.9043%\" width=\"511\">Sportkr\u00e9m \u00e9s sheavajas ken\u0151cs<\/td> <\/tr> <tr> <td style=\"width: 19.1388%\" width=\"103\"><strong>8.<\/strong><\/td> <td style=\"width: 79.9043%\" width=\"511\">Gyakorlati vizsga<\/td> <\/tr> <\/tbody> <\/table> <p><img loading=\"lazy\" decoding=\"async\" class=\"alignnone size-full wp-image-198453\" src=\"https:\/\/univet.hu\/wp-content\/uploads\/2026\/01\/Magisztralis-gyogyszerkeszites-2026.jpg\" alt=\"\" width=\"1414\" height=\"2000\" srcset=\"https:\/\/univet.hu\/wp-content\/uploads\/2026\/01\/Magisztralis-gyogyszerkeszites-2026.jpg 1414w, https:\/\/univet.hu\/wp-content\/uploads\/2026\/01\/Magisztralis-gyogyszerkeszites-2026-226x320.jpg 226w, https:\/\/univet.hu\/wp-content\/uploads\/2026\/01\/Magisztralis-gyogyszerkeszites-2026-679x960.jpg 679w, https:\/\/univet.hu\/wp-content\/uploads\/2026\/01\/Magisztralis-gyogyszerkeszites-2026-768x1086.jpg 768w, https:\/\/univet.hu\/wp-content\/uploads\/2026\/01\/Magisztralis-gyogyszerkeszites-2026-1086x1536.jpg 1086w\" sizes=\"auto, (max-width: 1414px) 100vw, 1414px\" \/><\/p> <p><img loading=\"lazy\" decoding=\"async\" class=\"alignnone size-full wp-image-176419\" src=\"https:\/\/univet.hu\/wp-content\/uploads\/2025\/02\/Blue-Navy-and-Light-Blue-Illustration-World-Pharmacist-Day-Flayer-Portrait.jpg\" alt=\"\" width=\"1414\" height=\"2000\" srcset=\"https:\/\/univet.hu\/wp-content\/uploads\/2025\/02\/Blue-Navy-and-Light-Blue-Illustration-World-Pharmacist-Day-Flayer-Portrait.jpg 1414w, https:\/\/univet.hu\/wp-content\/uploads\/2025\/02\/Blue-Navy-and-Light-Blue-Illustration-World-Pharmacist-Day-Flayer-Portrait-226x320.jpg 226w, https:\/\/univet.hu\/wp-content\/uploads\/2025\/02\/Blue-Navy-and-Light-Blue-Illustration-World-Pharmacist-Day-Flayer-Portrait-679x960.jpg 679w, https:\/\/univet.hu\/wp-content\/uploads\/2025\/02\/Blue-Navy-and-Light-Blue-Illustration-World-Pharmacist-Day-Flayer-Portrait-768x1086.jpg 768w, https:\/\/univet.hu\/wp-content\/uploads\/2025\/02\/Blue-Navy-and-Light-Blue-Illustration-World-Pharmacist-Day-Flayer-Portrait-1086x1536.jpg 1086w\" sizes=\"auto, (max-width: 1414px) 100vw, 1414px\" \/><\/p>","protected":false},"excerpt":{"rendered":"<p>A tant\u00e1rgy c\u00e9lja, hogy a hallgat\u00f3k megismerkedjenek egyszer\u0171 recept\u00far\u00e1k alapj\u00e1n gy\u00f3gyhat\u00e1s\u00fa k\u00e9sz\u00edtm\u00e9nyek, illetve kozmetikai term\u00e9kek elk\u00e9sz\u00edt\u00e9s\u00e9vel (pl. hidrat\u00e1l\u00f3 ken\u0151cs, sportkr\u00e9m, fogpaszta stb.). 2 \u00f3r\u00e1s elm\u00e9leti alapoktat\u00e1st k\u00f6vet\u0151en a hallgat\u00f3k t\u00e9nylegesen el\u0151\u00e1ll\u00edtj\u00e1k a recept\u00far\u00e1k alapj\u00e1n a foly\u00e9kony, f\u00e9lszil\u00e1rd \u00e9s szil\u00e1rd k\u00e9sz\u00edtm\u00e9nyeket. Oktat\u00e1si h\u00e9t T\u00e9ma 1. A gy\u00f3gyszerk\u00e9sz\u00edt\u00e9si elm\u00e9leti alapjai 2. Hint\u0151por, kapszul\u00e1z\u00e1s, unguentum simplex \u00e9s pasta<\/p>\n","protected":false},"author":3837,"featured_media":0,"parent":677,"menu_order":0,"comment_status":"open","ping_status":"open","template":"","meta":{"_acf_changed":false,"footnotes":""},"categories":[],"tags":[],"class_list":["post-81428","page","type-page","status-publish","hentry"],"acf":[],"_links":{"self":[{"href":"https:\/\/univet.hu\/hu\/wp-json\/wp\/v2\/pages\/81428","targetHints":{"allow":["GET"]}}],"collection":[{"href":"https:\/\/univet.hu\/hu\/wp-json\/wp\/v2\/pages"}],"about":[{"href":"https:\/\/univet.hu\/hu\/wp-json\/wp\/v2\/types\/page"}],"author":[{"embeddable":true,"href":"https:\/\/univet.hu\/hu\/wp-json\/wp\/v2\/users\/3837"}],"replies":[{"embeddable":true,"href":"https:\/\/univet.hu\/hu\/wp-json\/wp\/v2\/comments?post=81428"}],"version-history":[{"count":4,"href":"https:\/\/univet.hu\/hu\/wp-json\/wp\/v2\/pages\/81428\/revisions"}],"predecessor-version":[{"id":198456,"href":"https:\/\/univet.hu\/hu\/wp-json\/wp\/v2\/pages\/81428\/revisions\/198456"}],"up":[{"embeddable":true,"href":"https:\/\/univet.hu\/hu\/wp-json\/wp\/v2\/pages\/677"}],"wp:attachment":[{"href":"https:\/\/univet.hu\/hu\/wp-json\/wp\/v2\/media?parent=81428"}],"wp:term":[{"taxonomy":"category","embeddable":true,"href":"https:\/\/univet.hu\/hu\/wp-json\/wp\/v2\/categories?post=81428"},{"taxonomy":"post_tag","embeddable":true,"href":"https:\/\/univet.hu\/hu\/wp-json\/wp\/v2\/tags?post=81428"}],"curies":[{"name":"wp","href":"https:\/\/api.w.org\/{rel}","templated":true}]}}