{"id":81496,"date":"2023-01-05T14:12:41","date_gmt":"2023-01-05T13:12:41","guid":{"rendered":"https:\/\/univet.hu\/hu\/egyetem\/palyazati-projektek\/nkfih-palyazatok\/tk-tet\/"},"modified":"2025-07-25T08:53:25","modified_gmt":"2025-07-25T06:53:25","slug":"ujszeru-oltoanyag-adjuvans-keszitmeny-fejlesztese-ibv-ellen-tojotyukokban","status":"publish","type":"page","link":"https:\/\/univet.hu\/hu\/egyetem\/palyazati-projektek\/nkfih-palyazatok\/ujszeru-oltoanyag-adjuvans-keszitmeny-fejlesztese-ibv-ellen-tojotyukokban\/","title":{"rendered":"\u00dajszer\u0171 olt\u00f3anyag-adjuv\u00e1ns k\u00e9sz\u00edtm\u00e9ny fejleszt\u00e9se IBV ellen toj\u00f3ty\u00fakokban"},"content":{"rendered":"<p>&nbsp;<\/p> <p><strong>Projekt azonos\u00edt\u00f3:<\/strong> 2020-1.2.4-T\u00c9T-IPARI-2021-00015<\/p> <p><strong>Konzorciumi partner:<\/strong> B\u00e1bolna TETRA Baromfiteny\u00e9szt\u0151 \u00e9s Forgalmaz\u00f3 Kft.<\/p> <p><strong>Projekt teljes k\u00f6lts\u00e9gvet\u00e9se:<\/strong> 93.004.305,- Ft<\/p> <p><strong>T\u00e1mogat\u00e1si \u00f6sszeg:<\/strong> 69.943.664,- Ft<\/p> <p><strong>\u00c1llatorvostudom\u00e1nyi Egyetem \u00e1ltal elnyert t\u00e1mogat\u00e1si \u00f6sszeg:<\/strong> 38.559.005,- Ft<\/p> <p><strong>Projekt szakmai vezet\u0151je:<\/strong> Dr. Tenk Mikl\u00f3s<\/p> <p><strong>Megval\u00f3s\u00edt\u00e1s id\u0151szaka:<\/strong><\/p> <p>2022. janu\u00e1r 1. \u2013 2025. december 31.<\/p> <p>&nbsp;<\/p> <p>&nbsp;<\/p> <p><strong>Projekt tartalma:<\/strong><\/p> <p>A konzorcium egy baromfi sz\u00e1m\u00e1ra fontos betegs\u00e9g ellen tervez vakcin\u00e1t fejleszteni. A baromfi fert\u0151z\u0151 bronchitisze (IBV) komoly gazdas\u00e1gi k\u00e1rokat okoz. A protokollok \u00e1ltal\u00e1ban a toj\u00f3\u00e1llom\u00e1nyok parenter\u00e1lis vakcin\u00e1z\u00e1s\u00e1t javasolj\u00e1k inaktiv\u00e1lt vakcin\u00e1kkal, az \u00e9l\u0151 patog\u00e9ntartalm\u00fa olt\u00f3anyagok helyett. Az el\u00f6lt k\u00f3rokoz\u00f3kat tartalmaz\u00f3 v\u00e9d\u0151olt\u00e1sok biztons\u00e1gosak, de a v\u00e9delem nem megfelel\u0151 a v\u00edrusos megbeteged\u00e9sekkel szemben. Az \u00fajgener\u00e1ci\u00f3s vakcin\u00e1k a k\u00e9t kor\u00e1bban eml\u00edtett vakcinat\u00edpust \u00f6tv\u00f6zik, de el\u0151\u00e1ll\u00edt\u00e1si \u00e9s t\u00e1rol\u00e1si k\u00f6lts\u00e9geik nagyon magasak lehetnek. Az inaktiv\u00e1lt vakcin\u00e1k immunrendszert aktiv\u00e1l\u00f3 adjuv\u00e1nsok n\u00e9lk\u00fcl nem m\u0171k\u00f6dnek kell\u0151 hat\u00e9konys\u00e1ggal. Ezeknek a molekul\u00e1knak a fejleszt\u00e9s\u00e9vel a konvencion\u00e1lis olt\u00f3anyagok hat\u00e1sa jelent\u0151sen emelhet\u0151. Jelen fejleszt\u00e9s egy \u00faj adjuv\u00e1ns baromfiban t\u00f6rt\u00e9n\u0151 kipr\u00f3b\u00e1l\u00e1sa, amely v\u00e9geredm\u00e9nyk\u00e9nt egy hat\u00e9kony vakcin\u00e1t \u00edg\u00e9r egy teljesen \u00e1tlagos vakcinat\u00f6rzs eset\u00e9ben is. A felhaszn\u00e1lt IBV t\u00f6rzset \u00f6nmag\u00e1ban ritk\u00e1n haszn\u00e1lj\u00e1k nem megfelel\u0151 v\u00e9delme miatt. Az \u00faj adjuv\u00e1ns immunm\u00f3dos\u00edt\u00f3 hat\u00e1s\u00e1t m\u00e1r kor\u00e1bban bizony\u00edtotta eml\u0151s\u00f6k eset\u00e9ben. A P\u00e1ly\u00e1z\u00f3k v\u00e9lem\u00e9nye alapj\u00e1n ez a vakcina ezzel a t\u00f6rzzsel is k\u00e9pes megv\u00e9deni az \u00e1llom\u00e1nyokat a vad v\u00edrus vari\u00e1nsainak fert\u0151z\u00e9s\u00e9t\u0151l.<\/p> <p>Az adjuv\u00e1ns immunm\u00f3dos\u00edt\u00f3 szerep\u00e9nek vizsg\u00e1lat\u00e1t v\u00e9gezn\u00e9 el a magyarorsz\u00e1gi partner. A vizsg\u00e1latok m\u00e1s betegs\u00e9gek eset\u00e9ben is haszn\u00e1lhat\u00f3ak lenn\u00e9nek a vakcin\u00e1z\u00e1s hat\u00e9konys\u00e1g\u00e1nak m\u00e9r\u00e9s\u00e9re. Ehhez a laborat\u00f3riumi \u00e9s elm\u00e9leti h\u00e1tteret az \u00c1llatorvostudom\u00e1nyi Egyetem biztos\u00edtja, m\u00e9g a klinikai kipr\u00f3b\u00e1l\u00e1sokhoz sz\u00fcks\u00e9ges madarakat a B\u00e1bolna TETRA. Nagy gyakorlati tapasztalatokkal rendelkez\u0151 koll\u00e9g\u00e1ik biztos\u00edtj\u00e1k, hogy a nagy\u00fczemi k\u00f6r\u00fclm\u00e9nyek k\u00f6z\u00f6tt gyakorlatias legyen a kipr\u00f3b\u00e1l\u00e1s.<\/p> <p>&nbsp;<\/p> <p><img loading=\"lazy\" decoding=\"async\" class=\"size-medium wp-image-87453 alignright\" src=\"https:\/\/univet.hu\/wp-content\/uploads\/2023\/06\/NKFIA_infoblokk_kerettel_program_fekvo_2019_HU-320x136.jpg\" alt=\"\" width=\"320\" height=\"136\" srcset=\"https:\/\/univet.hu\/wp-content\/uploads\/2023\/06\/NKFIA_infoblokk_kerettel_program_fekvo_2019_HU-320x136.jpg 320w, https:\/\/univet.hu\/wp-content\/uploads\/2023\/06\/NKFIA_infoblokk_kerettel_program_fekvo_2019_HU-768x326.jpg 768w, https:\/\/univet.hu\/wp-content\/uploads\/2023\/06\/NKFIA_infoblokk_kerettel_program_fekvo_2019_HU-960x407.jpg 960w\" sizes=\"auto, (max-width: 320px) 100vw, 320px\" \/><\/p>","protected":false},"excerpt":{"rendered":"<p>&nbsp; Projekt azonos\u00edt\u00f3: 2020-1.2.4-T\u00c9T-IPARI-2021-00015 Konzorciumi partner: B\u00e1bolna TETRA Baromfiteny\u00e9szt\u0151 \u00e9s Forgalmaz\u00f3 Kft. Projekt teljes k\u00f6lts\u00e9gvet\u00e9se: 93.004.305,- Ft T\u00e1mogat\u00e1si \u00f6sszeg: 69.943.664,- Ft \u00c1llatorvostudom\u00e1nyi Egyetem \u00e1ltal elnyert t\u00e1mogat\u00e1si \u00f6sszeg: 38.559.005,- Ft Projekt szakmai vezet\u0151je: Dr. Tenk Mikl\u00f3s Megval\u00f3s\u00edt\u00e1s id\u0151szaka: 2022. janu\u00e1r 1. \u2013 2025. december 31. &nbsp; &nbsp; Projekt tartalma: A konzorcium egy baromfi sz\u00e1m\u00e1ra fontos betegs\u00e9g<\/p>\n","protected":false},"author":4322,"featured_media":0,"parent":45583,"menu_order":0,"comment_status":"open","ping_status":"open","template":"","meta":{"_acf_changed":false,"footnotes":""},"categories":[],"tags":[],"class_list":["post-81496","page","type-page","status-publish","hentry"],"acf":[],"_links":{"self":[{"href":"https:\/\/univet.hu\/hu\/wp-json\/wp\/v2\/pages\/81496","targetHints":{"allow":["GET"]}}],"collection":[{"href":"https:\/\/univet.hu\/hu\/wp-json\/wp\/v2\/pages"}],"about":[{"href":"https:\/\/univet.hu\/hu\/wp-json\/wp\/v2\/types\/page"}],"author":[{"embeddable":true,"href":"https:\/\/univet.hu\/hu\/wp-json\/wp\/v2\/users\/4322"}],"replies":[{"embeddable":true,"href":"https:\/\/univet.hu\/hu\/wp-json\/wp\/v2\/comments?post=81496"}],"version-history":[{"count":2,"href":"https:\/\/univet.hu\/hu\/wp-json\/wp\/v2\/pages\/81496\/revisions"}],"predecessor-version":[{"id":188269,"href":"https:\/\/univet.hu\/hu\/wp-json\/wp\/v2\/pages\/81496\/revisions\/188269"}],"up":[{"embeddable":true,"href":"https:\/\/univet.hu\/hu\/wp-json\/wp\/v2\/pages\/45583"}],"wp:attachment":[{"href":"https:\/\/univet.hu\/hu\/wp-json\/wp\/v2\/media?parent=81496"}],"wp:term":[{"taxonomy":"category","embeddable":true,"href":"https:\/\/univet.hu\/hu\/wp-json\/wp\/v2\/categories?post=81496"},{"taxonomy":"post_tag","embeddable":true,"href":"https:\/\/univet.hu\/hu\/wp-json\/wp\/v2\/tags?post=81496"}],"curies":[{"name":"wp","href":"https:\/\/api.w.org\/{rel}","templated":true}]}}