{"id":81571,"date":"2023-01-09T14:18:07","date_gmt":"2023-01-09T13:18:07","guid":{"rendered":"https:\/\/univet.hu\/hu\/egyetem\/szervezeti-egysegek\/informatikai-es-biztonsagi-igazgatosag\/informatikai-osztaly\/name-2\/"},"modified":"2023-01-12T15:16:58","modified_gmt":"2023-01-12T14:16:58","slug":"allatorvostudomanyi-egyetem-informatikai-es-biztonsagszervezesi-informaciok","status":"publish","type":"page","link":"https:\/\/univet.hu\/hu\/egyetem\/szervezeti-egysegek\/informatikai-osztaly\/allatorvostudomanyi-egyetem-informatikai-es-biztonsagszervezesi-informaciok\/","title":{"rendered":"Informatikai \u00c9s Biztons\u00e1gszervez\u00e9si Inform\u00e1ci\u00f3k"},"content":{"rendered":"<p>Az \u00c1llatorvostudom\u00e1nyi Egyetem Informatikai Oszt\u00e1lya azzal a c\u00e9llal hozta l\u00e9tre az <a href=\"https:\/\/ibi.univet.hu\" target=\"_blank\" rel=\"noopener\">ibi.univet.hu<\/a> port\u00e1lt, hogy azon a koll\u00e9g\u00e1k, \u00e9s a hallgat\u00f3k is k\u00f6nnyen megtal\u00e1lj\u00e1k a v\u00e1laszt az informatikai \u00fcgyekben felmer\u00fcl\u0151 k\u00e9rd\u00e9seikre. Legyen az felhaszn\u00e1l\u00f3 fi\u00f3k haszn\u00e1lat\u00e1val \u00f6sszef\u00fcgg\u0151 Office 365, Teams, vagy VPN hozz\u00e1f\u00e9r\u00e9s.<\/p>","protected":false},"excerpt":{"rendered":"<p>Az \u00c1llatorvostudom\u00e1nyi Egyetem Informatikai Oszt\u00e1lya azzal a c\u00e9llal hozta l\u00e9tre az ibi.univet.hu port\u00e1lt, hogy azon a koll\u00e9g\u00e1k, \u00e9s a hallgat\u00f3k is k\u00f6nnyen megtal\u00e1lj\u00e1k a v\u00e1laszt az informatikai \u00fcgyekben felmer\u00fcl\u0151 k\u00e9rd\u00e9seikre. Legyen az felhaszn\u00e1l\u00f3 fi\u00f3k haszn\u00e1lat\u00e1val \u00f6sszef\u00fcgg\u0151 Office 365, Teams, vagy VPN hozz\u00e1f\u00e9r\u00e9s.<\/p>\n","protected":false},"author":3837,"featured_media":0,"parent":3439,"menu_order":0,"comment_status":"open","ping_status":"open","template":"","meta":{"_acf_changed":false,"footnotes":""},"categories":[],"tags":[],"class_list":["post-81571","page","type-page","status-publish","hentry"],"acf":[],"_links":{"self":[{"href":"https:\/\/univet.hu\/hu\/wp-json\/wp\/v2\/pages\/81571","targetHints":{"allow":["GET"]}}],"collection":[{"href":"https:\/\/univet.hu\/hu\/wp-json\/wp\/v2\/pages"}],"about":[{"href":"https:\/\/univet.hu\/hu\/wp-json\/wp\/v2\/types\/page"}],"author":[{"embeddable":true,"href":"https:\/\/univet.hu\/hu\/wp-json\/wp\/v2\/users\/3837"}],"replies":[{"embeddable":true,"href":"https:\/\/univet.hu\/hu\/wp-json\/wp\/v2\/comments?post=81571"}],"version-history":[{"count":0,"href":"https:\/\/univet.hu\/hu\/wp-json\/wp\/v2\/pages\/81571\/revisions"}],"up":[{"embeddable":true,"href":"https:\/\/univet.hu\/hu\/wp-json\/wp\/v2\/pages\/3439"}],"wp:attachment":[{"href":"https:\/\/univet.hu\/hu\/wp-json\/wp\/v2\/media?parent=81571"}],"wp:term":[{"taxonomy":"category","embeddable":true,"href":"https:\/\/univet.hu\/hu\/wp-json\/wp\/v2\/categories?post=81571"},{"taxonomy":"post_tag","embeddable":true,"href":"https:\/\/univet.hu\/hu\/wp-json\/wp\/v2\/tags?post=81571"}],"curies":[{"name":"wp","href":"https:\/\/api.w.org\/{rel}","templated":true}]}}