{"id":81572,"date":"2023-01-09T13:50:50","date_gmt":"2023-01-09T12:50:50","guid":{"rendered":"https:\/\/univet.hu\/?page_id=81572"},"modified":"2023-03-31T11:21:44","modified_gmt":"2023-03-31T09:21:44","slug":"bucsy-laszlo-1945-2022-hamar-gyorgy-1948-1993","status":"publish","type":"page","link":"https:\/\/univet.hu\/hu\/bucsy-laszlo-1945-2022-hamar-gyorgy-1948-1993\/","title":{"rendered":"Bucsy L\u00e1szl\u00f3 (1945\u20132022), Hamar Gy\u00f6rgy (1948\u20131993)"},"content":{"rendered":"<p><a href=\"https:\/\/univet.hu\/en\/bucsy-laszlo-1945-2022-hamar-gyorgy-1948-1993\/klubalapitok-emlekei-1\/\" rel=\"attachment wp-att-84913\"><img loading=\"lazy\" decoding=\"async\" class=\"aligncenter size-full wp-image-84913\" src=\"https:\/\/univet.hu\/wp-content\/uploads\/2023\/03\/Klubalapitok-emlekei-1.jpg\" alt=\"\" width=\"1654\" height=\"2339\" srcset=\"https:\/\/univet.hu\/wp-content\/uploads\/2023\/03\/Klubalapitok-emlekei-1.jpg 1654w, https:\/\/univet.hu\/wp-content\/uploads\/2023\/03\/Klubalapitok-emlekei-1-226x320.jpg 226w, https:\/\/univet.hu\/wp-content\/uploads\/2023\/03\/Klubalapitok-emlekei-1-768x1086.jpg 768w, https:\/\/univet.hu\/wp-content\/uploads\/2023\/03\/Klubalapitok-emlekei-1-679x960.jpg 679w\" sizes=\"auto, (max-width: 1654px) 100vw, 1654px\" \/><\/a> <a href=\"https:\/\/univet.hu\/en\/bucsy-laszlo-1945-2022-hamar-gyorgy-1948-1993\/klubalapitok-emlekei-2\/\" rel=\"attachment wp-att-84914\"><img loading=\"lazy\" decoding=\"async\" class=\"aligncenter size-full wp-image-84914\" src=\"https:\/\/univet.hu\/wp-content\/uploads\/2023\/03\/Klubalapitok-emlekei-2.jpg\" alt=\"\" width=\"1654\" height=\"2339\" srcset=\"https:\/\/univet.hu\/wp-content\/uploads\/2023\/03\/Klubalapitok-emlekei-2.jpg 1654w, https:\/\/univet.hu\/wp-content\/uploads\/2023\/03\/Klubalapitok-emlekei-2-226x320.jpg 226w, https:\/\/univet.hu\/wp-content\/uploads\/2023\/03\/Klubalapitok-emlekei-2-768x1086.jpg 768w, https:\/\/univet.hu\/wp-content\/uploads\/2023\/03\/Klubalapitok-emlekei-2-679x960.jpg 679w\" sizes=\"auto, (max-width: 1654px) 100vw, 1654px\" \/><\/a> <a href=\"https:\/\/univet.hu\/en\/bucsy-laszlo-1945-2022-hamar-gyorgy-1948-1993\/klubalapitok-emlekei-3\/\" rel=\"attachment wp-att-84915\"><img loading=\"lazy\" decoding=\"async\" class=\"aligncenter size-full wp-image-84915\" src=\"https:\/\/univet.hu\/wp-content\/uploads\/2023\/03\/Klubalapitok-emlekei-3.jpg\" alt=\"\" width=\"1654\" height=\"2339\" srcset=\"https:\/\/univet.hu\/wp-content\/uploads\/2023\/03\/Klubalapitok-emlekei-3.jpg 1654w, https:\/\/univet.hu\/wp-content\/uploads\/2023\/03\/Klubalapitok-emlekei-3-226x320.jpg 226w, https:\/\/univet.hu\/wp-content\/uploads\/2023\/03\/Klubalapitok-emlekei-3-768x1086.jpg 768w, https:\/\/univet.hu\/wp-content\/uploads\/2023\/03\/Klubalapitok-emlekei-3-679x960.jpg 679w\" sizes=\"auto, (max-width: 1654px) 100vw, 1654px\" \/><\/a> <a href=\"https:\/\/univet.hu\/en\/bucsy-laszlo-1945-2022-hamar-gyorgy-1948-1993\/klubalapitok-emlekei-4\/\" rel=\"attachment wp-att-84916\"><img loading=\"lazy\" decoding=\"async\" class=\"aligncenter size-full wp-image-84916\" src=\"https:\/\/univet.hu\/wp-content\/uploads\/2023\/03\/Klubalapitok-emlekei-4.jpg\" alt=\"\" width=\"1654\" height=\"2339\" srcset=\"https:\/\/univet.hu\/wp-content\/uploads\/2023\/03\/Klubalapitok-emlekei-4.jpg 1654w, https:\/\/univet.hu\/wp-content\/uploads\/2023\/03\/Klubalapitok-emlekei-4-226x320.jpg 226w, https:\/\/univet.hu\/wp-content\/uploads\/2023\/03\/Klubalapitok-emlekei-4-768x1086.jpg 768w, https:\/\/univet.hu\/wp-content\/uploads\/2023\/03\/Klubalapitok-emlekei-4-679x960.jpg 679w\" sizes=\"auto, (max-width: 1654px) 100vw, 1654px\" \/><\/a> <a href=\"https:\/\/univet.hu\/en\/bucsy-laszlo-1945-2022-hamar-gyorgy-1948-1993\/klubalapitok-emlekei-5\/\" rel=\"attachment wp-att-84917\"><img loading=\"lazy\" decoding=\"async\" class=\"aligncenter size-full wp-image-84917\" src=\"https:\/\/univet.hu\/wp-content\/uploads\/2023\/03\/Klubalapitok-emlekei-5.jpg\" alt=\"\" width=\"1654\" height=\"2339\" srcset=\"https:\/\/univet.hu\/wp-content\/uploads\/2023\/03\/Klubalapitok-emlekei-5.jpg 1654w, https:\/\/univet.hu\/wp-content\/uploads\/2023\/03\/Klubalapitok-emlekei-5-226x320.jpg 226w, https:\/\/univet.hu\/wp-content\/uploads\/2023\/03\/Klubalapitok-emlekei-5-768x1086.jpg 768w, https:\/\/univet.hu\/wp-content\/uploads\/2023\/03\/Klubalapitok-emlekei-5-679x960.jpg 679w\" sizes=\"auto, (max-width: 1654px) 100vw, 1654px\" \/><\/a> <a href=\"https:\/\/univet.hu\/en\/bucsy-laszlo-1945-2022-hamar-gyorgy-1948-1993\/klubalapitok-emlekei-6\/\" rel=\"attachment wp-att-84918\"><img loading=\"lazy\" decoding=\"async\" class=\"aligncenter size-full wp-image-84918\" src=\"https:\/\/univet.hu\/wp-content\/uploads\/2023\/03\/Klubalapitok-emlekei-6.jpg\" alt=\"\" width=\"1654\" height=\"2339\" srcset=\"https:\/\/univet.hu\/wp-content\/uploads\/2023\/03\/Klubalapitok-emlekei-6.jpg 1654w, https:\/\/univet.hu\/wp-content\/uploads\/2023\/03\/Klubalapitok-emlekei-6-226x320.jpg 226w, https:\/\/univet.hu\/wp-content\/uploads\/2023\/03\/Klubalapitok-emlekei-6-768x1086.jpg 768w, https:\/\/univet.hu\/wp-content\/uploads\/2023\/03\/Klubalapitok-emlekei-6-679x960.jpg 679w\" sizes=\"auto, (max-width: 1654px) 100vw, 1654px\" \/><\/a> <a href=\"https:\/\/univet.hu\/en\/bucsy-laszlo-1945-2022-hamar-gyorgy-1948-1993\/klubalapitok-emlekei-7\/\" rel=\"attachment wp-att-84919\"><img loading=\"lazy\" decoding=\"async\" class=\"aligncenter size-full wp-image-84919\" src=\"https:\/\/univet.hu\/wp-content\/uploads\/2023\/03\/Klubalapitok-emlekei-7.jpg\" alt=\"\" width=\"1654\" height=\"2339\" srcset=\"https:\/\/univet.hu\/wp-content\/uploads\/2023\/03\/Klubalapitok-emlekei-7.jpg 1654w, https:\/\/univet.hu\/wp-content\/uploads\/2023\/03\/Klubalapitok-emlekei-7-226x320.jpg 226w, https:\/\/univet.hu\/wp-content\/uploads\/2023\/03\/Klubalapitok-emlekei-7-768x1086.jpg 768w, https:\/\/univet.hu\/wp-content\/uploads\/2023\/03\/Klubalapitok-emlekei-7-679x960.jpg 679w\" sizes=\"auto, (max-width: 1654px) 100vw, 1654px\" \/><\/a> <a href=\"https:\/\/univet.hu\/en\/bucsy-laszlo-1945-2022-hamar-gyorgy-1948-1993\/klubalapitok-emlekei-8\/\" rel=\"attachment wp-att-84920\"><img loading=\"lazy\" decoding=\"async\" class=\"aligncenter size-full wp-image-84920\" src=\"https:\/\/univet.hu\/wp-content\/uploads\/2023\/03\/Klubalapitok-emlekei-8.jpg\" alt=\"\" width=\"1654\" height=\"2339\" srcset=\"https:\/\/univet.hu\/wp-content\/uploads\/2023\/03\/Klubalapitok-emlekei-8.jpg 1654w, https:\/\/univet.hu\/wp-content\/uploads\/2023\/03\/Klubalapitok-emlekei-8-226x320.jpg 226w, https:\/\/univet.hu\/wp-content\/uploads\/2023\/03\/Klubalapitok-emlekei-8-768x1086.jpg 768w, https:\/\/univet.hu\/wp-content\/uploads\/2023\/03\/Klubalapitok-emlekei-8-679x960.jpg 679w\" sizes=\"auto, (max-width: 1654px) 100vw, 1654px\" \/><\/a> <a href=\"https:\/\/univet.hu\/en\/bucsy-laszlo-1945-2022-hamar-gyorgy-1948-1993\/klubalapitok-emlekei-9\/\" rel=\"attachment wp-att-84921\"><img loading=\"lazy\" decoding=\"async\" class=\"aligncenter size-full wp-image-84921\" src=\"https:\/\/univet.hu\/wp-content\/uploads\/2023\/03\/Klubalapitok-emlekei-9.jpg\" alt=\"\" width=\"1654\" height=\"2339\" srcset=\"https:\/\/univet.hu\/wp-content\/uploads\/2023\/03\/Klubalapitok-emlekei-9.jpg 1654w, https:\/\/univet.hu\/wp-content\/uploads\/2023\/03\/Klubalapitok-emlekei-9-226x320.jpg 226w, https:\/\/univet.hu\/wp-content\/uploads\/2023\/03\/Klubalapitok-emlekei-9-768x1086.jpg 768w, https:\/\/univet.hu\/wp-content\/uploads\/2023\/03\/Klubalapitok-emlekei-9-679x960.jpg 679w\" sizes=\"auto, (max-width: 1654px) 100vw, 1654px\" \/><\/a><\/p>  \t\t<ul id='gallery-1' class='gallery galleryid-81572 block-grid-xs-2 block-grid-sm-3 block-grid-md-4 block-grid-lg-5'><li class='gallery-item'>         <span class='gallery-icon'>             <a href='https:\/\/univet.hu\/wp-content\/uploads\/2023\/03\/1968-Klub-TV-vel-\u00e1otk-0215.jpg'><img loading=\"lazy\" decoding=\"async\" width=\"320\" height=\"320\" src=\"https:\/\/univet.hu\/wp-content\/uploads\/2023\/03\/1968-Klub-TV-vel-\u00e1otk-0215-320x320.jpg\" class=\"attachment-thumbnail size-thumbnail\" alt=\"\" srcset=\"https:\/\/univet.hu\/wp-content\/uploads\/2023\/03\/1968-Klub-TV-vel-\u00e1otk-0215-320x320.jpg 320w, https:\/\/univet.hu\/wp-content\/uploads\/2023\/03\/1968-Klub-TV-vel-\u00e1otk-0215-640x640.jpg 640w\" sizes=\"auto, (max-width: 320px) 100vw, 320px\" \/><\/a>         <\/span><\/li><li class='gallery-item'>         <span class='gallery-icon'>             <a href='https:\/\/univet.hu\/wp-content\/uploads\/2023\/03\/1968-Hamar-es-Bucsy-szines-Ashampoo-javitott.jpg'><img loading=\"lazy\" decoding=\"async\" width=\"320\" height=\"320\" src=\"https:\/\/univet.hu\/wp-content\/uploads\/2023\/03\/1968-Hamar-es-Bucsy-szines-Ashampoo-javitott-320x320.jpg\" class=\"attachment-thumbnail size-thumbnail\" alt=\"\" srcset=\"https:\/\/univet.hu\/wp-content\/uploads\/2023\/03\/1968-Hamar-es-Bucsy-szines-Ashampoo-javitott-320x320.jpg 320w, https:\/\/univet.hu\/wp-content\/uploads\/2023\/03\/1968-Hamar-es-Bucsy-szines-Ashampoo-javitott-640x640.jpg 640w\" sizes=\"auto, (max-width: 320px) 100vw, 320px\" \/><\/a>         <\/span><\/li><li class='gallery-item'>         <span class='gallery-icon'>             <a href='https:\/\/univet.hu\/wp-content\/uploads\/2023\/03\/1968-Klub-b\u00e1rpult.jpg'><img loading=\"lazy\" decoding=\"async\" width=\"320\" height=\"320\" src=\"https:\/\/univet.hu\/wp-content\/uploads\/2023\/03\/1968-Klub-b\u00e1rpult-320x320.jpg\" class=\"attachment-thumbnail size-thumbnail\" alt=\"\" srcset=\"https:\/\/univet.hu\/wp-content\/uploads\/2023\/03\/1968-Klub-b\u00e1rpult-320x320.jpg 320w, https:\/\/univet.hu\/wp-content\/uploads\/2023\/03\/1968-Klub-b\u00e1rpult-640x640.jpg 640w\" sizes=\"auto, (max-width: 320px) 100vw, 320px\" \/><\/a>         <\/span><\/li><li class='gallery-item'>         <span class='gallery-icon'>             <a href='https:\/\/univet.hu\/wp-content\/uploads\/2023\/03\/1968-Klub-el\u0151t\u00e9r-eredeti-Hamar-falik\u00e9ppel-ajto-helyett-m\u00e9g-f\u00fcgg\u00f6ny.jpg'><img loading=\"lazy\" decoding=\"async\" width=\"320\" height=\"320\" src=\"https:\/\/univet.hu\/wp-content\/uploads\/2023\/03\/1968-Klub-el\u0151t\u00e9r-eredeti-Hamar-falik\u00e9ppel-ajto-helyett-m\u00e9g-f\u00fcgg\u00f6ny-320x320.jpg\" class=\"attachment-thumbnail size-thumbnail\" alt=\"\" srcset=\"https:\/\/univet.hu\/wp-content\/uploads\/2023\/03\/1968-Klub-el\u0151t\u00e9r-eredeti-Hamar-falik\u00e9ppel-ajto-helyett-m\u00e9g-f\u00fcgg\u00f6ny-320x320.jpg 320w, https:\/\/univet.hu\/wp-content\/uploads\/2023\/03\/1968-Klub-el\u0151t\u00e9r-eredeti-Hamar-falik\u00e9ppel-ajto-helyett-m\u00e9g-f\u00fcgg\u00f6ny-640x640.jpg 640w\" sizes=\"auto, (max-width: 320px) 100vw, 320px\" \/><\/a>         <\/span><\/li><li class='gallery-item'>         <span class='gallery-icon'>             <a href='https:\/\/univet.hu\/wp-content\/uploads\/2023\/03\/1968-Klub-Hamar-F\u00e1ncsi-G\u00f6nye-Lencs\u00e9s.jpg'><img loading=\"lazy\" decoding=\"async\" width=\"320\" height=\"320\" src=\"https:\/\/univet.hu\/wp-content\/uploads\/2023\/03\/1968-Klub-Hamar-F\u00e1ncsi-G\u00f6nye-Lencs\u00e9s-320x320.jpg\" class=\"attachment-thumbnail size-thumbnail\" alt=\"\" srcset=\"https:\/\/univet.hu\/wp-content\/uploads\/2023\/03\/1968-Klub-Hamar-F\u00e1ncsi-G\u00f6nye-Lencs\u00e9s-320x320.jpg 320w, https:\/\/univet.hu\/wp-content\/uploads\/2023\/03\/1968-Klub-Hamar-F\u00e1ncsi-G\u00f6nye-Lencs\u00e9s-640x640.jpg 640w\" sizes=\"auto, (max-width: 320px) 100vw, 320px\" \/><\/a>         <\/span><\/li><li class='gallery-item'>         <span class='gallery-icon'>             <a href='https:\/\/univet.hu\/wp-content\/uploads\/2023\/03\/1969-Hamar-es-Bucsy.jpg'><img loading=\"lazy\" decoding=\"async\" width=\"320\" height=\"320\" src=\"https:\/\/univet.hu\/wp-content\/uploads\/2023\/03\/1969-Hamar-es-Bucsy-320x320.jpg\" class=\"attachment-thumbnail size-thumbnail\" alt=\"\" srcset=\"https:\/\/univet.hu\/wp-content\/uploads\/2023\/03\/1969-Hamar-es-Bucsy-320x320.jpg 320w, https:\/\/univet.hu\/wp-content\/uploads\/2023\/03\/1969-Hamar-es-Bucsy-640x640.jpg 640w\" sizes=\"auto, (max-width: 320px) 100vw, 320px\" \/><\/a>         <\/span><\/li><li class='gallery-item'>         <span class='gallery-icon'>             <a href='https:\/\/univet.hu\/wp-content\/uploads\/2023\/03\/19671-Ablaktervek-glas-window-plans.jpg'><img loading=\"lazy\" decoding=\"async\" width=\"320\" height=\"320\" src=\"https:\/\/univet.hu\/wp-content\/uploads\/2023\/03\/19671-Ablaktervek-glas-window-plans-320x320.jpg\" class=\"attachment-thumbnail size-thumbnail\" alt=\"\" srcset=\"https:\/\/univet.hu\/wp-content\/uploads\/2023\/03\/19671-Ablaktervek-glas-window-plans-320x320.jpg 320w, https:\/\/univet.hu\/wp-content\/uploads\/2023\/03\/19671-Ablaktervek-glas-window-plans-640x640.jpg 640w\" sizes=\"auto, (max-width: 320px) 100vw, 320px\" \/><\/a>         <\/span><\/li><li class='gallery-item'>         <span class='gallery-icon'>             <a href='https:\/\/univet.hu\/wp-content\/uploads\/2023\/03\/A-Klub-alapitasa-Fancsi-cikk-MAL_1969-1-oldal.jpg'><img loading=\"lazy\" decoding=\"async\" width=\"320\" height=\"320\" src=\"https:\/\/univet.hu\/wp-content\/uploads\/2023\/03\/A-Klub-alapitasa-Fancsi-cikk-MAL_1969-1-oldal-320x320.jpg\" class=\"attachment-thumbnail size-thumbnail\" alt=\"\" \/><\/a>         <\/span><\/li><li class='gallery-item'>         <span class='gallery-icon'>             <a href='https:\/\/univet.hu\/wp-content\/uploads\/2023\/03\/A-Klub-alapitasa-Fancsi-cikk-MAL_1969-2-oldal.jpg'><img loading=\"lazy\" decoding=\"async\" width=\"320\" height=\"320\" src=\"https:\/\/univet.hu\/wp-content\/uploads\/2023\/03\/A-Klub-alapitasa-Fancsi-cikk-MAL_1969-2-oldal-320x320.jpg\" class=\"attachment-thumbnail size-thumbnail\" alt=\"\" srcset=\"https:\/\/univet.hu\/wp-content\/uploads\/2023\/03\/A-Klub-alapitasa-Fancsi-cikk-MAL_1969-2-oldal-320x320.jpg 320w, https:\/\/univet.hu\/wp-content\/uploads\/2023\/03\/A-Klub-alapitasa-Fancsi-cikk-MAL_1969-2-oldal-640x640.jpg 640w\" sizes=\"auto, (max-width: 320px) 100vw, 320px\" \/><\/a>         <\/span><\/li><li class='gallery-item'>         <span class='gallery-icon'>             <a href='https:\/\/univet.hu\/wp-content\/uploads\/2023\/03\/A-Klub-alapitasa-Fancsi-cikk-MAL_1969-3-oldal.jpg'><img loading=\"lazy\" decoding=\"async\" width=\"320\" height=\"320\" src=\"https:\/\/univet.hu\/wp-content\/uploads\/2023\/03\/A-Klub-alapitasa-Fancsi-cikk-MAL_1969-3-oldal-320x320.jpg\" class=\"attachment-thumbnail size-thumbnail\" alt=\"\" srcset=\"https:\/\/univet.hu\/wp-content\/uploads\/2023\/03\/A-Klub-alapitasa-Fancsi-cikk-MAL_1969-3-oldal-320x320.jpg 320w, https:\/\/univet.hu\/wp-content\/uploads\/2023\/03\/A-Klub-alapitasa-Fancsi-cikk-MAL_1969-3-oldal-640x640.jpg 640w\" sizes=\"auto, (max-width: 320px) 100vw, 320px\" \/><\/a>         <\/span><\/li><\/ul>","protected":false},"excerpt":{"rendered":"","protected":false},"author":2518,"featured_media":0,"parent":0,"menu_order":0,"comment_status":"closed","ping_status":"closed","template":"","meta":{"_acf_changed":false,"footnotes":""},"categories":[],"tags":[],"class_list":["post-81572","page","type-page","status-publish","hentry"],"acf":[],"_links":{"self":[{"href":"https:\/\/univet.hu\/hu\/wp-json\/wp\/v2\/pages\/81572","targetHints":{"allow":["GET"]}}],"collection":[{"href":"https:\/\/univet.hu\/hu\/wp-json\/wp\/v2\/pages"}],"about":[{"href":"https:\/\/univet.hu\/hu\/wp-json\/wp\/v2\/types\/page"}],"author":[{"embeddable":true,"href":"https:\/\/univet.hu\/hu\/wp-json\/wp\/v2\/users\/2518"}],"replies":[{"embeddable":true,"href":"https:\/\/univet.hu\/hu\/wp-json\/wp\/v2\/comments?post=81572"}],"version-history":[{"count":0,"href":"https:\/\/univet.hu\/hu\/wp-json\/wp\/v2\/pages\/81572\/revisions"}],"wp:attachment":[{"href":"https:\/\/univet.hu\/hu\/wp-json\/wp\/v2\/media?parent=81572"}],"wp:term":[{"taxonomy":"category","embeddable":true,"href":"https:\/\/univet.hu\/hu\/wp-json\/wp\/v2\/categories?post=81572"},{"taxonomy":"post_tag","embeddable":true,"href":"https:\/\/univet.hu\/hu\/wp-json\/wp\/v2\/tags?post=81572"}],"curies":[{"name":"wp","href":"https:\/\/api.w.org\/{rel}","templated":true}]}}