{"id":81613,"date":"2023-01-10T12:30:45","date_gmt":"2023-01-10T11:30:45","guid":{"rendered":"https:\/\/univet.hu\/?page_id=81613"},"modified":"2026-03-24T14:02:00","modified_gmt":"2026-03-24T13:02:00","slug":"kasza-gyula","status":"publish","type":"page","link":"https:\/\/univet.hu\/hu\/egyetem\/munkatarsak\/kasza-gyula\/","title":{"rendered":"Kasza Gyula"},"content":{"rendered":"<p style=\"text-align: center\"><strong>Bemutatkoz\u00e1s\u00a0 <\/strong><\/p> <p>Kasza Gyula az \u00c1llatorvostudom\u00e1nyi Egyetem \u00c9lelmiszerhigi\u00e9niai Tansz\u00e9k\u00e9nek egyetemi docense, az \u00c9lelmiszergazdas\u00e1gtudom\u00e1nyi Kutat\u00f3csoport vezet\u0151je.<\/p> <p><strong>F\u0151bb kutat\u00e1si ter\u00fcletek:<\/strong><\/p> <ul> <li>\u00c9lelmiszerbiztons\u00e1g<\/li> <li>\u00c9lelmiszerpazarl\u00e1s-cs\u00f6kkent\u00e9s<\/li> <li>Kock\u00e1zatkommunik\u00e1ci\u00f3<\/li> <li>Fogyaszt\u00f3i kutat\u00e1sok<\/li> <\/ul> <p><strong>El\u0151rehalad\u00e1s<\/strong><\/p> <table style=\"height: 1267px\" width=\"725\"> <tbody> <tr style=\"height: 40px\"> <td style=\"width: 166.3px;text-align: center;height: 40px\"><strong>Munkahelyek<\/strong><\/td> <td style=\"width: 302.75px;text-align: center;height: 40px\"><strong>Int\u00e9zm\u00e9ny neve<\/strong><\/td> <td style=\"width: 233.95px;text-align: center;height: 40px\"><strong>beoszt\u00e1s<\/strong><\/td> <\/tr> <tr style=\"height: 115px\"> <td style=\"width: 166.3px;height: 115px\">2007-<\/td> <td style=\"width: 302.75px;height: 115px\">\u00c1llatorvostudom\u00e1nyi Egyetem, \u00c9lelmiszerhigi\u00e9niai Tansz\u00e9k<\/td> <td style=\"width: 233.95px;height: 115px\">egyetemi docens, c\u00edmzetes egyetemi tan\u00e1r (kor\u00e1bban: vend\u00e9gel\u0151ad\u00f3, projektvezet\u0151)<\/td> <\/tr> <tr style=\"height: 115px\"> <td style=\"width: 166.3px;height: 115px\">2015-2022<\/td> <td style=\"width: 302.75px;height: 115px\">Nemzeti \u00c9lelmiszerl\u00e1nc-biztons\u00e1gi Hivatal, \u00c9lelmiszerbiztons\u00e1gi Kock\u00e1zatkezel\u00e9si Igazgat\u00f3s\u00e1g<\/td> <td style=\"width: 233.95px;height: 115px\">oszt\u00e1lyvezet\u0151, igazgat\u00f3helyettes<\/td> <\/tr> <tr style=\"height: 77px\"> <td style=\"width: 166.3px;height: 77px\">2008-2013<\/td> <td style=\"width: 302.75px;height: 77px\">F\u00f6ldm\u0171vel\u00e9si \u00e9s Vid\u00e9kfejleszt\u00e9si Miniszt\u00e9rium<\/td> <td style=\"width: 233.95px;height: 77px\">oszt\u00e1lyvezet\u0151, miniszteri megb\u00edzott<\/td> <\/tr> <tr style=\"height: 153px\"> <td style=\"width: 166.3px;height: 153px\">2005-<\/td> <td style=\"width: 302.75px;height: 153px\">Magyar Agr\u00e1r- \u00e9s \u00c9lettudom\u00e1nyi Egyetem \u00e9s jogel\u0151dei, \u00c9lelmiszeripari Gazdas\u00e1gtan Tansz\u00e9k, \u00c9lelmiszertudom\u00e1nyi \u00e9s Technol\u00f3giai Int\u00e9zet<\/td> <td style=\"width: 233.95px;height: 153px\">egyetemi docens (r\u00e9szmunkaid\u0151s), c\u00edmzetes egyetemi tan\u00e1r<\/td> <\/tr> <tr style=\"height: 40px\"> <td style=\"width: 166.3px;height: 40px\">2006-2009<\/td> <td style=\"width: 302.75px;height: 40px\">Eur\u00f3pai Szoci\u00e1lis Alap<\/td> <td style=\"width: 233.95px;height: 40px\">monitoring szak\u00e9rt\u0151<\/td> <\/tr> <tr style=\"height: 115px\"> <td style=\"width: 166.3px;height: 115px\">2004-2005<\/td> <td style=\"width: 302.75px;height: 115px\">Institute for Advanced Studies on Science, Technology and Society, Graz, Ausztria<\/td> <td style=\"width: 233.95px;height: 115px\">Kutat\u00e1si munkat\u00e1rs, Ernst Mach Grant osztr\u00e1k \u00e1llami \u00f6szt\u00f6nd\u00edjas kutat\u00f3<\/td> <\/tr> <tr style=\"height: 115px\"> <td style=\"width: 166.3px;height: 115px\">2003<\/td> <td style=\"width: 302.75px;height: 115px\">Science and Technology Studies Unit, Department of Sociology, University of York, Egyes\u00fclt Kir\u00e1lys\u00e1g<\/td> <td style=\"width: 233.95px;height: 115px\">Marie Curie \u00f6szt\u00f6nd\u00edjas kutat\u00e1si munkat\u00e1rs<\/td> <\/tr> <tr style=\"height: 149px\"> <td style=\"width: 166.3px;height: 149px\">2001-2004<\/td> <td style=\"width: 302.75px;height: 149px\">K\u00f6zponti \u00c9lelmiszer-tudom\u00e1nyi Kutat\u00f3int\u00e9zet, \u00c9lelmiszergazdas\u00e1gi \u00e9s \u00c9lelmiszermin\u0151s\u00e9gi Oszt\u00e1ly<\/td> <td style=\"width: 233.95px;height: 149px\">tudom\u00e1nyos seg\u00e9dmunkat\u00e1rs<\/td> <\/tr> <tr style=\"height: 77px\"> <td style=\"width: 166.3px;text-align: center;height: 77px\"><strong>Tanulm\u00e1nyok<\/strong><\/td> <td style=\"width: 302.75px;text-align: center;height: 77px\"><strong>Int\u00e9zm\u00e9ny neve<\/strong><\/td> <td style=\"width: 233.95px;text-align: center;height: 77px\"><strong>Tanulm\u00e1nyok, tudom\u00e1nyos fokozat, c\u00edm<\/strong><\/td> <\/tr> <tr style=\"height: 77px\"> <td style=\"width: 166.3px;height: 77px\">2018<\/td> <td style=\"width: 302.75px;height: 77px\">\u00c1llatorvostudom\u00e1nyi Doktori Iskola &#8211; \u00c1llatorvostudom\u00e1nyi Egyetem<\/td> <td style=\"width: 233.95px;height: 77px\">Habilit\u00e1ci\u00f3<\/td> <\/tr> <tr style=\"height: 77px\"> <td style=\"width: 166.3px;height: 77px\">2010-2012<\/td> <td style=\"width: 302.75px;height: 77px\">E\u00f6tv\u00f6s Lor\u00e1nd Tudom\u00e1nyegyetem &#8211; \u00c1llam- \u00e9s Jogtudom\u00e1nyi Kar<\/td> <td style=\"width: 233.95px;height: 77px\">Jogi szakokleveles posztgradu\u00e1lis k\u00e9pz\u00e9s<\/td> <\/tr> <tr style=\"height: 40px\"> <td style=\"width: 166.3px;height: 40px\">2001-2010<\/td> <td style=\"width: 302.75px;height: 40px\">Budapesti Corvinus Egyetem<\/td> <td style=\"width: 233.95px;height: 40px\">PhD<\/td> <\/tr> <tr style=\"height: 77px\"> <td style=\"width: 166.3px;height: 77px\">1996-2001<\/td> <td style=\"width: 302.75px;height: 77px\">Kaposv\u00e1ri Egyetem &#8211; \u00c1llattudom\u00e1nyi Kar<\/td> <td style=\"width: 233.95px;height: 77px\">Gazdas\u00e1gi agr\u00e1rm\u00e9rn\u00f6k \u00e9lelmiszergazdas\u00e1gi szakon<\/td> <\/tr> <\/tbody> <\/table> <p><strong>Szakmai szervezeti tags\u00e1g<\/strong><\/p> <table width=\"624\"> <tbody> <tr> <td width=\"378\"><strong>Bizotts\u00e1g neve<\/strong><\/td> <td width=\"151\"><strong>Id\u0151<\/strong><\/td> <td width=\"95\"><strong>Tiszts\u00e9g<\/strong><\/td> <\/tr> <tr> <td width=\"378\">Citizens Panel on Food Waste (Eur\u00f3pai Bizotts\u00e1g), Knowledge Committee<\/td> <td width=\"151\">2022-<\/td> <td width=\"95\">tag<\/td> <\/tr> <tr> <td width=\"378\">European Consumer Food Waste Forum (European Joint Research Centre)<\/td> <td width=\"151\">2021-<\/td> <td width=\"95\">core expert<\/td> <\/tr> <tr> <td width=\"378\">Magyar T\u00e1pl\u00e1lkoz\u00e1studom\u00e1nyi T\u00e1rsas\u00e1g<\/td> <td width=\"151\">2021-<\/td> <td width=\"95\">tag<\/td> <\/tr> <tr> <td width=\"378\">European Platform on Food Losses and Food Waste (DG SANT\u00c9)<\/td> <td width=\"151\">2019-<\/td> <td width=\"95\">tag<\/td> <\/tr> <tr> <td width=\"378\">\u00c9lelmiszer \u00c9rt\u00e9k F\u00f3rum, Ir\u00e1ny\u00edt\u00f3 Bizotts\u00e1g<\/td> <td width=\"151\">2018<\/td> <td width=\"95\">tag<\/td> <\/tr> <tr> <td width=\"378\">Magyar Eredetv\u00e9delmi Tan\u00e1cs<\/td> <td width=\"151\">2015-2017<\/td> <td width=\"95\">tag<\/td> <\/tr> <tr> <td width=\"378\">Magyar \u00c9lelmiszerk\u00f6nyv Szeszesitalok Szakbizotts\u00e1g<\/td> <td width=\"151\">2015-2017<\/td> <td width=\"95\">tag<\/td> <\/tr> <tr> <td width=\"378\">Magyar Tudom\u00e1nyos Akad\u00e9mia, K\u00f6rnyezettudom\u00e1nyi Eln\u00f6ki Bizotts\u00e1g, \u00c9lelmiszerbiztons\u00e1gi Albizotts\u00e1g<\/td> <td width=\"151\">2013-<\/td> <td width=\"95\">tag<\/td> <\/tr> <tr> <td width=\"378\">Hungarikum Bizotts\u00e1g, Agr\u00e1r- \u00e9s \u00e9lelmiszergazdas\u00e1g \u00c1gazati Szakbizotts\u00e1g<\/td> <td width=\"151\">2013-2018<\/td> <td width=\"95\">tag<\/td> <\/tr> <tr> <td width=\"378\">Magyar Tudom\u00e1nyos Akad\u00e9mia<\/td> <td width=\"151\">2011-<\/td> <td width=\"95\">k\u00f6ztest\u00fcleti tag<\/td> <\/tr> <tr> <td width=\"378\">Magyar Hadtudom\u00e1nyi T\u00e1rsas\u00e1g<\/td> <td width=\"151\">2010-2018<\/td> <td width=\"95\">tag<\/td> <\/tr> <tr> <td width=\"378\">Magyar \u00c9lelmez\u00e9sipari Tudom\u00e1nyos Egyes\u00fclet<\/td> <td width=\"151\">2005-<\/td> <td width=\"95\">tag<\/td> <\/tr> <tr> <td width=\"378\">Magyar Zoon\u00f3zis T\u00e1rsas\u00e1g<\/td> <td width=\"151\">2004-<\/td> <td width=\"95\">eln\u00f6ks\u00e9gi tag<\/td> <\/tr> <\/tbody> <\/table> <p><strong>Eddigi szakdolgozat\/TDK hallgat\u00f3k sz\u00e1ma<\/strong><\/p> <p>121 szakdolgozat\/32 TDK dolgozat<\/p> <p><strong>PhD-hallgat\u00f3k<\/strong><\/p> <table style=\"width: 889px;height: 583px\"> <tbody> <tr> <td style=\"width: 716.217px\">Fokozatot szerzett:<\/p> <table style=\"height: 262px\" width=\"884\"> <tbody> <tr> <td style=\"width: 467.467px\">Szakos D\u00e1vid<\/td> <td style=\"width: 400.533px\">2022<\/td> <\/tr> <tr> <td style=\"width: 467.467px\">Gortva-Vajda \u00c1gnes Gizella<\/td> <td style=\"width: 400.533px\">2021<\/td> <\/tr> <tr> <td style=\"width: 467.467px\">Izs\u00f3 Tekla<\/td> <td style=\"width: 400.533px\">2021<\/td> <\/tr> <tr> <td style=\"width: 467.467px\">Kiss Anna<\/td> <td style=\"width: 400.533px\">2021<\/td> <\/tr> <tr> <td style=\"width: 467.467px\">Bogn\u00e1r Lajos<\/td> <td style=\"width: 400.533px\">2020<\/td> <\/tr> <tr> <td style=\"width: 467.467px\">Szegedyn\u00e9 Fricz \u00c1gnes<\/td> <td style=\"width: 400.533px\">2020<\/td> <\/tr> <tr> <td style=\"width: 467.467px\">S\u00fcth Mikl\u00f3s<\/td> <td style=\"width: 400.533px\">2019<\/td> <\/tr> <tr> <td style=\"width: 467.467px\">Szab\u00f3-B\u00f3di Barbara<\/td> <td style=\"width: 400.533px\">2018<\/td> <\/tr> <\/tbody> <\/table> <\/td> <td style=\"width: 156.783px\"><\/td> <\/tr> <tr> <td style=\"width: 716.217px\"> <p>Abszolut\u00f3riumot szerzett:<\/p> <p>Szab\u00f3 Erika\u00a0\u00a0\u00a0\u00a0\u00a0\u00a0\u00a0\u00a0\u00a0\u00a0\u00a0\u00a0\u00a0\u00a0\u00a0\u00a0\u00a0\u00a0\u00a0\u00a0\u00a0\u00a0\u00a0\u00a0\u00a0\u00a0\u00a0\u00a0\u00a0\u00a0\u00a0\u00a0\u00a0\u00a0\u00a0\u00a0\u00a0\u00a0\u00a0\u00a0\u00a0\u00a0\u00a0\u00a0\u00a0\u00a0\u00a0\u00a0\u00a0\u00a0\u00a0\u00a0\u00a0\u00a0\u00a0\u00a0\u00a0\u00a0\u00a0\u00a0\u00a0\u00a0\u00a0\u00a0\u00a0 2022<\/td> <td style=\"width: 156.783px\"><\/td> <\/tr> <tr> <td style=\"width: 716.217px\"> <p>Jelenlegi doktorandusz hallgat\u00f3i az abszolut\u00f3rium v\u00e1rhat\u00f3 \u00e9v\u00e9vel:<\/p> <p>Nugraha Widya Satya\u00a0\u00a0\u00a0\u00a0\u00a0\u00a0 2026\/08<\/p> <p>L\u00e1mfalusy Tam\u00e1s\u00a0 2026\/01<\/p> <p>L\u00e1szl\u00f3 Veronika\u00a0\u00a0\u00a0\u00a0 2025\/08<\/td> <td style=\"width: 156.783px\"><\/td> <\/tr> <\/tbody> <\/table> <p>&nbsp;<\/p> <p><strong>Publik\u00e1ci\u00f3s lista (Top10)<\/strong><\/p> <p>MTMT:\u00a0 https:\/\/m2.mtmt.hu\/gui2\/?type=authors&amp;mode=browse&amp;sel=authors10020603<\/p> <ol> <li>Kasza, G., Szab\u00f3-B\u00f3di, B., Lakner, Z., &amp; Izs\u00f3, T. (2019). Balancing the desire to decrease food waste with requirements of food safety. Trends in Food Science &amp; Technology, 84, 74-76.<\/li> <li>Kasza, G., Csenki, E., Szakos, D., &amp; Izs\u00f3, T. (2022). The evolution of food safety risk communication: Models and trends in the past and the future. Food Control, 138, 109025.<\/li> <li>Szakos, D., Szab\u00f3-B\u00f3di, B., &amp; Kasza, G. (2021). Consumer awareness campaign to reduce household food waste based on structural equation behavior modeling in Hungary. Environmental Science and Pollution Research, 28(19), 24580-24589.<\/li> <li>Szab\u00f3-B\u00f3di, B., Kasza, G., &amp; Szakos, D. (2018). Assessment of household food waste in Hungary. British Food Journal, 120(3), 625-638<\/li> <li>Plasek, B., Lakner, Z., Kasza, G., &amp; Temesi, \u00c1. (2019). Consumer evaluation of the role of functional food products in disease prevention and the characteristics of target groups. Nutrients, 12(1), 69.<\/li> <li>Szakos, D., \u00d3zsv\u00e1ri, L., &amp; Kasza, G. (2020). Perception of older adults about health-related functionality of foods compared with other age groups. Sustainability, 12(7), 2748.<\/li> <li>Kasza, G., Dork\u00f3, A., Kunszab\u00f3, A., &amp; Szakos, D. (2020). Quantification of household food waste in hungary: A replication study using the FUSIONS methodology. Sustainability, 12(8), 3069.<\/li> <li>Kasza, G., Csenki, E. Z., Izs\u00f3, T., &amp; Scholderer, J. (2022). Paradoxical risk mitigation behavior in private households. Food Control, 138, 109032.<\/li> <li>M\u00f8retr\u00f8, T., Nguyen-The, C., Didier, P., Ma\u00eetre, I., Izs\u00f3, T., Kasza, G., Langsrud, S. (2021). Consumer practices and prevalence of Campylobacter, Salmonella and norovirus in kitchens from six European countries. International Journal of Food Microbiology, 347, 109172.<\/li> <li>Kunszab\u00f3, A., Szakos, D., Dork\u00f3, A., Farkas, C., &amp; Kasza, G. (2022). Household food waste composting habits and behaviours in Hungary: A segmentation study. Sustainable Chemistry and Pharmacy, 30, 100839.<\/li> <\/ol> <p>&nbsp;<\/p> <p>&nbsp;<\/p>","protected":false},"excerpt":{"rendered":"<p>Bemutatkoz\u00e1s\u00a0 Kasza Gyula az \u00c1llatorvostudom\u00e1nyi Egyetem \u00c9lelmiszerhigi\u00e9niai Tansz\u00e9k\u00e9nek egyetemi docense, az \u00c9lelmiszergazdas\u00e1gtudom\u00e1nyi Kutat\u00f3csoport vezet\u0151je. F\u0151bb kutat\u00e1si ter\u00fcletek: \u00c9lelmiszerbiztons\u00e1g \u00c9lelmiszerpazarl\u00e1s-cs\u00f6kkent\u00e9s Kock\u00e1zatkommunik\u00e1ci\u00f3 Fogyaszt\u00f3i kutat\u00e1sok El\u0151rehalad\u00e1s Munkahelyek Int\u00e9zm\u00e9ny neve beoszt\u00e1s 2007- \u00c1llatorvostudom\u00e1nyi Egyetem, \u00c9lelmiszerhigi\u00e9niai Tansz\u00e9k egyetemi docens, c\u00edmzetes egyetemi tan\u00e1r (kor\u00e1bban: vend\u00e9gel\u0151ad\u00f3, projektvezet\u0151) 2015-2022 Nemzeti \u00c9lelmiszerl\u00e1nc-biztons\u00e1gi Hivatal, \u00c9lelmiszerbiztons\u00e1gi Kock\u00e1zatkezel\u00e9si Igazgat\u00f3s\u00e1g oszt\u00e1lyvezet\u0151, igazgat\u00f3helyettes 2008-2013 F\u00f6ldm\u0171vel\u00e9si \u00e9s Vid\u00e9kfejleszt\u00e9si Miniszt\u00e9rium oszt\u00e1lyvezet\u0151,<\/p>\n","protected":false},"author":5824,"featured_media":0,"parent":858,"menu_order":0,"comment_status":"closed","ping_status":"closed","template":"","meta":{"_acf_changed":false,"footnotes":""},"categories":[],"tags":[],"class_list":["post-81613","page","type-page","status-publish","hentry"],"acf":[],"_links":{"self":[{"href":"https:\/\/univet.hu\/hu\/wp-json\/wp\/v2\/pages\/81613","targetHints":{"allow":["GET"]}}],"collection":[{"href":"https:\/\/univet.hu\/hu\/wp-json\/wp\/v2\/pages"}],"about":[{"href":"https:\/\/univet.hu\/hu\/wp-json\/wp\/v2\/types\/page"}],"author":[{"embeddable":true,"href":"https:\/\/univet.hu\/hu\/wp-json\/wp\/v2\/users\/5824"}],"replies":[{"embeddable":true,"href":"https:\/\/univet.hu\/hu\/wp-json\/wp\/v2\/comments?post=81613"}],"version-history":[{"count":2,"href":"https:\/\/univet.hu\/hu\/wp-json\/wp\/v2\/pages\/81613\/revisions"}],"predecessor-version":[{"id":204090,"href":"https:\/\/univet.hu\/hu\/wp-json\/wp\/v2\/pages\/81613\/revisions\/204090"}],"up":[{"embeddable":true,"href":"https:\/\/univet.hu\/hu\/wp-json\/wp\/v2\/pages\/858"}],"wp:attachment":[{"href":"https:\/\/univet.hu\/hu\/wp-json\/wp\/v2\/media?parent=81613"}],"wp:term":[{"taxonomy":"category","embeddable":true,"href":"https:\/\/univet.hu\/hu\/wp-json\/wp\/v2\/categories?post=81613"},{"taxonomy":"post_tag","embeddable":true,"href":"https:\/\/univet.hu\/hu\/wp-json\/wp\/v2\/tags?post=81613"}],"curies":[{"name":"wp","href":"https:\/\/api.w.org\/{rel}","templated":true}]}}