{"id":81617,"date":"2023-01-10T12:47:52","date_gmt":"2023-01-10T11:47:52","guid":{"rendered":"https:\/\/univet.hu\/?page_id=81617"},"modified":"2026-02-10T03:57:34","modified_gmt":"2026-02-10T02:57:34","slug":"vass-bognar-barbara","status":"publish","type":"page","link":"https:\/\/univet.hu\/hu\/egyetem\/munkatarsak\/vass-bognar-barbara\/","title":{"rendered":"Vass-Bogn\u00e1r Barbara"},"content":{"rendered":"<p style=\"text-align: center;\"><strong><span style=\"font-size: 14pt;\">Bemutatkoz\u00e1s<\/span><br \/> <\/strong><\/p> <p>Dr. Vass-Bogn\u00e1r Barbara Kecskem\u00e9ten sz\u00fcletett , gimn\u00e1ziumi \u00e9veit a dabasi T\u00e1ncsics Mih\u00e1ly Gimn\u00e1ziumban t\u00f6lt\u00f6tte.\u00a0 2016-ban v\u00e9gzett a Szent Istv\u00e1n Egyetem \u00c1llatorvostudom\u00e1nyi Kar\u00e1n summa cum laude min\u0151s\u00edt\u00e9ssel. V\u00e9gz\u00e9s ut\u00e1n Erasmus + program keret\u00e9ben f\u00e9l \u00e9vet Lengyelorsz\u00e1gban t\u00f6lt\u00f6tt a wroclawi\u00a0 \u00c1llatorvostudom\u00e1nyi Egyetem k\u00e9r\u0151dz\u0151klinik\u00e1j\u00e1n, majd hazat\u00e9rve egy \u00e9vet egy nagy\u00fczemi tejel\u0151 szarvasmarha telepen dolgozott, \u00a0mellette vegyes praxisban praktiz\u00e1lt. A PhD megkezd\u00e9s\u00e9vel p\u00e1rhuzamosan egy mag\u00e1n \u00e1llateg\u00e9szs\u00e9g\u00fcgyi laborat\u00f3riumban dolgozott szaktan\u00e1csad\u00f3 \u00e1llatorvosk\u00e9nt, majd a vegyes praxis mellett 2019-ben csatlakozott az\u00a0 \u00c1llathigi\u00e9niai, \u00c1llom\u00e1ny-eg\u00e9szs\u00e9gtani Tansz\u00e9k \u00e9s Mobilklinik\u00e1hoz, ahol az\u00f3ta akt\u00edvan r\u00e9szt vesz az oktat\u00e1sban, gyakorlatok vezet\u00e9sben \u00e9s a Tansz\u00e9ken fut\u00f3 kutat\u00e1sokban. 2021-ben k\u00e9r\u0151dz\u0151-eg\u00e9szs\u00e9g\u00fcgyi szak\u00e1llatorvosi diplom\u00e1t szerzett az \u00c1llatorvostudom\u00e1nyi Egyetemen. \u00a02023 \u00f3ta gyermeke sz\u00fclet\u00e9s\u00e9t k\u00f6vet\u0151en r\u00e9szmunkaid\u0151ben dolgozik a Tansz\u00e9ken.<\/p> <p>Fogad\u00f3\u00f3ra: email-en el\u0151re egyeztetett id\u0151pontban<\/p> <p>&nbsp;<\/p> <p><strong>F\u0151bb kutat\u00e1si ter\u00fcletek:<\/strong><\/p> <ul> <li>szarvasmarh\u00e1k paratuberculosis fert\u0151z\u00f6tts\u00e9g\u00e9nek \u00e1llom\u00e1ny -eg\u00e9szs\u00e9g\u00fcgyi vonatkoz\u00e1sai<\/li> <li>borj\u00fa eg\u00e9szs\u00e9g\u00fcgy<\/li> <\/ul> <p><strong>El\u0151rehalad\u00e1s<\/strong><\/p> <p>2017- PHD hallgat\u00f3<\/p> <p>2019- tansz\u00e9ki \u00e1llatorvos<\/p> <p><strong>Eddigi szakdolgozat\/TDK hallgat\u00f3k sz\u00e1ma \u00a0: 2 <\/strong><\/p> <p><strong>Publik\u00e1ci\u00f3s lista (Top10)<\/strong><\/p> <p>MTMT:<\/p> <p>https:\/\/m2.mtmt.hu\/api\/publication?format=html&#038;labelLang=hun&#038;sort=publishedYear,desc&#038;cond=authors;eq;10067873<\/p> <ol> <li>Vass-Bogn\u00e1r, Barbara ; Bakony, Mikolt ; Baumgartner, Walter ; Khol, Johannes Lorenz ; Jurkovich, Viktor &#x2709; Association between calf rearing technology and farm-level paratuberculosis infection in Hungarian dairy farms PREVENTIVE VETERINARY MEDICINE 207 Paper: 105719 (2022)<\/li> <li>Hejel, P\u00e9ter &#x2709; ; Jurkovich, Viktor ; Bogn\u00e1r, Barbara ; Kov\u00e1cs, P\u00e9ter ; Brydl, Endre ; K\u00f6nyves, L\u00e1szl\u00f3 Monitoring the redox status in dairy cows by using plasma dROMs, PAT, and OSI biomarkers ACTA VETERINARIA BRNO 90 : 2 pp. 125-134. , 10 p. (2021)<\/li> <\/ol> <ol start=\"3\"> <li>B., Vass-Bogn\u00e1r &#x2709; ; Sz., J\u00e1nosi ; W., Baumgartner ; J. L., Khol ; V., Jurkovich A paratuberculosis diagnosztiz\u00e1l\u00e1s\u00e1nak lehet\u0151s\u00e9gei szarvasmarh\u00e1ban MAGYAR \u00c1LLATORVOSOK LAPJA 142 : 10 pp. 579-592. , 14 p. (2020)<\/li> <\/ol> <ol start=\"4\"> <li>Bogn\u00e1r, Barbara &#x2709; ; Farkas, Klaudia ; Fornyos, Kinga ; Zrufk\u00f3, R\u00e9ka ; Walter, Baumgartner ; Johannes, Lorenz Khol ; Jurkovich, Viktor A szarvasmarh\u00e1k paratuberculosisa \u00e9s az ember Crohn-betegs\u00e9ge k\u00f6z\u00f6tti lehets\u00e9ges kapcsolat MAGYAR \u00c1LLATORVOSOK LAPJA 141 : 11 pp. 659-675. , 17 p. (2019)<\/li> <li>Jurkovich, Viktor ; Bogn\u00e1r, Barbara ; Balogh, Kriszti\u00e1n ; Kov\u00e1cs-Weber, M\u00e1ria ; Fornyos, Kinga ; Szab\u00f3, Rubina T\u00fcnde ; Kov\u00e1cs, P\u00e9ter ; K\u00f6nyves, L\u00e1szl\u00f3 ; M\u00e9zes, Mikl\u00f3s Effects of subclinical Mycobacterium avium ssp. paratuberculosis infection on some physiological parameters, health status and production in dairy cows ACTA VETERINARIA HUNGARICA 64 : 3 pp. 301-312. , 12 p. (2016)<\/li> <\/ol> <p>&nbsp;<\/p>","protected":false},"excerpt":{"rendered":"<p>Bemutatkoz\u00e1s Dr. Vass-Bogn\u00e1r Barbara Kecskem\u00e9ten sz\u00fcletett , gimn\u00e1ziumi \u00e9veit a dabasi T\u00e1ncsics Mih\u00e1ly Gimn\u00e1ziumban t\u00f6lt\u00f6tte.\u00a0 2016-ban v\u00e9gzett a Szent Istv\u00e1n Egyetem \u00c1llatorvostudom\u00e1nyi Kar\u00e1n summa cum laude min\u0151s\u00edt\u00e9ssel. V\u00e9gz\u00e9s ut\u00e1n Erasmus + program keret\u00e9ben f\u00e9l \u00e9vet Lengyelorsz\u00e1gban t\u00f6lt\u00f6tt a wroclawi\u00a0 \u00c1llatorvostudom\u00e1nyi Egyetem k\u00e9r\u0151dz\u0151klinik\u00e1j\u00e1n, majd hazat\u00e9rve egy \u00e9vet egy nagy\u00fczemi tejel\u0151 szarvasmarha telepen dolgozott, \u00a0mellette vegyes praxisban<\/p>\n","protected":false},"author":5824,"featured_media":0,"parent":858,"menu_order":0,"comment_status":"closed","ping_status":"closed","template":"","meta":{"_acf_changed":false,"footnotes":""},"categories":[],"tags":[],"class_list":["post-81617","page","type-page","status-publish","hentry"],"acf":[],"_links":{"self":[{"href":"https:\/\/univet.hu\/hu\/wp-json\/wp\/v2\/pages\/81617","targetHints":{"allow":["GET"]}}],"collection":[{"href":"https:\/\/univet.hu\/hu\/wp-json\/wp\/v2\/pages"}],"about":[{"href":"https:\/\/univet.hu\/hu\/wp-json\/wp\/v2\/types\/page"}],"author":[{"embeddable":true,"href":"https:\/\/univet.hu\/hu\/wp-json\/wp\/v2\/users\/5824"}],"replies":[{"embeddable":true,"href":"https:\/\/univet.hu\/hu\/wp-json\/wp\/v2\/comments?post=81617"}],"version-history":[{"count":1,"href":"https:\/\/univet.hu\/hu\/wp-json\/wp\/v2\/pages\/81617\/revisions"}],"predecessor-version":[{"id":199406,"href":"https:\/\/univet.hu\/hu\/wp-json\/wp\/v2\/pages\/81617\/revisions\/199406"}],"up":[{"embeddable":true,"href":"https:\/\/univet.hu\/hu\/wp-json\/wp\/v2\/pages\/858"}],"wp:attachment":[{"href":"https:\/\/univet.hu\/hu\/wp-json\/wp\/v2\/media?parent=81617"}],"wp:term":[{"taxonomy":"category","embeddable":true,"href":"https:\/\/univet.hu\/hu\/wp-json\/wp\/v2\/categories?post=81617"},{"taxonomy":"post_tag","embeddable":true,"href":"https:\/\/univet.hu\/hu\/wp-json\/wp\/v2\/tags?post=81617"}],"curies":[{"name":"wp","href":"https:\/\/api.w.org\/{rel}","templated":true}]}}