{"id":817,"date":"2016-01-11T19:31:00","date_gmt":"2016-01-11T18:31:00","guid":{"rendered":"http:\/\/univet.hu\/oktatas\/tdk\/"},"modified":"2025-03-25T13:50:44","modified_gmt":"2025-03-25T12:50:44","slug":"tdk","status":"publish","type":"page","link":"https:\/\/univet.hu\/hu\/oktatas\/tdk\/","title":{"rendered":"TDK"},"content":{"rendered":"<p>Az \u00c1llatorvostudom\u00e1nyi Egyetemen foly\u00f3\u00a0 Tudom\u00e1nyos Di\u00e1kk\u00f6ri tev\u00e9kenys\u00e9gr\u0151l az al\u00e1bbi honlapon lehet t\u00e1j\u00e9koz\u00f3dni:<\/p> <p><a href=\"https:\/\/tdk.univet.hu\/index.php\" data-replaced=\"true\">Tudom\u00e1nyos Di\u00e1kk\u00f6r<\/a><\/p>","protected":false},"excerpt":{"rendered":"<p>Az \u00c1llatorvostudom\u00e1nyi Egyetemen foly\u00f3\u00a0 Tudom\u00e1nyos Di\u00e1kk\u00f6ri tev\u00e9kenys\u00e9gr\u0151l az al\u00e1bbi honlapon lehet t\u00e1j\u00e9koz\u00f3dni: Tudom\u00e1nyos Di\u00e1kk\u00f6r<\/p>\n","protected":false},"author":1,"featured_media":0,"parent":350,"menu_order":325,"comment_status":"closed","ping_status":"closed","template":"","meta":{"_acf_changed":false,"footnotes":""},"categories":[],"tags":[],"class_list":["post-817","page","type-page","status-publish","hentry"],"acf":[],"_links":{"self":[{"href":"https:\/\/univet.hu\/hu\/wp-json\/wp\/v2\/pages\/817","targetHints":{"allow":["GET"]}}],"collection":[{"href":"https:\/\/univet.hu\/hu\/wp-json\/wp\/v2\/pages"}],"about":[{"href":"https:\/\/univet.hu\/hu\/wp-json\/wp\/v2\/types\/page"}],"author":[{"embeddable":true,"href":"https:\/\/univet.hu\/hu\/wp-json\/wp\/v2\/users\/1"}],"replies":[{"embeddable":true,"href":"https:\/\/univet.hu\/hu\/wp-json\/wp\/v2\/comments?post=817"}],"version-history":[{"count":2,"href":"https:\/\/univet.hu\/hu\/wp-json\/wp\/v2\/pages\/817\/revisions"}],"predecessor-version":[{"id":177697,"href":"https:\/\/univet.hu\/hu\/wp-json\/wp\/v2\/pages\/817\/revisions\/177697"}],"up":[{"embeddable":true,"href":"https:\/\/univet.hu\/hu\/wp-json\/wp\/v2\/pages\/350"}],"wp:attachment":[{"href":"https:\/\/univet.hu\/hu\/wp-json\/wp\/v2\/media?parent=817"}],"wp:term":[{"taxonomy":"category","embeddable":true,"href":"https:\/\/univet.hu\/hu\/wp-json\/wp\/v2\/categories?post=817"},{"taxonomy":"post_tag","embeddable":true,"href":"https:\/\/univet.hu\/hu\/wp-json\/wp\/v2\/tags?post=817"}],"curies":[{"name":"wp","href":"https:\/\/api.w.org\/{rel}","templated":true}]}}