{"id":81813,"date":"2023-01-23T10:54:41","date_gmt":"2023-01-23T09:54:41","guid":{"rendered":"https:\/\/univet.hu\/?page_id=81813"},"modified":"2026-03-25T10:16:34","modified_gmt":"2026-03-25T09:16:34","slug":"bittsanszky-andras","status":"publish","type":"page","link":"https:\/\/univet.hu\/hu\/egyetem\/munkatarsak\/bittsanszky-andras\/","title":{"rendered":"Bitts\u00e1nszky Andr\u00e1s"},"content":{"rendered":"<p><span style=\"font-size: 14pt\">Tov\u00e1bbi inform\u00e1ci\u00f3k a D\u00c9T <a href=\"https:\/\/dfi.univet.hu\/rolunk\/bittsanszky-andras\/\" target=\"_blank\" rel=\"noopener\">oldal\u00e1n<\/a> \u00e9rhet\u0151k el.<\/span><\/p>","protected":false},"excerpt":{"rendered":"<p>Tov\u00e1bbi inform\u00e1ci\u00f3k a D\u00c9T oldal\u00e1n \u00e9rhet\u0151k el.<\/p>\n","protected":false},"author":5824,"featured_media":0,"parent":858,"menu_order":37,"comment_status":"open","ping_status":"open","template":"","meta":{"_acf_changed":false,"footnotes":""},"categories":[56],"tags":[],"class_list":["post-81813","page","type-page","status-publish","hentry","category-munkatarsak"],"acf":[],"_links":{"self":[{"href":"https:\/\/univet.hu\/hu\/wp-json\/wp\/v2\/pages\/81813","targetHints":{"allow":["GET"]}}],"collection":[{"href":"https:\/\/univet.hu\/hu\/wp-json\/wp\/v2\/pages"}],"about":[{"href":"https:\/\/univet.hu\/hu\/wp-json\/wp\/v2\/types\/page"}],"author":[{"embeddable":true,"href":"https:\/\/univet.hu\/hu\/wp-json\/wp\/v2\/users\/5824"}],"replies":[{"embeddable":true,"href":"https:\/\/univet.hu\/hu\/wp-json\/wp\/v2\/comments?post=81813"}],"version-history":[{"count":3,"href":"https:\/\/univet.hu\/hu\/wp-json\/wp\/v2\/pages\/81813\/revisions"}],"predecessor-version":[{"id":204167,"href":"https:\/\/univet.hu\/hu\/wp-json\/wp\/v2\/pages\/81813\/revisions\/204167"}],"up":[{"embeddable":true,"href":"https:\/\/univet.hu\/hu\/wp-json\/wp\/v2\/pages\/858"}],"wp:attachment":[{"href":"https:\/\/univet.hu\/hu\/wp-json\/wp\/v2\/media?parent=81813"}],"wp:term":[{"taxonomy":"category","embeddable":true,"href":"https:\/\/univet.hu\/hu\/wp-json\/wp\/v2\/categories?post=81813"},{"taxonomy":"post_tag","embeddable":true,"href":"https:\/\/univet.hu\/hu\/wp-json\/wp\/v2\/tags?post=81813"}],"curies":[{"name":"wp","href":"https:\/\/api.w.org\/{rel}","templated":true}]}}