{"id":81971,"date":"2023-01-20T10:00:47","date_gmt":"2023-01-20T09:00:47","guid":{"rendered":"https:\/\/univet.hu\/?page_id=81971"},"modified":"2026-02-10T03:57:07","modified_gmt":"2026-02-10T02:57:07","slug":"sipos-roland","status":"publish","type":"page","link":"https:\/\/univet.hu\/hu\/egyetem\/munkatarsak\/sipos-roland\/","title":{"rendered":"Sipos Roland"},"content":{"rendered":"<p style=\"text-align: center;\"><span style=\"font-size: 14pt;\"><strong>Bemutatkoz\u00e1s<\/strong><\/span><\/p> <p>Dr. Sipos Roland 1995-ben sz\u00fcletett Si\u00f3fokon. A Veszpr\u00e9mi Vet\u00e9si Albert Gimn\u00e1zium befejez\u00e9se ut\u00e1n 2015 \u0151sz\u00e9n felv\u00e9telt nyert az \u00c1llatorvostudom\u00e1nyi Egyetemre. Az egyetem alatt bekapcsol\u00f3dott egy gyakornoki programba az MSD-n\u00e9l Dr. B\u00faza L\u00e1szl\u00f3 ir\u00e1ny\u00edt\u00e1sa alatt. K\u00e9s\u0151bb az MSD \u00fagynevezett \u201eSert\u00e9s Szakkoll\u00e9gium\u00e1hoz\u201d is csatlakozott, amelyet szint\u00e9n Dr. B\u00faza L\u00e1szl\u00f3 vezetett. 2018 \u0151sz\u00e9n k\u00e9sz\u00fclt el a Nagyl\u00e9tsz\u00e1m\u00fa sert\u00e9stelepek technol\u00f3giai sz\u00ednvonal\u00e1nak, \u00e1llom\u00e1ny-eg\u00e9szs\u00e9g\u00fcgyi helyzet\u00e9nek \u00e9s gy\u00f3gyszerfelhaszn\u00e1l\u00e1snak \u00f6sszehasonl\u00edt\u00f3 vizsg\u00e1lata c\u00edm\u0171 TDK munk\u00e1ja, ammellyel k\u00e9s\u0151bb az OTDK-n is r\u00e9szt vett. 2021 febru\u00e1rj\u00e1ban szerezte meg diplom\u00e1j\u00e1t a budapesti \u00c1llatorvostudom\u00e1nyi Egyetemen.<\/p> <p>A v\u00e9gz\u00e9s ut\u00e1n nagy l\u00e9tsz\u00e1m\u00fa sert\u00e9stelepeken dolgozott ell\u00e1t\u00f3 \u00e1llatorvosk\u00e9nt. 2022 febru\u00e1rja \u00f3ta az \u00c1llatorvostudom\u00e1nyi Egyetemen az \u201e\u00c1llathigi\u00e9niai, \u00c1llom\u00e1ny-eg\u00e9szs\u00e9gtani \u00e9s Mobilklinika\u201d tansz\u00e9ken tansz\u00e9ki \u00e1llatorvosk\u00e9nt vesz r\u00e9szt a mindennapokban.<\/p> <p><strong>F\u0151bb kutat\u00e1si ter\u00fcletek:<\/strong><\/p> <p>F\u0151k\u00e9nt sert\u00e9seg\u00e9szs\u00e9g\u00fcggyel kapcsolatos kutat\u00e1sok \u2013 m\u00e9g nincs konkr\u00e9t projekt<\/p>","protected":false},"excerpt":{"rendered":"<p>Bemutatkoz\u00e1s Dr. Sipos Roland 1995-ben sz\u00fcletett Si\u00f3fokon. A Veszpr\u00e9mi Vet\u00e9si Albert Gimn\u00e1zium befejez\u00e9se ut\u00e1n 2015 \u0151sz\u00e9n felv\u00e9telt nyert az \u00c1llatorvostudom\u00e1nyi Egyetemre. Az egyetem alatt bekapcsol\u00f3dott egy gyakornoki programba az MSD-n\u00e9l Dr. B\u00faza L\u00e1szl\u00f3 ir\u00e1ny\u00edt\u00e1sa alatt. K\u00e9s\u0151bb az MSD \u00fagynevezett \u201eSert\u00e9s Szakkoll\u00e9gium\u00e1hoz\u201d is csatlakozott, amelyet szint\u00e9n Dr. B\u00faza L\u00e1szl\u00f3 vezetett. 2018 \u0151sz\u00e9n k\u00e9sz\u00fclt el a Nagyl\u00e9tsz\u00e1m\u00fa<\/p>\n","protected":false},"author":5824,"featured_media":0,"parent":858,"menu_order":0,"comment_status":"closed","ping_status":"closed","template":"","meta":{"_acf_changed":false,"footnotes":""},"categories":[],"tags":[],"class_list":["post-81971","page","type-page","status-publish","hentry"],"acf":[],"_links":{"self":[{"href":"https:\/\/univet.hu\/hu\/wp-json\/wp\/v2\/pages\/81971","targetHints":{"allow":["GET"]}}],"collection":[{"href":"https:\/\/univet.hu\/hu\/wp-json\/wp\/v2\/pages"}],"about":[{"href":"https:\/\/univet.hu\/hu\/wp-json\/wp\/v2\/types\/page"}],"author":[{"embeddable":true,"href":"https:\/\/univet.hu\/hu\/wp-json\/wp\/v2\/users\/5824"}],"replies":[{"embeddable":true,"href":"https:\/\/univet.hu\/hu\/wp-json\/wp\/v2\/comments?post=81971"}],"version-history":[{"count":1,"href":"https:\/\/univet.hu\/hu\/wp-json\/wp\/v2\/pages\/81971\/revisions"}],"predecessor-version":[{"id":199377,"href":"https:\/\/univet.hu\/hu\/wp-json\/wp\/v2\/pages\/81971\/revisions\/199377"}],"up":[{"embeddable":true,"href":"https:\/\/univet.hu\/hu\/wp-json\/wp\/v2\/pages\/858"}],"wp:attachment":[{"href":"https:\/\/univet.hu\/hu\/wp-json\/wp\/v2\/media?parent=81971"}],"wp:term":[{"taxonomy":"category","embeddable":true,"href":"https:\/\/univet.hu\/hu\/wp-json\/wp\/v2\/categories?post=81971"},{"taxonomy":"post_tag","embeddable":true,"href":"https:\/\/univet.hu\/hu\/wp-json\/wp\/v2\/tags?post=81971"}],"curies":[{"name":"wp","href":"https:\/\/api.w.org\/{rel}","templated":true}]}}