{"id":820,"date":"2018-05-04T16:38:00","date_gmt":"2017-12-11T11:16:00","guid":{"rendered":"http:\/\/univet.hu\/oktatas\/hok\/"},"modified":"2024-09-17T11:17:29","modified_gmt":"2024-09-17T09:17:29","slug":"hok","status":"publish","type":"page","link":"https:\/\/univet.hu\/hu\/oktatas\/hok\/","title":{"rendered":"H\u00d6K"},"content":{"rendered":"<p>Mi is az a\u00a0<a title=\"H\u00d6K\" href=\"http:\/\/www.atehok.eoldal.hu\/\" target=\"_blank\" rel=\"noopener\" data-replaced=\"true\">H\u00d6K<\/a>?\u00a0<strong><a href=\"http:\/\/www.atehok.eoldal.hu\/\" data-replaced=\"true\">Hallgat\u00f3i \u00d6nkorm\u00e1nyzat.<\/a><\/strong><a href=\"http:\/\/www.atehok.eoldal.hu\/\" data-replaced=\"true\"><strong>\u00a0<\/strong><\/a><\/p> <ul> <li>A H\u00d6K-nek minden beiratkozott, akt\u00edv\u00a0hallgat\u00f3 a tagja.<\/li> <li>A tagok maguk k\u00f6z\u00fcl k\u00e9pvisel\u0151\u00a0 test\u00fcletet (K\u00fcld\u00f6ttgy\u0171l\u00e9s) v\u00e1lasztanak.<\/li> <li>A v\u00e1laszt\u00e1son mindenki v\u00e1laszt\u00f3 \u00e9s v\u00e1laszthat\u00f3, aki az \u00c1TE\u00a0beiratkozott hallgat\u00f3ja.<\/li> <\/ul> <p>A H\u00d6K els\u0151 sz\u00e1m\u00fa \u00e9s legfontosabb feladata a hallgat\u00f3k \u00e9rdekk\u00e9pviselete. K\u00e9rlek ha k\u00e9rd\u00e9setek akad, van\u00a0egy j\u00f3 \u00f6tletetek, vagy b\u00e1rmit szeretn\u00e9tek fel\u00e9nk jelezni, akkor b\u00e1tran \u00edrjatok egy e-mailt!<\/p> <p>Facebook oldal:\u00a0<a href=\"https:\/\/www.facebook.com\/atehok\" target=\"_blank\" rel=\"noopener\" data-replaced=\"true\">https:\/\/www.facebook.com\/atehok<\/a><\/p> <p>E-mail:\u00a0\u00a0<a class=\"decrypt\" rel=\"buf\/iplAhnbjm\/dpn\" href=\"javascript:void(0);\">[Kattintson az emailc\u00edmhez]<\/a><\/p> <p>H\u00d6K eln\u00f6k:<strong>\u00a0Hars\u00e1nyi Krist\u00f3f Lehel<\/strong>\u2022 e-mail: <a class=\"decrypt\" rel=\"lsjtupg\/ibstbozj3111Ahnbjm\/dpn\" href=\"javascript:void(0);\">[Kattintson az emailc\u00edmhez]<\/a>\u00a0telefon: +36 30\u00a0201 7781<\/p> <p>M\u00c1VSZ eln\u00f6k:<strong> Kl\u00e9h Emma<\/strong>\u2022\u00a0e-mail: <a class=\"decrypt\" rel=\"lmfifnnbAhnbjm\/dpn\" href=\"javascript:void(0);\">[Kattintson az emailc\u00edmhez]<\/a><\/p> <p>H\u00d6K gazdas\u00e1gi vezet\u0151, p\u00e9nz\u00fcgyi folyamatok felel\u0151se:<strong> B\u00edr\u00f3 \u00c1gnes<\/strong><br \/> e-mail:<strong> <a class=\"decrypt\" rel=\"cjspbhoft8Ahnbjm\/dpn\" href=\"javascript:void(0);\">[Kattintson az emailc\u00edmhez]<\/a>\u00a0<\/strong> \u00a0( Szoci\u00e1lis t\u00e1mogat\u00e1ssal kapcsolatos k\u00e9rd\u00e9seitekkel \u0150t kereshetitek!)<\/p> <p>&nbsp;<\/p> <p><strong>BIZOTTS\u00c1GOK, TAGOK, K\u00c9PVISEL\u0150K<\/strong><\/p> <p><strong>Szakmai Bizotts\u00e1g<\/strong><br \/> Eln\u00f6k: Vask\u00f3 Lili e-mail: <a class=\"decrypt\" rel=\"wmjmjiboobAhnbjm\/dpn\" href=\"javascript:void(0);\">[Kattintson az emailc\u00edmhez]<\/a>, <a class=\"decrypt\" rel=\"buf\/ipl\/t{blnbjcj{puutbhAhnbjm\/dpn\" href=\"javascript:void(0);\">[Kattintson az emailc\u00edmhez]<\/a><br \/> Tagok: Sz\u00e9kely Hanna, Heim N\u00f3ra, Varga Oliv\u00e9r, P\u00e1lv\u00f6lgyi Bence<\/p> <p><strong>Kultur\u00e1lis-, Sport- \u00e9s Kommunik\u00e1ci\u00f3s Bizotts\u00e1g<\/strong><br \/> Eln\u00f6k: Kurucz Gerg\u0151\u00a0e-mail: <a class=\"decrypt\" rel=\"lvsvd{\/hfshpAvojwfu\/iv\" href=\"javascript:void(0);\">[Kattintson az emailc\u00edmhez]<\/a><br \/> Tagok:\u00a0<span style=\"font-size: 12pt; font-family: Arial, sans-serif; color: #1a1a1a;\">Ol\u00e1h Em\u00edlia, Kov\u00e1cs Alexandra, Kiss D\u00e1vid, Moln\u00e1r Eszter, Antal Csenge<\/span><\/p> <p><strong>Biol\u00f3gus K\u00e9pvisel\u0151<\/strong><br \/> F\u00fclei Zsombor email: <a class=\"decrypt\" rel=\"gvmfj\/{tpncpsAhnbjm\/dpn\" href=\"javascript:void(0);\">[Kattintson az emailc\u00edmhez]<\/a><\/p> <p style=\"margin-top: 0cm; background: white;\"><span style=\"font-size: 12pt; font-family: Arial, sans-serif; color: #1a1a1a;\"><strong>ISC Bizotts\u00e1g<\/strong> (K\u00fclf\u00f6ldi hallgat\u00f3k k\u00e9pviselete)<br \/> <span class=\"oi732d6d\">David Gamba, Aileen H\u00f6hl, Robyn Altmann<\/span><\/span><\/p> <p><strong>K\u00fcld\u00f6ttgy\u0171l\u00e9si tag &#8211; K\u00fclf\u00f6ldi kapcsolatok<\/strong><br \/> Csorba Dorottya\u00a0 e-mail: <a class=\"decrypt\" rel=\"dtpscbepsdjAhnbjm\/dpn\" href=\"javascript:void(0);\">[Kattintson az emailc\u00edmhez]<\/a><\/p> <p><strong>K\u00fcld\u00f6ttgy\u0171l\u00e9si tag &#8211; Sport felel\u0151s<\/strong><br \/> P\u00e1sztor Andr\u00e1s\u00a0 e-mail:\u00a0<a class=\"decrypt\" rel=\"qbt{ups\/boesbt13Ahnbjm\/dpn\" href=\"javascript:void(0);\">[Kattintson az emailc\u00edmhez]<\/a><\/p> <p><strong>Ellen\u00f6rz\u0151 Bizotts\u00e1g<\/strong><br \/> <span style=\"font-size: 12pt; font-family: Arial, sans-serif; color: #1a1a1a;\">Erd\u0151s Bogl\u00e1rka, Halmai Krisztina, Horv\u00e1th Kamilla<\/span><\/p> <p>&nbsp;<\/p> <p>&nbsp;<\/p> <p>FONTOS SZAB\u00c1LYZATAINK:<\/p> <p><a href=\"https:\/\/univet.hu\/wp-content\/uploads\/2018\/09\/HO\u0308K_alapszabaly20180417.docx\" data-replaced=\"true\">Alapszab\u00e1ly<\/a><br \/> <a href=\"https:\/\/drive.google.com\/open?id=0B20F3zEgAs1oNWxHa3E5azFPM2M\" data-replaced=\"true\">H\u00d6K Statue<\/a><\/p> <p><a href=\"https:\/\/drive.google.com\/open?id=0B20F3zEgAs1oUWtHRlFfaUUyWEU\" data-replaced=\"true\">Rendezv\u00e9nyszab\u00e1lyzat<\/a><br \/> <a href=\"https:\/\/drive.google.com\/open?id=0B20F3zEgAs1oUEYwdGFhRVlESjA\" data-replaced=\"true\">Ruling of student&#8217;s events<\/a><\/p> <p><a href=\"https:\/\/univet.hu\/wp-content\/uploads\/2022\/10\/ISC-1.pdf\">ISC (international student committee) magyar<\/a><br \/> <a href=\"https:\/\/univet.hu\/wp-content\/uploads\/2022\/10\/ISC_MissionStatement-1.pdf\">ISC english<\/a><\/p>","protected":false},"excerpt":{"rendered":"<p>Mi is az a\u00a0H\u00d6K?\u00a0Hallgat\u00f3i \u00d6nkorm\u00e1nyzat.\u00a0 A H\u00d6K-nek minden beiratkozott, akt\u00edv\u00a0hallgat\u00f3 a tagja. A tagok maguk k\u00f6z\u00fcl k\u00e9pvisel\u0151\u00a0 test\u00fcletet (K\u00fcld\u00f6ttgy\u0171l\u00e9s) v\u00e1lasztanak. A v\u00e1laszt\u00e1son mindenki v\u00e1laszt\u00f3 \u00e9s v\u00e1laszthat\u00f3, aki az \u00c1TE\u00a0beiratkozott hallgat\u00f3ja. A H\u00d6K els\u0151 sz\u00e1m\u00fa \u00e9s legfontosabb feladata a hallgat\u00f3k \u00e9rdekk\u00e9pviselete. K\u00e9rlek ha k\u00e9rd\u00e9setek akad, van\u00a0egy j\u00f3 \u00f6tletetek, vagy b\u00e1rmit szeretn\u00e9tek fel\u00e9nk jelezni, akkor b\u00e1tran \u00edrjatok<\/p>\n","protected":false},"author":1,"featured_media":0,"parent":350,"menu_order":330,"comment_status":"closed","ping_status":"closed","template":"","meta":{"_acf_changed":false,"footnotes":""},"categories":[],"tags":[],"class_list":["post-820","page","type-page","status-publish","hentry"],"acf":[],"_links":{"self":[{"href":"https:\/\/univet.hu\/hu\/wp-json\/wp\/v2\/pages\/820","targetHints":{"allow":["GET"]}}],"collection":[{"href":"https:\/\/univet.hu\/hu\/wp-json\/wp\/v2\/pages"}],"about":[{"href":"https:\/\/univet.hu\/hu\/wp-json\/wp\/v2\/types\/page"}],"author":[{"embeddable":true,"href":"https:\/\/univet.hu\/hu\/wp-json\/wp\/v2\/users\/1"}],"replies":[{"embeddable":true,"href":"https:\/\/univet.hu\/hu\/wp-json\/wp\/v2\/comments?post=820"}],"version-history":[{"count":0,"href":"https:\/\/univet.hu\/hu\/wp-json\/wp\/v2\/pages\/820\/revisions"}],"up":[{"embeddable":true,"href":"https:\/\/univet.hu\/hu\/wp-json\/wp\/v2\/pages\/350"}],"wp:attachment":[{"href":"https:\/\/univet.hu\/hu\/wp-json\/wp\/v2\/media?parent=820"}],"wp:term":[{"taxonomy":"category","embeddable":true,"href":"https:\/\/univet.hu\/hu\/wp-json\/wp\/v2\/categories?post=820"},{"taxonomy":"post_tag","embeddable":true,"href":"https:\/\/univet.hu\/hu\/wp-json\/wp\/v2\/tags?post=820"}],"curies":[{"name":"wp","href":"https:\/\/api.w.org\/{rel}","templated":true}]}}