{"id":82362,"date":"2023-01-23T16:35:53","date_gmt":"2023-01-23T15:35:53","guid":{"rendered":"https:\/\/univet.hu\/hu\/oktatas\/kurzusok\/digitalizacio-az-allatorvosi-praxisokban\/"},"modified":"2025-01-29T11:39:13","modified_gmt":"2025-01-29T10:39:13","slug":"digitalizacio-az-allatorvosi-praxisokban","status":"publish","type":"page","link":"https:\/\/univet.hu\/hu\/oktatas\/kurzusok\/digitalizacio-az-allatorvosi-praxisokban\/","title":{"rendered":"Digitaliz\u00e1ci\u00f3 az \u00e1llatorvosi praxisokban"},"content":{"rendered":"<p>Tant\u00e1rgyfelel\u0151s: Prof. Dr. \u00d3zsv\u00e1ri L\u00e1szl\u00f3, Dr. V\u00e9gh \u00c1kos<\/p> <p>A tant\u00e1rgy \u00e1ltal\u00e1nos c\u00e9lja: A fakult\u00e1ci\u00f3 a legmodernebb digit\u00e1lis kereskedelmi eszk\u00f6z\u00f6ket mutatja be az \u00e1llatorvosi praxisokra alkalmazva. Felk\u00e9sz\u00edti a hallgat\u00f3kat mind a t\u00e1rs\u00e1llatos, mind a haszon\u00e1llatos ter\u00fcleten a digit\u00e1lis eszk\u00f6z\u00f6k alapszint\u0171 \u00e9rtelmez\u00e9s\u00e9re, haszn\u00e1lat\u00e1ra, a praxis \u00e9rt\u00e9k\u00e9nek n\u00f6vel\u00e9s\u00e9re, az \u00e1llatorvosi munka szakszer\u0171 kieg\u00e9sz\u00edt\u00e9s\u00e9re.<\/p> <p>El\u0151tanulm\u00e1nyi k\u00f6vetelm\u00e9nyek: Agr\u00e1rgazdas\u00e1gtan<\/p>","protected":false},"excerpt":{"rendered":"<p>Tant\u00e1rgyfelel\u0151s: Prof. Dr. \u00d3zsv\u00e1ri L\u00e1szl\u00f3, Dr. V\u00e9gh \u00c1kos A tant\u00e1rgy \u00e1ltal\u00e1nos c\u00e9lja: A fakult\u00e1ci\u00f3 a legmodernebb digit\u00e1lis kereskedelmi eszk\u00f6z\u00f6ket mutatja be az \u00e1llatorvosi praxisokra alkalmazva. Felk\u00e9sz\u00edti a hallgat\u00f3kat mind a t\u00e1rs\u00e1llatos, mind a haszon\u00e1llatos ter\u00fcleten a digit\u00e1lis eszk\u00f6z\u00f6k alapszint\u0171 \u00e9rtelmez\u00e9s\u00e9re, haszn\u00e1lat\u00e1ra, a praxis \u00e9rt\u00e9k\u00e9nek n\u00f6vel\u00e9s\u00e9re, az \u00e1llatorvosi munka szakszer\u0171 kieg\u00e9sz\u00edt\u00e9s\u00e9re. El\u0151tanulm\u00e1nyi k\u00f6vetelm\u00e9nyek: Agr\u00e1rgazdas\u00e1gtan<\/p>\n","protected":false},"author":3837,"featured_media":0,"parent":677,"menu_order":0,"comment_status":"open","ping_status":"open","template":"","meta":{"_acf_changed":false,"footnotes":""},"categories":[],"tags":[],"class_list":["post-82362","page","type-page","status-publish","hentry"],"acf":[],"_links":{"self":[{"href":"https:\/\/univet.hu\/hu\/wp-json\/wp\/v2\/pages\/82362","targetHints":{"allow":["GET"]}}],"collection":[{"href":"https:\/\/univet.hu\/hu\/wp-json\/wp\/v2\/pages"}],"about":[{"href":"https:\/\/univet.hu\/hu\/wp-json\/wp\/v2\/types\/page"}],"author":[{"embeddable":true,"href":"https:\/\/univet.hu\/hu\/wp-json\/wp\/v2\/users\/3837"}],"replies":[{"embeddable":true,"href":"https:\/\/univet.hu\/hu\/wp-json\/wp\/v2\/comments?post=82362"}],"version-history":[{"count":1,"href":"https:\/\/univet.hu\/hu\/wp-json\/wp\/v2\/pages\/82362\/revisions"}],"predecessor-version":[{"id":174766,"href":"https:\/\/univet.hu\/hu\/wp-json\/wp\/v2\/pages\/82362\/revisions\/174766"}],"up":[{"embeddable":true,"href":"https:\/\/univet.hu\/hu\/wp-json\/wp\/v2\/pages\/677"}],"wp:attachment":[{"href":"https:\/\/univet.hu\/hu\/wp-json\/wp\/v2\/media?parent=82362"}],"wp:term":[{"taxonomy":"category","embeddable":true,"href":"https:\/\/univet.hu\/hu\/wp-json\/wp\/v2\/categories?post=82362"},{"taxonomy":"post_tag","embeddable":true,"href":"https:\/\/univet.hu\/hu\/wp-json\/wp\/v2\/tags?post=82362"}],"curies":[{"name":"wp","href":"https:\/\/api.w.org\/{rel}","templated":true}]}}