{"id":82704,"date":"2023-01-26T10:34:33","date_gmt":"2023-01-26T09:34:33","guid":{"rendered":"https:\/\/univet.hu\/hu\/egyetem\/munkatarsak\/new-staff-member-page-2\/"},"modified":"2026-02-10T03:57:39","modified_gmt":"2026-02-10T02:57:39","slug":"ziszisz-arisz","status":"publish","type":"page","link":"https:\/\/univet.hu\/hu\/egyetem\/munkatarsak\/ziszisz-arisz\/","title":{"rendered":"Ziszisz \u00c1risz"},"content":{"rendered":"<p><strong>Bemutatkoz\u00e1s<\/strong><\/p> <p>1993-ban, Budapesten sz\u00fclettem. 2007-ben v\u00e1s\u00e1roltam meg els\u0151 h\u00fcll\u0151imet, melyeket rengeteg \u00e9rdekes faj k\u00f6vetett. Ezzel egy id\u0151ben kezdtem meg \u00f6nk\u00e9ntes munk\u00e1mat a F\u0151v\u00e1rosi \u00c1llat-\u00e9s N\u00f6v\u00e9nykert falai k\u00f6z\u00f6tt. Az \u00e9vek sor\u00e1n sokat tanulhattam a tart\u00e1si k\u00f6r\u00fclm\u00e9nyek \u00e1llateg\u00e9szs\u00e9g\u00fcgyi vonatkoz\u00e1sair\u00f3l, ezt a tud\u00e1st ma m\u00e1r az \u00e1llatorvosi praxisban hasznos\u00edtom. Az \u00c1llatorvostudom\u00e1nyi Egyetemen 2022-ben szereztem diplom\u00e1t, ezt k\u00f6vet\u0151en az <span data-olk-copy-source=\"MessageBody\">Egzotikus\u00e1llat-, Vad-, Hal- \u00e9s M\u00e9heg\u00e9szs\u00e9g\u00fcgyi Tansz\u00e9k<\/span> klinikus \u00e1llatorvosak\u00e9nt kezdtem dolgozni.\u00a0 TDK dolgozatomat \u201eEgyes gy\u00edk fajok (<em>Sauria)<\/em> ivarmeghat\u00e1roz\u00e1sa k\u00e9palkot\u00f3 diagnosztikai m\u00f3dszerrel\u201d c\u00edmmel \u00edrtam. Ebben a t\u00e9mak\u00f6rben di\u00e1kk\u00e9nt t\u00f6bb szakmai konferenci\u00e1n is el\u0151adhattam. A v\u00e9gz\u00e9st k\u00f6vet\u0151en felv\u00e9telt nyertem az \u00c1llatorvostudom\u00e1nyi Egyetem Doktori Iskol\u00e1j\u00e1ba, ahol h\u00fcll\u0151kkel kapcsolatos kutat\u00e1saimat folytathatom.<\/p> <p><strong>F\u0151bb kutat\u00e1si ter\u00fcletek:<\/strong><br \/> &#8211; h\u00fcll\u0151k \u00e9s k\u00e9t\u00e9lt\u0171ek gy\u00f3gy\u00e1szata<br \/> &#8211; tevef\u00e9l\u00e9k gy\u00f3gy\u00e1szata<\/p> <p><strong>El\u0151rehalad\u00e1s:<\/strong><br \/> 2022 \u00e1llatorvos doktor<br \/> 2022 fels\u0151fok\u00fa vad\u00e1szati \u00e9s vadgazd\u00e1lkod\u00e1si v\u00e9gzetts\u00e9g<br \/> 2022-t\u0151l PhD-hallgat\u00f3<\/p> <p><strong>Szakmai szervezeti tags\u00e1g:<\/strong><\/p> <p>Association of Reptile and Amphibian Veterinarians (ARAV)\u00a0\u00a0\u00a0\u00a0 2022-\u00a0\u00a0\u00a0 tag<\/p> <p>Magyar Vad- \u00e9s \u00c1llatkerti \u00c1llatorvosok T\u00e1rsas\u00e1ga (MV\u00c1\u00c1T)\u00a0\u00a0\u00a0\u00a0\u00a0\u00a0\u00a0 2022-\u00a0\u00a0\u00a0 tag<\/p> <p>Magyar \u00c1llatorvosi Kamara (M\u00c1OK)\u00a0\u00a0\u00a0\u00a0\u00a0\u00a0 2022-\u00a0\u00a0\u00a0 tag<\/p> <p>&nbsp;<\/p> <p><strong>Publik\u00e1ci\u00f3s lista:<\/strong><\/p> <ul> <li>G\u00e1l J\u00e1nos, Udvari Lilla, Farkas L. Szilvia, Ziszisz \u00c1risz, Maros\u00e1n Mikl\u00f3s, M\u00e1ndoki M\u00edra, Kreizinger Zsuzsa, Gyuranecz Mikl\u00f3s<br \/> Mycoplasma agassizii-szer\u0171 k\u00f3rokoz\u00f3 kimutat\u00e1sa kir\u00e1lypitonb\u00f3l (<em>Python regius<\/em>) Isolation of Mycoplasma agassizii-like agent from a Ball python (<em>Python regius<\/em>) MAGYAR\u00a0 \u00c1LLATORVOSOK LAPJA 144\u00a0:\u00a03\u00a0pp. 177-182. , 6 p.\u00a0(2022)<\/li> <\/ul> <p>&nbsp;<\/p> <ul> <li>\u010cerm\u00e1kov\u00e1 E., Zbo\u0159ilov\u00e1 H., Kole\u010dk\u00e1\u0159ov\u00e1 M., Ziszisz \u00c1., Knotek Z.<br \/> Masivn\u00ed obstipace jako p\u0159\u00ed\u010dina akutn\u00ed, \u017eivot ohro\u017euj\u00edc\u00ed dyspnoe u \u017eelvy ostruhat\u00e9 (<em>Centrochelys sulcata<\/em>).<br \/> Massive constipation as the cause of acute, life-threatening dyspnoea in African spurred tortoise (<em>Centrochelys sulcata<\/em>) Veterin\u00e1rn\u00ed klinika 2021; 18(6): 263-267<\/li> <\/ul> <p>&nbsp;<\/p> <ul> <li>G\u00e1l J\u00e1nos, Orosi Zolt\u00e1n, Ziszisz \u00c1risz, Hoitsy M\u00e1rton<br \/> Vitorl\u00e1s \u00f3ri\u00e1s algaev\u0151harcsa (<em>Pterygoplichthys joselimaianus<\/em> WEBER, 1991) sz\u00e1j k\u00f6r\u00fcl kialakult papillom\u00e1j\u00e1nak elt\u00e1vol\u00edt\u00e1sa<br \/> Removal and identification of the neoplasm from the corner of the mouth of a marbled sailfin pleco (<em>Pterygoplichthys joselimaianus<\/em> WEBER, 1991)<br \/> MAGYAR \u00c1LLATORVOSOK LAPJA 140: 10 pp. 635-639., 5 p. 2018<\/li> <\/ul> <p>&nbsp;<\/p> <ul> <li>G\u00e9czy Csaba, Maros\u00e1n Mikl\u00f3s, Hoitsy M\u00e1rton, Ziszisz \u00c1risz, Orosi Zolt\u00e1n<br \/> \u00c9l\u0151helyi gy\u0171jt\u00e9sb\u0151l sz\u00e1rmaz\u00f3 v\u00f6r\u00f6sf\u00fcl\u0171 iszaptekn\u0151s (<em>Kinosternon cruentatum<\/em>) \u00e1llom\u00e1nnyal kapcsolatos diagnosztikai \u00e9s ter\u00e1pi\u00e1s tapasztalatok Diagnostic and therapeutic experiences with wild caught red-cheeked mud turtles (Kinosternon cruentatum) MAGYAR \u00c1LLATORVOSOK LAPJA 139 : 7 pp. 405-409., 5 p. 2017<\/li> <\/ul> <p>&nbsp;<\/p>","protected":false},"excerpt":{"rendered":"<p>Bemutatkoz\u00e1s 1993-ban, Budapesten sz\u00fclettem. 2007-ben v\u00e1s\u00e1roltam meg els\u0151 h\u00fcll\u0151imet, melyeket rengeteg \u00e9rdekes faj k\u00f6vetett. Ezzel egy id\u0151ben kezdtem meg \u00f6nk\u00e9ntes munk\u00e1mat a F\u0151v\u00e1rosi \u00c1llat-\u00e9s N\u00f6v\u00e9nykert falai k\u00f6z\u00f6tt. Az \u00e9vek sor\u00e1n sokat tanulhattam a tart\u00e1si k\u00f6r\u00fclm\u00e9nyek \u00e1llateg\u00e9szs\u00e9g\u00fcgyi vonatkoz\u00e1sair\u00f3l, ezt a tud\u00e1st ma m\u00e1r az \u00e1llatorvosi praxisban hasznos\u00edtom. Az \u00c1llatorvostudom\u00e1nyi Egyetemen 2022-ben szereztem diplom\u00e1t, ezt k\u00f6vet\u0151en az<\/p>\n","protected":false},"author":5824,"featured_media":0,"parent":858,"menu_order":0,"comment_status":"open","ping_status":"open","template":"","meta":{"_acf_changed":false,"footnotes":""},"categories":[56],"tags":[],"class_list":["post-82704","page","type-page","status-publish","hentry","category-munkatarsak"],"acf":[],"_links":{"self":[{"href":"https:\/\/univet.hu\/hu\/wp-json\/wp\/v2\/pages\/82704","targetHints":{"allow":["GET"]}}],"collection":[{"href":"https:\/\/univet.hu\/hu\/wp-json\/wp\/v2\/pages"}],"about":[{"href":"https:\/\/univet.hu\/hu\/wp-json\/wp\/v2\/types\/page"}],"author":[{"embeddable":true,"href":"https:\/\/univet.hu\/hu\/wp-json\/wp\/v2\/users\/5824"}],"replies":[{"embeddable":true,"href":"https:\/\/univet.hu\/hu\/wp-json\/wp\/v2\/comments?post=82704"}],"version-history":[{"count":3,"href":"https:\/\/univet.hu\/hu\/wp-json\/wp\/v2\/pages\/82704\/revisions"}],"predecessor-version":[{"id":181765,"href":"https:\/\/univet.hu\/hu\/wp-json\/wp\/v2\/pages\/82704\/revisions\/181765"}],"up":[{"embeddable":true,"href":"https:\/\/univet.hu\/hu\/wp-json\/wp\/v2\/pages\/858"}],"wp:attachment":[{"href":"https:\/\/univet.hu\/hu\/wp-json\/wp\/v2\/media?parent=82704"}],"wp:term":[{"taxonomy":"category","embeddable":true,"href":"https:\/\/univet.hu\/hu\/wp-json\/wp\/v2\/categories?post=82704"},{"taxonomy":"post_tag","embeddable":true,"href":"https:\/\/univet.hu\/hu\/wp-json\/wp\/v2\/tags?post=82704"}],"curies":[{"name":"wp","href":"https:\/\/api.w.org\/{rel}","templated":true}]}}