{"id":82744,"date":"2023-01-27T08:56:09","date_gmt":"2023-01-27T07:56:09","guid":{"rendered":"https:\/\/univet.hu\/?page_id=82744"},"modified":"2023-03-02T09:05:07","modified_gmt":"2023-03-02T08:05:07","slug":"diplomaoszto-2023","status":"publish","type":"page","link":"https:\/\/univet.hu\/hu\/diplomaoszto-2023\/","title":{"rendered":"Doktorr\u00e1 avat\u00f3 \u00e9s diplomaoszt\u00f3 \u00fcnneps\u00e9g 2023"},"content":{"rendered":"<p>&nbsp;<\/p> <p>Az esem\u00e9ny k\u00f6zvet\u00edt\u00e9s\u00e9t <a href=\"https:\/\/youtu.be\/CxroHz_Hml0\">ide kattintva<\/a> visszan\u00e9zheti.<\/p> <p>Az esem\u00e9nyr\u0151l k\u00e9sz\u00fclt f\u00e9nyk\u00e9peket <a href=\"https:\/\/allatorvosiegyetem.sharepoint.com\/:f:\/s\/kommunikacio\/EtI1fBYJjgxDstL7J7ufamYBMR-xavfig5duV9e8W3rHUQ?e=8irhBk\">ide kattintva<\/a> tudja megn\u00e9zni.<\/p> <p>&nbsp;<\/p> <p><strong>Az \u00c1llatorvostudom\u00e1nyi Egyetem Szen\u00e1tusa nev\u00e9ben szeretettel megh\u00edvjuk doktorr\u00e1 avat\u00f3 \u00e9s diplomaoszt\u00f3 \u00fcnneps\u00e9g\u00fcnkre, melyet online is k\u00f6zvet\u00edt\u00fcnk.<\/strong><\/p> <p><strong>Id\u0151pont<\/strong>:\u00a02023. febru\u00e1r 24, p\u00e9ntek 10.00 \u00f3ra<\/p> <p><a href=\"https:\/\/univet.hu\/hu\/2023\/01\/17\/diplomaoszto-2023\/ate-38-diplomaoszto-meghivo-6-szerkzsidai230125-vagott\/\" rel=\"attachment wp-att-82739\"><img loading=\"lazy\" decoding=\"async\" class=\"aligncenter size-full wp-image-82739\" src=\"https:\/\/univet.hu\/wp-content\/uploads\/2023\/01\/ATE-38-diplomaoszto-megh\u00edvo-6-szerkZsidai230125-vagott.jpg\" alt=\"\" width=\"2317\" height=\"1676\" srcset=\"https:\/\/univet.hu\/wp-content\/uploads\/2023\/01\/ATE-38-diplomaoszto-megh\u00edvo-6-szerkZsidai230125-vagott.jpg 2317w, https:\/\/univet.hu\/wp-content\/uploads\/2023\/01\/ATE-38-diplomaoszto-megh\u00edvo-6-szerkZsidai230125-vagott-320x231.jpg 320w, https:\/\/univet.hu\/wp-content\/uploads\/2023\/01\/ATE-38-diplomaoszto-megh\u00edvo-6-szerkZsidai230125-vagott-768x556.jpg 768w, https:\/\/univet.hu\/wp-content\/uploads\/2023\/01\/ATE-38-diplomaoszto-megh\u00edvo-6-szerkZsidai230125-vagott-960x694.jpg 960w\" sizes=\"auto, (max-width: 2317px) 100vw, 2317px\" \/><\/a><\/p> <p><a href=\"https:\/\/univet.hu\/hu\/2023\/01\/17\/diplomaoszto-2023\/ate-38\/\" rel=\"attachment wp-att-82741\">Megh\u00edv\u00f3 let\u00f6lt\u00e9se pdf-ben.<\/a><\/p> <p>&nbsp;<\/p>","protected":false},"excerpt":{"rendered":"<p>&nbsp; Az esem\u00e9ny k\u00f6zvet\u00edt\u00e9s\u00e9t ide kattintva visszan\u00e9zheti. Az esem\u00e9nyr\u0151l k\u00e9sz\u00fclt f\u00e9nyk\u00e9peket ide kattintva tudja megn\u00e9zni. &nbsp; Az \u00c1llatorvostudom\u00e1nyi Egyetem Szen\u00e1tusa nev\u00e9ben szeretettel megh\u00edvjuk doktorr\u00e1 avat\u00f3 \u00e9s diplomaoszt\u00f3 \u00fcnneps\u00e9g\u00fcnkre, melyet online is k\u00f6zvet\u00edt\u00fcnk. Id\u0151pont:\u00a02023. febru\u00e1r 24, p\u00e9ntek 10.00 \u00f3ra Megh\u00edv\u00f3 let\u00f6lt\u00e9se pdf-ben. &nbsp;<\/p>\n","protected":false},"author":2518,"featured_media":0,"parent":0,"menu_order":0,"comment_status":"closed","ping_status":"closed","template":"","meta":{"_acf_changed":false,"footnotes":""},"categories":[],"tags":[],"class_list":["post-82744","page","type-page","status-publish","hentry"],"acf":[],"_links":{"self":[{"href":"https:\/\/univet.hu\/hu\/wp-json\/wp\/v2\/pages\/82744","targetHints":{"allow":["GET"]}}],"collection":[{"href":"https:\/\/univet.hu\/hu\/wp-json\/wp\/v2\/pages"}],"about":[{"href":"https:\/\/univet.hu\/hu\/wp-json\/wp\/v2\/types\/page"}],"author":[{"embeddable":true,"href":"https:\/\/univet.hu\/hu\/wp-json\/wp\/v2\/users\/2518"}],"replies":[{"embeddable":true,"href":"https:\/\/univet.hu\/hu\/wp-json\/wp\/v2\/comments?post=82744"}],"version-history":[{"count":0,"href":"https:\/\/univet.hu\/hu\/wp-json\/wp\/v2\/pages\/82744\/revisions"}],"wp:attachment":[{"href":"https:\/\/univet.hu\/hu\/wp-json\/wp\/v2\/media?parent=82744"}],"wp:term":[{"taxonomy":"category","embeddable":true,"href":"https:\/\/univet.hu\/hu\/wp-json\/wp\/v2\/categories?post=82744"},{"taxonomy":"post_tag","embeddable":true,"href":"https:\/\/univet.hu\/hu\/wp-json\/wp\/v2\/tags?post=82744"}],"curies":[{"name":"wp","href":"https:\/\/api.w.org\/{rel}","templated":true}]}}