{"id":829,"date":"2016-12-26T17:08:00","date_gmt":"2016-12-26T16:08:00","guid":{"rendered":"http:\/\/univet.hu\/oktatas\/hok\/hok-bizottsagok\/kommunikacios-bizottsag\/"},"modified":"2018-09-08T20:30:39","modified_gmt":"2018-09-08T18:30:39","slug":"kommunikacios-bizottsag","status":"publish","type":"page","link":"https:\/\/univet.hu\/hu\/oktatas\/hok\/kommunikacios-bizottsag\/","title":{"rendered":"Kommunik\u00e1ci\u00f3s Bizotts\u00e1g"},"content":{"rendered":"<p>Felt&ouml;lt&eacute;s alatt. Itt majd a bizotts&aacute;g tev&eacute;kenys&eacute;geir\u0151l, c&eacute;lkit\u0171z&eacute;seir\u0151l, lehet\u0151s&eacute;geir\u0151l olvashattok b\u0151vebben.<\/p>","protected":false},"excerpt":{"rendered":"<p>Felt&ouml;lt&eacute;s alatt. Itt majd a bizotts&aacute;g tev&eacute;kenys&eacute;geir\u0151l, c&eacute;lkit\u0171z&eacute;seir\u0151l, lehet\u0151s&eacute;geir\u0151l olvashattok b\u0151vebben.<\/p>\n","protected":false},"author":1,"featured_media":0,"parent":820,"menu_order":228,"comment_status":"closed","ping_status":"closed","template":"","meta":{"_acf_changed":false,"footnotes":""},"categories":[],"tags":[],"class_list":["post-829","page","type-page","status-publish","hentry"],"acf":[],"_links":{"self":[{"href":"https:\/\/univet.hu\/hu\/wp-json\/wp\/v2\/pages\/829","targetHints":{"allow":["GET"]}}],"collection":[{"href":"https:\/\/univet.hu\/hu\/wp-json\/wp\/v2\/pages"}],"about":[{"href":"https:\/\/univet.hu\/hu\/wp-json\/wp\/v2\/types\/page"}],"author":[{"embeddable":true,"href":"https:\/\/univet.hu\/hu\/wp-json\/wp\/v2\/users\/1"}],"replies":[{"embeddable":true,"href":"https:\/\/univet.hu\/hu\/wp-json\/wp\/v2\/comments?post=829"}],"version-history":[{"count":0,"href":"https:\/\/univet.hu\/hu\/wp-json\/wp\/v2\/pages\/829\/revisions"}],"up":[{"embeddable":true,"href":"https:\/\/univet.hu\/hu\/wp-json\/wp\/v2\/pages\/820"}],"wp:attachment":[{"href":"https:\/\/univet.hu\/hu\/wp-json\/wp\/v2\/media?parent=829"}],"wp:term":[{"taxonomy":"category","embeddable":true,"href":"https:\/\/univet.hu\/hu\/wp-json\/wp\/v2\/categories?post=829"},{"taxonomy":"post_tag","embeddable":true,"href":"https:\/\/univet.hu\/hu\/wp-json\/wp\/v2\/tags?post=829"}],"curies":[{"name":"wp","href":"https:\/\/api.w.org\/{rel}","templated":true}]}}