{"id":83030,"date":"2023-02-03T12:07:31","date_gmt":"2023-02-03T11:07:31","guid":{"rendered":"https:\/\/univet.hu\/hu\/oktatas\/kurzusok\/preciziosdigitaliseljarasok\/"},"modified":"2023-02-11T15:27:14","modified_gmt":"2023-02-11T14:27:14","slug":"precizios-digitalis-eljarasok-a-tej-es-hushasznu-teheneszetekben","status":"publish","type":"page","link":"https:\/\/univet.hu\/hu\/oktatas\/kurzusok\/precizios-digitalis-eljarasok-a-tej-es-hushasznu-teheneszetekben\/","title":{"rendered":"Prec\u00edzi\u00f3s digit\u00e1lis elj\u00e1r\u00e1sok a tej- \u00e9s h\u00fashaszn\u00fa tehen\u00e9szetekben"},"content":{"rendered":"<p>Prec\u00edzi\u00f3s digit\u00e1lis elj\u00e1r\u00e1sok a tej- \u00e9s h\u00fashaszn\u00fa tehen\u00e9szetekben<\/p> <p>Kapcsolattart\u00f3: Prof. Dr. Szenci Ott\u00f3 email: <a class=\"decrypt\" rel=\"T{fodj\/PuupAvojwfu\/iv\" href=\"javascript:void(0);\">[Kattintson az emailc\u00edmhez]<\/a><\/p>","protected":false},"excerpt":{"rendered":"<p>Prec\u00edzi\u00f3s digit\u00e1lis elj\u00e1r\u00e1sok a tej- \u00e9s h\u00fashaszn\u00fa tehen\u00e9szetekben Kapcsolattart\u00f3: Prof. Dr. Szenci Ott\u00f3 email: [Kattintson az emailc\u00edmhez]<\/p>\n","protected":false},"author":3837,"featured_media":0,"parent":677,"menu_order":0,"comment_status":"open","ping_status":"open","template":"","meta":{"_acf_changed":false,"footnotes":""},"categories":[],"tags":[],"class_list":["post-83030","page","type-page","status-publish","hentry"],"acf":[],"_links":{"self":[{"href":"https:\/\/univet.hu\/hu\/wp-json\/wp\/v2\/pages\/83030","targetHints":{"allow":["GET"]}}],"collection":[{"href":"https:\/\/univet.hu\/hu\/wp-json\/wp\/v2\/pages"}],"about":[{"href":"https:\/\/univet.hu\/hu\/wp-json\/wp\/v2\/types\/page"}],"author":[{"embeddable":true,"href":"https:\/\/univet.hu\/hu\/wp-json\/wp\/v2\/users\/3837"}],"replies":[{"embeddable":true,"href":"https:\/\/univet.hu\/hu\/wp-json\/wp\/v2\/comments?post=83030"}],"version-history":[{"count":0,"href":"https:\/\/univet.hu\/hu\/wp-json\/wp\/v2\/pages\/83030\/revisions"}],"up":[{"embeddable":true,"href":"https:\/\/univet.hu\/hu\/wp-json\/wp\/v2\/pages\/677"}],"wp:attachment":[{"href":"https:\/\/univet.hu\/hu\/wp-json\/wp\/v2\/media?parent=83030"}],"wp:term":[{"taxonomy":"category","embeddable":true,"href":"https:\/\/univet.hu\/hu\/wp-json\/wp\/v2\/categories?post=83030"},{"taxonomy":"post_tag","embeddable":true,"href":"https:\/\/univet.hu\/hu\/wp-json\/wp\/v2\/tags?post=83030"}],"curies":[{"name":"wp","href":"https:\/\/api.w.org\/{rel}","templated":true}]}}