{"id":83266,"date":"2023-02-08T14:39:26","date_gmt":"2023-02-08T13:39:26","guid":{"rendered":"https:\/\/univet.hu\/hu\/egyetem\/munkatarsak\/new-staff-member-page-2\/"},"modified":"2026-03-31T15:35:33","modified_gmt":"2026-03-31T13:35:33","slug":"paszerbovics-bettina","status":"publish","type":"page","link":"https:\/\/univet.hu\/hu\/egyetem\/munkatarsak\/paszerbovics-bettina\/","title":{"rendered":"Paszerbovics Bettina"},"content":{"rendered":"<h2 class=\"entry-title\">Oktat\u00f3 konzult\u00e1ci\u00f3s id\u0151pontja: Szerda: 12:00-13:00 (J \u00e9p\u00fclet II. emelet 203. szoba)<br \/> (el\u0151zetes bejelentkez\u00e9s sz\u00fcks\u00e9ges)<\/h2> <p><strong>Oktat\u00e1si tev\u00e9kenys\u00e9g:\u00a0<\/strong><strong>Biomatematika oktat\u00e1s magyar \u00e9s angol nyelven az \u00e1llatorvos k\u00e9pz\u00e9sben.<\/strong><\/p> <p><strong>Kutat\u00e1si \u00e9rdekl\u0151d\u00e9s:\u00a0<\/strong><strong>Fert\u0151z\u0151 sert\u00e9sbetegs\u00e9gek el\u0151fordul\u00e1s\u00e1nak \u00e9s az \u00e1ltaluk okozott gazdas\u00e1gi k\u00e1roknak a becsl\u00e9se \u00e9s modellez\u00e9se<\/strong><\/p> <p><strong>V\u00e1logatott publik\u00e1ci\u00f3k:\u00a0<\/strong><\/p> <p>Christopher C. J. Fitzgerald, Rikard Hedman, Dimanthi R. Uduwela, Bettina Paszerbovics, Adam J. Carroll, Teresa Neeman, Adam Cawley, Lance Brooker and Malcolm D. McLeod.\u00a0Profiling Urinary Sulfate Metabolites With Mass Spectrometry.\u00a0<strong><em>Frontiers in Molecular Biosciences 9: 829511\u00a0<\/em><\/strong>(2022).<\/p> <p>Edina Jaksics, Bettina Paszerbovics, Blanka Egri, Marianna Rakszegi, Karolina Tremmel-Bede, Gyula Vida, Szilveszter Gergely, Ren\u00e1ta N\u00e9meth, S\u00e1ndor T\u00f6m\u00f6sk\u00f6zi.<\/p> <p>Complex rheological characterization of normal, waxy and high-amylose<\/p> <p>wheat lines.\u00a0<strong><em>Journal of Cereal Science 93:102982<\/em><\/strong> \u00a0(2020)<\/p> <p>&nbsp;<\/p>","protected":false},"excerpt":{"rendered":"<p>Oktat\u00f3 konzult\u00e1ci\u00f3s id\u0151pontja: Szerda: 12:00-13:00 (J \u00e9p\u00fclet II. emelet 203. szoba) (el\u0151zetes bejelentkez\u00e9s sz\u00fcks\u00e9ges) Oktat\u00e1si tev\u00e9kenys\u00e9g:\u00a0Biomatematika oktat\u00e1s magyar \u00e9s angol nyelven az \u00e1llatorvos k\u00e9pz\u00e9sben. Kutat\u00e1si \u00e9rdekl\u0151d\u00e9s:\u00a0Fert\u0151z\u0151 sert\u00e9sbetegs\u00e9gek el\u0151fordul\u00e1s\u00e1nak \u00e9s az \u00e1ltaluk okozott gazdas\u00e1gi k\u00e1roknak a becsl\u00e9se \u00e9s modellez\u00e9se V\u00e1logatott publik\u00e1ci\u00f3k:\u00a0 Christopher C. J. Fitzgerald, Rikard Hedman, Dimanthi R. Uduwela, Bettina Paszerbovics, Adam J. Carroll, Teresa<\/p>\n","protected":false},"author":5824,"featured_media":0,"parent":858,"menu_order":203,"comment_status":"closed","ping_status":"closed","template":"","meta":{"_acf_changed":false,"footnotes":""},"categories":[56],"tags":[],"class_list":["post-83266","page","type-page","status-publish","hentry","category-munkatarsak"],"acf":[],"_links":{"self":[{"href":"https:\/\/univet.hu\/hu\/wp-json\/wp\/v2\/pages\/83266","targetHints":{"allow":["GET"]}}],"collection":[{"href":"https:\/\/univet.hu\/hu\/wp-json\/wp\/v2\/pages"}],"about":[{"href":"https:\/\/univet.hu\/hu\/wp-json\/wp\/v2\/types\/page"}],"author":[{"embeddable":true,"href":"https:\/\/univet.hu\/hu\/wp-json\/wp\/v2\/users\/5824"}],"replies":[{"embeddable":true,"href":"https:\/\/univet.hu\/hu\/wp-json\/wp\/v2\/comments?post=83266"}],"version-history":[{"count":3,"href":"https:\/\/univet.hu\/hu\/wp-json\/wp\/v2\/pages\/83266\/revisions"}],"predecessor-version":[{"id":204626,"href":"https:\/\/univet.hu\/hu\/wp-json\/wp\/v2\/pages\/83266\/revisions\/204626"}],"up":[{"embeddable":true,"href":"https:\/\/univet.hu\/hu\/wp-json\/wp\/v2\/pages\/858"}],"wp:attachment":[{"href":"https:\/\/univet.hu\/hu\/wp-json\/wp\/v2\/media?parent=83266"}],"wp:term":[{"taxonomy":"category","embeddable":true,"href":"https:\/\/univet.hu\/hu\/wp-json\/wp\/v2\/categories?post=83266"},{"taxonomy":"post_tag","embeddable":true,"href":"https:\/\/univet.hu\/hu\/wp-json\/wp\/v2\/tags?post=83266"}],"curies":[{"name":"wp","href":"https:\/\/api.w.org\/{rel}","templated":true}]}}