{"id":83479,"date":"2023-02-13T10:31:42","date_gmt":"2023-02-13T09:31:42","guid":{"rendered":"https:\/\/univet.hu\/hu\/egyetem\/munkatarsak\/new-staff-member-page-2\/"},"modified":"2026-03-31T15:47:49","modified_gmt":"2026-03-31T13:47:49","slug":"elek-zoltan","status":"publish","type":"page","link":"https:\/\/univet.hu\/hu\/egyetem\/munkatarsak\/elek-zoltan\/","title":{"rendered":"Elek Zolt\u00e1n"},"content":{"rendered":"<p><strong>Fogad\u00f3\u00f3ra: Cs\u00fct\u00f6rt\u00f6k 12:00-13:00<br \/> Helysz\u00edn: J \u00e9p\u00fclet III. emelet 306. \u2013 el\u0151zetes bejelentkez\u00e9s minden esetben sz\u00fcks\u00e9ges!)<\/strong><\/p> <p><strong>Oktat\u00e1si tev\u00e9kenys\u00e9g:<\/strong><strong>\u00a0Informatika (<\/strong><strong>magyar<\/strong><strong>, angol), Biomatematika (magyar, angol)<\/strong><\/p> <p><strong>Kutat\u00e1si \u00e9rdekl\u0151d\u00e9s:<\/strong><strong> Az emberi tev\u00e9kenys\u00e9gek \u00e9l\u0151hely \u00e1talak\u00edt\u00f3 hat\u00e1sait vizsg\u00e1lja fut\u00f3bog\u00e1r egy\u00fcttesek (Coleoptera: Carabidae) szerkezet\u00e9re vonatkoz\u00f3an, a k\u00f6z\u00f6ss\u00e9gi szintr\u0151l az egyedi viselked\u00e9sig els\u0151sorban f\u00e1s\/erd\u0151s \u00e9l\u0151helyeken. Kutat\u00e1sainak l\u00e9nyeges eleme az, hogy az egyedi\/popul\u00e1ci\u00f3s szint\u0171 vizsg\u00e1latok hogyan hozz\u00e1j\u00e1rulhatnak hozz\u00e1 a k\u00f6z\u00f6ss\u00e9gei szint\u0171 mint\u00e1zatok interpret\u00e1l\u00e1s\u00e1hoz, \u00e9s seg\u00edthetnek kijel\u00f6lni olyan erd\u00e9szeti fahaszn\u00e1latokat amelyek seg\u00edtenek a fenntarthat\u00f3 erd\u0151gazd\u00e1lkod\u00e1s megalapoz\u00e1s\u00e1ban. Tov\u00e1bb\u00e1 fontosnak tartja, hogy a kutat\u00e1si megk\u00f6zel\u00edt\u00e9sek, m\u00f3dszerek \u00e9s eszk\u00f6z\u00f6k innovat\u00edv m\u00f3don t\u00f6rt\u00e9n\u0151 fejleszt\u00e9s\u00e9t, \u00fajragondol\u00e1s\u00e1t.<\/strong><\/p> <p><strong>Szakter\u00fcletek:<\/strong><strong> k\u00f6z\u00f6ss\u00e9g\u00f6kol\u00f3gia, rovar\u00f6kol\u00f3gia, erd\u00e9szeti \u00f6kol\u00f3gia, biodiverzit\u00e1s meg\u0151rz\u00e9s<\/strong><\/p> <p><strong>V\u00e1logatott publik\u00e1ci\u00f3k:<\/strong><\/p> <p><strong>Teljes pulbik\u00e1ci\u00f3s lista el\u00e9rhet\u0151s\u00e9ge: <\/strong><\/p> <p><strong>MTMT: <\/strong><a href=\"https:\/\/m2.mtmt.hu\/gui2\/?type=authors&amp;mode=browse&amp;sel=10000583\">https:\/\/m2.mtmt.hu\/gui2\/?type=authors&amp;mode=browse&amp;sel=10000583<\/a><\/p> <p><strong>Google scholar: <\/strong><a href=\"https:\/\/scholar.google.com\/citations?user=-f3s46IAAAAJ&amp;hl=hu\">https:\/\/scholar.google.com\/citations?user=-f3s46IAAAAJ&amp;hl=hu<\/a><\/p> <p>&nbsp;<\/p> <ol> <li><u>Elek Z,<\/u> R\u016f\u017ei\u010dkov\u00e1 J, \u00d3dor P (2022): Functional plasticity of carabids can presume better the changes in community composition than taxon-based descriptors. <em>Ecological Applications,<\/em> 32(1): 1\u201313. <a href=\"https:\/\/doi.org\/10.1002\/eap.2460\">https:\/\/doi.org\/10.1002\/eap.2460<\/a> (IF:6.105)<\/li> <li><u>Elek Z,<\/u> R\u016f\u017ei\u010dkov\u00e1 J, \u00d3dor P (2021): Individual decisions drive the changes in movement patterns of ground beetles between forestry management types. <em>Biologia,<\/em> 76: 3287\u20133296. <a href=\"https:\/\/doi.org\/10.1007\/s11756-021-00805-x\">https:\/\/doi.org\/10.1007\/s11756-021-00805-x<\/a> (IF:1.653)<\/li> <li>R\u016f\u017ei\u010dkov\u00e1 J, <u>Elek Z<\/u> (2021): Recording fine-scale movement of ground beetles by two methods: Potentials and methodological pitfalls. <em>Ecology and Evolution,<\/em> 11: 8562\u20138572. <a href=\"https:\/\/doi.org\/10.1002\/ece3.7670\">https:\/\/doi.org\/10.1002\/ece3.7670<\/a> (IF:3.167)<\/li> <li>R\u016f\u017ei\u010dkov\u00e1 J, <u>Elek Z<\/u> (2021): Unequivocal Differences in Predation Pressure on Large Carabid Beetles between Forestry Treatments. <em>Diversity,<\/em> 13: 484. <a href=\"https:\/\/doi.org\/https:\/doi.org\/10.3390\/d13100484\">https:\/\/doi.org\/https:\/\/doi.org\/10.3390\/d13100484<\/a> (IF:3.029)<\/li> <li>L\u00f6vei G L, Horv\u00e1th R, <u>Elek Z,<\/u> Magura T (2019): Diversity and assemblage filtering in ground-dwelling spiders (Araneae) along an urbanisation gradient in Denmark. <em>Urban Ecosystems,<\/em> 22(2): 345\u2013353. <a href=\"https:\/\/doi.org\/10.1007\/s11252-018-0819-x\">https:\/\/doi.org\/10.1007\/s11252-018-0819-x<\/a> (IF:2.547)<\/li> <li><u>Elek Z,<\/u> Kov\u00e1cs B, Aszal\u00f3s R, Boros G, Samu, F, Tinya F, \u00d3dor P (2018): Taxon-specific responses to different forestry treatments in a temperate forest. <em>Scientific Reports,<\/em> 8(1): 16990. <a href=\"https:\/\/doi.org\/10.1038\/s41598-018-35159-z\">https:\/\/doi.org\/10.1038\/s41598-018-35159-z<\/a> (IF:4.011)<\/li> <li><u>Elek Z,<\/u> L\u00f6vei G L, B\u00e1tki M (2017): Sex-specific interaction of body condition and asymmetry in carabids in distinct urbanisation stages. <em>Community Ecology,<\/em> 18(3): 253\u2013259. <a href=\"https:\/\/doi.org\/10.1556\/168.2017.18.3.4\">https:\/\/doi.org\/10.1556\/168.2017.18.3.4<\/a> (IF:0.934)<\/li> <li><u>Elek Z,<\/u> L\u00f6vei G L, B\u00e1tki M (2014): No increase in fluctuating asymmetry in ground beetles (Carabidae) as urbanisation progresses. <em>Community Ecology,<\/em> 15(2): 131\u2013138. <a href=\"https:\/\/doi.org\/10.1556\/C\">https:\/\/doi.org\/10.1556\/C<\/a> (IF:1.214)<\/li> <li><u>Elek Z,<\/u> Dauffy-Richard E, Gosselin F (2010): Carabid species responses to hybrid poplar plantations in floodplains in France. <em>Forest Ecology and Management,<\/em> 260: 1446\u20131455. <a href=\"https:\/\/doi.org\/10.1016\/j.foreco.2010.07.034\">https:\/\/doi.org\/10.1016\/j.foreco.2010.07.034<\/a> (IF:1.992)<\/li> <li><u>Elek Z,<\/u> L\u00f6vei G L (2007): Patterns in ground beetle (Coleoptera: Carabidae) assemblages along an urbanisation gradient in Denmark. <em>Acta Oecologica,<\/em> 32(1): 104\u2013111. <a href=\"https:\/\/doi.org\/10.1016\/j.actao.2007.03.008\">https:\/\/doi.org\/10.1016\/j.actao.2007.03.008<\/a> (IF:1.306)<\/li> <\/ol> <p>&nbsp;<\/p> <p>&nbsp;<\/p>","protected":false},"excerpt":{"rendered":"<p>Fogad\u00f3\u00f3ra: Cs\u00fct\u00f6rt\u00f6k 12:00-13:00 Helysz\u00edn: J \u00e9p\u00fclet III. emelet 306. \u2013 el\u0151zetes bejelentkez\u00e9s minden esetben sz\u00fcks\u00e9ges!) Oktat\u00e1si tev\u00e9kenys\u00e9g:\u00a0Informatika (magyar, angol), Biomatematika (magyar, angol) Kutat\u00e1si \u00e9rdekl\u0151d\u00e9s: Az emberi tev\u00e9kenys\u00e9gek \u00e9l\u0151hely \u00e1talak\u00edt\u00f3 hat\u00e1sait vizsg\u00e1lja fut\u00f3bog\u00e1r egy\u00fcttesek (Coleoptera: Carabidae) szerkezet\u00e9re vonatkoz\u00f3an, a k\u00f6z\u00f6ss\u00e9gi szintr\u0151l az egyedi viselked\u00e9sig els\u0151sorban f\u00e1s\/erd\u0151s \u00e9l\u0151helyeken. Kutat\u00e1sainak l\u00e9nyeges eleme az, hogy az egyedi\/popul\u00e1ci\u00f3s szint\u0171 vizsg\u00e1latok<\/p>\n","protected":false},"author":5824,"featured_media":0,"parent":858,"menu_order":0,"comment_status":"open","ping_status":"open","template":"","meta":{"_acf_changed":false,"footnotes":""},"categories":[],"tags":[],"class_list":["post-83479","page","type-page","status-publish","hentry"],"acf":[],"_links":{"self":[{"href":"https:\/\/univet.hu\/hu\/wp-json\/wp\/v2\/pages\/83479","targetHints":{"allow":["GET"]}}],"collection":[{"href":"https:\/\/univet.hu\/hu\/wp-json\/wp\/v2\/pages"}],"about":[{"href":"https:\/\/univet.hu\/hu\/wp-json\/wp\/v2\/types\/page"}],"author":[{"embeddable":true,"href":"https:\/\/univet.hu\/hu\/wp-json\/wp\/v2\/users\/5824"}],"replies":[{"embeddable":true,"href":"https:\/\/univet.hu\/hu\/wp-json\/wp\/v2\/comments?post=83479"}],"version-history":[{"count":3,"href":"https:\/\/univet.hu\/hu\/wp-json\/wp\/v2\/pages\/83479\/revisions"}],"predecessor-version":[{"id":204619,"href":"https:\/\/univet.hu\/hu\/wp-json\/wp\/v2\/pages\/83479\/revisions\/204619"}],"up":[{"embeddable":true,"href":"https:\/\/univet.hu\/hu\/wp-json\/wp\/v2\/pages\/858"}],"wp:attachment":[{"href":"https:\/\/univet.hu\/hu\/wp-json\/wp\/v2\/media?parent=83479"}],"wp:term":[{"taxonomy":"category","embeddable":true,"href":"https:\/\/univet.hu\/hu\/wp-json\/wp\/v2\/categories?post=83479"},{"taxonomy":"post_tag","embeddable":true,"href":"https:\/\/univet.hu\/hu\/wp-json\/wp\/v2\/tags?post=83479"}],"curies":[{"name":"wp","href":"https:\/\/api.w.org\/{rel}","templated":true}]}}