{"id":83511,"date":"2023-02-13T13:01:01","date_gmt":"2023-02-13T12:01:01","guid":{"rendered":"https:\/\/univet.hu\/hu\/egyetem\/munkatarsak\/new-staff-member-page-2\/"},"modified":"2026-03-31T15:30:46","modified_gmt":"2026-03-31T13:30:46","slug":"kovacs-agnes","status":"publish","type":"page","link":"https:\/\/univet.hu\/hu\/egyetem\/munkatarsak\/kovacs-agnes\/","title":{"rendered":"Kov\u00e1cs \u00c1gnes"},"content":{"rendered":"<h2 class=\"entry-title\">Oktat\u00f3 konzult\u00e1ci\u00f3s id\u0151pontja: Kedd: 10:00-11:00 (J \u00e9p\u00fclet II. emelet 203. szoba)<br \/> (el\u0151zetes bejelentkez\u00e9s sz\u00fcks\u00e9ges)<\/h2> <p><strong>Oktat\u00e1si tev\u00e9kenys\u00e9g<\/strong><\/p> <p>biomatematika<\/p> <p><strong>V\u00e9gzetts\u00e9g<\/strong><\/p> <p>okleveles matematikus<\/p> <p><strong>Kutat\u00e1si \u00e9rdekl\u0151d\u00e9s<\/strong><\/p> <p>Immunk\u00e9miai reakci\u00f3k modellez\u00e9se, majd az ezekb\u0151l kapott m\u00e9r\u00e9seredm\u00e9nyek elemz\u00e9se; Nemline\u00e1ris regresszi\u00f3s modellek alkalmaz\u00e1sa<\/p> <p><strong>Szakter\u00fcletek<\/strong><\/p> <p>alkalmazott matematika, biostatisztika<\/p> <p><strong>V\u00e1logatott publik\u00e1ci\u00f3k<\/strong><\/p> <p>R\u00e9szletes publik\u00e1ci\u00f3s lista az MTMT adatt\u00e1r\u00e1b\u00f3l let\u00f6lthet\u0151.<\/p> <p>Papp, Kriszti\u00e1n ; Kov\u00e1cs, \u00c1gnes; Orosz, Anita; H\u00e9rincs, Zolt\u00e1n ; Randek, Judit ; Liliom, K\u00e1roly ; Pfeil, Tam\u00e1s ; Prechl, J\u00f3zsef Absolute Quantitation of Serum Antibody Reactivity Using the Richards Growth Model for Antigen Microspot Titration SENSORS 22 : 10 Paper: 3962 , 16 p. (2022)<\/p> <p>Prechl, J\u00f3zsef ; Papp, Kriszti\u00e1n ; Kov\u00e1cs, \u00c1gnes ; Pfeil, Tam\u00e1s The Binding Landscape of Serum Antibodies: How Physical and Mathematical Concepts Can Advance Systems Immunology ANTIBODIES 11 : 3 Paper: 43 (2022)<\/p>","protected":false},"excerpt":{"rendered":"<p>Oktat\u00f3 konzult\u00e1ci\u00f3s id\u0151pontja: Kedd: 10:00-11:00 (J \u00e9p\u00fclet II. emelet 203. szoba) (el\u0151zetes bejelentkez\u00e9s sz\u00fcks\u00e9ges) Oktat\u00e1si tev\u00e9kenys\u00e9g biomatematika V\u00e9gzetts\u00e9g okleveles matematikus Kutat\u00e1si \u00e9rdekl\u0151d\u00e9s Immunk\u00e9miai reakci\u00f3k modellez\u00e9se, majd az ezekb\u0151l kapott m\u00e9r\u00e9seredm\u00e9nyek elemz\u00e9se; Nemline\u00e1ris regresszi\u00f3s modellek alkalmaz\u00e1sa Szakter\u00fcletek alkalmazott matematika, biostatisztika V\u00e1logatott publik\u00e1ci\u00f3k R\u00e9szletes publik\u00e1ci\u00f3s lista az MTMT adatt\u00e1r\u00e1b\u00f3l let\u00f6lthet\u0151. Papp, Kriszti\u00e1n ; Kov\u00e1cs, \u00c1gnes; Orosz, Anita;<\/p>\n","protected":false},"author":5824,"featured_media":0,"parent":858,"menu_order":0,"comment_status":"open","ping_status":"open","template":"","meta":{"_acf_changed":false,"footnotes":""},"categories":[],"tags":[],"class_list":["post-83511","page","type-page","status-publish","hentry"],"acf":[],"_links":{"self":[{"href":"https:\/\/univet.hu\/hu\/wp-json\/wp\/v2\/pages\/83511","targetHints":{"allow":["GET"]}}],"collection":[{"href":"https:\/\/univet.hu\/hu\/wp-json\/wp\/v2\/pages"}],"about":[{"href":"https:\/\/univet.hu\/hu\/wp-json\/wp\/v2\/types\/page"}],"author":[{"embeddable":true,"href":"https:\/\/univet.hu\/hu\/wp-json\/wp\/v2\/users\/5824"}],"replies":[{"embeddable":true,"href":"https:\/\/univet.hu\/hu\/wp-json\/wp\/v2\/comments?post=83511"}],"version-history":[{"count":3,"href":"https:\/\/univet.hu\/hu\/wp-json\/wp\/v2\/pages\/83511\/revisions"}],"predecessor-version":[{"id":204623,"href":"https:\/\/univet.hu\/hu\/wp-json\/wp\/v2\/pages\/83511\/revisions\/204623"}],"up":[{"embeddable":true,"href":"https:\/\/univet.hu\/hu\/wp-json\/wp\/v2\/pages\/858"}],"wp:attachment":[{"href":"https:\/\/univet.hu\/hu\/wp-json\/wp\/v2\/media?parent=83511"}],"wp:term":[{"taxonomy":"category","embeddable":true,"href":"https:\/\/univet.hu\/hu\/wp-json\/wp\/v2\/categories?post=83511"},{"taxonomy":"post_tag","embeddable":true,"href":"https:\/\/univet.hu\/hu\/wp-json\/wp\/v2\/tags?post=83511"}],"curies":[{"name":"wp","href":"https:\/\/api.w.org\/{rel}","templated":true}]}}