{"id":83545,"date":"2023-02-14T10:15:26","date_gmt":"2023-02-14T09:15:26","guid":{"rendered":"https:\/\/univet.hu\/?page_id=83545"},"modified":"2026-02-10T03:55:02","modified_gmt":"2026-02-10T02:55:02","slug":"freiler-nagy-agnes","status":"publish","type":"page","link":"https:\/\/univet.hu\/hu\/egyetem\/munkatarsak\/freiler-nagy-agnes\/","title":{"rendered":"Freiler-Nagy \u00c1gnes"},"content":{"rendered":"<p style=\"text-align: center;\"><span style=\"font-size: 14pt;\"><strong>Bemutatkoz\u00e1s<\/strong><\/span><\/p> <p>Freiler-Nagy \u00c1gnes 2011-ben v\u00e9gzett az E\u00f6tv\u00f6s Lor\u00e1nd Tudom\u00e1nyegyetem K\u00f6rnyezettudom\u00e1ny MSc. k\u00e9pz\u00e9s\u00e9nek K\u00f6rnyezetfizika szakir\u00e1ny\u00e1n. Ebben az \u00e9vben kezdte meg tanulm\u00e1nyait az ELTE K\u00f6rnyezettudom\u00e1nyi Doktori Iskol\u00e1j\u00e1ban, ahol kutat\u00e1si t\u00e9m\u00e1ja a term\u00e9szetes radioaktivit\u00e1s f\u00f6ldtani eredet\u00e9nek vizsg\u00e1lata volt a Soproni-hegys\u00e9g k\u00fcl\u00f6nb\u00f6z\u0151 ter\u00fcletein. Doktori kutat\u00e1sa sor\u00e1n sz\u00e1mos m\u0171szeres analitikai m\u00f3dszert saj\u00e1t\u00edtott el, \u00e9s K\u00f6rnyezettudom\u00e1ny szakos hallgat\u00f3k laborat\u00f3riumi gyakorlatait vezette. Doktori v\u00e9d\u00e9s\u00e9re 2016-ban ker\u00fclt sor, amit <em>summa cum laude<\/em> min\u0151s\u00edt\u00e9ssel z\u00e1rt.<\/p> <p><strong>F\u0151bb kutat\u00e1si ter\u00fcletek:<\/strong><\/p> <ul> <li>M\u0171szeres analitikai meghat\u00e1roz\u00e1sok v\u00e9gz\u00e9se a tansz\u00e9k ICP-OES (indukt\u00edv csatol\u00e1s\u00fa plazma optikai emisszi\u00f3s spektrometria), AAS (atomabszorpci\u00f3s spektrometria) laborat\u00f3rium\u00e1ban. Biol\u00f3giai (pl. \u00e1llati sz\u00f6vetek, takarm\u00e1nyok) \u00e9s k\u00f6rnyezeti mint\u00e1k (pl. v\u00edz, talaj) elemtartalm\u00e1nak meghat\u00e1roz\u00e1sa abb\u00f3l a c\u00e9lb\u00f3l, hogy k\u00fcl\u00f6nb\u00f6z\u0151 hazai \u00e9s nemzetk\u00f6zi projektek \u00e9rt\u00e9kel\u00e9s\u00e9hez folyamatosan b\u0151v\u00fcl\u0151 adatb\u00e1zis \u00e1lljon rendelkez\u00e9sre.<\/li> <\/ul> <p><strong>Munkahelyek<\/strong><\/p> <table width=\"600\"> <tbody> <tr> <td style=\"text-align: center;\" width=\"132\"><strong>Id\u0151<\/strong><\/td> <td style=\"text-align: center;\" width=\"257\"><strong>Munkahely<\/strong><\/td> <td style=\"text-align: center;\" width=\"211\"><strong>Beoszt\u00e1s<\/strong><\/td> <\/tr> <tr> <td width=\"132\">2014-2017<\/td> <td width=\"257\">Magyar F\u00f6ldtani \u00e9s Geofizikai Int\u00e9zet<\/td> <td width=\"211\">Tudom\u00e1nyos munkat\u00e1rs<\/td> <\/tr> <tr> <td width=\"132\">2017-2023<\/td> <td width=\"257\">Cemkut Cementipari Kutat\u00f3 fejleszt\u0151 Kft.<\/td> <td width=\"211\">Laborat\u00f3riumvezet\u0151<\/td> <\/tr> <tr> <td width=\"132\">2023-<\/td> <td width=\"257\">\u00c1llatorvostudom\u00e1nyi Egyetem<\/td> <td width=\"211\">Tudom\u00e1nyos munkat\u00e1rs<\/td> <\/tr> <\/tbody> <\/table> <p><strong>\u00a0<\/strong><strong>Publik\u00e1ci\u00f3s lista (Top10)<\/strong><\/p> <p><a href=\"https:\/\/m2.mtmt.hu\/gui2\/?type=authors&amp;mode=browse&amp;sel=authors100446981\">MTMT<\/a> azonos\u00edt\u00f3: 10044698<\/p> <ol> <li>Freiler, \u00c1 ; Horv\u00e1th, \u00c1 ; T\u00f6r\u00f6k, K. Ra-226 activity distribution of rocks in the Sopron Mts. (West-Hungary) JOURNAL OF RADIOANALYTICAL AND NUCLEAR CHEMISTRY 306 : 1 pp. 243-247. , 5 p. (2015)<\/li> <li>Kert\u00e9sz, Z ; Furu, E ; Angyal, A ; Freiler, \u00c1 ; T\u00f6r\u00f6k, K\u00e1lm\u00e1n ; Horv\u00e1th, \u00c1. Characterization of uranium and thorium containing minerals by nuclear microscopy JOURNAL OF RADIOANALYTICAL AND NUCLEAR CHEMISTRY 306 : 1 pp. 283-288. , 6 p. (2015)<\/li> <li>Freiler, \u00c1 ; Horv\u00e1th, \u00c1 ; T\u00f6r\u00f6k, K; F\u00f6ldes, T. Origin of radon concentration of Csal\u00f3ka Spring in the Sopron Mountains (West Hungary) JOURNAL OF ENVIRONMENTAL RADIOACTIVITY 151 pp. 174-184. , 11 p. (2016)<\/li> <li>Sendula, E ; P\u00e1les, M ; P\u00e9ter, Szab\u00f3 B ; Udvardi, B ; Kov\u00e1cs, I ; K\u00f3nya, P ; Freiler, \u00c1 ; Besnyi, A ; Kir\u00e1ly, Cs ; Sz\u00e9kely, E et al. Experimental study of CO2-saturated water \u2012 illite\/kaolinite\/montmorillonite system at 70-80\u00b0C, 100-105 bar ENERGY PROCEDIA 114 pp. 4934-4947. , 14 p. (2017)<\/li> <li>Szab\u00f3, Zs. ; Hegyfalvi, Cs. ; Freiler-Nagy, \u00c1. ; Udvardi, B. ; K\u00f3nya, P. ; Kir\u00e1ly, Cs. ; Sz\u00e9kely, E. ; Falus., Gy. Geochemical Reactions of Na-montmorillonite in Dissolved scCO2 in Relevance of Modeling Caprock Behavior in CO2 Geological Storage PERIODICA POLYTECHNICA-CHEMICAL ENGINEERING 63 : 2 pp. 318-327. , 10 p. (2019)<\/li> <li>Kov\u00e1cs-Bodor, P.; Csondor, K.; Er\u0151ss, A.; Szieberth, D.; Freiler-Nagy, \u00c1.; Horv\u00e1th, \u00c1.; Bihari, \u00c1.; M\u00e1dl-Sz\u0151nyi, J. Natural radioactivity of thermal springs and related precipitates in Gell\u00e9rt Hill area, Buda Thermal Karst, Hungary JOURNAL OF ENVIRONMENTAL RADIOACTIVITY 201 pp. 32-42. , 11 p. (2019)<\/li> <\/ol> <p>&nbsp;<\/p> <p>&nbsp;<\/p> <p>&nbsp;<\/p>","protected":false},"excerpt":{"rendered":"<p>Bemutatkoz\u00e1s Freiler-Nagy \u00c1gnes 2011-ben v\u00e9gzett az E\u00f6tv\u00f6s Lor\u00e1nd Tudom\u00e1nyegyetem K\u00f6rnyezettudom\u00e1ny MSc. k\u00e9pz\u00e9s\u00e9nek K\u00f6rnyezetfizika szakir\u00e1ny\u00e1n. Ebben az \u00e9vben kezdte meg tanulm\u00e1nyait az ELTE K\u00f6rnyezettudom\u00e1nyi Doktori Iskol\u00e1j\u00e1ban, ahol kutat\u00e1si t\u00e9m\u00e1ja a term\u00e9szetes radioaktivit\u00e1s f\u00f6ldtani eredet\u00e9nek vizsg\u00e1lata volt a Soproni-hegys\u00e9g k\u00fcl\u00f6nb\u00f6z\u0151 ter\u00fcletein. Doktori kutat\u00e1sa sor\u00e1n sz\u00e1mos m\u0171szeres analitikai m\u00f3dszert saj\u00e1t\u00edtott el, \u00e9s K\u00f6rnyezettudom\u00e1ny szakos hallgat\u00f3k laborat\u00f3riumi gyakorlatait vezette.<\/p>\n","protected":false},"author":5824,"featured_media":0,"parent":858,"menu_order":0,"comment_status":"closed","ping_status":"closed","template":"","meta":{"_acf_changed":false,"footnotes":""},"categories":[],"tags":[],"class_list":["post-83545","page","type-page","status-publish","hentry"],"acf":[],"_links":{"self":[{"href":"https:\/\/univet.hu\/hu\/wp-json\/wp\/v2\/pages\/83545","targetHints":{"allow":["GET"]}}],"collection":[{"href":"https:\/\/univet.hu\/hu\/wp-json\/wp\/v2\/pages"}],"about":[{"href":"https:\/\/univet.hu\/hu\/wp-json\/wp\/v2\/types\/page"}],"author":[{"embeddable":true,"href":"https:\/\/univet.hu\/hu\/wp-json\/wp\/v2\/users\/5824"}],"replies":[{"embeddable":true,"href":"https:\/\/univet.hu\/hu\/wp-json\/wp\/v2\/comments?post=83545"}],"version-history":[{"count":1,"href":"https:\/\/univet.hu\/hu\/wp-json\/wp\/v2\/pages\/83545\/revisions"}],"predecessor-version":[{"id":199287,"href":"https:\/\/univet.hu\/hu\/wp-json\/wp\/v2\/pages\/83545\/revisions\/199287"}],"up":[{"embeddable":true,"href":"https:\/\/univet.hu\/hu\/wp-json\/wp\/v2\/pages\/858"}],"wp:attachment":[{"href":"https:\/\/univet.hu\/hu\/wp-json\/wp\/v2\/media?parent=83545"}],"wp:term":[{"taxonomy":"category","embeddable":true,"href":"https:\/\/univet.hu\/hu\/wp-json\/wp\/v2\/categories?post=83545"},{"taxonomy":"post_tag","embeddable":true,"href":"https:\/\/univet.hu\/hu\/wp-json\/wp\/v2\/tags?post=83545"}],"curies":[{"name":"wp","href":"https:\/\/api.w.org\/{rel}","templated":true}]}}