{"id":83751,"date":"2023-02-15T09:24:12","date_gmt":"2023-02-15T08:24:12","guid":{"rendered":"https:\/\/univet.hu\/hu\/oktatas\/kurzusok\/bevezetes_bioszervetlen_kemiaba\/"},"modified":"2026-03-12T09:20:09","modified_gmt":"2026-03-12T08:20:09","slug":"bevezetes-a-bioszervetlen-kemiaba","status":"publish","type":"page","link":"https:\/\/univet.hu\/hu\/oktatas\/kurzusok\/bevezetes-a-bioszervetlen-kemiaba\/","title":{"rendered":"Bevezet\u00e9s a bioszervetlen k\u00e9mi\u00e1ba"},"content":{"rendered":"<p>A tant\u00e1rgy \u00e1ltal\u00e1nos c\u00e9lja megismertetni a hallgat\u00f3kkal a bioszervetlen k\u00e9mi\u00e1t, amely a szervetlen k\u00e9mia \u00e9s a biok\u00e9mia k\u00f6z\u00f6tt elhelyezked\u0151 interdiszciplin\u00e1ris tudom\u00e1ny \u00e9lettani, gy\u00f3gy\u00e1szati, biol\u00f3giai, \u00f6kol\u00f3giai \u00e9s k\u00f6rnyezetv\u00e9delmi \u00f6sszetev\u0151kkel. A t\u00e1rgy komplexk\u00e9miai \u00e9s szervetlen k\u00e9miai ismeretekre t\u00e1maszkodva \u00e1ttekint\u00e9st ad az elemek \u2013 els\u0151sorban a l\u00e9tfontoss\u00e1g\u00fa f\u00e9mek \u2013 biol\u00f3giai szerep\u00e9r\u0151l<\/p>","protected":false},"excerpt":{"rendered":"<p>A tant\u00e1rgy \u00e1ltal\u00e1nos c\u00e9lja megismertetni a hallgat\u00f3kkal a bioszervetlen k\u00e9mi\u00e1t, amely a szervetlen k\u00e9mia \u00e9s a biok\u00e9mia k\u00f6z\u00f6tt elhelyezked\u0151 interdiszciplin\u00e1ris tudom\u00e1ny \u00e9lettani, gy\u00f3gy\u00e1szati, biol\u00f3giai, \u00f6kol\u00f3giai \u00e9s k\u00f6rnyezetv\u00e9delmi \u00f6sszetev\u0151kkel. A t\u00e1rgy komplexk\u00e9miai \u00e9s szervetlen k\u00e9miai ismeretekre t\u00e1maszkodva \u00e1ttekint\u00e9st ad az elemek \u2013 els\u0151sorban a l\u00e9tfontoss\u00e1g\u00fa f\u00e9mek \u2013 biol\u00f3giai szerep\u00e9r\u0151l<\/p>\n","protected":false},"author":3837,"featured_media":0,"parent":677,"menu_order":0,"comment_status":"open","ping_status":"open","template":"","meta":{"_acf_changed":false,"footnotes":""},"categories":[],"tags":[],"class_list":["post-83751","page","type-page","status-publish","hentry"],"acf":[],"_links":{"self":[{"href":"https:\/\/univet.hu\/hu\/wp-json\/wp\/v2\/pages\/83751","targetHints":{"allow":["GET"]}}],"collection":[{"href":"https:\/\/univet.hu\/hu\/wp-json\/wp\/v2\/pages"}],"about":[{"href":"https:\/\/univet.hu\/hu\/wp-json\/wp\/v2\/types\/page"}],"author":[{"embeddable":true,"href":"https:\/\/univet.hu\/hu\/wp-json\/wp\/v2\/users\/3837"}],"replies":[{"embeddable":true,"href":"https:\/\/univet.hu\/hu\/wp-json\/wp\/v2\/comments?post=83751"}],"version-history":[{"count":1,"href":"https:\/\/univet.hu\/hu\/wp-json\/wp\/v2\/pages\/83751\/revisions"}],"predecessor-version":[{"id":202590,"href":"https:\/\/univet.hu\/hu\/wp-json\/wp\/v2\/pages\/83751\/revisions\/202590"}],"up":[{"embeddable":true,"href":"https:\/\/univet.hu\/hu\/wp-json\/wp\/v2\/pages\/677"}],"wp:attachment":[{"href":"https:\/\/univet.hu\/hu\/wp-json\/wp\/v2\/media?parent=83751"}],"wp:term":[{"taxonomy":"category","embeddable":true,"href":"https:\/\/univet.hu\/hu\/wp-json\/wp\/v2\/categories?post=83751"},{"taxonomy":"post_tag","embeddable":true,"href":"https:\/\/univet.hu\/hu\/wp-json\/wp\/v2\/tags?post=83751"}],"curies":[{"name":"wp","href":"https:\/\/api.w.org\/{rel}","templated":true}]}}