{"id":83760,"date":"2023-02-15T09:46:31","date_gmt":"2023-02-15T08:46:31","guid":{"rendered":"https:\/\/univet.hu\/hu\/oktatas\/kurzusok\/mobilklinikai_gyakorlat\/"},"modified":"2023-04-24T16:21:04","modified_gmt":"2023-04-24T14:21:04","slug":"mobilklinikai-gyakorlat","status":"publish","type":"page","link":"https:\/\/univet.hu\/hu\/oktatas\/kurzusok\/mobilklinikai-gyakorlat\/","title":{"rendered":"Mobilklinikai gyakorlat"},"content":{"rendered":"<p>Az oktat\u00e1si c\u00e9l\u00fa mobilklinikai gyakorlatok c\u00e9lkit\u0171z\u00e9se, hogy a hallgat\u00f3k egyetemi gyakorlatvezet\u0151ik ir\u00e1ny\u00edt\u00e1s\u00e1val gyakorlati k\u00e9szs\u00e9geket saj\u00e1t\u00edtsanak el a gazdas\u00e1gi haszn\u00e1llat-tart\u00f3 \u00fczemek \u00e1llat\u00e1llom\u00e1nyainak (k\u00e9r\u0151dz\u0151k, sert\u00e9s \u00e9s baromfifajok vagy h\u00e1ziny\u00fal) \u00e1llateg\u00e9szs\u00e9g\u00fcgyi ell\u00e1t\u00e1s\u00e1ban. Gyakorolhass\u00e1k a napi betegell\u00e1t\u00e1ssal \u00e9s a betegs\u00e9gek megel\u0151z\u00e9s\u00e9vel kapcsolatban felmer\u00fcl\u0151 aktu\u00e1lis \u00e1llatorvosi feladatokat. Elsaj\u00e1t\u00edthass\u00e1k t\u00f6bbek k\u00f6z\u00f6tt a klinikai betegvizsg\u00e1lat, az egyedi \u00e9s \u00e1llom\u00e1nydiagnosztikai vizsg\u00e1latok, a ter\u00e1pi\u00e1s beavatkoz\u00e1sok, az \u00e1llom\u00e1nykezel\u00e9sek, vakcin\u00e1z\u00e1sok, diagnosztikai c\u00e9l\u00fa boncol\u00e1sok, a biol\u00f3giai, k\u00f6rnyezeti \u00e9s egy\u00e9b mintav\u00e9telek, valamint egyes m\u0171szeres (pl. ultrahang, diagnosztikai k\u00e9zim\u0171szerek stb.) vizsg\u00e1latok v\u00e9grehajt\u00e1s\u00e1t. Betekint\u00e9st nyernek az \u00e1llateg\u00e9szs\u00e9g\u00fcggyel kapcsolatos adatr\u00f6gz\u00edt\u00e9s az adatelemz\u00e9s \u00e9s az adminisztrat\u00edv feladatok folyamataiba.<\/p> <p>&nbsp;<\/p>","protected":false},"excerpt":{"rendered":"<p>Az oktat\u00e1si c\u00e9l\u00fa mobilklinikai gyakorlatok c\u00e9lkit\u0171z\u00e9se, hogy a hallgat\u00f3k egyetemi gyakorlatvezet\u0151ik ir\u00e1ny\u00edt\u00e1s\u00e1val gyakorlati k\u00e9szs\u00e9geket saj\u00e1t\u00edtsanak el a gazdas\u00e1gi haszn\u00e1llat-tart\u00f3 \u00fczemek \u00e1llat\u00e1llom\u00e1nyainak (k\u00e9r\u0151dz\u0151k, sert\u00e9s \u00e9s baromfifajok vagy h\u00e1ziny\u00fal) \u00e1llateg\u00e9szs\u00e9g\u00fcgyi ell\u00e1t\u00e1s\u00e1ban. Gyakorolhass\u00e1k a napi betegell\u00e1t\u00e1ssal \u00e9s a betegs\u00e9gek megel\u0151z\u00e9s\u00e9vel kapcsolatban felmer\u00fcl\u0151 aktu\u00e1lis \u00e1llatorvosi feladatokat. Elsaj\u00e1t\u00edthass\u00e1k t\u00f6bbek k\u00f6z\u00f6tt a klinikai betegvizsg\u00e1lat, az egyedi \u00e9s \u00e1llom\u00e1nydiagnosztikai vizsg\u00e1latok, a ter\u00e1pi\u00e1s<\/p>\n","protected":false},"author":3837,"featured_media":0,"parent":677,"menu_order":0,"comment_status":"open","ping_status":"open","template":"","meta":{"_acf_changed":false,"footnotes":""},"categories":[],"tags":[],"class_list":["post-83760","page","type-page","status-publish","hentry"],"acf":[],"_links":{"self":[{"href":"https:\/\/univet.hu\/hu\/wp-json\/wp\/v2\/pages\/83760","targetHints":{"allow":["GET"]}}],"collection":[{"href":"https:\/\/univet.hu\/hu\/wp-json\/wp\/v2\/pages"}],"about":[{"href":"https:\/\/univet.hu\/hu\/wp-json\/wp\/v2\/types\/page"}],"author":[{"embeddable":true,"href":"https:\/\/univet.hu\/hu\/wp-json\/wp\/v2\/users\/3837"}],"replies":[{"embeddable":true,"href":"https:\/\/univet.hu\/hu\/wp-json\/wp\/v2\/comments?post=83760"}],"version-history":[{"count":0,"href":"https:\/\/univet.hu\/hu\/wp-json\/wp\/v2\/pages\/83760\/revisions"}],"up":[{"embeddable":true,"href":"https:\/\/univet.hu\/hu\/wp-json\/wp\/v2\/pages\/677"}],"wp:attachment":[{"href":"https:\/\/univet.hu\/hu\/wp-json\/wp\/v2\/media?parent=83760"}],"wp:term":[{"taxonomy":"category","embeddable":true,"href":"https:\/\/univet.hu\/hu\/wp-json\/wp\/v2\/categories?post=83760"},{"taxonomy":"post_tag","embeddable":true,"href":"https:\/\/univet.hu\/hu\/wp-json\/wp\/v2\/tags?post=83760"}],"curies":[{"name":"wp","href":"https:\/\/api.w.org\/{rel}","templated":true}]}}