{"id":83907,"date":"2023-02-20T10:41:03","date_gmt":"2023-02-20T09:41:03","guid":{"rendered":"https:\/\/univet.hu\/?page_id=83907"},"modified":"2023-05-16T15:06:58","modified_gmt":"2023-05-16T13:06:58","slug":"petcast","status":"publish","type":"page","link":"https:\/\/univet.hu\/hu\/petcast\/","title":{"rendered":"Petcast &#8211; az \u00e1llati podcast"},"content":{"rendered":"<p>&nbsp;<\/p> <p><span class=\"emphasis\">A felel\u0151s \u00e1llattart\u00e1s el\u0151seg\u00edt\u00e9se, az \u00e1llattart\u00f3k hiteles forr\u00e1sb\u00f3l sz\u00e1rmaz\u00f3 oktat\u00e1sa a c\u00e9lja annak az egy\u00fcttm\u0171k\u00f6d\u00e9si meg\u00e1llapod\u00e1snak, amely az \u00c1llatorvostudom\u00e1nyi Egyetem \u00e9s a Petcast c\u00edm\u0171 m\u0171sor k\u00e9sz\u00edt\u0151je, Haiman \u00c9va k\u00f6z\u00f6tt j\u00f6tt l\u00e9tre.<\/span><\/p> <p>&nbsp;<\/p> <p>Az \u00c1llatorvostudom\u00e1nyi Egyetem szak\u00e9rt\u0151inek bevon\u00e1s\u00e1val k\u00e9sz\u00fclt ad\u00e1sok az al\u00e1bbi linkekre kattintva \u00e9rhet\u0151ek el:<\/p> <div class=\"entry-content\"> <p><strong>Dr. Vetter Szilvia:\u00a0\u00c1llatk\u00ednz\u00e1s, -elhanyagol\u00e1s \u2013 Ne menj el mellette sz\u00f3 \u00e9s tettek n\u00e9lk\u00fcl!<\/strong><\/p> <\/div> <p><a href=\"https:\/\/petcast.hu\/allatkinzas-elhanyagolas-ne-menj-el-mellette-szo-es-tettek-nelkul\/\">https:\/\/petcast.hu\/allatkinzas-elhanyagolas-ne-menj-el-mellette-szo-es-tettek-nelkul\/<\/a><\/p> <p><strong>Dr. Vetter Szilvia:\u00a0Te tiszt\u00e1ban vagy az \u00e1llattart\u00f3i k\u00f6teless\u00e9geiddel?<\/strong><\/p> <p><a href=\"https:\/\/petcast.hu\/te-tisztaban-vagy-az-allattartoi-kotelessegeiddel\/\">https:\/\/petcast.hu\/te-tisztaban-vagy-az-allattartoi-kotelessegeiddel\/<\/a><\/p> <p><strong>Dr. Fodor Kinga: Mennyibe ker\u00fcl kis\u00e1llatot tartani?<\/strong><\/p> <p><a href=\"https:\/\/petcast.hu\/mennyibe-kerul-kisallatot-tartani\/\">https:\/\/petcast.hu\/mennyibe-kerul-kisallatot-tartani\/<\/a><\/p> <p><strong>Dr. Fodor Kinga:\u00a0Kis\u00e1llat, nagy kar\u00e1csony \u2013 Mire figyelj, ha nyugodt \u00fcnnepet szeretn\u00e9l?<\/strong><\/p> <p><a href=\"https:\/\/petcast.hu\/kisallat-nagy-karacsony-mire-figyelj-ha-nyugodt-unnepet-szeretnel\/\">https:\/\/petcast.hu\/kisallat-nagy-karacsony-mire-figyelj-ha-nyugodt-unnepet-szeretnel\/<\/a><\/p> <p><strong>Dr. Fodor Kinga:\u00a0Kutya hidegben kell ruha, net\u00e1n cip\u0151 a kuty\u00e1ra?<\/strong><\/p> <p><a href=\"https:\/\/petcast.hu\/kutya-hidegben-kell-ruha-netan-cipo-a-kutyara\/\">https:\/\/petcast.hu\/kutya-hidegben-kell-ruha-netan-cipo-a-kutyara\/<\/a><\/p> <p><strong>Dr. S\u00e1tori \u00c1gnes:\u00a0Probl\u00e9m\u00e1s \u00e1llatok, \u00e1llati probl\u00e9m\u00e1k<\/strong><\/p> <p><a href=\"https:\/\/petcast.hu\/problemas-allatok-allati-problemak\/\">https:\/\/petcast.hu\/problemas-allatok-allati-problemak\/<\/a><\/p> <p><strong>Dr. S\u00e1tori \u00c1gnes:\u00a0Kis\u00e1llat aj\u00e1nd\u00e9kba \u2013 Biztos, hogy j\u00f3 \u00f6tlet?<\/strong><\/p> <p><a href=\"https:\/\/petcast.hu\/kutyat-macskat-ajandekba-biztos-hogy-jo-otlet\/\">https:\/\/petcast.hu\/kutyat-macskat-ajandekba-biztos-hogy-jo-otlet\/<\/a><\/p> <p><strong>Dr. Vetter Szilvia: Aki ma \u00e1llatot k\u00ednoz vagy \u00f6l, holnap embert is b\u00e1nthat<\/strong><\/p> <p><a href=\"https:\/\/petcast.hu\/aki-ma-allatot-kinoz-vagy-ol-holnap-embert-is-banthat\/\">https:\/\/petcast.hu\/aki-ma-allatot-kinoz-vagy-ol-holnap-embert-is-banthat\/<\/a><\/p> <p>&nbsp;<\/p>","protected":false},"excerpt":{"rendered":"<p>&nbsp; A felel\u0151s \u00e1llattart\u00e1s el\u0151seg\u00edt\u00e9se, az \u00e1llattart\u00f3k hiteles forr\u00e1sb\u00f3l sz\u00e1rmaz\u00f3 oktat\u00e1sa a c\u00e9lja annak az egy\u00fcttm\u0171k\u00f6d\u00e9si meg\u00e1llapod\u00e1snak, amely az \u00c1llatorvostudom\u00e1nyi Egyetem \u00e9s a Petcast c\u00edm\u0171 m\u0171sor k\u00e9sz\u00edt\u0151je, Haiman \u00c9va k\u00f6z\u00f6tt j\u00f6tt l\u00e9tre. &nbsp; Az \u00c1llatorvostudom\u00e1nyi Egyetem szak\u00e9rt\u0151inek bevon\u00e1s\u00e1val k\u00e9sz\u00fclt ad\u00e1sok az al\u00e1bbi linkekre kattintva \u00e9rhet\u0151ek el: Dr. Vetter Szilvia:\u00a0\u00c1llatk\u00ednz\u00e1s, -elhanyagol\u00e1s \u2013 Ne menj el mellette<\/p>\n","protected":false},"author":2518,"featured_media":0,"parent":0,"menu_order":0,"comment_status":"closed","ping_status":"closed","template":"","meta":{"_acf_changed":false,"footnotes":""},"categories":[],"tags":[],"class_list":["post-83907","page","type-page","status-publish","hentry"],"acf":[],"_links":{"self":[{"href":"https:\/\/univet.hu\/hu\/wp-json\/wp\/v2\/pages\/83907","targetHints":{"allow":["GET"]}}],"collection":[{"href":"https:\/\/univet.hu\/hu\/wp-json\/wp\/v2\/pages"}],"about":[{"href":"https:\/\/univet.hu\/hu\/wp-json\/wp\/v2\/types\/page"}],"author":[{"embeddable":true,"href":"https:\/\/univet.hu\/hu\/wp-json\/wp\/v2\/users\/2518"}],"replies":[{"embeddable":true,"href":"https:\/\/univet.hu\/hu\/wp-json\/wp\/v2\/comments?post=83907"}],"version-history":[{"count":0,"href":"https:\/\/univet.hu\/hu\/wp-json\/wp\/v2\/pages\/83907\/revisions"}],"wp:attachment":[{"href":"https:\/\/univet.hu\/hu\/wp-json\/wp\/v2\/media?parent=83907"}],"wp:term":[{"taxonomy":"category","embeddable":true,"href":"https:\/\/univet.hu\/hu\/wp-json\/wp\/v2\/categories?post=83907"},{"taxonomy":"post_tag","embeddable":true,"href":"https:\/\/univet.hu\/hu\/wp-json\/wp\/v2\/tags?post=83907"}],"curies":[{"name":"wp","href":"https:\/\/api.w.org\/{rel}","templated":true}]}}