{"id":83939,"date":"2023-02-21T15:18:25","date_gmt":"2023-02-21T14:18:25","guid":{"rendered":"https:\/\/univet.hu\/?page_id=83939"},"modified":"2024-06-04T11:50:40","modified_gmt":"2024-06-04T09:50:40","slug":"dogmovet","status":"publish","type":"page","link":"https:\/\/univet.hu\/hu\/oktatas\/tanulmanyi-osztaly\/allasajanlatok\/dogmovet\/","title":{"rendered":"DogmoVet"},"content":{"rendered":"<p>2024.06.04<\/p> <p>\u00c1llatorvos munkat\u00e1rsakat keres\u00fcnk a DogmoVet \u00e1llatorvosi rendel\u0151be a 13. ker\u00fcletben (DogmoVet-DogmoPharm Kft.) ambul\u00e1ns betegell\u00e1t\u00e1sra, m\u0171t\u00e9tek lebonyol\u00edt\u00e1s\u00e1ra, preferencia szerint egzotikus ell\u00e1t\u00e1sra is. Tapasztalat f\u00fcggv\u00e9ny\u00e9ben 700000 &#8211; 1200000 Ft k\u00f6z\u00f6tti nett\u00f3 munkab\u00e9rt, valamint ezen fel\u00fcl teljes\u00edtm\u00e9ny alap\u00fa b\u00f3nuszt k\u00edn\u00e1lunk.<\/p> <p>A t\u00f6bb vizsg\u00e1l\u00f3helyis\u00e9ggel rendelkez\u0151 l\u00e9tes\u00edtm\u00e9ny p\u00e1rhuzamosan h\u00e1rom \u00e1llatorvosnak ny\u00fajt teret ambul\u00e1ns, illetve seb\u00e9szeti beavatkoz\u00e1sok elv\u00e9gz\u00e9s\u00e9hez. A v\u00e1r\u00f3ban elhelyezked\u0151 \u00e1llatpatika \u00e9s recepci\u00f3 k\u00f6nny\u00edtik meg az \u00e1llatorvosok munk\u00e1j\u00e1t az \u00fcgyf\u00e9llel val\u00f3 kommunik\u00e1ci\u00f3, t\u00e1j\u00e9koztat\u00e1s \u00e9s adminisztr\u00e1ci\u00f3 d\u00f6nt\u0151 r\u00e9sz\u00e9nek \u00e1tv\u00e9tel\u00e9vel.<\/p> <p>A rendel\u0151 sz\u00ednvonalas m\u0171szerparkkal, k\u00f6zt\u00fck modern r\u00f6ntgeng\u00e9ppel, ultrahanggal \u00e9s laborg\u00e9pekkel, illetve m\u0171t\u00e9ti g\u00e9pparkkal van felszerelve.<\/p> <p>Kr\u00e9d\u00f3nk egy szakmailag, emberileg remek l\u00e9gk\u00f6r megteremt\u00e9se, ahol a koll\u00e9g\u00e1kkal \u00e9s tulajdonosokkal val\u00f3 egy\u00fcttm\u0171k\u00f6d\u00e9s a sz\u00ednvonalas orvosi tev\u00e9kenys\u00e9get seg\u00edti el\u0151, a szellemi \u00e9s kiemelked\u0151 anyagi megbecs\u00fcl\u00e9s pedig hossz\u00fat\u00e1v\u00fa el\u00e9gedetts\u00e9get eredm\u00e9nyez.<\/p> <p>\u00c9rdekl\u0151d\u00e9s eset\u00e9n \u00e1llunk rendelkez\u00e9sre a h\u00e9t minden napj\u00e1n az al\u00e1bbi el\u00e9rhet\u0151s\u00e9geken:<\/p> <p>dr Nagy Tam\u00e1s<br \/> G\u00e1rdos P\u00e9ter, +36 20\u00a0477 56 00<\/p> <p><a class=\"decrypt\" rel=\"hbsept\/qfufsAephnpwfu\/iv\" href=\"javascript:void(0);\">[Kattintson az emailc\u00edmhez]<\/a><\/p> <p>&#8212;&#8212;&#8212;&#8212;&#8212;&#8212;&#8212;&#8212;&#8212;&#8212;&#8212;&#8212;&#8212;&#8212;&#8212;&#8212;&#8212;&#8212;&#8212;&#8212;&#8212;&#8212;&#8212;&#8212;&#8212;&#8212;&#8212;&#8212;&#8212;&#8212;&#8212;&#8212;&#8212;&#8212;&#8212;&#8212;&#8212;&#8212;&#8212;&#8212;&#8212;&#8212;&#8212;&#8212;&#8212;&#8212;&#8212;&#8212;&#8212;&#8212;&#8212;&#8212;<\/p> <p>2023.05.26<\/p> <p style=\"margin: 0cm;\"><span style=\"font-size: 11.5pt; font-family: 'Arial',sans-serif; color: black;\">Kedves Koll\u00e9g\u00e1k!<\/span><\/p> <p style=\"margin: 0cm;\"><span style=\"font-size: 11.5pt; font-family: 'Arial',sans-serif; color: black;\">Egy tov\u00e1bbi \u00e1llatorvost m\u00e9g keres\u00fcnk frissen ny\u00edl\u00f3 rendel\u0151nkbe a 13. ker\u00fcletben.<\/span><\/p> <p style=\"margin: 0cm;\"><span style=\"font-size: 11.5pt; font-family: 'Arial',sans-serif; color: black;\">A t\u00f6bb vizsg\u00e1l\u00f3helyis\u00e9ggel rendelkez\u0151 l\u00e9tes\u00edtm\u00e9ny p\u00e1rhuzamosan h\u00e1rom \u00e1llatorvosnak ny\u00fajt teret ambul\u00e1ns, illetve seb\u00e9szeti beavatkoz\u00e1sok elv\u00e9gz\u00e9s\u00e9hez. A v\u00e1r\u00f3ban elhelyezked\u0151 \u00e1llatpatika \u00e9s recepci\u00f3 k\u00f6nny\u00edtik meg az \u00e1llatorvosok munk\u00e1j\u00e1t az \u00fcgyf\u00e9llel val\u00f3 kommunik\u00e1ci\u00f3, t\u00e1j\u00e9koztat\u00e1s \u00e9s adminisztr\u00e1ci\u00f3 d\u00f6nt\u0151 r\u00e9sz\u00e9nek \u00e1tv\u00e9tel\u00e9vel. A nyitvatart\u00e1si id\u0151 k\u00e9nyelmes munkav\u00e9gz\u00e9st tesz lehet\u0151v\u00e9. A rendel\u0151 kialak\u00edt\u00e1sa folyamatban van, a nyit\u00e1s j\u00falius elej\u00e9re tehet\u0151.<\/span><\/p> <p style=\"margin: 0cm;\"><span style=\"font-size: 11.5pt; font-family: 'Arial',sans-serif; color: black;\">A rendel\u0151 sz\u00ednvonalas m\u0171szerparkkal lesz felszerelve, k\u00f6zt\u00fck modern r\u00f6ntgeng\u00e9ppel, ultrahanggal \u00e9s laborg\u00e9pekkel, a seb\u00e9szeti beavatkoz\u00e1sok szakszer\u0171 elv\u00e9gz\u00e9s\u00e9hez pedig altat\u00f3g\u00e9p \u00e1ll majd rendelkez\u00e9sre.<\/span><\/p> <p style=\"margin: 0cm;\"><span style=\"font-size: 11.5pt; font-family: 'Arial',sans-serif; color: black;\">C\u00e9lunk egy remek l\u00e9gk\u00f6r kialak\u00edt\u00e1sa, ahol a koll\u00e9g\u00e1kkal \u00e9s tulajdonosokkal val\u00f3 egy\u00fcttm\u0171k\u00f6d\u00e9s a sz\u00ednvonalas orvosi tev\u00e9kenys\u00e9get seg\u00edti el\u0151, a szellemi \u00e9s anyagi megbecs\u00fcl\u00e9s pedig hossz\u00fat\u00e1v\u00fa el\u00e9gedetts\u00e9get eredm\u00e9nyez.<\/span><\/p> <p style=\"margin: 0cm;\"><span style=\"font-size: 11.5pt; font-family: 'Arial',sans-serif; color: black;\">Ha felkeltett\u00fck az \u00e9rdekl\u0151d\u00e9sed ne habozz \u00e9s jelentkezz! \u00c1llok rendelkez\u00e9sre a h\u00e9t minden napj\u00e1n az al\u00e1bbi el\u00e9rhet\u0151s\u00e9geken:<\/span><\/p> <p style=\"margin: 0cm;\"><span style=\"font-size: 11.5pt; font-family: 'Arial',sans-serif; color: black;\">+3630 554 1543<\/span><\/p> <p style=\"margin: 0cm;\"><span style=\"font-size: 11.5pt; font-family: 'Arial',sans-serif; color: black;\"><a class=\"decrypt\" rel=\"esobhzwfuAhnbjm\/dpn\" href=\"javascript:void(0);\">[Kattintson az emailc\u00edmhez]<\/a><\/span><\/p> <p style=\"margin: 0cm;\"><span style=\"font-size: 11.5pt; font-family: 'Arial',sans-serif; color: black;\">K\u00e9pek \u00e9s kedvcsin\u00e1l\u00f3: <a href=\"https:\/\/www.facebook.com\/DogmoVet\">https:\/\/www.facebook.com\/DogmoVet<\/a><\/span><\/p> <p>2023.02.21<\/p> <p><a href=\"https:\/\/univet.hu\/wp-content\/uploads\/2023\/02\/\u00c1ll\u00e1shirdet\u00e9s-dogmovet.pdf\">\u00c1llatorvos \u00e9s asszisztens<\/a><\/p>","protected":false},"excerpt":{"rendered":"<p>2024.06.04 \u00c1llatorvos munkat\u00e1rsakat keres\u00fcnk a DogmoVet \u00e1llatorvosi rendel\u0151be a 13. ker\u00fcletben (DogmoVet-DogmoPharm Kft.) ambul\u00e1ns betegell\u00e1t\u00e1sra, m\u0171t\u00e9tek lebonyol\u00edt\u00e1s\u00e1ra, preferencia szerint egzotikus ell\u00e1t\u00e1sra is. Tapasztalat f\u00fcggv\u00e9ny\u00e9ben 700000 &#8211; 1200000 Ft k\u00f6z\u00f6tti nett\u00f3 munkab\u00e9rt, valamint ezen fel\u00fcl teljes\u00edtm\u00e9ny alap\u00fa b\u00f3nuszt k\u00edn\u00e1lunk. A t\u00f6bb vizsg\u00e1l\u00f3helyis\u00e9ggel rendelkez\u0151 l\u00e9tes\u00edtm\u00e9ny p\u00e1rhuzamosan h\u00e1rom \u00e1llatorvosnak ny\u00fajt teret ambul\u00e1ns, illetve seb\u00e9szeti beavatkoz\u00e1sok elv\u00e9gz\u00e9s\u00e9hez. A v\u00e1r\u00f3ban<\/p>\n","protected":false},"author":2961,"featured_media":0,"parent":26415,"menu_order":112,"comment_status":"closed","ping_status":"closed","template":"","meta":{"_acf_changed":false,"footnotes":""},"categories":[],"tags":[],"class_list":["post-83939","page","type-page","status-publish","hentry"],"acf":[],"_links":{"self":[{"href":"https:\/\/univet.hu\/hu\/wp-json\/wp\/v2\/pages\/83939","targetHints":{"allow":["GET"]}}],"collection":[{"href":"https:\/\/univet.hu\/hu\/wp-json\/wp\/v2\/pages"}],"about":[{"href":"https:\/\/univet.hu\/hu\/wp-json\/wp\/v2\/types\/page"}],"author":[{"embeddable":true,"href":"https:\/\/univet.hu\/hu\/wp-json\/wp\/v2\/users\/2961"}],"replies":[{"embeddable":true,"href":"https:\/\/univet.hu\/hu\/wp-json\/wp\/v2\/comments?post=83939"}],"version-history":[{"count":0,"href":"https:\/\/univet.hu\/hu\/wp-json\/wp\/v2\/pages\/83939\/revisions"}],"up":[{"embeddable":true,"href":"https:\/\/univet.hu\/hu\/wp-json\/wp\/v2\/pages\/26415"}],"wp:attachment":[{"href":"https:\/\/univet.hu\/hu\/wp-json\/wp\/v2\/media?parent=83939"}],"wp:term":[{"taxonomy":"category","embeddable":true,"href":"https:\/\/univet.hu\/hu\/wp-json\/wp\/v2\/categories?post=83939"},{"taxonomy":"post_tag","embeddable":true,"href":"https:\/\/univet.hu\/hu\/wp-json\/wp\/v2\/tags?post=83939"}],"curies":[{"name":"wp","href":"https:\/\/api.w.org\/{rel}","templated":true}]}}