{"id":84266,"date":"2023-03-01T15:38:52","date_gmt":"2023-03-01T14:38:52","guid":{"rendered":"https:\/\/univet.hu\/?page_id=84266"},"modified":"2026-03-25T10:33:09","modified_gmt":"2026-03-25T09:33:09","slug":"strang-orsolya","status":"publish","type":"page","link":"https:\/\/univet.hu\/hu\/egyetem\/munkatarsak\/strang-orsolya\/","title":{"rendered":"Strang Orsolya"},"content":{"rendered":"<p>Tov\u00e1bbi inform\u00e1ci\u00f3k a D\u00c9T <a href=\"https:\/\/dfi.univet.hu\/rolunk\/strang-orsolya\/\" target=\"_blank\" rel=\"noopener\">oldal\u00e1n<\/a> \u00e9rhet\u0151k el.<\/p>","protected":false},"excerpt":{"rendered":"<p>Tov\u00e1bbi inform\u00e1ci\u00f3k a D\u00c9T oldal\u00e1n \u00e9rhet\u0151k el.<\/p>\n","protected":false},"author":5824,"featured_media":0,"parent":858,"menu_order":37,"comment_status":"open","ping_status":"open","template":"","meta":{"_acf_changed":false,"footnotes":""},"categories":[56],"tags":[],"class_list":["post-84266","page","type-page","status-publish","hentry","category-munkatarsak"],"acf":[],"_links":{"self":[{"href":"https:\/\/univet.hu\/hu\/wp-json\/wp\/v2\/pages\/84266","targetHints":{"allow":["GET"]}}],"collection":[{"href":"https:\/\/univet.hu\/hu\/wp-json\/wp\/v2\/pages"}],"about":[{"href":"https:\/\/univet.hu\/hu\/wp-json\/wp\/v2\/types\/page"}],"author":[{"embeddable":true,"href":"https:\/\/univet.hu\/hu\/wp-json\/wp\/v2\/users\/5824"}],"replies":[{"embeddable":true,"href":"https:\/\/univet.hu\/hu\/wp-json\/wp\/v2\/comments?post=84266"}],"version-history":[{"count":4,"href":"https:\/\/univet.hu\/hu\/wp-json\/wp\/v2\/pages\/84266\/revisions"}],"predecessor-version":[{"id":204176,"href":"https:\/\/univet.hu\/hu\/wp-json\/wp\/v2\/pages\/84266\/revisions\/204176"}],"up":[{"embeddable":true,"href":"https:\/\/univet.hu\/hu\/wp-json\/wp\/v2\/pages\/858"}],"wp:attachment":[{"href":"https:\/\/univet.hu\/hu\/wp-json\/wp\/v2\/media?parent=84266"}],"wp:term":[{"taxonomy":"category","embeddable":true,"href":"https:\/\/univet.hu\/hu\/wp-json\/wp\/v2\/categories?post=84266"},{"taxonomy":"post_tag","embeddable":true,"href":"https:\/\/univet.hu\/hu\/wp-json\/wp\/v2\/tags?post=84266"}],"curies":[{"name":"wp","href":"https:\/\/api.w.org\/{rel}","templated":true}]}}