{"id":843,"date":"2017-11-28T17:46:00","date_gmt":"2017-11-28T16:46:00","guid":{"rendered":"http:\/\/univet.hu\/oktatas\/d-hok\/"},"modified":"2025-03-17T10:43:24","modified_gmt":"2025-03-17T09:43:24","slug":"d-hok","status":"publish","type":"page","link":"https:\/\/univet.hu\/hu\/oktatas\/d-hok\/","title":{"rendered":"D\u00d6K"},"content":{"rendered":"<p align=\"justify\">Az Egyetemi Doktorandusz \u00d6nkorm\u00e1nyzat a doktori tanulm\u00e1nyokat folytat\u00f3 hallgat\u00f3k nemzeti fels\u0151oktat\u00e1si t\u00f6rv\u00e9nyben deklar\u00e1lt \u00e9rdekk\u00e9pviseleti szervezete. Ell\u00e1tja mindazon feladatokat, melyeket a gradu\u00e1lis k\u00e9pz\u00e9sben r\u00e9szt vev\u0151 hallgat\u00f3k sz\u00e1m\u00e1ra a Hallgat\u00f3i \u00d6nkorm\u00e1nyzat l\u00e1t el. Ennek keret\u00e9ben a doktoranduszok \u00e9rdekk\u00e9pviselete mellett c\u00e9lkit\u0171z\u00e9se a doktoranduszok sz\u00e1m\u00e1ra rendezv\u00e9nyek, konferenci\u00e1k szervez\u00e9se, r\u00e9szt vesz a Doktoranduszok Orsz\u00e1gos Sz\u00f6vets\u00e9ge (<a href=\"http:\/\/www.dosz.hu\/\" target=\"_blank\" rel=\"noopener\">DOSZ<\/a>) munk\u00e1j\u00e1ban, kapcsolatokat \u00e9p\u00edt m\u00e1s hazai \u00e9s k\u00fclf\u00f6ldi fels\u0151oktat\u00e1si int\u00e9zm\u00e9nyek doktorandusz szervezeteivel.<\/p> <p><a href=\"https:\/\/univet.hu\/wp-content\/uploads\/2023\/07\/Alapszab\u00e1ly-2023.06.22-t\u0151l-\u00e9rv\u00e9nyes-2.pdf\">Alapszab\u00e1ly (2023.06.22-t\u0151l \u00e9rv\u00e9nyes)<\/a><\/p> <p>A D\u00d6K m\u0171k\u00f6d\u00e9s\u00e9vel kapcsolatos dokument\u00e1ci\u00f3k az <a href=\"https:\/\/univet.hu\/hu\/intranet\/hallgatoi-onkormanyzat-doktorandusz\/\">Intranet<\/a> fel\u00fcleten \u00e9rhet\u0151k el.<\/p> <p>A D\u00d6K legfontosabb feladata a PhD hallgat\u00f3k \u00e9rdekk\u00e9pviselete \u00e9s \u00e9rdekv\u00e9delme. Probl\u00e9m\u00e1s \u00fcgyeitekkel, k\u00e9rd\u00e9seitekkel, javaslataitokkal forduljatok hozz\u00e1nk bizalommal!<\/p> <p><span style=\"font-size: 14pt\">A K\u00fcld\u00f6ttgy\u0171l\u00e9s tagjai:<\/span><\/p> <ul style=\"list-style-type: square\"> <li class=\"xmsonormal\" style=\"background: white\"><span style=\"font-size: 12pt;color: black\"><strong>Eln\u00f6k:<\/strong> Dr. Mag Patrik <a class=\"decrypt\" rel=\"nbh\/qbusjlAvojwfu\/iv\" href=\"javascript:void(0);\">[Kattintson az emailc\u00edmhez]<\/a><\/span><\/li> <li class=\"xmsonormal\" style=\"background: white\"><span style=\"font-size: 12pt;color: black\"><strong>Aleln\u00f6k:<\/strong>\u00a0Dr. Farkas M\u00e1t\u00e9 <a class=\"decrypt\" rel=\"gbslbt\/nbufAvojwfu\/iv\" href=\"javascript:void(0);\">[Kattintson az emailc\u00edmhez]<\/a><\/span><\/li> <li><strong>K\u00f6lts\u00e9gvet\u00e9si biztos:<\/strong> Dr. Sipos Roland <a class=\"decrypt\" rel=\"tjqpt\/spmboeAvojwfu\/iv\" href=\"javascript:void(0);\">[Kattintson az emailc\u00edmhez]<\/a><\/li> <li class=\"xmsonormal\" style=\"background: white\"><span style=\"font-size: 12pt\"><span style=\"color: black\"><strong>Szen\u00e1tusba deleg\u00e1lt tag:<\/strong>\u00a0D<span style=\"font-size: 12pt;color: black\">r. Mag Patrik<\/span><\/span><\/span><\/li> <li class=\"xmsonormal\" style=\"background: white\"><span style=\"font-size: 12pt;color: black\"><strong>Doktoranduszok Orsz\u00e1gos Sz\u00f6vets\u00e9g\u00e9be deleg\u00e1lt tag:<\/strong> Dr. Farkas M\u00e1t\u00e9<\/span><\/li> <li class=\"xmsonormal\" style=\"background: white\"><span style=\"font-size: 12pt;color: black\"><strong>Doktori \u00e9s Habilit\u00e1ci\u00f3s Tan\u00e1csba deleg\u00e1lt tag:<\/strong>\u00a0Dr. Farkas M\u00e1t\u00e9<\/span><\/li> <li class=\"xmsonormal\" style=\"background: white\"><span style=\"font-size: 12pt;color: black\"><strong>Doktori Iskola Tan\u00e1cs\u00e1ba deleg\u00e1lt tag:<\/strong>\u00a0Dr. Mag Patrik<\/span><\/li> <li><strong>Tudom\u00e1nyos \u00e9s Innov\u00e1ci\u00f3s Bizotts\u00e1gba\u00a0<\/strong><span style=\"font-size: 12pt;color: black\"><strong>deleg\u00e1lt tag:<\/strong> Paliczn\u00e9 Kust\u00e1n Bianka <a class=\"decrypt\" rel=\"qbmjd{of\/lvtubo\/cjbolbAvojwfu\/iv\" href=\"javascript:void(0);\">[Kattintson az emailc\u00edmhez]<\/a><\/span><\/li> <li><strong>Egyetemi Hallgat\u00f3i Fel\u00fclb\u00edr\u00e1lat Bizotts\u00e1gba\u00a0<\/strong><span style=\"font-size: 12pt;color: black\"><strong>deleg\u00e1lt tag: <\/strong>Kunszab\u00f3 Atilla <a class=\"decrypt\" rel=\"lvot{bcp\/bujmmbAvojwfu\/iv\" href=\"javascript:void(0);\">[Kattintson az emailc\u00edmhez]<\/a><\/span><\/li> <li class=\"xmsonormal\" style=\"background: white\"><span style=\"font-size: 12pt;color: black\"><strong>Oktat\u00e1si Bizotts\u00e1gba deleg\u00e1lt tag:<\/strong> Dr. Somogyi Fanni <a class=\"decrypt\" rel=\"tpnphzj\/gboojAvojwfu\/iv\" href=\"javascript:void(0);\">[Kattintson az emailc\u00edmhez]<\/a><\/span><\/li> <li><strong>Akkredit\u00e1ci\u00f3s \u00e9s Min\u0151s\u00e9g\u00fcgyi Bizotts\u00e1gba deleg\u00e1lt tag: <\/strong>D<span style=\"font-size: 12pt;color: black\">r. Mag Patrik<\/span><\/li> <li>Dr. N\u00e9meth Kriszti\u00e1n<\/li> <\/ul> <p>&nbsp;<\/p> <p><strong>D\u00d6K eln\u00f6k el\u00e9rhet\u0151s\u00e9ge, fogad\u00f3 \u00f3r\u00e1i:<\/strong><\/p> <ul> <li><strong>Szorgalmi id\u0151szakban:<\/strong> minden p\u00e1ros h\u00e9ten h\u00e9tf\u0151n 10:00-11:00<\/li> <li><strong>Vizsgaid\u0151szakban:<\/strong> minden h\u00f3nap els\u0151 h\u00e9tf\u0151j\u00e9n\u00a010:00-11:00<\/li> <li><strong>Iroda:<\/strong> Gy\u00f3gyszertani \u00e9s M\u00e9regtani Tansz\u00e9k, R-S \u00e9p\u00fclet, f\u00f6ldszinti iroda<\/li> <li><strong>Postac\u00edm:\u00a0<\/strong>1400 Budapest, Pf. 2.<\/li> <li><strong>Telefon:<\/strong>\u00a00620\/5360060<\/li> <\/ul> <p><a href=\"https:\/\/www.facebook.com\/profile.php?id=61552692489223\"><strong>Facebook<\/strong><\/a><\/p> <p><a href=\"https:\/\/www.instagram.com\/ateunidok\/\"><strong>Instagram<\/strong><\/a><\/p>","protected":false},"excerpt":{"rendered":"<p>Az Egyetemi Doktorandusz \u00d6nkorm\u00e1nyzat a doktori tanulm\u00e1nyokat folytat\u00f3 hallgat\u00f3k nemzeti fels\u0151oktat\u00e1si t\u00f6rv\u00e9nyben deklar\u00e1lt \u00e9rdekk\u00e9pviseleti szervezete. Ell\u00e1tja mindazon feladatokat, melyeket a gradu\u00e1lis k\u00e9pz\u00e9sben r\u00e9szt vev\u0151 hallgat\u00f3k sz\u00e1m\u00e1ra a Hallgat\u00f3i \u00d6nkorm\u00e1nyzat l\u00e1t el. Ennek keret\u00e9ben a doktoranduszok \u00e9rdekk\u00e9pviselete mellett c\u00e9lkit\u0171z\u00e9se a doktoranduszok sz\u00e1m\u00e1ra rendezv\u00e9nyek, konferenci\u00e1k szervez\u00e9se, r\u00e9szt vesz a Doktoranduszok Orsz\u00e1gos Sz\u00f6vets\u00e9ge (DOSZ) munk\u00e1j\u00e1ban, kapcsolatokat \u00e9p\u00edt m\u00e1s<\/p>\n","protected":false},"author":1,"featured_media":0,"parent":350,"menu_order":12,"comment_status":"closed","ping_status":"closed","template":"","meta":{"_acf_changed":false,"footnotes":""},"categories":[],"tags":[],"class_list":["post-843","page","type-page","status-publish","hentry"],"acf":[],"_links":{"self":[{"href":"https:\/\/univet.hu\/hu\/wp-json\/wp\/v2\/pages\/843","targetHints":{"allow":["GET"]}}],"collection":[{"href":"https:\/\/univet.hu\/hu\/wp-json\/wp\/v2\/pages"}],"about":[{"href":"https:\/\/univet.hu\/hu\/wp-json\/wp\/v2\/types\/page"}],"author":[{"embeddable":true,"href":"https:\/\/univet.hu\/hu\/wp-json\/wp\/v2\/users\/1"}],"replies":[{"embeddable":true,"href":"https:\/\/univet.hu\/hu\/wp-json\/wp\/v2\/comments?post=843"}],"version-history":[{"count":0,"href":"https:\/\/univet.hu\/hu\/wp-json\/wp\/v2\/pages\/843\/revisions"}],"up":[{"embeddable":true,"href":"https:\/\/univet.hu\/hu\/wp-json\/wp\/v2\/pages\/350"}],"wp:attachment":[{"href":"https:\/\/univet.hu\/hu\/wp-json\/wp\/v2\/media?parent=843"}],"wp:term":[{"taxonomy":"category","embeddable":true,"href":"https:\/\/univet.hu\/hu\/wp-json\/wp\/v2\/categories?post=843"},{"taxonomy":"post_tag","embeddable":true,"href":"https:\/\/univet.hu\/hu\/wp-json\/wp\/v2\/tags?post=843"}],"curies":[{"name":"wp","href":"https:\/\/api.w.org\/{rel}","templated":true}]}}