{"id":84420,"date":"2023-03-07T22:57:59","date_gmt":"2023-03-07T21:57:59","guid":{"rendered":"https:\/\/univet.hu\/hu\/oktatas\/d-hok\/name\/"},"modified":"2023-03-07T22:57:59","modified_gmt":"2023-03-07T21:57:59","slug":"tavaszi-szel-konferencia-2023","status":"publish","type":"page","link":"https:\/\/univet.hu\/hu\/oktatas\/d-hok\/tavaszi-szel-konferencia-2023\/","title":{"rendered":"Tavaszi Sz\u00e9l Konferencia 2023"},"content":{"rendered":"<p>A Doktoranduszok Orsz\u00e1gos Sz\u00f6vets\u00e9ge (DOSZ) \u00f6r\u00f6mmel \u00e9rtes\u00edti a doktoranduszokat, doktorjel\u00f6lteket, fiatal kutat\u00f3kat, mesterszakos hallgat\u00f3kat, hogy\u00a0<strong>2023. m\u00e1jus 5-7.\u00a0<\/strong>\u00a0k\u00f6z\u00f6tt a\u00a0<strong>Miskolci Egyetemmel<\/strong>\u00a0egy\u00fcttm\u0171k\u00f6d\u00e9sben ism\u00e9t megrendezi a Tavaszi Sz\u00e9l elnevez\u00e9s\u0171 multidiszciplin\u00e1ris, tudom\u00e1nyos konferenci\u00e1j\u00e1t.<\/p> <p>A DOSZ a 2023. \u00e9vi Tavaszi Sz\u00e9l Konferencia szervez\u00e9sekor a kor\u00e1bbi \u00e9vekben megszokottak szerint, a \u201efiatal magyar kutat\u00f3k \u00e9s doktoranduszok vil\u00e1gtal\u00e1lkoz\u00f3j\u00e1t\u201d\u00a0<strong>magyar, illetve angol<\/strong>\u00a0munkanyelv\u0171 rendezv\u00e9nyk\u00e9nt hirdeti meg. A kutat\u00e1si eredm\u00e9nyek bemutat\u00e1s\u00e1ra tudom\u00e1nyos\u00a0<strong>el\u0151ad\u00e1s vagy poszter<\/strong>\u00a0form\u00e1j\u00e1ban ny\u00edlik lehet\u0151s\u00e9g.<\/p> <p align=\"center\"><strong>Regisztr\u00e1ci\u00f3<\/strong><\/p> <p>A konferenci\u00e1n t\u00f6rt\u00e9n\u0151 r\u00e9szv\u00e9tel el\u0151zetes regisztr\u00e1ci\u00f3hoz k\u00f6t\u00f6tt. A regisztr\u00e1ci\u00f3s fel\u00fclet el\u00e9rhet\u0151 a\u00a0<strong>DOSZ<\/strong>\u00a0honlapj\u00e1n (<a href=\"https:\/\/dosz.hu\/url\/tszk2023\">https:\/\/dosz.hu\/url\/tszk2023<\/a>). A regisztr\u00e1ci\u00f3 sor\u00e1n a k\u00f6nnyebb kommunik\u00e1ci\u00f3 \u00e9rdek\u00e9ben a jelentkez\u0151knek meg kell adniuk az el\u00e9rhet\u0151s\u00e9gi adataikat. A megadott adatok kezel\u00e9se az\u00a0adatv\u00e9delmi szab\u00e1lyzat szerint t\u00f6rt\u00e9nik. A regisztr\u00e1ci\u00f3\u00a0<strong>els\u0151 k\u00f6rben egy<\/strong>\u00a0minimum 1800, maximum 3600 karakter terjedelm\u0171\u00a0<strong>absztrakt<\/strong>\u00a0beny\u00fajt\u00e1s\u00e1val v\u00e1lik \u00e9rv\u00e9nyess\u00e9.\u00a0\u00a0Az absztrakt a jelentkez\u0151 tudom\u00e1nyos munk\u00e1j\u00e1nak kivonata, amelyben a kutat\u00e1s h\u00e1tter\u00e9nek bemutat\u00e1sa, a tudom\u00e1nyos kutat\u00e1s c\u00e9lja, k\u00e9rd\u00e9sfelvet\u00e9se, majd az eddig el\u00e9rt eredm\u00e9nyek \u00e9s a tov\u00e1bbi lehet\u0151s\u00e9gek ker\u00fclnek r\u00f6viden \u00f6sszefoglal\u00e1sra, hivatkoz\u00e1sok n\u00e9lk\u00fcl, a tudom\u00e1nyos \u00edr\u00e1s formai \u00e9s tartalmi k\u00f6vetelm\u00e9nyeinek megfelelve. A t\u00e9m\u00e1t k\u00f6r\u00fcl\u00edr\u00f3 \u00f6t kulcssz\u00f3 megad\u00e1sa is k\u00f6telez\u0151.<\/p> <p>Az absztrakt bek\u00fcld\u00e9se csak a regisztr\u00e1ci\u00f3s fel\u00fcleten kereszt\u00fcl lehets\u00e9ges.\u00a0E-mailben \u00e9s egy\u00e9b kommunik\u00e1ci\u00f3s csatorn\u00e1n a szervez\u0151knek nem \u00e1ll m\u00f3djukban kezelni a jelentkez\u00e9seket.<\/p> <p><strong>A jelentkez\u00e9s \u00e9s\u00a0<\/strong><strong>absztraktok lead\u00e1si hat\u00e1rideje: 2023. m\u00e1rcius 12. 23:59<\/strong><\/p> <p>A szervez\u0151k minden absztraktot lektor\u00e1l\u00e1si folyamatnak vetnek al\u00e1, amely\u00e9rt a DOSZ az adott tudom\u00e1ny\u00e1gban illet\u00e9kes Tudom\u00e1nyos Oszt\u00e1lya felel. Az absztrakt b\u00edr\u00e1lati\u00a0eredm\u00e9ny\u00e9r\u0151l a jelentkez\u0151k\u00a0<strong>2023. \u00e1prilis 2-ig<\/strong>\u00a0<strong>elektronikus \u00e9rtes\u00edt\u00e9st\u00a0<\/strong>kapnak. Amennyiben a\u00a0\u00a0\u00a0\u00a0\u00a0\u00a0tudom\u00e1nyter\u00fcletileg illet\u00e9kes Tudom\u00e1nyos Oszt\u00e1ly b\u00edr\u00e1l\u00f3i az absztrakt alapvet\u0151 tudom\u00e1nyoss\u00e1gi krit\u00e9rium\u00e1r\u00f3l nem gy\u0151z\u0151dnek meg, az a jelentkez\u00e9s elutas\u00edt\u00e1s\u00e1t vonja maga ut\u00e1n. Az esetleges elutas\u00edt\u00e1sokkal kapcsolatban a relev\u00e1ns Tudom\u00e1nyos Oszt\u00e1lyokn\u00e1l k\u00e9rhet\u0151 r\u00e9szletes t\u00e1j\u00e9koztat\u00e1s. A Tudom\u00e1nyos Oszt\u00e1lyok el\u00e9rhet\u0151s\u00e9gei a honlapon megtal\u00e1lhat\u00f3ak.\u00a0<strong>A p\u00e1ly\u00e1zati anyagban hi\u00e1nyp\u00f3tl\u00e1snak helye nincs, hat\u00e1rid\u0151n t\u00fali regisztr\u00e1ci\u00f3 nem fogadhat\u00f3 el.\u00a0<\/strong><\/p> <p>Az absztraktok befogad\u00e1s\u00e1t k\u00f6vet\u0151en a jelentkez\u0151 a v\u00e1lasztott regisztr\u00e1ci\u00f3s csomag szerinti\u00a0<strong>regisztr\u00e1ci\u00f3s d\u00edj befizet\u00e9s\u00e9re vonatkoz\u00f3 \u00e9rtes\u00edt\u00e9st kap<\/strong>. A szervez\u0151knek a regisztr\u00e1ci\u00f3s d\u00edjat a konferenci\u00e1n val\u00f3 r\u00e9szv\u00e9tel hi\u00e1ny\u00e1ban nem \u00e1ll m\u00f3djukban visszat\u00e9r\u00edteni.<\/p> <p><u>A Konferencia tervezett szekci\u00f3i:\u00a0<\/u><\/p> <ul> <li>Agr\u00e1rtudom\u00e1nyi szekci\u00f3<\/li> <li>\u00c1llam- \u00e9s jogtudom\u00e1nyi szekci\u00f3<\/li> <li>Biol\u00f3giatudom\u00e1nyi szekci\u00f3<\/li> <li>Filoz\u00f3fiatudom\u00e1nyi szekci\u00f3<\/li> <li>Fizikatudom\u00e1nyi szekci\u00f3<\/li> <li>F\u00f6ldtudom\u00e1nyi szekci\u00f3<\/li> <li>Had- \u00e9s rend\u00e9szettudom\u00e1nyi szekci\u00f3<\/li> <li>Hittudom\u00e1nyi szekci\u00f3<\/li> <li>Irodalomtudom\u00e1nyi szekci\u00f3<\/li> <li>K\u00e9miai \u00e9s k\u00f6rnyezettudom\u00e1nyi szekci\u00f3<\/li> <li>Kommunik\u00e1ci\u00f3tudom\u00e1nyi szekci\u00f3<\/li> <li>K\u00f6zgazdas\u00e1gtudom\u00e1nyi szekci\u00f3<\/li> <li>K\u00f6zigazgat\u00e1s-tudom\u00e1nyi szekci\u00f3<\/li> <li>Matematikai \u00e9s informatikai szekci\u00f3<\/li> <li>M\u0171szaki szekci\u00f3<\/li> <li>M\u0171v\u00e9szeti \u00e9s m\u0171v\u00e9szettudom\u00e1nyi szekci\u00f3<\/li> <li>Nyelvtudom\u00e1nyi szekci\u00f3<\/li> <li>Orvos- \u00e9s eg\u00e9szs\u00e9gtudom\u00e1nyi szekci\u00f3<\/li> <li>Pszichol\u00f3giai \u00e9s nevel\u00e9studom\u00e1nyi szekci\u00f3<\/li> <li>Sporttudom\u00e1nyi szekci\u00f3<\/li> <li>Szociol\u00f3giai \u00e9s multidiszciplin\u00e1ris t\u00e1rsadalomtudom\u00e1nyi szekci\u00f3<\/li> <li>T\u00f6rt\u00e9nelem- \u00e9s politikatudom\u00e1nyi szekci\u00f3<\/li> <\/ul> <p>A Szervez\u0151bizotts\u00e1g fenntartja a jogot az el\u0151ad\u00f3k szekci\u00f3k k\u00f6z\u00f6tti \u00e1tsorol\u00e1s\u00e1ra, illetve az egyes tudom\u00e1ny\u00e1gi szekci\u00f3k a jelentkez\u00e9sek sz\u00e1m\u00e1t\u00f3l f\u00fcgg\u0151 \u00f6sszevon\u00e1s\u00e1ra vagy feloszt\u00e1s\u00e1ra.<\/p> <p align=\"center\"><strong>Tanulm\u00e1nyk\u00f6tet 2023<\/strong><\/p> <p>Amennyiben az el\u0151ad\u00f3 a Konferenciak\u00f6tetben publik\u00e1lni k\u00edv\u00e1nja kutat\u00e1si eredm\u00e9nyeit, a formai \u00e9s a tudom\u00e1nyos publik\u00e1ci\u00f3 k\u00f6vetelm\u00e9nyeinek megfelel\u0151, maximum 1 szerz\u0151i \u00edv (40.000 karakter sz\u00f3k\u00f6z\u00f6kkel) hossz\u00fas\u00e1g\u00fa tudom\u00e1nyos cikket (<strong>.doc form\u00e1tumban<\/strong>) a rendezv\u00e9nyt k\u00f6vet\u0151en legk\u00e9s\u0151bb\u00a0<strong>2023. j\u00fanius 12-ig<\/strong>\u00a0kell elk\u00fcldenie az\u00a0<a class=\"decrypt\" rel=\"jogpAept{\/iv\" href=\"javascript:void(0);\">[Kattintson az emailc\u00edmhez]<\/a>\u00a0email c\u00edmre.<\/p> <p>A tanulm\u00e1nyok befogadhat\u00f3s\u00e1gi felt\u00e9tele a jelentkez\u0151 \u00e1ltal csatolt &#8211; k\u00e9zzel al\u00e1\u00edrt\/AVDH hiteles\u00edt\u00e9ssel ell\u00e1tott &#8211;\u00a0<strong>lektori szakv\u00e9lem\u00e9ny<\/strong>, amelyet tudom\u00e1ny\u00e1g\u00e1nak megfelel\u0151 tudom\u00e1nyos fokozattal (PhD, DLA) rendelkez\u0151, a jelentkez\u0151 \u00e1ltal felk\u00e9rt szakember k\u00e9sz\u00edtett. Tov\u00e1bbi k\u00f6vetelm\u00e9ny a kit\u00f6lt\u00f6tt \u00e9s k\u00e9zzel al\u00e1\u00edrt\/AVDH hiteles\u00edt\u00e9ssel ell\u00e1tott\u00a0<strong>szerz\u0151i nyilatkozat<\/strong>\u00a0elk\u00fcld\u00e9se is.<\/p> <p>A szerz\u0151 egy\u00e9rtelm\u0171 beazonos\u00edthat\u00f3s\u00e1ga \u00e9rdek\u00e9ben a tanulm\u00e1ny, a lektori v\u00e9lem\u00e9ny, illetve a szerz\u0151i nyilatkozat dokumentumok elnevez\u00e9seinek tartalmazniuk kell a r\u00e9sztvev\u0151 nev\u00e9t (Pl.: Minta_Ott\u00f3_lektori, Minta_Ott\u00f3_szerz\u0151i, Minta_Ott\u00f3_tanulm\u00e1ny).<\/p> <p><strong>A tudom\u00e1nyos cikk, a lektori szakv\u00e9lem\u00e9ny \u00e9s a szerz\u0151i nyilatkozat eset\u00e9ben kiz\u00e1r\u00f3lag a DOSZ \u00e1ltal el\u0151\u00edrt form\u00e1tum\u00fa (al\u00e1bb let\u00f6lthet\u0151) dokumentumok fogadhat\u00f3k be.\u00a0Az ett\u0151l elt\u00e9r\u0151 vagy hi\u00e1nyos, a formai k\u00f6vetelm\u00e9nyeknek nem megfelel\u0151 tanulm\u00e1nyokat a Szervez\u0151bizotts\u00e1g nem publik\u00e1lja<\/strong>\u00a0<strong>a Tanulm\u00e1nyk\u00f6tetben.<\/strong>\u00a0Az elfogadott, lektor\u00e1lt tanulm\u00e1nyokat ISBN-sz\u00e1mmal ell\u00e1tott, online Tanulm\u00e1nyk\u00f6tetben tessz\u00fck k\u00f6zz\u00e9, amelyben a v\u00e9lem\u00e9nyt ad\u00f3 lektorok neveit is felt\u00fcntetj\u00fck.<\/p> <p>A szervez\u0151k felh\u00edvj\u00e1k a jelentkez\u0151k figyelm\u00e9t, hogy csak a Konferenci\u00e1n elhangzott el\u0151ad\u00e1sok tudom\u00e1nyos \u00edr\u00e1sos kivonatai jelen\u00edthet\u0151ek meg.<\/p> <p align=\"center\"><strong>Fontosabb hat\u00e1rid\u0151k<\/strong><\/p> <p><strong>2023. m\u00e1rcius 12.\u00a0\u00a0\u00a0\u00a0\u00a0\u00a0<\/strong>A regisztr\u00e1ci\u00f3 \u00e9s az absztraktok lead\u00e1s\u00e1nak hat\u00e1rideje.<\/p> <p><strong>2023. \u00e1prilis 2.\u00a0\u00a0\u00a0\u00a0\u00a0\u00a0\u00a0\u00a0\u00a0\u00a0<\/strong>A jelentkez\u0151k ki\u00e9rtes\u00edt\u00e9se az absztraktok elb\u00edr\u00e1l\u00e1s\u00e1r\u00f3l.<\/p> <p><strong>2023. m\u00e1jus 5-7.<\/strong>\u00a0\u00a0\u00a0\u00a0\u00a0\u00a0\u00a0\u00a0Konferencia (szekci\u00f3 el\u0151ad\u00e1sok: p\u00e9nteken \u00e9s szombaton)<\/p> <p><strong>2023. j\u00fanius 12.\u00a0<\/strong>\u00a0\u00a0\u00a0\u00a0\u00a0\u00a0\u00a0\u00a0A tanulm\u00e1ny, a szerz\u0151i nyilatkozat \u00e9s a lektori szakv\u00e9lem\u00e9ny megk\u00fcld\u00e9s\u00e9nek hat\u00e1rideje.<\/p> <p align=\"center\"><strong>R\u00e9szv\u00e9teli d\u00edj<\/strong><\/p> <ol> <li><strong>Teljes r\u00e9szv\u00e9teli d\u00edj sz\u00e1ll\u00e1ssal*: 36.000 Ft\/f\u0151<\/strong>\u00a0(amely tartalmazza: a r\u00e9szv\u00e9teli lehet\u0151s\u00e9get a Konferencia teljes idej\u00e9re, el\u0151ad\u00e1si lehet\u0151s\u00e9get (egy tudom\u00e1nyos el\u0151ad\u00e1s \u00e9s\/vagy egy poszter el\u0151ad\u00e1s), publik\u00e1l\u00e1si lehet\u0151s\u00e9get, sz\u00e1ll\u00e1st 2 \u00e9jszak\u00e1ra, eb\u00e9d \u00e9s vacsora ell\u00e1t\u00e1st a Konferencia ideje alatt, k\u00eds\u00e9r\u0151programokon val\u00f3 r\u00e9szv\u00e9telt)<\/li> <li><strong>Teljes r\u00e9szv\u00e9teli d\u00edj sz\u00e1ll\u00e1s n\u00e9lk\u00fcl: 31.000 Ft\/f\u0151<\/strong>\u00a0(amely tartalmazza: a r\u00e9szv\u00e9teli lehet\u0151s\u00e9get a Konferencia teljes idej\u00e9re, el\u0151ad\u00e1si lehet\u0151s\u00e9get (egy tudom\u00e1nyos el\u0151ad\u00e1s \u00e9s\/vagy egy poszter el\u0151ad\u00e1s), publik\u00e1l\u00e1si lehet\u0151s\u00e9get, eb\u00e9d \u00e9s vacsora ell\u00e1t\u00e1st a Konferencia ideje alatt, k\u00eds\u00e9r\u0151programokon val\u00f3 r\u00e9szv\u00e9telt)<\/li> <li><strong>R\u00e9szv\u00e9teli d\u00edj a DOSZ Tudom\u00e1nyos Oszt\u00e1lyainak<\/strong>\u00a0<strong>2023. febru\u00e1r 28-ig felv\u00e9telt nyert\u00a0<\/strong><strong>rendes<\/strong><strong>tagjai r\u00e9sz\u00e9re sz\u00e1ll\u00e1ssal: 28.000 Ft\/f\u0151<\/strong>\u00a0(amely tartalmazza: a r\u00e9szv\u00e9teli lehet\u0151s\u00e9get a Konferencia teljes idej\u00e9re, el\u0151ad\u00e1si lehet\u0151s\u00e9get (egy tudom\u00e1nyos el\u0151ad\u00e1s \u00e9s\/vagy egy poszter el\u0151ad\u00e1s), publik\u00e1l\u00e1si lehet\u0151s\u00e9get, sz\u00e1ll\u00e1st 2 \u00e9jszak\u00e1ra eb\u00e9d \u00e9s vacsora ell\u00e1t\u00e1st a Konferencia ideje alatt, k\u00eds\u00e9r\u0151programokon val\u00f3 r\u00e9szv\u00e9telt)<\/li> <li><strong>R\u00e9szv\u00e9teli d\u00edj a DOSZ Tudom\u00e1nyos Oszt\u00e1lyainak 2023. febru\u00e1r 28-ig felv\u00e9telt nyert rendes tagjai r\u00e9sz\u00e9re sz\u00e1ll\u00e1s n\u00e9lk\u00fcl: 25.000 Ft\/f\u0151<\/strong>\u00a0(amely tartalmazza: a r\u00e9szv\u00e9teli lehet\u0151s\u00e9get a Konferencia teljes idej\u00e9re, el\u0151ad\u00e1si lehet\u0151s\u00e9get (egy tudom\u00e1nyos el\u0151ad\u00e1s \u00e9s\/vagy egy poszter el\u0151ad\u00e1s), publik\u00e1l\u00e1si lehet\u0151s\u00e9get, eb\u00e9d \u00e9s vacsora ell\u00e1t\u00e1st a Konferencia ideje alatt, k\u00eds\u00e9r\u0151programokon val\u00f3 r\u00e9szv\u00e9telt)<\/li> <li><strong>R\u00e9szv\u00e9teli d\u00edj a Miskolci Egyetem hallgat\u00f3i r\u00e9sz\u00e9re: 25.000 Ft\/f\u0151<\/strong>\u00a0(amely tartalmazza: a r\u00e9szv\u00e9teli lehet\u0151s\u00e9get a Konferencia teljes idej\u00e9re, el\u0151ad\u00e1si lehet\u0151s\u00e9get (egy tudom\u00e1nyos el\u0151ad\u00e1s \u00e9s\/vagy egy poszter el\u0151ad\u00e1s), publik\u00e1l\u00e1si lehet\u0151s\u00e9get, eb\u00e9d \u00e9s vacsora ell\u00e1t\u00e1st a Konferencia ideje alatt, k\u00eds\u00e9r\u0151programokon val\u00f3 r\u00e9szv\u00e9telt)<\/li> <\/ol> <p>* A konferenci\u00e1n a regisztr\u00e1ci\u00f3s d\u00edj befizet\u00e9s\u00e9vel lehet\u0151s\u00e9g ny\u00edlik egy tudom\u00e1nyos el\u0151ad\u00e1s \u00e9s\/ vagy egy poszter el\u0151ad\u00e1s megtart\u00e1s\u00e1ra,\u00a0amelyeknek\u00a0t\u00e9m\u00e1jukban\u00a0minden esetben k\u00fcl\u00f6nb\u00f6zni\u00fck\u00a0\u00a0\u00a0\u00a0\u00a0\u00a0kell egym\u00e1st\u00f3l. Ugyanazon c\u00edmmel \u00e9s tartalommal sz\u00f3beli el\u0151ad\u00e1s \u00e9s poszter el\u0151ad\u00e1s megtart\u00e1sa nem enged\u00e9lyezett.<\/p> <p>** A konferencia vend\u00e9geinek sz\u00e1ll\u00e1s\u00e1t el\u0151rel\u00e1that\u00f3lag a Bolyai Koll\u00e9giumban (3515 Miskolc-Egyetemv\u00e1ros Uni-Hotel \u00e9s E\/1 koll\u00e9gium) fogjuk tudni biztos\u00edtani a jelentkez\u00e9skor k\u00fcld\u00f6tt ig\u00e9nyek alapj\u00e1n.\u00a0Ebben az \u00e9p\u00fcletben saj\u00e1t mosd\u00f3helyis\u00e9ggel ell\u00e1tott 2&#215;2 f\u0151s apartmanokban t\u00f6rt\u00e9nik az elsz\u00e1ll\u00e1sol\u00e1s.<\/p> <p><strong>A befizet\u00e9ssel kapcsolatos t\u00e1j\u00e9koztat\u00f3 az absztrakt befogad\u00e1s\u00e1r\u00f3l sz\u00f3l\u00f3 \u00e9rtes\u00edt\u00e9st k\u00f6vet\u0151en ker\u00fcl kik\u00fcld\u00e9sre a jelentkez\u0151knek.<\/strong><\/p> <p>Tov\u00e1bbi inform\u00e1ci\u00f3\u00e9rt k\u00e9rj\u00fck, l\u00e1togasson el a\u00a0<a href=\"http:\/\/www.dosz.hu\/\">www.dosz.hu<\/a>\u00a0weboldalra vagy forduljon bizalommal a Konferencia szervez\u0151ihez:<\/p> <p>\u25cf\u00a0\u00a0\u00a0\u00a0\u00a0\u00a0<u>Konferenci\u00e1val ka<\/u>p<u>csolatban:<\/u>\u00a0Erdei L\u00e1szl\u00f3 (ME-D\u00d6K,\u00a0<a class=\"decrypt\" rel=\"mbt{mp\/fsefjAvoj.njtlpmd\/iv\" href=\"javascript:void(0);\">[Kattintson az emailc\u00edmhez]<\/a>, <a class=\"decrypt\" rel=\"ut{l3134Aept{\/iv\" href=\"javascript:void(0);\">[Kattintson az emailc\u00edmhez]<\/a>)<\/p> <p>\u25cf\u00a0\u00a0\u00a0\u00a0\u00a0\u00a0<u>Konferenci\u00e1val ka<\/u>p<u>csolatban:<\/u>\u00a0dr. Czibrik Eszter (ME-D\u00d6K,\u00a0<u><a class=\"decrypt\" rel=\"ft{ufs\/nbsd{jtofAvoj.njtlpmd\/iv\" href=\"javascript:void(0);\">[Kattintson az emailc\u00edmhez]<\/a><\/u>)<\/p> <p>\u25cf\u00a0\u00a0\u00a0\u00a0\u00a0\u00a0<u>Sz\u00e1ml\u00e1z\u00e1ssal ka<\/u>p<u>csolatban:<\/u>\u00a0Kopcsjak Tam\u00e1s J\u00e1nos (DOSZ,\u00a0<a class=\"decrypt\" rel=\"jspebAept{\/iv\" href=\"javascript:void(0);\">[Kattintson az emailc\u00edmhez]<\/a>)<\/p> <p>&nbsp;<\/p> <p>A programv\u00e1ltoz\u00e1s jog\u00e1t a szervez\u0151k fenntartj\u00e1k.<\/p> <p>Budapest, 2023. febru\u00e1r 15.<\/p> <p align=\"center\">Moln\u00e1r D\u00e1niel s.k.<\/p> <p align=\"center\">eln\u00f6k<\/p> <p align=\"center\">Doktoranduszok Orsz\u00e1gos Sz\u00f6vets\u00e9ge<\/p> <p align=\"center\"> <p style=\"text-align: left;\" align=\"center\"><span style=\"font-size: 14pt;\"><strong>Forr\u00e1s:\u00a0<a href=\"https:\/\/dosz.hu\/rendezveny\/tavaszi_szel_konferencia_2023\">Tavaszi Sz\u00e9l Konferencia 2023<\/a><\/strong><\/span><\/p>","protected":false},"excerpt":{"rendered":"<p>A Doktoranduszok Orsz\u00e1gos Sz\u00f6vets\u00e9ge (DOSZ) \u00f6r\u00f6mmel \u00e9rtes\u00edti a doktoranduszokat, doktorjel\u00f6lteket, fiatal kutat\u00f3kat, mesterszakos hallgat\u00f3kat, hogy\u00a02023. m\u00e1jus 5-7.\u00a0\u00a0k\u00f6z\u00f6tt a\u00a0Miskolci Egyetemmel\u00a0egy\u00fcttm\u0171k\u00f6d\u00e9sben ism\u00e9t megrendezi a Tavaszi Sz\u00e9l elnevez\u00e9s\u0171 multidiszciplin\u00e1ris, tudom\u00e1nyos konferenci\u00e1j\u00e1t. A DOSZ a 2023. \u00e9vi Tavaszi Sz\u00e9l Konferencia szervez\u00e9sekor a kor\u00e1bbi \u00e9vekben megszokottak szerint, a \u201efiatal magyar kutat\u00f3k \u00e9s doktoranduszok vil\u00e1gtal\u00e1lkoz\u00f3j\u00e1t\u201d\u00a0magyar, illetve angol\u00a0munkanyelv\u0171 rendezv\u00e9nyk\u00e9nt hirdeti meg. A<\/p>\n","protected":false},"author":3544,"featured_media":0,"parent":843,"menu_order":0,"comment_status":"open","ping_status":"open","template":"","meta":{"_acf_changed":false,"footnotes":""},"categories":[],"tags":[],"class_list":["post-84420","page","type-page","status-publish","hentry"],"acf":[],"_links":{"self":[{"href":"https:\/\/univet.hu\/hu\/wp-json\/wp\/v2\/pages\/84420","targetHints":{"allow":["GET"]}}],"collection":[{"href":"https:\/\/univet.hu\/hu\/wp-json\/wp\/v2\/pages"}],"about":[{"href":"https:\/\/univet.hu\/hu\/wp-json\/wp\/v2\/types\/page"}],"author":[{"embeddable":true,"href":"https:\/\/univet.hu\/hu\/wp-json\/wp\/v2\/users\/3544"}],"replies":[{"embeddable":true,"href":"https:\/\/univet.hu\/hu\/wp-json\/wp\/v2\/comments?post=84420"}],"version-history":[{"count":0,"href":"https:\/\/univet.hu\/hu\/wp-json\/wp\/v2\/pages\/84420\/revisions"}],"up":[{"embeddable":true,"href":"https:\/\/univet.hu\/hu\/wp-json\/wp\/v2\/pages\/843"}],"wp:attachment":[{"href":"https:\/\/univet.hu\/hu\/wp-json\/wp\/v2\/media?parent=84420"}],"wp:term":[{"taxonomy":"category","embeddable":true,"href":"https:\/\/univet.hu\/hu\/wp-json\/wp\/v2\/categories?post=84420"},{"taxonomy":"post_tag","embeddable":true,"href":"https:\/\/univet.hu\/hu\/wp-json\/wp\/v2\/tags?post=84420"}],"curies":[{"name":"wp","href":"https:\/\/api.w.org\/{rel}","templated":true}]}}