{"id":84435,"date":"2023-03-08T15:44:57","date_gmt":"2023-03-08T14:44:57","guid":{"rendered":"https:\/\/univet.hu\/?page_id=84435"},"modified":"2026-03-25T10:20:30","modified_gmt":"2026-03-25T09:20:30","slug":"farkas-mate","status":"publish","type":"page","link":"https:\/\/univet.hu\/hu\/egyetem\/munkatarsak\/farkas-mate\/","title":{"rendered":"Farkas M\u00e1t\u00e9"},"content":{"rendered":"<p>Tov\u00e1bbi inform\u00e1ci\u00f3k a D\u00c9T <a href=\"https:\/\/dfi.univet.hu\/rolunk\/farkas-mate\/\" target=\"_blank\" rel=\"noopener\">oldal\u00e1n<\/a> \u00e9rhet\u0151k el.<\/p>","protected":false},"excerpt":{"rendered":"<p>Tov\u00e1bbi inform\u00e1ci\u00f3k a D\u00c9T oldal\u00e1n \u00e9rhet\u0151k el.<\/p>\n","protected":false},"author":5824,"featured_media":0,"parent":858,"menu_order":37,"comment_status":"open","ping_status":"open","template":"","meta":{"_acf_changed":false,"footnotes":""},"categories":[56],"tags":[],"class_list":["post-84435","page","type-page","status-publish","hentry","category-munkatarsak"],"acf":[],"_links":{"self":[{"href":"https:\/\/univet.hu\/hu\/wp-json\/wp\/v2\/pages\/84435","targetHints":{"allow":["GET"]}}],"collection":[{"href":"https:\/\/univet.hu\/hu\/wp-json\/wp\/v2\/pages"}],"about":[{"href":"https:\/\/univet.hu\/hu\/wp-json\/wp\/v2\/types\/page"}],"author":[{"embeddable":true,"href":"https:\/\/univet.hu\/hu\/wp-json\/wp\/v2\/users\/5824"}],"replies":[{"embeddable":true,"href":"https:\/\/univet.hu\/hu\/wp-json\/wp\/v2\/comments?post=84435"}],"version-history":[{"count":4,"href":"https:\/\/univet.hu\/hu\/wp-json\/wp\/v2\/pages\/84435\/revisions"}],"predecessor-version":[{"id":204171,"href":"https:\/\/univet.hu\/hu\/wp-json\/wp\/v2\/pages\/84435\/revisions\/204171"}],"up":[{"embeddable":true,"href":"https:\/\/univet.hu\/hu\/wp-json\/wp\/v2\/pages\/858"}],"wp:attachment":[{"href":"https:\/\/univet.hu\/hu\/wp-json\/wp\/v2\/media?parent=84435"}],"wp:term":[{"taxonomy":"category","embeddable":true,"href":"https:\/\/univet.hu\/hu\/wp-json\/wp\/v2\/categories?post=84435"},{"taxonomy":"post_tag","embeddable":true,"href":"https:\/\/univet.hu\/hu\/wp-json\/wp\/v2\/tags?post=84435"}],"curies":[{"name":"wp","href":"https:\/\/api.w.org\/{rel}","templated":true}]}}