{"id":84482,"date":"2023-03-13T10:36:01","date_gmt":"2023-03-13T09:36:01","guid":{"rendered":"https:\/\/univet.hu\/?page_id=84482"},"modified":"2025-08-26T11:22:23","modified_gmt":"2025-08-26T09:22:23","slug":"cirmos-allatpatika","status":"publish","type":"page","link":"https:\/\/univet.hu\/hu\/oktatas\/tanulmanyi-osztaly\/allasajanlatok\/cirmos-allatpatika\/","title":{"rendered":"Cirmos \u00c1llatpatika"},"content":{"rendered":"<p>2025.08.26<\/p> <p>Kedves Koll\u00e9g\u00e1k!<\/p> <p>B\u0151v\u00fcl\u0151 csapatomba \u00e1llatpatikai \u00e1ll\u00e1sra \u00e1llatorvost keresek teljes munkaid\u0151ben (8 \u00f3ra), westendi \u00e9s\/vagy Budakal\u00e1szi patik\u00e1nkba!<\/p> <p>Minden nap nyitva vagyunk (kiv\u00e9ve piros bet\u0171s), \u00edgy h\u00e9tv\u00e9gi napok is bele fognak esni, term\u00e9szetesen el\u0151re megbesz\u00e9lt beoszt\u00e1s alapj\u00e1n.<\/p> <p>Bolti elad\u00e1ssal, \u00e9s webshop \u00e9rt\u00e9kes\u00edt\u00e9ssel is foglalkozunk, f\u0151leg kutya \u00e9s macska vonalon. Sz\u00e1ml\u00e1z\u00f3 programunk haszn\u00e1lata nem bonyolult, a webshop pedig shoprenter alapokon nyugszik, \u00edgy annak is gyorsan megtanulhat\u00f3 a kezel\u00e9se.<\/p> <p>F\u0151 c\u00e9lom, hogy ne csak eladjunk, hanem min\u0151s\u00e9gi tan\u00e1csot is tudjunk adni a hozz\u00e1nk bet\u00e9r\u0151 gazdiknak, ez\u00e9rt dolgozunk csak \u00e1llatorvosok a patik\u00e1kban. Fontos tulajdons\u00e1g a j\u00f3 kommunik\u00e1ci\u00f3s k\u00e9szs\u00e9g, a meg\u00e9rt\u0151 hozz\u00e1\u00e1ll\u00e1s, \u00e9s t\u00fcrelmess\u00e9g. Sz\u00fcks\u00e9g lenne ezen fel\u00fcl a pontoss\u00e1gra, precizit\u00e1sra, megb\u00edzhat\u00f3s\u00e1gra, illetve alap sz\u00e1m\u00edt\u00e1stechnikai ismeretekre.<\/p> <p>Term\u00e9szetesen a patikai munk\u00e1nak sok el\u0151nye van: Rugalmas munkabeoszt\u00e1s, nincs t\u00fal\u00f3ra, munkaid\u0151n k\u00edv\u00fcl nem zargatnak a tulajdonosok, k\u00f6nnyen tervezhet\u0151 lesz az id\u0151. Teljesen bejelentett fizet\u00e9s! Utaz\u00e1si t\u00e1mogat\u00e1s! B\u00f3nuszlehet\u0151s\u00e9g is van! Mindenki cuki, aranyos, \u00e9s kedves!\u00a0<\/p> <p>El\u0151ny a kis\u00e1llat-klinikai-, vagy patikai tapasztalat, de nem alapfelt\u00e9tel.<\/p> <p>Ha jelentkezn\u00e9l, akkor ide tudsz \u00f6n\u00e9letrajzot k\u00fcldeni:\u00a0<a class=\"decrypt\" rel=\"jspebAdjsnptbmmbuqbujlb\/iv\" href=\"javascript:void(0);\">[Kattintson az emailc\u00edmhez]<\/a>, vagy telefonon h\u00edvj nyugodtan ezen a sz\u00e1mon +3620\/502-1350.<\/p> <p>dr. Fassang Edit<\/p> <p>&nbsp;<\/p> <p>2024.09.02<\/p> <div> <p>Kedves Koll\u00e9g\u00e1k!<\/p> <\/div> <div> <p>&nbsp;<\/p> <\/div> <div> <p>Kis csapatomba \u00e1llatpatikai \u00e1ll\u00e1sra \u00e1llatorvost keresek 4\/6\/8 \u00f3r\u00e1ban, budakal\u00e1szi patik\u00e1nkba!<\/p> <\/div> <div> <p>Minden nap nyitva vagyunk (kiv\u00e9ve piros bet\u0171s), \u00edgy h\u00e9tv\u00e9gi napok is bele fognak esni, term\u00e9szetesen el\u0151re megbesz\u00e9lt beoszt\u00e1s alapj\u00e1n.<\/p> <\/div> <div> <p>Bolti elad\u00e1ssal, \u00e9s webshop \u00e9rt\u00e9kes\u00edt\u00e9ssel is foglalkozunk, f\u0151leg kutya \u00e9s macska vonalon. Sz\u00e1ml\u00e1z\u00f3 programunk haszn\u00e1lata nem bonyolult, a webshop pedig shoprenter alapokon nyugszik, \u00edgy annak is gyorsan megtanulhat\u00f3 a kezel\u00e9se.<\/p> <\/div> <div> <p>F\u0151\u00a0c\u00e9lom, hogy ne csak eladjunk, hanem min\u0151s\u00e9gi tan\u00e1csot is tudjunk adni a hozz\u00e1nk bet\u00e9r\u0151\u00a0gazdiknak, ez\u00e9rt dolgozunk csak \u00e1llatorvosok a patik\u00e1kban. Fontos tulajdons\u00e1g a j\u00f3 kommunik\u00e1ci\u00f3s k\u00e9szs\u00e9g, a meg\u00e9rt\u0151\u00a0hozz\u00e1\u00e1ll\u00e1s, \u00e9s t\u00fcrelmess\u00e9g. Sz\u00fcks\u00e9g lenne ezen fel\u00fcl a pontoss\u00e1gra, precizit\u00e1sra, megb\u00edzhat\u00f3s\u00e1gra, illetve alap sz\u00e1m\u00edt\u00e1stechnikai ismeretekre.<\/p> <\/div> <div> <p>Term\u00e9szetesen a patikai munk\u00e1nak sok el\u0151nye van: Rugalmas munkabeoszt\u00e1s, nincs t\u00fal\u00f3ra, munkaid\u0151n k\u00edv\u00fcl nem zargatnak a tulajdonosok, k\u00f6nnyen tervezhet\u0151\u00a0lesz az id\u0151. Teljesen bejelentett fizet\u00e9s! B\u00f3nuszlehet\u0151s\u00e9g is van! Kezd\u0151\u00a0fizet\u00e9s: br. 557.000.- (8 \u00f3ra eset\u00e9ben) plusz utaz\u00e1si t\u00e1mogat\u00e1s!<\/p> <\/div> <div> <p>A patika \u2013 Cirmos \u00c1llatpatika \u2013 Budakal\u00e1sz, Omszk Park 1-es sz\u00e1m alatt tal\u00e1lhat\u00f3, ami maga az Auchan \u00fczletsoron van.<\/p> <\/div> <div> <p>El\u0151ny a kis\u00e1llat-klinikai-, vagy patikai tapasztalat, de nem alapfelt\u00e9tel.<\/p> <\/div> <div> <p>Ha jelentkezn\u00e9l, akkor ide tudsz \u00f6n\u00e9letrajzot k\u00fcldeni:\u00a0<a class=\"decrypt\" rel=\"jspebAdjsnptbmmbuqbujlb\/iv\" href=\"javascript:void(0);\">[Kattintson az emailc\u00edmhez]<\/a>, vagy telefonon h\u00edvj nyugodtan ezen a sz\u00e1mon +3620\/502-1350<\/p> <\/div> <div> <p>&nbsp;<\/p> <\/div> <div> <p>K\u00f6sz\u00f6nettel:<\/p> <\/div> <div> <p>dr. Fassang Edit<\/p> <p>&nbsp;<\/p> <\/div> <p>2023.09.13<\/p> <p>Kedves Koll\u00e9g\u00e1k!<\/p> <p>B\u0151v\u00fcl\u0151 csapatomba \u00e1llatpatikai \u00e1ll\u00e1sra k\u00e9t \u00e1llatorvost keresek teljes munkaid\u0151ben (de besz\u00e9lhet\u00fcnk 4 \u00e9s 6 \u00f3r\u00e1r\u00f3l is), budapesti belv\u00e1rosi pl\u00e1z\u00e1ban \u00fajonnan ny\u00edl\u00f3 \u00e1llatpatik\u00e1ba! V\u00e1rhat\u00f3 nyit\u00e1s: November.<\/p> <p>Minden nap nyitva lesz\u00fcnk (kiv\u00e9ve piros bet\u0171s), \u00edgy h\u00e9tv\u00e9gi napok is bele fognak esni, term\u00e9szetesen el\u0151re megbesz\u00e9lt beoszt\u00e1s alapj\u00e1n.<\/p> <p>Bolti elad\u00e1ssal, \u00e9s webshop \u00e9rt\u00e9kes\u00edt\u00e9ssel is foglalkozunk, f\u0151leg kutya \u00e9s macska vonalon. Sz\u00e1ml\u00e1z\u00f3 programunk haszn\u00e1lata nem bonyolult, a webshop pedig shoprenter alapokon nyugszik, \u00edgy annak is gyorsan megtanulhat\u00f3 a\u00a0kezel\u00e9se.<\/p> <p>F\u0151 c\u00e9lom, hogy ne csak eladjunk, hanem min\u0151s\u00e9gi tan\u00e1csot is tudjunk adni a hozz\u00e1nk bet\u00e9r\u0151 gazdiknak, ez\u00e9rt dolgozunk csak \u00e1llatorvosok a patik\u00e1kban. Fontos tulajdons\u00e1g a j\u00f3 kommunik\u00e1ci\u00f3s k\u00e9szs\u00e9g, a meg\u00e9rt\u0151 hozz\u00e1\u00e1ll\u00e1s, \u00e9s t\u00fcrelmess\u00e9g. Angol nyelv ismerete sz\u00fcks\u00e9ges, ugyanis sok k\u00fclf\u00f6ldi is meg fog v\u00e1rhat\u00f3an fordulni az \u00fczletben. Sz\u00fcks\u00e9g lenne ezen fel\u00fcl a pontoss\u00e1gra, precizit\u00e1sra, megb\u00edzhat\u00f3s\u00e1gra, illetve alap sz\u00e1m\u00edt\u00e1stechnikai ismeretekre.<\/p> <p>Term\u00e9szetesen a patikai munk\u00e1nak sok el\u0151nye van: Rugalmas munkabeoszt\u00e1s, nincs t\u00fal\u00f3ra, munkaid\u0151n k\u00edv\u00fcl nem zargatnak a tulajdonosok, k\u00f6nnyen tervezhet\u0151 lesz az id\u0151. Kezd\u0151 b\u00e9r: brutt\u00f3 557.000.- Ft (8 \u00f3ra eset\u00e9n; 4 vagy 6 \u00f3ra eset\u00e9n ar\u00e1nyos). B\u00f3nuszlehet\u0151s\u00e9g is van!<\/p> <p>El\u0151ny a kis\u00e1llat-klinikai-, vagy patikai tapasztalat!<\/p> <p>Tov\u00e1bbi inform\u00e1ci\u00f3 \u00e9s jelentkez\u00e9s (\u00f6n\u00e9letrajznak \u00f6r\u00fcl\u00f6k): irodakukaccirmosallatpatikaponthu, vagy telefonon h\u00edvj nyugodtan ezen a sz\u00e1mon +3620\/502-1350.<\/p> <p>dr. Fassang Edit<\/p> <p>&nbsp;<\/p> <p>2023.03.13<\/p> <p>Kedves Koll\u00e9g\u00e1k!<br \/> B\u0151v\u00fcl\u0151 csapatomba \u00e1llatpatikai \u00e1ll\u00e1sra \u00e1llatorvost keresek teljes munkaid\u0151ben, budakal\u00e1szi patik\u00e1nkba!<br \/> Minden nap nyitva vagyunk (kiv\u00e9ve piros bet\u0171s), \u00edgy h\u00e9tv\u00e9gi napok is bele fognak esni, term\u00e9szetesen el\u0151re megbesz\u00e9lt beoszt\u00e1s alapj\u00e1n.<br \/> Bolti elad\u00e1ssal, \u00e9s webshop \u00e9rt\u00e9kes\u00edt\u00e9ssel is foglalkozunk, f\u0151leg kutya \u00e9s macska vonalon. Sz\u00e1ml\u00e1z\u00f3 programunk haszn\u00e1lata nem bonyolult, a webshop pedig shoprenter alapokon nyugszik, \u00edgy annak is gyorsan megtanulhat\u00f3 a kezel\u00e9se. Csomagfelad\u00e1s a m\u00e1sik \u00fczletb\u0151l t\u00f6rt\u00e9nik, Budakal\u00e1szon csak a szem\u00e9lyes \u00e1tv\u00e9teleseket kell kezelni.<br \/> F\u0151 c\u00e9lom, hogy ne csak eladjunk, hanem min\u0151s\u00e9gi tan\u00e1csot is tudjunk adni a hozz\u00e1nk bet\u00e9r\u0151 gazdiknak, ez\u00e9rt dolgozunk csak \u00e1llatorvosok a patik\u00e1kban. Fontos tulajdons\u00e1g a j\u00f3 kommunik\u00e1ci\u00f3s k\u00e9szs\u00e9g, a meg\u00e9rt\u0151 hozz\u00e1\u00e1ll\u00e1s, \u00e9s t\u00fcrelmess\u00e9g. Sz\u00fcks\u00e9g lenne ezen fel\u00fcl a pontoss\u00e1gra, precizit\u00e1sra, megb\u00edzhat\u00f3s\u00e1gra, illetve alap sz\u00e1m\u00edt\u00e1stechnikai ismeretekre.<br \/> Term\u00e9szetesen a patikai munk\u00e1nak sok el\u0151nye van: Rugalmas munkabeoszt\u00e1s, nincs t\u00fal\u00f3ra, munkaid\u0151n k\u00edv\u00fcl nem zargatnak a tulajdonosok, k\u00f6nnyen tervezhet\u0151 lesz az id\u0151. Teljesen bejelentett fizet\u00e9s! Kezd\u0151 b\u00e9r brutt\u00f3 557.000.- Ft. Ezen fel\u00fcl b\u00f3nuszlehet\u0151s\u00e9g is van!<br \/> A patika \u2013 Cirmos \u00c1llatpatika \u2013 Budakal\u00e1sz, Omszk Park 1-es sz\u00e1m alatt tal\u00e1lhat\u00f3, ami maga az Auchan \u00fczletsoron van.<br \/> El\u0151ny a kis\u00e1llat-klinikai-, vagy patikai tapasztalat, de nem alapfelt\u00e9tel.<br \/> Ha jelentkezn\u00e9l, akkor ide tudsz \u00f6n\u00e9letrajzot k\u00fcldeni: <a class=\"decrypt\" rel=\"gbttbohfejuAhnbjm\/dpn\" href=\"javascript:void(0);\">[Kattintson az emailc\u00edmhez]<\/a>, vagy telefonon h\u00edvj nyugodtan ezen a sz\u00e1mon +3620\/502-1350.<br \/> dr. Fassang Edit<\/p>","protected":false},"excerpt":{"rendered":"<p>2025.08.26 Kedves Koll\u00e9g\u00e1k! B\u0151v\u00fcl\u0151 csapatomba \u00e1llatpatikai \u00e1ll\u00e1sra \u00e1llatorvost keresek teljes munkaid\u0151ben (8 \u00f3ra), westendi \u00e9s\/vagy Budakal\u00e1szi patik\u00e1nkba! Minden nap nyitva vagyunk (kiv\u00e9ve piros bet\u0171s), \u00edgy h\u00e9tv\u00e9gi napok is bele fognak esni, term\u00e9szetesen el\u0151re megbesz\u00e9lt beoszt\u00e1s alapj\u00e1n. Bolti elad\u00e1ssal, \u00e9s webshop \u00e9rt\u00e9kes\u00edt\u00e9ssel is foglalkozunk, f\u0151leg kutya \u00e9s macska vonalon. Sz\u00e1ml\u00e1z\u00f3 programunk haszn\u00e1lata nem bonyolult, a webshop<\/p>\n","protected":false},"author":2961,"featured_media":0,"parent":26415,"menu_order":112,"comment_status":"closed","ping_status":"closed","template":"","meta":{"_acf_changed":false,"footnotes":""},"categories":[],"tags":[],"class_list":["post-84482","page","type-page","status-publish","hentry"],"acf":[],"_links":{"self":[{"href":"https:\/\/univet.hu\/hu\/wp-json\/wp\/v2\/pages\/84482","targetHints":{"allow":["GET"]}}],"collection":[{"href":"https:\/\/univet.hu\/hu\/wp-json\/wp\/v2\/pages"}],"about":[{"href":"https:\/\/univet.hu\/hu\/wp-json\/wp\/v2\/types\/page"}],"author":[{"embeddable":true,"href":"https:\/\/univet.hu\/hu\/wp-json\/wp\/v2\/users\/2961"}],"replies":[{"embeddable":true,"href":"https:\/\/univet.hu\/hu\/wp-json\/wp\/v2\/comments?post=84482"}],"version-history":[{"count":1,"href":"https:\/\/univet.hu\/hu\/wp-json\/wp\/v2\/pages\/84482\/revisions"}],"predecessor-version":[{"id":189432,"href":"https:\/\/univet.hu\/hu\/wp-json\/wp\/v2\/pages\/84482\/revisions\/189432"}],"up":[{"embeddable":true,"href":"https:\/\/univet.hu\/hu\/wp-json\/wp\/v2\/pages\/26415"}],"wp:attachment":[{"href":"https:\/\/univet.hu\/hu\/wp-json\/wp\/v2\/media?parent=84482"}],"wp:term":[{"taxonomy":"category","embeddable":true,"href":"https:\/\/univet.hu\/hu\/wp-json\/wp\/v2\/categories?post=84482"},{"taxonomy":"post_tag","embeddable":true,"href":"https:\/\/univet.hu\/hu\/wp-json\/wp\/v2\/tags?post=84482"}],"curies":[{"name":"wp","href":"https:\/\/api.w.org\/{rel}","templated":true}]}}